{"id":1023,"date":"2019-01-14T09:16:22","date_gmt":"2019-01-14T08:16:22","guid":{"rendered":"https:\/\/www.camparo.nl\/site\/?page_id=1023"},"modified":"2025-01-06T08:03:29","modified_gmt":"2025-01-06T07:03:29","slug":"senseo-500-watt","status":"publish","type":"page","link":"https:\/\/www.camparo.nl\/site\/de\/senseo-500-watt\/","title":{"rendered":"Senseo zu senken von 1450 bis 920-700-500 Watt"},"content":{"rendered":"<p><\/p>\n<div id=\"mainContent\">\n<div class=\"listcontainer\">\n<table border=\"0\" cellspacing=\"2\" cellpadding=\"1\">\n<tbody>\n<tr valign=\"top\">\n<td width=\"657\">\n<div align=\"center\"><span style=\"font-size: 10pt; font-family: arial, helvetica, sans-serif;\"><img loading=\"lazy\" decoding=\"async\" src=\"https:\/\/www.camparo.nl\/data\/mediablocks\/1_DE_48__ms1.rvf_1.gif\" width=\"307\" height=\"210\" border=\"0\" \/><\/span><\/div>\n<div><span style=\"color: #333333; font-size: 10pt; font-family: arial, helvetica, sans-serif;\"><b>\u00a0<\/b><\/span><\/div>\n<div align=\"center\"><span style=\"font-family: arial, helvetica, sans-serif; font-size: 10pt;\"><strong>Senken Sie Ihre eigene Kaffee(Pad)-Maschine auf 500 &#8211; 920 Watt auf dem Campingplatz<\/strong><\/span><\/div>\n<div align=\"justify\"><span style=\"color: #333333; font-size: 10pt; font-family: arial, helvetica, sans-serif;\">Abh\u00e4ngig von Spannung und Ampere auf dem Campingplatz, ist Ihr Kaffee-Pad-Maschine bei 3 Ampere 500 <span style=\"font-family: arial, helvetica, sans-serif; font-size: 10pt;\">(Senseo 7822) <\/span>Watt, bei 4 Ampere 700 Watt und \u00a0bei 6 Ampere 920 Watt. So k\u00f6nnen Sie bei 3 Ampere Ihren Kaffee-(Pad)-Maschine von 1600 Watt anschlie\u00dfen an der Watt-Controller und genie\u00dfen Sie von eine k\u00f6stliche Tasse Kaffee. Haben Sie einen Boiler von 300 Watt die Sie verwenden m\u00f6chten bei 6 oder 4 Ampere: dann stellen Sie der Watt Controller in eine niedrigere Stand 4 oder 3.<\/span><\/div>\n<div align=\"justify\"><span style=\"color: #333333; font-size: 10pt; font-family: arial, helvetica, sans-serif;\">\u00a0<\/span><\/div>\n<div align=\"center\">\n<table border=\"1\" cellspacing=\"2\" cellpadding=\"1\">\n<tbody>\n<tr valign=\"top\">\n<td colspan=\"2\">\n<div align=\"center\"><span style=\"color: #333333; font-size: 10pt; font-family: arial, helvetica, sans-serif;\"><b>Ampere<\/b><\/span><\/div>\n<\/td>\n<td colspan=\"4\">\n<div align=\"center\"><span style=\"color: #333333; font-size: 10pt; font-family: arial, helvetica, sans-serif;\"><b>mit dem Watt controller<\/b><\/span><\/div>\n<\/td>\n<\/tr>\n<tr valign=\"top\">\n<td colspan=\"2\">\n<div align=\"center\">\u00a0<\/div>\n<\/td>\n<td width=\"78\">\n<div align=\"center\"><span style=\"color: #333333; font-size: 10pt; font-family: arial, helvetica, sans-serif;\"><b>Einstellung 3<\/b><\/span><\/div>\n<\/td>\n<td bgcolor=\"#ccffff\" width=\"150\">\n<div align=\"center\"><span style=\"color: #333333; font-size: 10pt; font-family: arial, helvetica, sans-serif;\"><b>Einstellung 3<\/b><\/span><\/div>\n<div align=\"center\"><span style=\"color: #333333; font-size: 10pt; font-family: arial, helvetica, sans-serif;\"><b>bei 4 Ampere<\/b><\/span><\/div>\n<\/td>\n<td width=\"80\">\n<div align=\"center\"><span style=\"color: #333333; font-size: 10pt; font-family: arial, helvetica, sans-serif;\"><b>Einstellung 4<\/b><\/span><\/div>\n<\/td>\n<td width=\"75\">\n<div align=\"center\"><span style=\"color: #333333; font-size: 10pt; font-family: arial, helvetica, sans-serif;\"><b>Einstellung 6<\/b><\/span><\/div>\n<\/td>\n<\/tr>\n<tr valign=\"top\">\n<td width=\"158\">\n<div><span style=\"color: #333333; font-size: 10pt; font-family: arial, helvetica, sans-serif;\">Senseo 7822 1450 Watt\u00a0<\/span><\/div>\n<\/td>\n<td width=\"41\">\n<div align=\"center\"><span style=\"color: #333333; font-size: 10pt; font-family: arial, helvetica, sans-serif;\">6,3<\/span><\/div>\n<\/td>\n<td width=\"78\">\n<div align=\"center\"><span style=\"color: #333333; font-size: 10pt; font-family: arial, helvetica, sans-serif;\">2<\/span><\/div>\n<\/td>\n<td bgcolor=\"#ccffff\" width=\"150\">\n<div align=\"center\"><span style=\"color: #333333; font-size: 10pt; font-family: arial, helvetica, sans-serif;\">2<\/span><\/div>\n<\/td>\n<td width=\"80\">\n<div align=\"center\"><span style=\"color: #333333; font-size: 10pt; font-family: arial, helvetica, sans-serif;\">3<\/span><\/div>\n<\/td>\n<td width=\"75\">\n<div align=\"center\"><span style=\"color: #333333; font-size: 10pt; font-family: arial, helvetica, sans-serif;\">4<\/span><\/div>\n<\/td>\n<\/tr>\n<tr valign=\"top\">\n<td width=\"158\">\n<div><span style=\"color: #333333; font-size: 10pt; font-family: arial, helvetica, sans-serif;\">K\u00fchlschrank<\/span><\/div>\n<\/td>\n<td width=\"41\">\n<div align=\"center\"><span style=\"color: #333333; font-size: 10pt; font-family: arial, helvetica, sans-serif;\">0,54<\/span><\/div>\n<\/td>\n<td width=\"78\">\n<div align=\"center\"><span style=\"color: #333333; font-size: 10pt; font-family: arial, helvetica, sans-serif;\">0,54<\/span><\/div>\n<\/td>\n<td bgcolor=\"#ccffff\" width=\"150\">\n<div align=\"center\"><span style=\"color: #333333; font-size: 10pt; font-family: arial, helvetica, sans-serif;\">0,54<\/span><\/div>\n<\/td>\n<td width=\"80\">\n<div align=\"center\"><span style=\"color: #333333; font-size: 10pt; font-family: arial, helvetica, sans-serif;\">0,54<\/span><\/div>\n<\/td>\n<td width=\"75\">\n<div align=\"center\"><span style=\"color: #333333; font-size: 10pt; font-family: arial, helvetica, sans-serif;\">0,54<\/span><\/div>\n<\/td>\n<\/tr>\n<tr valign=\"top\">\n<td width=\"158\">\n<div><span style=\"color: #333333; font-size: 10pt; font-family: arial, helvetica, sans-serif;\">Television und Beleuchtung<\/span><\/div>\n<\/td>\n<td width=\"41\">\n<div align=\"center\"><span style=\"color: #333333; font-size: 10pt; font-family: arial, helvetica, sans-serif;\">0,43<\/span><\/div>\n<\/td>\n<td width=\"78\">\n<div align=\"center\"><span style=\"color: #333333; font-size: 10pt; font-family: arial, helvetica, sans-serif;\">0,43<\/span><\/div>\n<\/td>\n<td bgcolor=\"#ccffff\" width=\"150\">\n<div align=\"center\"><span style=\"color: #333333; font-size: 10pt; font-family: arial, helvetica, sans-serif;\">Beleuchtung 0,18<\/span><\/div>\n<\/td>\n<td width=\"80\">\n<div align=\"center\"><span style=\"color: #333333; font-size: 10pt; font-family: arial, helvetica, sans-serif;\">0,43<\/span><\/div>\n<\/td>\n<td width=\"75\">\n<div align=\"center\"><span style=\"color: #333333; font-size: 10pt; font-family: arial, helvetica, sans-serif;\">0,43<\/span><\/div>\n<\/td>\n<\/tr>\n<tr valign=\"top\">\n<td width=\"158\">\n<div><span style=\"color: #333333; font-size: 10pt; font-family: arial, helvetica, sans-serif;\">Boiler<\/span><\/div>\n<\/td>\n<td width=\"41\">\n<div align=\"center\"><span style=\"color: #333333; font-size: 10pt; font-family: arial, helvetica, sans-serif;\">1,30<\/span><\/div>\n<\/td>\n<td width=\"78\">\n<div align=\"center\"><span style=\"color: #333333; font-size: 10pt; font-family: arial, helvetica, sans-serif;\">\u00a0<\/span><\/div>\n<\/td>\n<td bgcolor=\"#ccffff\" width=\"150\">\n<div align=\"center\"><span style=\"color: #333333; font-size: 10pt; font-family: arial, helvetica, sans-serif;\">1,3<\/span><\/div>\n<\/td>\n<td width=\"80\">\n<div align=\"center\"><span style=\"color: #333333; font-size: 10pt; font-family: arial, helvetica, sans-serif;\">\u00a0<\/span><\/div>\n<\/td>\n<td width=\"75\">\n<div align=\"center\"><span style=\"color: #333333; font-size: 10pt; font-family: arial, helvetica, sans-serif;\">\u00a0<\/span><\/div>\n<\/td>\n<\/tr>\n<tr valign=\"top\">\n<td width=\"158\">\n<div><span style=\"color: #333333; font-size: 10pt; font-family: arial, helvetica, sans-serif;\"><b>Total Ampere<\/b><\/span><\/div>\n<\/td>\n<td width=\"41\">\n<div align=\"center\"><span style=\"color: #333333; font-size: 10pt; font-family: arial, helvetica, sans-serif;\"><b>9,22<\/b><\/span><\/div>\n<\/td>\n<td width=\"78\">\n<div align=\"center\"><span style=\"color: #333333; font-size: 10pt; font-family: arial, helvetica, sans-serif;\"><b>2,97<\/b><\/span><\/div>\n<\/td>\n<td bgcolor=\"#ccffff\" width=\"150\">\n<div align=\"center\"><span style=\"color: #333333; font-size: 10pt; font-family: arial, helvetica, sans-serif;\"><b>4,02<\/b><\/span><\/div>\n<\/td>\n<td width=\"80\">\n<div align=\"center\"><span style=\"color: #333333; font-size: 10pt; font-family: arial, helvetica, sans-serif;\"><b>3,97<\/b><\/span><\/div>\n<\/td>\n<td width=\"75\">\n<div align=\"center\"><span style=\"color: #333333; font-size: 10pt; font-family: arial, helvetica, sans-serif;\"><b>4,97<\/b><\/span><\/div>\n<\/td>\n<\/tr>\n<\/tbody>\n<\/table>\n<\/div>\n<div><span style=\"color: #333333; font-size: 10pt; font-family: arial, helvetica, sans-serif;\"><b>\u00a0<\/b><\/span><\/div>\n<div align=\"center\"><span style=\"font-size: 10pt; font-family: arial, helvetica, sans-serif;\"><img loading=\"lazy\" decoding=\"async\" src=\"https:\/\/www.camparo.nl\/data\/mediablocks\/1_DE_48__ms1.rvf_2.jpg\" width=\"622\" height=\"310\" border=\"0\" hspace=\"1\" vspace=\"1\" \/><\/span><\/div>\n<div align=\"center\"><span style=\"color: #333333; font-size: 10pt; font-family: arial, helvetica, sans-serif;\">Princess Caff\u00e8 Italiano 1600 watts<\/span><\/div>\n<div>\n<table border=\"0\" cellspacing=\"15\" cellpadding=\"1\">\n<tbody>\n<tr valign=\"top\">\n<td width=\"627\">\n<div align=\"justify\"><span style=\"color: #333333; font-size: 10pt; font-family: arial, helvetica, sans-serif;\">Vielseitig Vollfunktions-Kaffeemaschine f\u00fcr die ber\u00fchmten Soft-Pads. Komplett mit einzigartigen Milch sch\u00e4umen, Cremesystem und Warmwasserhahn. Die Zubeh\u00f6r sind leicht abnehmbar f\u00fcr eine schnelle, einfache Reinigung.Fonetisch lezen<\/span><\/div>\n<div><span style=\"color: #333333; font-size: 10pt; font-family: arial, helvetica, sans-serif;\">\u00a0<\/span><\/div>\n<div align=\"center\"><span style=\"font-size: 10pt; font-family: arial, helvetica, sans-serif;\"><img loading=\"lazy\" decoding=\"async\" src=\"https:\/\/www.camparo.nl\/data\/mediablocks\/1_DE_48__ms1.rvf_3.jpg\" width=\"622\" height=\"283\" border=\"0\" hspace=\"1\" vspace=\"1\" \/><\/span><\/div>\n<div align=\"center\"><span style=\"color: #333333; font-size: 10pt; font-family: arial, helvetica, sans-serif;\">Caff\u00e8 Italiano one touch 1600 watt<\/span><\/div>\n<\/td>\n<\/tr>\n<\/tbody>\n<\/table>\n<\/div>\n<div align=\"center\"><span style=\"color: #333333; font-size: 10pt; font-family: arial, helvetica, sans-serif;\"><b>coffee-(pad)-machine<\/b><\/span><\/div>\n<div align=\"center\">\n<table border=\"0\" cellspacing=\"2\" cellpadding=\"1\" bgcolor=\"#ffffff\">\n<tbody>\n<tr valign=\"top\">\n<td width=\"105\" height=\"105\">\n<div align=\"center\"><span style=\"font-size: 10pt; font-family: arial, helvetica, sans-serif;\"><img loading=\"lazy\" decoding=\"async\" src=\"https:\/\/www.camparo.nl\/data\/mediablocks\/1_DE_48__ms1.rvf_4.jpg\" width=\"37\" height=\"100\" border=\"0\" hspace=\"1\" vspace=\"1\" \/><\/span><\/div>\n<\/td>\n<td width=\"146\" height=\"105\">\n<div align=\"center\"><span style=\"font-size: 10pt; font-family: arial, helvetica, sans-serif;\"><img loading=\"lazy\" decoding=\"async\" src=\"https:\/\/www.camparo.nl\/data\/mediablocks\/1_DE_48__ms1.rvf_5.gif\" width=\"65\" height=\"101\" border=\"0\" hspace=\"1\" vspace=\"1\" \/><\/span><\/div>\n<\/td>\n<td width=\"137\" height=\"105\">\n<div align=\"center\"><span style=\"font-size: 10pt; font-family: arial, helvetica, sans-serif;\"><img loading=\"lazy\" decoding=\"async\" src=\"https:\/\/www.camparo.nl\/data\/mediablocks\/1_DE_48__ms1.rvf_6.jpg\" width=\"70\" height=\"101\" border=\"0\" hspace=\"1\" vspace=\"1\" \/><\/span><\/div>\n<\/td>\n<td width=\"118\" height=\"105\">\n<div align=\"center\"><span style=\"font-size: 10pt; font-family: arial, helvetica, sans-serif;\"><img loading=\"lazy\" decoding=\"async\" src=\"https:\/\/www.camparo.nl\/data\/mediablocks\/1_DE_48__ms1.rvf_7.jpg\" width=\"107\" height=\"101\" border=\"0\" hspace=\"1\" vspace=\"1\" \/><\/span><\/div>\n<\/td>\n<td width=\"101\" height=\"105\">\n<div align=\"center\"><span style=\"font-size: 10pt; font-family: arial, helvetica, sans-serif;\"><img loading=\"lazy\" decoding=\"async\" src=\"https:\/\/www.camparo.nl\/data\/mediablocks\/1_DE_48__ms1.rvf_8.jpg\" width=\"64\" height=\"100\" border=\"0\" hspace=\"1\" vspace=\"1\" \/><\/span><\/div>\n<\/td>\n<\/tr>\n<tr valign=\"top\">\n<td width=\"105\">\n<div align=\"center\"><span style=\"color: #333333; font-size: 10pt; font-family: arial, helvetica, sans-serif;\">Caf\u00e9 Gourmet<\/span><\/div>\n<\/td>\n<td width=\"146\">\n<div align=\"center\"><span style=\"color: #333333; font-size: 10pt; font-family: arial, helvetica, sans-serif;\">Caff\u00e8 Italiano one touch<\/span><\/div>\n<\/td>\n<td width=\"137\">\n<div align=\"center\"><span style=\"color: #333333; font-size: 10pt; font-family: arial, helvetica, sans-serif;\">Bifinett Espresso (Lidl)<\/span><\/div>\n<\/td>\n<td width=\"118\">\n<div align=\"center\"><span style=\"color: #333333; font-size: 10pt; font-family: arial, helvetica, sans-serif;\">Medion (Aldi)<\/span><\/div>\n<\/td>\n<td width=\"101\">\n<div align=\"center\"><span style=\"color: #333333; font-size: 10pt; font-family: arial, helvetica, sans-serif;\">Tefal Supremia<\/span><\/div>\n<\/td>\n<\/tr>\n<\/tbody>\n<\/table>\n<\/div>\n<div align=\"center\"><span style=\"color: #333333; font-size: 10pt; font-family: arial, helvetica, sans-serif;\">\u00a0<\/span><\/div>\n<div align=\"center\"><span style=\"color: #333333; font-size: 10pt; font-family: arial, helvetica, sans-serif;\">\u00a0<\/span><\/div>\n<div align=\"center\">\n<table border=\"0\" cellspacing=\"2\" cellpadding=\"1\" bgcolor=\"#ffffff\">\n<tbody>\n<tr valign=\"top\">\n<td width=\"136\">\n<div align=\"center\">\u00a0<\/div>\n<\/td>\n<td width=\"134\">\n<div align=\"center\"><span style=\"font-size: 10pt; font-family: arial, helvetica, sans-serif;\"><img loading=\"lazy\" decoding=\"async\" src=\"https:\/\/www.camparo.nl\/data\/mediablocks\/1_DE_48__ms1.rvf_9.jpg\" width=\"97\" height=\"100\" border=\"0\" hspace=\"1\" vspace=\"1\" \/><\/span><\/div>\n<\/td>\n<td width=\"121\">\n<div align=\"center\"><span style=\"font-size: 10pt; font-family: arial, helvetica, sans-serif;\"><img loading=\"lazy\" decoding=\"async\" src=\"https:\/\/www.camparo.nl\/data\/mediablocks\/1_DE_48__ms1.rvf_10.jpg\" width=\"70\" height=\"101\" border=\"0\" hspace=\"1\" vspace=\"1\" \/><\/span><\/div>\n<\/td>\n<td width=\"109\">\n<div align=\"center\">\u00a0<\/div>\n<\/td>\n<td width=\"109\">\n<div align=\"center\">\u00a0<\/div>\n<\/td>\n<\/tr>\n<tr valign=\"top\">\n<td width=\"136\">\n<div align=\"center\"><span style=\"color: #333333; font-size: 10pt; font-family: arial, helvetica, sans-serif;\">\u00a0<\/span><\/div>\n<\/td>\n<td width=\"134\">\n<div align=\"center\"><span style=\"color: #333333; font-size: 10pt; font-family: arial, helvetica, sans-serif;\">Inventum HK10<\/span><\/div>\n<\/td>\n<td width=\"121\">\n<div align=\"center\"><span style=\"color: #333333; font-size: 10pt; font-family: arial, helvetica, sans-serif;\">Senseo 7810 \/ 7822<\/span><\/div>\n<\/td>\n<td width=\"109\">\n<div align=\"center\"><span style=\"color: #333333; font-size: 10pt; font-family: arial, helvetica, sans-serif;\">\u00a0<\/span><\/div>\n<\/td>\n<td width=\"109\">\n<div align=\"center\"><span style=\"color: #333333; font-size: 10pt; font-family: arial, helvetica, sans-serif;\">\u00a0<\/span><\/div>\n<\/td>\n<\/tr>\n<\/tbody>\n<\/table>\n<\/div>\n<div>\n<table border=\"0\" cellspacing=\"15\" cellpadding=\"1\">\n<tbody>\n<tr valign=\"top\">\n<td width=\"627\">\n<div align=\"justify\"><span style=\"color: #333333; font-size: 10pt; font-family: arial, helvetica, sans-serif;\">Sie k\u00f6nnen eine Philips Kaffeemaschine Typ 7810 und Typ 7822 (ohne Display) mit einem Hebelverschluss verwenden, Sie m\u00fcssen den Apparat mit der Hand abstellen wenn Sie gen\u00fcgend Kaffee haben. Passen Sie auf: Ihre Kaffeemaschine gibt mehr Wasser.<\/span><\/div>\n<div align=\"justify\"><span style=\"color: #333333; font-size: 10pt; font-family: arial, helvetica, sans-serif;\">\u00a0<\/span><\/div>\n<div><span style=\"color: #333333; font-size: 10pt; font-family: arial, helvetica, sans-serif;\">Warmes Wasser mit der SenseoQuadrante in wenigen Minuten mit den Watt-Controller:<\/span><\/div>\n<div align=\"center\">\n<table border=\"0\" width=\"20%\" cellspacing=\"2\" cellpadding=\"1\">\n<tbody>\n<tr valign=\"top\">\n<td width=\"69\">\n<div><span style=\"color: #333333; font-size: 10pt; font-family: arial, helvetica, sans-serif;\">Position 3<\/span><\/div>\n<\/td>\n<td width=\"42\">\n<div align=\"center\"><span style=\"color: #333333; font-size: 10pt; font-family: arial, helvetica, sans-serif;\">2,3<\/span><\/div>\n<\/td>\n<\/tr>\n<tr valign=\"top\">\n<td width=\"69\">\n<div><span style=\"color: #333333; font-size: 10pt; font-family: arial, helvetica, sans-serif;\">Position 4<\/span><\/div>\n<\/td>\n<td width=\"42\">\n<div align=\"center\"><span style=\"color: #333333; font-size: 10pt; font-family: arial, helvetica, sans-serif;\">1,4<\/span><\/div>\n<\/td>\n<\/tr>\n<tr valign=\"top\">\n<td width=\"69\">\n<div><span style=\"color: #333333; font-size: 10pt; font-family: arial, helvetica, sans-serif;\">Position 6<\/span><\/div>\n<\/td>\n<td width=\"42\">\n<div align=\"center\"><span style=\"color: #333333; font-size: 10pt; font-family: arial, helvetica, sans-serif;\">1,2<\/span><\/div>\n<\/td>\n<\/tr>\n<\/tbody>\n<\/table>\n<\/div>\n<\/td>\n<\/tr>\n<\/tbody>\n<\/table>\n<\/div>\n<div>\n<table border=\"0\" cellspacing=\"15\" cellpadding=\"1\">\n<tbody>\n<tr valign=\"top\">\n<td width=\"215\" height=\"132\">\n<div align=\"center\"><span style=\"font-size: 10pt; font-family: arial, helvetica, sans-serif;\"><img loading=\"lazy\" decoding=\"async\" src=\"https:\/\/www.camparo.nl\/data\/mediablocks\/1_DE_48__ms1.rvf_11.jpg\" width=\"77\" height=\"105\" border=\"0\" hspace=\"1\" vspace=\"1\" \/><\/span><\/div>\n<\/td>\n<td width=\"395\" height=\"132\">\n<div><span style=\"color: #333333; font-size: 10pt; font-family: arial, helvetica, sans-serif;\"><b>\u00a0<\/b><\/span><\/div>\n<div><span style=\"color: #333333; font-size: 10pt; font-family: arial, helvetica, sans-serif;\"><b>\u00a0<\/b><\/span><\/div>\n<div><span style=\"color: #333333; font-size: 10pt; font-family: arial, helvetica, sans-serif;\"><b>\u00a0<\/b><\/span><\/div>\n<div><span style=\"color: #333333; font-size: 10pt; font-family: arial, helvetica, sans-serif;\"><b>\u00a0<\/b><\/span><\/div>\n<div><span style=\"color: #333333; font-size: 10pt; font-family: arial, helvetica, sans-serif;\"><b>Nicht anschlie\u00dfen<\/b><\/span><br \/>\n<span style=\"color: #333333; font-size: 10pt; font-family: arial, helvetica, sans-serif;\">Die Senseo HD7850 verf\u00fcgt \u00fcber eine Kapazit\u00e4t von 2650 W (11,5 Ampere) und wird nicht auf der Watt Controller arbeiten<\/span><\/div>\n<\/td>\n<\/tr>\n<\/tbody>\n<\/table>\n<\/div>\n<\/td>\n<\/tr>\n<\/tbody>\n<\/table>\n<\/div>\n<\/div>\n<div class=\"clearfloat\">\u00a0<\/div>\n<div id=\"footer_bg\">\n<div id=\"footer\">\n<div class=\"cleared\">\u00a0<\/div>\n<div class=\"cleared\">\u00a0<\/div>\n<div class=\"sitefootertext\">\n<div align=\"center\"><span style=\"font-size: 10pt; font-family: arial, helvetica, sans-serif; color: #000000;\">\u00a9 Camparo 2005 \/ 2025<\/span><\/div>\n<\/div>\n<\/div>\n<\/div>\n<p><\/p>","protected":false},"excerpt":{"rendered":"<p>\u00a0 Senken Sie Ihre eigene Kaffee(Pad)-Maschine auf 500 &#8211; 920 Watt auf dem Campingplatz Abh\u00e4ngig von Spannung und Ampere auf dem Campingplatz, ist Ihr Kaffee-Pad-Maschine bei 3 Ampere 500 (Senseo 7822) Watt, bei 4 Ampere 700 Watt und \u00a0bei 6 Ampere 920 Watt. So k\u00f6nnen Sie bei 3 Ampere Ihren Kaffee-(Pad)-Maschine von 1600 Watt anschlie\u00dfen [&hellip;]<\/p>\n","protected":false},"author":1,"featured_media":0,"parent":0,"menu_order":0,"comment_status":"closed","ping_status":"closed","template":"","meta":{"_monsterinsights_skip_tracking":false,"_monsterinsights_sitenote_active":false,"_monsterinsights_sitenote_note":"","_monsterinsights_sitenote_category":0,"footnotes":""},"class_list":["post-1023","page","type-page","status-publish","hentry"],"_links":{"self":[{"href":"https:\/\/www.camparo.nl\/site\/de\/wp-json\/wp\/v2\/pages\/1023","targetHints":{"allow":["GET"]}}],"collection":[{"href":"https:\/\/www.camparo.nl\/site\/de\/wp-json\/wp\/v2\/pages"}],"about":[{"href":"https:\/\/www.camparo.nl\/site\/de\/wp-json\/wp\/v2\/types\/page"}],"author":[{"embeddable":true,"href":"https:\/\/www.camparo.nl\/site\/de\/wp-json\/wp\/v2\/users\/1"}],"replies":[{"embeddable":true,"href":"https:\/\/www.camparo.nl\/site\/de\/wp-json\/wp\/v2\/comments?post=1023"}],"version-history":[{"count":24,"href":"https:\/\/www.camparo.nl\/site\/de\/wp-json\/wp\/v2\/pages\/1023\/revisions"}],"predecessor-version":[{"id":5808,"href":"https:\/\/www.camparo.nl\/site\/de\/wp-json\/wp\/v2\/pages\/1023\/revisions\/5808"}],"wp:attachment":[{"href":"https:\/\/www.camparo.nl\/site\/de\/wp-json\/wp\/v2\/media?parent=1023"}],"curies":[{"name":"wp","href":"https:\/\/api.w.org\/{rel}","templated":true}]}}