{"id":1031,"date":"2019-01-14T09:40:18","date_gmt":"2019-01-14T08:40:18","guid":{"rendered":"https:\/\/www.camparo.nl\/site\/?page_id=1031"},"modified":"2023-01-09T10:56:03","modified_gmt":"2023-01-09T09:56:03","slug":"voordelen-watt-controller","status":"publish","type":"page","link":"https:\/\/www.camparo.nl\/site\/de\/voordelen-watt-controller\/","title":{"rendered":"Vorteile Watt-Controller"},"content":{"rendered":"<p><\/p>\n<p><span style=\"font-family: arial, helvetica, sans-serif; font-size: 10pt; color: #000000;\"><img fetchpriority=\"high\" decoding=\"async\" class=\"aligncenter\" style=\"text-align: -webkit-center;\" src=\"https:\/\/www.camparo.nl\/data\/mediablocks\/1_DE_56__ms1.rvf_1.gif\" width=\"307\" height=\"209\" border=\"0\" \/><\/span><\/p>\n<ul>\n<li><span style=\"color: #000000; font-size: 10pt; font-family: arial, helvetica, sans-serif;\"><b>Holen Sie Ihren Vorteil aus dem Watt Controller und verdienen Sie Ihren Ankauf in ein paar Jahren zur\u00fcck.<\/b><\/span><\/li>\n<li><span style=\"color: #000000; font-size: 10pt; font-family: arial, helvetica, sans-serif;\">Mit dem Watt Controller geht die Sicherung nicht (mehr) kaputt!!<\/span><\/li>\n<li><span style=\"color: #000000; font-size: 10pt; font-family: arial, helvetica, sans-serif;\">Keine speziellen elektrischen Ger\u00e4te mehr f\u00fcr das Camping.<\/span><\/li>\n<li><span style=\"color: #000000; font-size: 10pt; font-family: arial, helvetica, sans-serif;\">Benutzen Sie Ihre normalen Ger\u00e4te von zu Hause bis 2000 Watt.<\/span><\/li>\n<li><span style=\"color: #000000; font-size: 10pt; font-family: arial, helvetica, sans-serif;\">Keine extra Ampere dazu kaufen f\u00fcr \u20ac 2,- \u00e1 \u20ac 3,50 pro Tag: 4 Ampere gen\u00fcgen schon.<\/span><\/li>\n<li><span style=\"color: #000000; font-size: 10pt; font-family: arial, helvetica, sans-serif;\">Sparen Sie beim Gas und Gewicht (Gas-Inhalt \u20ac 8,95 bis \u20ac 26,50 abh\u00e4ngig vom Gasbeh\u00e4ltertyp) nehmen Sie Ihre elektrische Grill- oder Gourmetplatte mit.<\/span><\/li>\n<li><span style=\"color: #000000; font-size: 10pt; font-family: arial, helvetica, sans-serif;\">Fritten oder Snacks mit einer Friteuse (max 1200Watt) backen.<\/span><\/li>\n<li><span style=\"color: #000000; font-size: 10pt; font-family: arial, helvetica, sans-serif;\">Brathuhn aus Ihrem Hei\u00dfluftherd von LIDL (1380 Watt).<\/span><\/li>\n<li><span style=\"color: #000000; font-size: 10pt; font-family: arial, helvetica, sans-serif;\">Pizza backen mit Ihrer elektrischen Pizzapfanne von Kochmann (1500 Watt).<\/span><\/li>\n<li><span style=\"color: #000000; font-size: 10pt; font-family: arial, helvetica, sans-serif;\">Nehmen Sie Ihre Kaffeemaschine mit Pads von zu Hause mit (schon bei 3 Ampere auf Ihrem Campingplatz).<\/span><\/li>\n<li><span style=\"color: #000000; font-size: 10pt; font-family: arial, helvetica, sans-serif;\">Gibt es nur 3, 4 oder 6 Ampere auf Ihrem Stellplatz, stellen Sie dann den Watt Controller auf den richtigen Stand ein (3, 4 oder 6) dann k\u00f6nnen Sie verschiedene Ger\u00e4te anschlie\u00dfen.<\/span><\/li>\n<\/ul>\n<div style=\"text-align: justify;\"><span style=\"color: #000000; font-size: 10pt; font-family: arial, helvetica, sans-serif;\">Hinweis: Senseo (7810-Serie) arbeitet ab Produkt-Code 04XXX XX (siehe unten der Senseo) auf der Watt-Controller.<\/span><\/div>\n<div id=\"mainContent\">\n<div class=\"listcontainer\">\n<div>\n<table class=\" aligncenter\" style=\"height: 186px; width: 56.4236%;\" border=\"0\" width=\"1000\" cellspacing=\"15\" cellpadding=\"1\">\n<tbody>\n<tr style=\"height: 175px;\" valign=\"top\">\n<td style=\"height: 160px;\" width=\"296\">\n<div><span style=\"font-family: arial, helvetica, sans-serif; font-size: 10pt; color: #000000;\"><img decoding=\"async\" src=\"https:\/\/www.camparo.nl\/data\/mediablocks\/1_DE_56__ms1.rvf_2.jpg\" width=\"310\" height=\"140\" border=\"0\" hspace=\"1\" vspace=\"1\" \/><\/span><\/div>\n<\/td>\n<td style=\"height: 160px;\" width=\"296\">\n<div align=\"center\"><span style=\"font-family: arial, helvetica, sans-serif; font-size: 10pt; color: #000000;\"><img decoding=\"async\" class=\"aligncenter\" src=\"https:\/\/www.camparo.nl\/data\/mediablocks\/1_DE_56__ms1.rvf_3.gif\" width=\"279\" height=\"123\" border=\"0\" \/><\/span><\/div>\n<div style=\"text-align: center;\" align=\"center\"><span style=\"color: #000000; font-size: 10pt; font-family: arial, helvetica, sans-serif;\">Princess grillplaat 1800 watt<\/span><\/div>\n<\/td>\n<\/tr>\n<\/tbody>\n<\/table>\n<\/div>\n<\/div>\n<\/div>\n<div>\u00a0<\/div>\n<div>\n<table class=\" aligncenter\" style=\"height: 184px;\" width=\"603\">\n<tbody>\n<tr>\n<td style=\"width: 595px;\"><img loading=\"lazy\" decoding=\"async\" src=\"https:\/\/www.camparo.nl\/data\/mediablocks\/1_DE_56__ms1.rvf_4.gif\" width=\"141\" height=\"141\" border=\"0\" \/><img loading=\"lazy\" decoding=\"async\" src=\"https:\/\/www.camparo.nl\/data\/mediablocks\/1_DE_56__ms1.rvf_6.gif\" width=\"150\" height=\"150\" border=\"0\" \/><img loading=\"lazy\" decoding=\"async\" src=\"https:\/\/www.camparo.nl\/data\/mediablocks\/1_DE_56__ms1.rvf_5.gif\" width=\"170\" height=\"170\" border=\"0\" \/><img loading=\"lazy\" decoding=\"async\" src=\"https:\/\/www.camparo.nl\/data\/mediablocks\/1_DE_56__ms1.rvf_7.gif\" width=\"130\" height=\"150\" border=\"0\" \/><\/td>\n<\/tr>\n<\/tbody>\n<\/table>\n<\/div>\n<div id=\"mainContent\">\n<div>\u00a0<\/div>\n<\/div>\n<div class=\"clearfloat\">\u00a0<\/div>\n<div id=\"footer_bg\">\n<div id=\"footer\">\n<div class=\"sitefootertext\">\n<div align=\"center\"><span style=\"font-size: 10pt; font-family: arial, helvetica, sans-serif; color: #000000;\">\u00a9 Camparo 2005 \/ 2023<\/span><\/div>\n<\/div>\n<\/div>\n<\/div>\n<p><\/p>","protected":false},"excerpt":{"rendered":"<p>Holen Sie Ihren Vorteil aus dem Watt Controller und verdienen Sie Ihren Ankauf in ein paar Jahren zur\u00fcck. Mit dem Watt Controller geht die Sicherung nicht (mehr) kaputt!! Keine speziellen elektrischen Ger\u00e4te mehr f\u00fcr das Camping. Benutzen Sie Ihre normalen Ger\u00e4te von zu Hause bis 2000 Watt. Keine extra Ampere dazu kaufen f\u00fcr \u20ac 2,- [&hellip;]<\/p>\n","protected":false},"author":1,"featured_media":0,"parent":0,"menu_order":0,"comment_status":"closed","ping_status":"closed","template":"","meta":{"_monsterinsights_skip_tracking":false,"_monsterinsights_sitenote_active":false,"_monsterinsights_sitenote_note":"","_monsterinsights_sitenote_category":0,"footnotes":""},"class_list":["post-1031","page","type-page","status-publish","hentry"],"_links":{"self":[{"href":"https:\/\/www.camparo.nl\/site\/de\/wp-json\/wp\/v2\/pages\/1031","targetHints":{"allow":["GET"]}}],"collection":[{"href":"https:\/\/www.camparo.nl\/site\/de\/wp-json\/wp\/v2\/pages"}],"about":[{"href":"https:\/\/www.camparo.nl\/site\/de\/wp-json\/wp\/v2\/types\/page"}],"author":[{"embeddable":true,"href":"https:\/\/www.camparo.nl\/site\/de\/wp-json\/wp\/v2\/users\/1"}],"replies":[{"embeddable":true,"href":"https:\/\/www.camparo.nl\/site\/de\/wp-json\/wp\/v2\/comments?post=1031"}],"version-history":[{"count":9,"href":"https:\/\/www.camparo.nl\/site\/de\/wp-json\/wp\/v2\/pages\/1031\/revisions"}],"predecessor-version":[{"id":5556,"href":"https:\/\/www.camparo.nl\/site\/de\/wp-json\/wp\/v2\/pages\/1031\/revisions\/5556"}],"wp:attachment":[{"href":"https:\/\/www.camparo.nl\/site\/de\/wp-json\/wp\/v2\/media?parent=1031"}],"curies":[{"name":"wp","href":"https:\/\/api.w.org\/{rel}","templated":true}]}}