{"id":1038,"date":"2019-01-14T09:56:43","date_gmt":"2019-01-14T08:56:43","guid":{"rendered":"https:\/\/www.camparo.nl\/site\/?page_id=1038"},"modified":"2025-01-06T07:59:58","modified_gmt":"2025-01-06T06:59:58","slug":"meest-gestelde-vragen","status":"publish","type":"page","link":"https:\/\/www.camparo.nl\/site\/de\/meest-gestelde-vragen\/","title":{"rendered":"Meist gestellte Fragen"},"content":{"rendered":"<p><\/p>\n<div style=\"text-align: justify;\" align=\"justify\"><span style=\"color: #000000; font-size: 10pt; font-family: arial, helvetica, sans-serif;\"><b>Kann ich mehrere Apparate an den Watt-Controller anschlie\u00dfen:<\/b><\/span><\/div>\n<div style=\"text-align: justify;\" align=\"justify\"><span style=\"color: #000000; font-size: 10pt; font-family: arial, helvetica, sans-serif;\">Sie d\u00fcrfen an Ihren Watt-Controller nur einen Apparat gleichzeitig anschlie\u00dfen. Schlie\u00dfen Sie mehr Apparate an, dann wird sich der Watt-Controller automatisch ausschalten. Die Spannung auf dem Campingplatz wird jedoch nicht ausgeschaltet.<\/span><\/div>\n<div style=\"text-align: justify;\" align=\"justify\"><span style=\"color: #000000; font-size: 10pt; font-family: arial, helvetica, sans-serif;\">\u00a0<\/span><\/div>\n<div style=\"text-align: justify;\" align=\"justify\"><span style=\"color: #000000; font-size: 10pt; font-family: arial, helvetica, sans-serif;\"><b>D\u00fcrfen mehrere Steckdosen an den Watt-Controller angeschlossen werden:<\/b><\/span><\/div>\n<div style=\"text-align: justify;\" align=\"justify\"><span style=\"color: #000000; font-size: 10pt; font-family: arial, helvetica, sans-serif;\">Ja, aber es darf nur ein Apparat eingeschaltet sein. Sie d\u00fcrfen n\u00e4mlich niemals mehr als einen elektrischen Apparat gleichzeitig benutzen.<\/span><\/div>\n<div style=\"text-align: justify;\" align=\"justify\"><span style=\"color: #000000; font-size: 10pt; font-family: arial, helvetica, sans-serif;\">\u00a0<\/span><\/div>\n<div style=\"text-align: justify;\" align=\"justify\"><span style=\"color: #000000; font-size: 10pt; font-family: arial, helvetica, sans-serif;\"><b>Darf ich mehrere Watt-Controller pro Stellplatz verwenden:<\/b><\/span><\/div>\n<div style=\"text-align: justify;\" align=\"justify\"><span style=\"color: #000000; font-size: 10pt; font-family: arial, helvetica, sans-serif;\">Bei 3, 4 und 6 Ampere k\u00f6nnen Sie nur einen Watt-Controller pro Platz einsetzen. Bei 10 Ampere k\u00f6nnen Sie zwei Watt-Controller verwenden: Sie stellen dann den einen Watt-Controller auf Stand 4 und den anderen auf Stand 6 ein.<\/span><\/div>\n<div style=\"text-align: justify;\" align=\"center\"><span style=\"color: #000000; font-size: 10pt; font-family: arial, helvetica, sans-serif;\"><b>Fragen koffiepad Maschinen<\/b><\/span><\/div>\n<div style=\"text-align: justify;\" align=\"justify\"><span style=\"color: #000000; font-size: 10pt; font-family: arial, helvetica, sans-serif;\"><b>Ich habe meinen Senseo an den Watt-Controller angeschlossen, aber er funktioniert nicht:<\/b><\/span><\/div>\n<div style=\"text-align: justify;\" align=\"justify\">\n<table border=\"0\" cellspacing=\"2\" cellpadding=\"1\">\n<tbody>\n<tr valign=\"top\">\n<td width=\"16\">\n<div><span style=\"color: #000000; font-size: 10pt; font-family: arial, helvetica, sans-serif;\">\u2022<\/span><\/div>\n<div><span style=\"color: #000000; font-size: 10pt; font-family: arial, helvetica, sans-serif;\">\u00a0<\/span><\/div>\n<div><span style=\"color: #000000; font-size: 10pt; font-family: arial, helvetica, sans-serif;\">\u00a0<\/span><\/div>\n<div><span style=\"color: #000000; font-size: 10pt; font-family: arial, helvetica, sans-serif;\">\u00a0<\/span><\/div>\n<div><span style=\"color: #000000; font-size: 10pt; font-family: arial, helvetica, sans-serif;\">\u00a0<\/span><\/div>\n<div><span style=\"color: #000000; font-size: 10pt; font-family: arial, helvetica, sans-serif;\">\u00a0<\/span><\/div>\n<\/td>\n<td width=\"594\">\n<div align=\"justify\"><span style=\"color: #000000; font-size: 10pt; font-family: arial, helvetica, sans-serif;\">Haben Sie einen Apparat mit einer Kneifbefestigung (1450\/1700 Watt), dann wird dieser Ger\u00e4tetyp \u00fcber den Watt-Controller nicht funktionieren. Nur die Typen 7810 und 7822 (ohne Display) \u00a0mit Hebelschlie\u00dfung (1450 Watt) k\u00f6nnen Sie verwenden, aber dann m\u00fcssen Sie den Apparat mit der Hand ausschalten, wenn Sie gen\u00fcgend Kaffee haben. Achten Sie also darauf, dass das Wasser weiterhin durchl\u00e4uft. Wegen des Watt-Controllers verursacht die Kaffeemaschine au\u00dferdem ein etwas anderes Ger\u00e4usch, als Sie es gewohnt sind.<\/span><\/div>\n<\/td>\n<\/tr>\n<\/tbody>\n<\/table>\n<\/div>\n<div style=\"text-align: justify;\" align=\"justify\"><span style=\"color: #000000; font-size: 10pt; font-family: arial, helvetica, sans-serif;\"><b>Ich habe meinen Senseo mit Hebelschlie\u00dfung an den Watt-Controller angeschlossen, aber er funktioniert nicht:<\/b><\/span><\/div>\n<div style=\"text-align: justify;\" align=\"justify\">\n<table border=\"0\" cellspacing=\"2\" cellpadding=\"1\">\n<tbody>\n<tr valign=\"top\">\n<td width=\"16\">\n<div><span style=\"color: #000000; font-size: 10pt; font-family: arial, helvetica, sans-serif;\">\u2022<\/span><\/div>\n<div><span style=\"color: #000000; font-size: 10pt; font-family: arial, helvetica, sans-serif;\">\u00a0<\/span><\/div>\n<div><span style=\"color: #000000; font-size: 10pt; font-family: arial, helvetica, sans-serif;\">\u00a0<\/span><\/div>\n<div><span style=\"color: #000000; font-size: 10pt; font-family: arial, helvetica, sans-serif;\">\u2022<\/span><\/div>\n<\/td>\n<td width=\"594\">\n<div align=\"justify\"><span style=\"color: #000000; font-size: 10pt; font-family: arial, helvetica, sans-serif;\">Die erste Serie mit Hebelschlie\u00dfung, die direkt nach dem Senseo mit Kneifbefestigung (Erkennbar durch den Code 03 am Anfang des Codes 03XXX XX) auf den Markt gekommen ist, funktioniert mit dem Watt-Controller noch nicht; bei dem Ger\u00e4tetyp hat man wahrscheinlich eine alte elektronische Leiterplatte verwendet.<\/span><\/div>\n<div><span style=\"color: #000000; font-size: 10pt; font-family: arial, helvetica, sans-serif;\">Ob Sie haben zu wenig Spannung auf dem Campingplatz<\/span><\/div>\n<\/td>\n<\/tr>\n<\/tbody>\n<\/table>\n<\/div>\n<div style=\"text-align: justify;\" align=\"justify\"><span style=\"color: #000000; font-size: 10pt; font-family: arial, helvetica, sans-serif;\"><b>Ich habe meinen Senseo (ohne Display) an den Watt-Controller angeschlossen, aber er funktioniert nicht gut:<\/b><\/span><\/div>\n<div style=\"text-align: justify;\" align=\"justify\">\n<table border=\"0\" cellspacing=\"2\" cellpadding=\"1\">\n<tbody>\n<tr valign=\"top\">\n<td width=\"22\">\n<div><span style=\"color: #000000; font-size: 10pt; font-family: arial, helvetica, sans-serif;\"><b>\u2022<\/b><\/span><\/div>\n<\/td>\n<td width=\"594\">\n<div><span style=\"color: #000000; font-size: 10pt; font-family: arial, helvetica, sans-serif;\">Ziehen Sie den Stecker von dem Senseo aus dem Watt Controller, dann drehen Sie den Stecker 180 Grad um und setzen Sie den Stecker wieder zur\u00fcck in der Steckdose von dem Watt Controller.<\/span><\/div>\n<\/td>\n<\/tr>\n<\/tbody>\n<\/table>\n<\/div>\n<div style=\"text-align: justify;\" align=\"justify\">\n<table border=\"0\" cellspacing=\"2\" cellpadding=\"1\">\n<tbody>\n<tr valign=\"top\">\n<td width=\"22\">\n<div><span style=\"color: #000000; font-size: 10pt; font-family: arial, helvetica, sans-serif;\"><b>\u2022<\/b><\/span><\/div>\n<\/td>\n<td width=\"594\">\n<div align=\"justify\"><span style=\"color: #000000; font-size: 10pt; font-family: arial, helvetica, sans-serif;\">Wenn das rote Licht kontinuierlich brennt, dr\u00fccken Sie die eine und zweite Tasse Kaffee gleichzeitig ein und dann m\u00fcssen Sie den Apparat mit der Hand ausschalten. Es gibt einen Serie vom Typ 7822, das nicht auf dem Watt-Controller funktioniert.<\/span><\/div>\n<\/td>\n<\/tr>\n<\/tbody>\n<\/table>\n<\/div>\n<div style=\"text-align: justify;\"><span style=\"color: #000000; font-size: 10pt; font-family: arial, helvetica, sans-serif;\"><b>Ich habe eine Medion Kaffeepads-Maschine (1600 Watt), funktioniert die auf einem Watt Controller<\/b><\/span><\/div>\n<div style=\"text-align: justify;\" align=\"justify\">\n<table border=\"0\" cellspacing=\"2\" cellpadding=\"1\">\n<tbody>\n<tr valign=\"top\">\n<td width=\"22\">\n<div><span style=\"color: #000000; font-size: 10pt; font-family: arial, helvetica, sans-serif;\"><b>\u2022<\/b><\/span><\/div>\n<\/td>\n<td width=\"594\">\n<div><span style=\"color: #000000; font-size: 10pt; font-family: arial, helvetica, sans-serif;\">Ja, das funktioniert sehr gut, Sie brauchen es nicht mit der Hand aus zu schalten.<\/span><\/div>\n<\/td>\n<\/tr>\n<\/tbody>\n<\/table>\n<\/div>\n<div style=\"text-align: justify;\" align=\"justify\"><span style=\"color: #000000; font-size: 10pt; font-family: arial, helvetica, sans-serif;\">\u00a0<\/span><\/div>\n<div style=\"text-align: justify;\" align=\"justify\"><span style=\"color: #000000; font-size: 10pt; font-family: arial, helvetica, sans-serif;\"><b>Ich habe einen Apparat an den Watt-Controller angeschlossen und die Leuchte blinkt etwas:<\/b><\/span><\/div>\n<div style=\"text-align: justify;\" align=\"justify\"><span style=\"color: #000000; font-size: 10pt; font-family: arial, helvetica, sans-serif;\">Abh\u00e4ngig vom Apparat und dem eingestellten Wert des Watt-Controllers kann, wenn beispielsweise ein Wasserkocher oder Ofen angeschlossen ist, die Beleuchtung etwas flackern. Weil der Watt-Controller laufend regelt, wird dann wieder viel und dann wieder weniger Strom verbraucht und das kann eventuell auf die Beleuchtung Einfluss haben.<\/span><\/div>\n<div style=\"text-align: justify;\" align=\"justify\"><span style=\"color: #000000; font-size: 10pt; font-family: arial, helvetica, sans-serif;\">L\u00f6sung: Verwenden Sie eine Sparlampe von +\/- 11 Watt statt einer gew\u00f6hnlichen Gl\u00fchlampe.<\/span><\/div>\n<div style=\"text-align: justify;\" align=\"justify\"><span style=\"color: #000000; font-size: 10pt; font-family: arial, helvetica, sans-serif;\">\u00a0<\/span><\/div>\n<div style=\"text-align: justify;\" align=\"justify\"><span style=\"color: #000000; font-size: 10pt; font-family: arial, helvetica, sans-serif;\"><b>Kann ich den Watt-Controller an den elektrische Anschluss des Campingplatzes (beim Pfahl) anschlie\u00dfen:<\/b><\/span><\/div>\n<div style=\"text-align: justify;\" align=\"justify\"><span style=\"color: #000000; font-size: 10pt; font-family: arial, helvetica, sans-serif;\">Nein, weil der Watt-Controller dann auch die Leistung des K\u00fchlschrankes, der Beleuchtung und eventuell des Fernsehger\u00e4tes regeln w\u00fcrde und das ist nicht die Absicht.<\/span><\/div>\n<div style=\"text-align: justify;\" align=\"justify\"><span style=\"color: #000000; font-size: 10pt; font-family: arial, helvetica, sans-serif;\">\u00a0<\/span><\/div>\n<div style=\"text-align: justify;\" align=\"justify\"><span style=\"color: #000000; font-size: 10pt; font-family: arial, helvetica, sans-serif;\"><b>Ich steckte den Watt-Controller in den Steckkontakt und alle drei Lampen brannten.<\/b><\/span><\/div>\n<div style=\"text-align: justify;\" align=\"justify\"><span style=\"color: #000000; font-size: 10pt; font-family: arial, helvetica, sans-serif;\">Wahrscheinlich haben Sie auf dem Campingplatz eine zu geringe Spannung. Bei veralteten Installationen f\u00e4llt die Spannung mitunter auf weniger als 200 Volt ab.<\/span><\/div>\n<div style=\"text-align: justify;\" align=\"justify\"><span style=\"color: #000000; font-size: 10pt; font-family: arial, helvetica, sans-serif;\">\u00a0<\/span><\/div>\n<div style=\"text-align: justify;\" align=\"justify\"><span style=\"color: #000000; font-size: 10pt; font-family: arial, helvetica, sans-serif;\"><b>Darf der Watt-Controller immer mit dem Steckkontakt verbunden bleiben:<\/b><\/span><\/div>\n<div style=\"text-align: justify;\" align=\"justify\"><span style=\"color: #000000; font-size: 10pt; font-family: arial, helvetica, sans-serif;\">Wir raten Ihnen, den Watt-Controller nicht unbenutzt mit dem Steckkontakt verbunden zu lassen (u.a. wegen Gewittergefahr).<\/span><\/div>\n<div style=\"text-align: justify;\" align=\"justify\"><span style=\"color: #000000; font-size: 10pt; font-family: arial, helvetica, sans-serif;\">\u00a0<\/span><\/div>\n<div style=\"text-align: justify;\" align=\"justify\"><span style=\"color: #000000; font-size: 10pt; font-family: arial, helvetica, sans-serif;\"><b>Sie haben keine Elektrizit\u00e4t mehr und doch ist der richtige Stand eingestellt:<\/b><\/span><\/div>\n<div style=\"text-align: justify;\" align=\"justify\"><span style=\"color: #000000; font-size: 10pt; font-family: arial, helvetica, sans-serif;\">Geht die Elektrizit\u00e4t auf dem Campingplatz trotzdem aus, dann ist die Installation auf dem Camping veraltet und Sie m\u00fcssen dann den Watt-Controller einen Stand niedriger schalten (vom Stand 6 auf 4 oder vom Stand 4 auf 3).<\/span><\/div>\n<div style=\"text-align: justify;\" align=\"justify\"><span style=\"color: #000000; font-size: 10pt; font-family: arial, helvetica, sans-serif;\">\u00a0<\/span><\/div>\n<div style=\"text-align: justify;\" align=\"justify\"><span style=\"color: #000000; font-size: 10pt; font-family: arial, helvetica, sans-serif;\"><b>Darf ich ein Fernsehger\u00e4t an den Watt-Controller anschlie\u00dfen:<\/b><\/span><\/div>\n<div style=\"text-align: justify;\" align=\"justify\"><span style=\"color: #000000; font-size: 10pt; font-family: arial, helvetica, sans-serif;\">Nein, ein Fernsehger\u00e4t an einen Watt-Controller anzuschlie\u00dfen, hat keinen Sinn, denn ein Fernseher hat nur eine Leistung von ca. 60 Watt. Der Watt-Controller funktioniert erst bei einem Apparat ab 400 Watt.<\/span><\/div>\n<div style=\"text-align: justify;\" align=\"justify\"><span style=\"color: #000000; font-size: 10pt; font-family: arial, helvetica, sans-serif;\">\u00a0<\/span><\/div>\n<div style=\"text-align: justify;\" align=\"justify\"><span style=\"color: #000000; font-size: 10pt; font-family: arial, helvetica, sans-serif;\"><b>Kann ich eine Mikrowelle an den Watt-Controller anschlie\u00dfen:<\/b><\/span><\/div>\n<div style=\"text-align: justify;\" align=\"justify\"><span style=\"color: #000000; font-size: 10pt; font-family: arial, helvetica, sans-serif;\">Nein, eine Mikrowelle hat einen zu hohen Einschaltstrom, wodurch die Sicherung des Watt-Controllers die Mikrowelle ausschaltet.<\/span><\/div>\n<div style=\"text-align: justify;\" align=\"justify\"><span style=\"color: #000000; font-size: 10pt; font-family: arial, helvetica, sans-serif;\">\u00a0<\/span><\/div>\n<div style=\"text-align: justify;\" align=\"justify\"><span style=\"color: #000000; font-size: 10pt; font-family: arial, helvetica, sans-serif;\"><b>Darf ich einen Rechner an den Watt-Controller anschlie\u00dfen:<\/b><\/span><\/div>\n<div style=\"text-align: justify;\" align=\"justify\"><span style=\"color: #000000; font-size: 10pt; font-family: arial, helvetica, sans-serif;\">Nein, einen Rechner an den Watt-Controller anzuschlie\u00dfen hat keinen Sinn, denn ein Rechner hat nur eine Leistung von ca. 200 Watt. Der Watt-Controller funktioniert erst bei einem Apparat ab 400 Watt.<\/span><\/div>\n<div style=\"text-align: justify;\" align=\"justify\"><span style=\"color: #000000; font-size: 10pt; font-family: arial, helvetica, sans-serif;\">\u00a0<\/span><\/div>\n<div style=\"text-align: justify;\" align=\"justify\"><span style=\"color: #000000; font-size: 10pt; font-family: arial, helvetica, sans-serif;\"><b>Ich habe eine Fuse-control (Fuse-Protector), funktioniert die zusammen mit einem Watt-Controller:<\/b><\/span><\/div>\n<div style=\"text-align: justify;\" align=\"justify\"><span style=\"color: #000000; font-size: 10pt; font-family: arial, helvetica, sans-serif;\">Die Fuse-control und die Fuse-Protector sorgen daf\u00fcr, dass der Strom ausgeschaltet wird, wenn Sie zuviel verbrauchen, aber der Watt-Controller funktioniert etwas intelligenter. Sorgen die Fuse-control und Fuse-Protector daf\u00fcr, dass die Sicherungen (wegen \u00dcberbelastung) nicht rausfliegen, der Watt-Controller sorgt daf\u00fcr, dass der angeschlossene Apparat trotzdem weiterhin funktioniert.<\/span><\/div>\n<div style=\"text-align: justify;\" align=\"justify\"><span style=\"color: #000000; font-size: 10pt; font-family: arial, helvetica, sans-serif;\">Der Watt-Controller funktioniert also zusammen mit der Fuse-control (Fuse Protector). Sie m\u00fcssen allerdings den Watt-Controller einen Stand niedriger schalten ODER die Fuse-control (Fuse-Protector) einen Stand h\u00f6her. Letzteres ist ratsam, weil die Sicherung auf dem Campingplatz nicht rausfliegen wird, wenn Sie einen Watt-Controller benutzen.<\/span><\/div>\n<div style=\"text-align: justify;\" align=\"justify\"><span style=\"color: #000000; font-size: 10pt; font-family: arial, helvetica, sans-serif;\">(Achtung: eigentlich sorgt der Watt-Controller daf\u00fcr, dass die Fuse-control (Fuse-Protector) \u00fcberfl\u00fcssig ist.)<\/span><\/div>\n<div style=\"text-align: justify;\" align=\"justify\"><span style=\"color: #000000; font-size: 10pt; font-family: arial, helvetica, sans-serif;\">\u00a0<\/span><\/div>\n<div style=\"text-align: justify;\" align=\"justify\"><span style=\"color: #000000; font-size: 10pt; font-family: arial, helvetica, sans-serif;\"><b>Warum k\u00f6nnen bestimmte Apparate, wie eine Waschmaschine und eine Klimaanlage, nicht an einen Watt-Controller gekoppelt werden?<\/b><\/span><\/div>\n<div style=\"text-align: justify;\" align=\"justify\"><span style=\"color: #000000; font-size: 10pt; font-family: arial, helvetica, sans-serif;\">Die Stromsicherung des Watt-Controllers ist so geregelt, dass die folgenden Apparate ausgeschaltet werden: Klimaanlage, Apparate mit elektronischer Regelung, W\u00e4scheschleuder, elektrischer Rasenm\u00e4her, Halogenbeleuchtung, Hochdruckreiniger, keramischer Ventilationsofen mit elektronischer Steuerung, Mikrowelle, Staubsauger, W\u00e4schetrockner, Waschmaschine, Geschirrsp\u00fcler.<\/span><\/div>\n<div style=\"text-align: center;\" align=\"justify\"><span style=\"font-family: arial, helvetica, sans-serif; font-size: 10pt;\">\u00a9 Camparo 2005 \/ 2025<\/span><\/div>\n<p><\/p>","protected":false},"excerpt":{"rendered":"<p>Kann ich mehrere Apparate an den Watt-Controller anschlie\u00dfen: Sie d\u00fcrfen an Ihren Watt-Controller nur einen Apparat gleichzeitig anschlie\u00dfen. Schlie\u00dfen Sie mehr Apparate an, dann wird sich der Watt-Controller automatisch ausschalten. Die Spannung auf dem Campingplatz wird jedoch nicht ausgeschaltet. \u00a0 D\u00fcrfen mehrere Steckdosen an den Watt-Controller angeschlossen werden: Ja, aber es darf nur ein Apparat [&hellip;]<\/p>\n","protected":false},"author":1,"featured_media":0,"parent":0,"menu_order":0,"comment_status":"closed","ping_status":"closed","template":"","meta":{"_monsterinsights_skip_tracking":false,"_monsterinsights_sitenote_active":false,"_monsterinsights_sitenote_note":"","_monsterinsights_sitenote_category":0,"footnotes":""},"class_list":["post-1038","page","type-page","status-publish","hentry"],"_links":{"self":[{"href":"https:\/\/www.camparo.nl\/site\/de\/wp-json\/wp\/v2\/pages\/1038","targetHints":{"allow":["GET"]}}],"collection":[{"href":"https:\/\/www.camparo.nl\/site\/de\/wp-json\/wp\/v2\/pages"}],"about":[{"href":"https:\/\/www.camparo.nl\/site\/de\/wp-json\/wp\/v2\/types\/page"}],"author":[{"embeddable":true,"href":"https:\/\/www.camparo.nl\/site\/de\/wp-json\/wp\/v2\/users\/1"}],"replies":[{"embeddable":true,"href":"https:\/\/www.camparo.nl\/site\/de\/wp-json\/wp\/v2\/comments?post=1038"}],"version-history":[{"count":17,"href":"https:\/\/www.camparo.nl\/site\/de\/wp-json\/wp\/v2\/pages\/1038\/revisions"}],"predecessor-version":[{"id":5804,"href":"https:\/\/www.camparo.nl\/site\/de\/wp-json\/wp\/v2\/pages\/1038\/revisions\/5804"}],"wp:attachment":[{"href":"https:\/\/www.camparo.nl\/site\/de\/wp-json\/wp\/v2\/media?parent=1038"}],"curies":[{"name":"wp","href":"https:\/\/api.w.org\/{rel}","templated":true}]}}