{"id":1059,"date":"2019-01-14T12:58:37","date_gmt":"2019-01-14T11:58:37","guid":{"rendered":"https:\/\/www.camparo.nl\/site\/?page_id=1059"},"modified":"2025-01-06T08:04:22","modified_gmt":"2025-01-06T07:04:22","slug":"technische-gegevens-2","status":"publish","type":"page","link":"https:\/\/www.camparo.nl\/site\/de\/technische-gegevens-2\/","title":{"rendered":"Technische daten"},"content":{"rendered":"<p><\/p>\n<div align=\"center\"><span style=\"font-family: arial, helvetica, sans-serif; font-size: 10pt; color: #000000;\"><img decoding=\"async\" src=\"https:\/\/www.camparo.nl\/data\/mediablocks\/1_DE_25__ms2.rvf_1.png\" width=\"297\" height=\"155\" border=\"0\" \/><\/span><\/div>\n<div align=\"center\"><span style=\"color: #000000; font-size: 10pt; font-family: arial, helvetica, sans-serif;\"><b>TECHNISCHE DATEN:<\/b><\/span><\/div>\n<div align=\"center\"><span style=\"font-family: arial, helvetica, sans-serif; font-size: 10pt; color: #000000;\">Der Watt Controller Erf\u00fcllt die Anforderungen der Norm:<\/span><br \/>\n<span style=\"color: #000000; font-size: 10pt; font-family: arial, helvetica, sans-serif;\">NEN1020<\/span><br \/>\n<span style=\"color: #000000; font-size: 10pt; font-family: arial, helvetica, sans-serif;\">EN55014-1, EN60730-1, EN61000-3-2,<\/span><br \/>\n<span style=\"color: #000000; font-size: 10pt; font-family: arial, helvetica, sans-serif;\">EN61000-3-3, IEC60844-1, IEC60844-2-5.<\/span><span style=\"color: #000000; font-size: 10pt; font-family: arial, helvetica, sans-serif;\"><br \/>\n<\/span><\/div>\n<div align=\"center\"><span style=\"color: #000000; font-size: 10pt; font-family: arial, helvetica, sans-serif;\">Schutzklasse gegen Feuchtigkeit: IPX0 und Erdung: IPx1.<\/span><\/div>\n<div align=\"center\"><a href=\"https:\/\/www.camparo.nl\/site\/wp-content\/uploads\/2019\/02\/CAP-WC-DoC-01EN1-0.pdf\">Konformit\u00e4tserkl\u00e4rung<\/a><\/div>\n<div align=\"center\"><span style=\"font-family: arial, helvetica, sans-serif; font-size: 10pt; color: #000000;\"><img loading=\"lazy\" decoding=\"async\" src=\"https:\/\/www.camparo.nl\/data\/mediablocks\/1_DE_25__ms2.rvf_2.png\" width=\"141\" height=\"73\" border=\"0\" \/><\/span><span style=\"color: #000000; font-size: 10pt; font-family: arial, helvetica, sans-serif;\">\u00a0<\/span><\/div>\n<div align=\"center\"><span style=\"color: #000000; font-size: 10pt; font-family: arial, helvetica, sans-serif;\">Die Ger\u00e4te sind gleichzeitig gegen \u00dcberbelastung und \u00dcberhitzung abgesichert.<\/span><\/div>\n<div align=\"center\"><span style=\"color: #000000; font-size: 10pt; font-family: arial, helvetica, sans-serif;\">\u00a0<\/span><\/div>\n<div align=\"center\"><span style=\"color: #000000; font-size: 10pt; font-family: arial, helvetica, sans-serif;\">Nur kleine Haushaltsger\u00e4te in den Watt-Controller verwenden.<\/span><\/div>\n<div align=\"center\"><span style=\"color: #000000; font-size: 10pt; font-family: arial, helvetica, sans-serif;\">Der Eingangsspannung ist 230 Volt \/ 50Hz (nicht geeignet f\u00fcr 60Hz).<\/span><\/div>\n<div align=\"center\"><span style=\"color: #000000; font-size: 10pt; font-family: arial, helvetica, sans-serif;\"><b>Max. Ausgangsleistung 2000 Watt.<\/b><\/span><\/div>\n<div align=\"center\">\n<table border=\"0\" cellspacing=\"2\" cellpadding=\"1\">\n<tbody>\n<tr valign=\"top\">\n<td width=\"296\">\n<div align=\"right\"><span style=\"color: #000000; font-size: 10pt; font-family: arial, helvetica, sans-serif;\">Die Ger\u00e4te werden zur\u00fcckgeregelt:bei Stand:<\/span><\/div>\n<\/td>\n<td width=\"93\">\n<div align=\"center\"><span style=\"color: #000000; font-size: 10pt; font-family: arial, helvetica, sans-serif;\">3 \u00a0 \u00a0500 watt<\/span><\/div>\n<\/td>\n<\/tr>\n<tr valign=\"top\">\n<td width=\"296\">\n<div align=\"right\"><span style=\"color: #000000; font-size: 10pt; font-family: arial, helvetica, sans-serif;\">\u00a0<\/span><\/div>\n<\/td>\n<td width=\"93\">\n<div align=\"center\"><span style=\"color: #000000; font-size: 10pt; font-family: arial, helvetica, sans-serif;\">4 \u00a0 \u00a0700 watt<\/span><\/div>\n<\/td>\n<\/tr>\n<tr valign=\"top\">\n<td width=\"296\">\n<div align=\"right\"><span style=\"color: #000000; font-size: 10pt; font-family: arial, helvetica, sans-serif;\">\u00a0<\/span><\/div>\n<\/td>\n<td width=\"93\">\n<div align=\"center\"><span style=\"color: #000000; font-size: 10pt; font-family: arial, helvetica, sans-serif;\">6 \u00a0 \u00a0920 watt<\/span><\/div>\n<\/td>\n<\/tr>\n<tr valign=\"top\">\n<td width=\"296\">\n<div align=\"right\"><span style=\"color: #000000; font-size: 10pt; font-family: arial, helvetica, sans-serif;\">Gewicht:<\/span><\/div>\n<\/td>\n<td width=\"93\">\n<div align=\"center\"><span style=\"color: #000000; font-size: 10pt; font-family: arial, helvetica, sans-serif;\">0,207 Kg<\/span><\/div>\n<\/td>\n<\/tr>\n<\/tbody>\n<\/table>\n<p><a href=\"https:\/\/camparo.nl\/site\/PDF%20bestanden\/Gebrauchsanweisung.pdf\">Gebrauchsanweisung<\/a><\/p>\n<\/div>\n<div align=\"center\"><span style=\"color: #000000; font-size: 10pt; font-family: arial, helvetica, sans-serif;\"><b>Garantie:<\/b><\/span><\/div>\n<div align=\"center\"><span style=\"color: #000000; font-size: 10pt; font-family: arial, helvetica, sans-serif;\">Gew\u00e4hrleistungsfrist 2 Jahre .<\/span><\/div>\n<div align=\"center\">\u00a0<\/div>\n<div align=\"center\">\u00a0<\/div>\n<div align=\"center\"><span style=\"font-size: 10pt; font-family: arial, helvetica, sans-serif;\">\u00a9 Camparo 2005 \/ 2025<\/span><\/div>\n<p><\/p>","protected":false},"excerpt":{"rendered":"<p>TECHNISCHE DATEN: Der Watt Controller Erf\u00fcllt die Anforderungen der Norm: NEN1020 EN55014-1, EN60730-1, EN61000-3-2, EN61000-3-3, IEC60844-1, IEC60844-2-5. Schutzklasse gegen Feuchtigkeit: IPX0 und Erdung: IPx1. Konformit\u00e4tserkl\u00e4rung \u00a0 Die Ger\u00e4te sind gleichzeitig gegen \u00dcberbelastung und \u00dcberhitzung abgesichert. \u00a0 Nur kleine Haushaltsger\u00e4te in den Watt-Controller verwenden. Der Eingangsspannung ist 230 Volt \/ 50Hz (nicht geeignet f\u00fcr 60Hz). Max. [&hellip;]<\/p>\n","protected":false},"author":1,"featured_media":0,"parent":0,"menu_order":0,"comment_status":"closed","ping_status":"closed","template":"","meta":{"_monsterinsights_skip_tracking":false,"_monsterinsights_sitenote_active":false,"_monsterinsights_sitenote_note":"","_monsterinsights_sitenote_category":0,"footnotes":""},"class_list":["post-1059","page","type-page","status-publish","hentry"],"_links":{"self":[{"href":"https:\/\/www.camparo.nl\/site\/de\/wp-json\/wp\/v2\/pages\/1059","targetHints":{"allow":["GET"]}}],"collection":[{"href":"https:\/\/www.camparo.nl\/site\/de\/wp-json\/wp\/v2\/pages"}],"about":[{"href":"https:\/\/www.camparo.nl\/site\/de\/wp-json\/wp\/v2\/types\/page"}],"author":[{"embeddable":true,"href":"https:\/\/www.camparo.nl\/site\/de\/wp-json\/wp\/v2\/users\/1"}],"replies":[{"embeddable":true,"href":"https:\/\/www.camparo.nl\/site\/de\/wp-json\/wp\/v2\/comments?post=1059"}],"version-history":[{"count":26,"href":"https:\/\/www.camparo.nl\/site\/de\/wp-json\/wp\/v2\/pages\/1059\/revisions"}],"predecessor-version":[{"id":5850,"href":"https:\/\/www.camparo.nl\/site\/de\/wp-json\/wp\/v2\/pages\/1059\/revisions\/5850"}],"wp:attachment":[{"href":"https:\/\/www.camparo.nl\/site\/de\/wp-json\/wp\/v2\/media?parent=1059"}],"curies":[{"name":"wp","href":"https:\/\/api.w.org\/{rel}","templated":true}]}}