{"id":182,"date":"2019-01-08T16:05:45","date_gmt":"2019-01-08T15:05:45","guid":{"rendered":"https:\/\/www.camparo.nl\/site\/?page_id=182"},"modified":"2025-01-06T07:55:05","modified_gmt":"2025-01-06T06:55:05","slug":"close-in-boiler","status":"publish","type":"page","link":"https:\/\/www.camparo.nl\/site\/de\/close-in-boiler\/","title":{"rendered":"Reduzierung Close-in-boiler von 2000 Watt auf 920-700-500 Watt"},"content":{"rendered":"<p><\/p>\n<h6 style=\"text-align: center;\"><strong><span style=\"font-family: arial, helvetica, sans-serif; font-size: 10pt;\"> <span style=\"font-size: 12pt;\"><span style=\"font-family: arial, helvetica, sans-serif;\">Unser Watt Controller ist so entworfen, dass er immer funktioniert und w\u00e4hrend des Gebrauchs nicht zu hei\u00df wird. <\/span><\/span><\/span><\/strong><\/h6>\n<h6 style=\"text-align: center;\"><strong><span style=\"font-family: arial, helvetica, sans-serif; font-size: 10pt;\"><span style=\"font-size: 12pt;\"><span style=\"font-family: arial, helvetica, sans-serif;\">Der Watt Controller erf\u00fcllt alle Anforderungen der Europ\u00e4ischen Gemeinschaft. Der Watt Controller wurde nach CE-Normen gepr\u00fcft. <\/span><\/span><\/span><\/strong><\/h6>\n<h6 style=\"text-align: center;\"><strong><span style=\"font-family: arial, helvetica, sans-serif; font-size: 10pt;\"><span style=\"font-size: 12pt;\"><span style=\"font-family: arial, helvetica, sans-serif;\">Daher birgt unser Watt Controller keine Gefahren, beispielsweise in Form von Feuer.<\/span><\/span><\/span><\/strong><\/h6>\n<p>&nbsp;<\/p>\n<h6 style=\"text-align: center;\"><strong><span style=\"font-family: arial, helvetica, sans-serif; font-size: 10pt;\"><span style=\"font-size: 12pt;\">So k\u00f6nnen Sie Ihren Boiler von zB 2000 Watt auf maximal 920 Watt absenken!!!<\/span><\/span> <\/strong><\/h6>\n<h6 style=\"text-align: center;\"><strong><span style=\"font-size: 12pt;\"><span style=\"font-family: arial, helvetica, sans-serif;\">Haben Sie einen close-in Boiler von 2000 Watt und <\/span><\/span><\/strong><strong><span style=\"font-size: 12pt;\"><span style=\"font-family: arial, helvetica, sans-serif;\">Sie nicht zu viel Energie verbrauchen: Die Watt-Controller ist die L\u00f6sung.<\/span><\/span><\/strong><\/h6>\n<p style=\"text-align: justify;\"><span style=\"font-family: arial, helvetica, sans-serif; font-size: 10pt;\">Ein close-in-boiler Erhitzer (von beispielsweise 10 Litern) sind ideal f\u00fcr den Einsatz in Kombination mit den Watt-Controller. Mit dem Watt-Controller k\u00f6nnen Sie die Leistung des Warmwasserbereiters auf bis zu 2000 Watt perfekt regeln: Schlie\u00dfen Sie Ihren Warmwasserbereiter an den Watt-Controller an. Der Warmwasserbereiter befindet sich in Position 3-500 Watt, in Position 4-700 Watt und in Position 6-920 Watt. Dies hat den Vorteil, dass Sie gleichzeitig einen Geschirrsp\u00fcler einschalten k\u00f6nnen.<\/span><\/p>\n<div align=\"justify\"><a href=\"https:\/\/www.camparo.nl\/site\/close-in-boiler\/boiler-met-watt-contr\/\" rel=\"attachment wp-att-2481\"><img decoding=\"async\" class=\"size-full wp-image-2481 alignleft\" src=\"https:\/\/www.camparo.nl\/site\/wp-content\/uploads\/2019\/01\/Boiler-met-Watt-contr.png\" alt=\"\" width=\"148\" height=\"231\" \/>\u00a0<\/a><\/p>\n<p><span style=\"font-family: arial, helvetica, sans-serif; font-size: 10pt;\"><strong>close-in-boiler von 10 Litern 2000 Watt<\/strong>.<\/span><\/p>\n<p><span style=\"font-family: arial, helvetica, sans-serif; font-size: 10pt;\">Das Wasser von 12 auf 60 Grad erw\u00e4rmen; dauert etwa 17 Minuten.<\/span><\/p>\n<p><span style=\"font-family: arial, helvetica, sans-serif; font-size: 10pt;\">Dies erfolgt mit einem 10 Liter close-in-boiler , der an den Watt-Controller angeschlossen ist.<\/span><\/p>\n<p><span style=\"font-family: arial, helvetica, sans-serif; font-size: 10pt;\">In Position 3 (500 W): 72 Minuten<\/span><br \/>\n<span style=\"font-family: arial, helvetica, sans-serif; font-size: 10pt;\">In Position 4 (700 W): 48 Minuten<\/span><br \/>\n<span style=\"font-family: arial, helvetica, sans-serif; font-size: 10pt;\">In Position 6 (920 W): 36 Minuten<\/span><\/p>\n<\/div>\n<div align=\"justify\">\n<p style=\"text-align: justify;\"><span style=\"font-family: arial, helvetica, sans-serif; font-size: 10pt;\">Der Watt Controller hat eine Eigenleistung von +\/- 15 Watt und eine Betriebstemperatur von +\/- 33 Grad. Um 1 Gramm Wasser um 1 Grad zu erh\u00f6hen, wird 1 Watt Energie ben\u00f6tigt; ob 2000 oder 500 Watt, nur die Zeit macht den Unterschied.<\/span><\/p>\n<p style=\"text-align: center;\"><span style=\"font-family: 'arial black', sans-serif; color: #ff0000;\">siehe\u00a0 <a href=\"https:\/\/www.obelink.de\/camparo-watt-controller.html?gclid=CjwKCAjw97P5BRBQEiwAGflV6SZ1zCMw2zGuiPNnpOGjA5o27nECyVVfvjzjniQn8-mruSdYUyK4ChoCK2QQAvD_BwE\"><span style=\"color: #0000ff; font-size: 14pt;\">Verkaufsstellen<\/span><\/a><\/span><\/p>\n<p style=\"text-align: center;\"><span style=\"font-family: arial, helvetica, sans-serif; font-size: 10pt;\">\u00a9 Camparo 2005\/2025<\/span><\/p>\n<\/div>\n<p><\/p>","protected":false},"excerpt":{"rendered":"<p>Unser Watt Controller ist so entworfen, dass er immer funktioniert und w\u00e4hrend des Gebrauchs nicht zu hei\u00df wird. Der Watt Controller erf\u00fcllt alle Anforderungen der Europ\u00e4ischen Gemeinschaft. Der Watt Controller wurde nach CE-Normen gepr\u00fcft. Daher birgt unser Watt Controller keine Gefahren, beispielsweise in Form von Feuer. &nbsp; So k\u00f6nnen Sie Ihren Boiler von zB 2000 [&hellip;]<\/p>\n","protected":false},"author":1,"featured_media":0,"parent":0,"menu_order":0,"comment_status":"closed","ping_status":"closed","template":"","meta":{"_monsterinsights_skip_tracking":false,"_monsterinsights_sitenote_active":false,"_monsterinsights_sitenote_note":"","_monsterinsights_sitenote_category":0,"footnotes":""},"class_list":["post-182","page","type-page","status-publish","hentry"],"_links":{"self":[{"href":"https:\/\/www.camparo.nl\/site\/de\/wp-json\/wp\/v2\/pages\/182","targetHints":{"allow":["GET"]}}],"collection":[{"href":"https:\/\/www.camparo.nl\/site\/de\/wp-json\/wp\/v2\/pages"}],"about":[{"href":"https:\/\/www.camparo.nl\/site\/de\/wp-json\/wp\/v2\/types\/page"}],"author":[{"embeddable":true,"href":"https:\/\/www.camparo.nl\/site\/de\/wp-json\/wp\/v2\/users\/1"}],"replies":[{"embeddable":true,"href":"https:\/\/www.camparo.nl\/site\/de\/wp-json\/wp\/v2\/comments?post=182"}],"version-history":[{"count":79,"href":"https:\/\/www.camparo.nl\/site\/de\/wp-json\/wp\/v2\/pages\/182\/revisions"}],"predecessor-version":[{"id":5799,"href":"https:\/\/www.camparo.nl\/site\/de\/wp-json\/wp\/v2\/pages\/182\/revisions\/5799"}],"wp:attachment":[{"href":"https:\/\/www.camparo.nl\/site\/de\/wp-json\/wp\/v2\/media?parent=182"}],"curies":[{"name":"wp","href":"https:\/\/api.w.org\/{rel}","templated":true}]}}