{"id":263,"date":"2019-01-10T09:31:25","date_gmt":"2019-01-10T08:31:25","guid":{"rendered":"https:\/\/www.camparo.nl\/site\/?page_id=263"},"modified":"2023-01-09T10:58:44","modified_gmt":"2023-01-09T09:58:44","slug":"quik-sat-finder","status":"publish","type":"page","link":"https:\/\/www.camparo.nl\/site\/de\/quik-sat-finder\/","title":{"rendered":"Quik Sat Finder"},"content":{"rendered":"<p><span style=\"font-family: arial, helvetica, sans-serif; font-size: 10pt;\"><img decoding=\"async\" class=\"aligncenter\" src=\"https:\/\/www.camparo.nl\/data\/mediablocks\/1__67__ms1.rvf_1.gif\" \/><\/span><\/p>\r\n<p style=\"text-align: center;\"><span style=\"font-family: arial, helvetica, sans-serif; font-size: 10pt;\"><a href=\"https:\/\/www.camparo.nl\/site\/quick-sat-finder-logo-foto-2013\/\"><img loading=\"lazy\" decoding=\"async\" class=\"size-medium wp-image-24 aligncenter\" src=\"https:\/\/www.camparo.nl\/site\/wp-content\/uploads\/2019\/01\/Quick-Sat-Finder-logo-Foto-2013-300x198.png\" alt=\"\" width=\"300\" height=\"198\" srcset=\"https:\/\/www.camparo.nl\/site\/wp-content\/uploads\/2019\/01\/Quick-Sat-Finder-logo-Foto-2013-300x198.png 300w, https:\/\/www.camparo.nl\/site\/wp-content\/uploads\/2019\/01\/Quick-Sat-Finder-logo-Foto-2013-768x507.png 768w, https:\/\/www.camparo.nl\/site\/wp-content\/uploads\/2019\/01\/Quick-Sat-Finder-logo-Foto-2013-1024x676.png 1024w, https:\/\/www.camparo.nl\/site\/wp-content\/uploads\/2019\/01\/Quick-Sat-Finder-logo-Foto-2013-1568x1034.png 1568w\" sizes=\"(max-width: 300px) 100vw, 300px\" \/><\/a><\/span><span style=\"font-family: arial, helvetica, sans-serif; font-size: 10pt;\">11,95 \u20ac + Versand<\/span><\/p>\r\n<p style=\"text-align: center;\"><b style=\"font-family: arial, helvetica, sans-serif; font-size: 10pt;\">eine einfache Methode zum Einstellung von Ihrer SAT-Spiegel<\/b><\/p>\r\n<p><span style=\"font-family: arial, helvetica, sans-serif; font-size: 10pt;\"><!-- \/wp:post-content --><\/span><\/p>\r\n<div align=\"justify\"><span style=\"font-family: arial, helvetica, sans-serif; font-size: 10pt;\">Der Quickfinder wird auf einem Stativ platziert und ist einfach zu bedienen weil der Sat-Finder sowohl \u00fcber, eine Wasserwage, einen Kompass und eine klare Grade Indikation verf\u00fcgt. Alles in einem Produkt. Es ist f\u00fcr ein manschette mit einem Durchmesser von 49 mm. Wenn Sie nicht \u00fcber eine Manschette verf\u00fcgen, klicken Sie auf den Link Manschette Quik Satfinder. (Rohrdurchmesser etwas zu gro\u00df?\u00a0<\/span><\/div>\r\n<p><span style=\"font-family: arial, helvetica, sans-serif; font-size: 10pt;\"><!-- wp:image {\"id\":279,\"align\":\"center\"} --><\/span><\/p>\r\n<div class=\"wp-block-image\"><a href=\"https:\/\/www.camparo.nl\/site\/quik-sat-finder\/statief-3\/\" rel=\"attachment wp-att-4004\"><img decoding=\"async\" class=\"size-full wp-image-4004 aligncenter\" src=\"https:\/\/www.camparo.nl\/site\/wp-content\/uploads\/2019\/02\/Statief-1.png\" alt=\"\" width=\"60\" height=\"82\" \/><\/a><\/div>\r\n<p><span style=\"font-family: arial, helvetica, sans-serif; font-size: 10pt;\"><!-- \/wp:image --><\/span><\/p>\r\n<p style=\"text-align: center;\"><span style=\"font-family: arial, helvetica, sans-serif; font-size: 10pt;\">Losse buis (buisdiameter 35 mm) Manchet (buisdiameter 49 mm) Statief<\/span><\/p>\r\n<div><span style=\"color: #333333; font-size: 10pt; font-family: arial, helvetica, sans-serif;\"><b>Die gro\u00dfen Vorteile sind:<\/b><\/span><\/div>\r\n<ul type=\"disc\">\r\n\t<li><span style=\"color: #333333; font-size: 10pt; font-family: arial, helvetica, sans-serif;\">Sehr einfach zu installieren.<\/span><\/li>\r\n\t<li><span style=\"color: #333333; font-size: 10pt; font-family: arial, helvetica, sans-serif;\">Die Nivellierung des Stativs ist sehr einfach.<\/span><\/li>\r\n\t<li><span style=\"color: #333333; font-size: 10pt; font-family: arial, helvetica, sans-serif;\">Es gibt einen klaren Hinweis darauf, wo die Satelliten positioniert sind.<\/span><\/li>\r\n\t<li><span style=\"color: #333333; font-size: 10pt; font-family: arial, helvetica, sans-serif;\">Der Kompass wird nicht von der Satellitensch\u00fcssel beeinflusst.<\/span><\/li>\r\n\t<li><span style=\"color: #333333; font-size: 10pt; font-family: arial, helvetica, sans-serif;\">Durch eine senkrechte Linie auf dem Rohr, wo die Antenne installiert ist, k\u00f6nnen Sie problemlos von einem Satelliten zu einem anderen wechseln (z. B. \u00a0Atlantic Bird 3 5\u00b0 W , Hotbird 13\u00b0 E, Astra19,2\u00b0 E, Astra 23,5\u00b0 E und Astra 28,2 \u00b0 E)<\/span><\/li>\r\n<\/ul>\r\n<p><span style=\"font-family: arial, helvetica, sans-serif; font-size: 10pt;\"><!-- wp:image {\"id\":296} --><\/span><\/p>\r\n<figure class=\"wp-block-image\"><span style=\"font-family: arial, helvetica, sans-serif; font-size: 12px;\"><img decoding=\"async\" width=\"568\" height=\"81\" class=\"wp-image-296\" src=\"https:\/\/www.camparo.nl\/site\/wp-content\/uploads\/2019\/01\/FOTO-1.png\" alt=\"\" srcset=\"https:\/\/www.camparo.nl\/site\/wp-content\/uploads\/2019\/01\/FOTO-1.png 568w, https:\/\/www.camparo.nl\/site\/wp-content\/uploads\/2019\/01\/FOTO-1-300x43.png 300w\" sizes=\"(max-width: 568px) 100vw, 568px\" \/><\/span><\/figure>\r\n<p><span style=\"font-family: arial, helvetica, sans-serif; font-size: 10pt;\"><!-- \/wp:image --><\/span><\/p>\r\n<ol>\r\n\t<li><span style=\"font-family: arial, helvetica, sans-serif; font-size: 10pt;\">Dr\u00fccken Sie den Schlauch nach unten, um eine gerade Linie zu markieren<\/span><\/li>\r\n\t<li><span style=\"font-family: arial, helvetica, sans-serif; font-size: 10pt;\">Richten Sie das Stativ aus<\/span><\/li>\r\n\t<li><span style=\"font-family: arial, helvetica, sans-serif; font-size: 10pt;\">Um 90 \u00b0 drehen<\/span><\/li>\r\n\t<li><span style=\"font-family: arial, helvetica, sans-serif; font-size: 10pt;\">Manschette einlegen Legen Sie den QSf auf die Manschette und zeigen Sie nach Norden<\/span><\/li>\r\n<\/ol>\r\n<p><span style=\"font-family: arial, helvetica, sans-serif; font-size: 10pt;\"><!-- wp:image {\"id\":300} --><\/span><\/p>\r\n<figure class=\"wp-block-image\"><span style=\"font-family: arial, helvetica, sans-serif; font-size: 12px;\"><img loading=\"lazy\" decoding=\"async\" width=\"565\" height=\"80\" class=\"wp-image-300\" src=\"https:\/\/www.camparo.nl\/site\/wp-content\/uploads\/2019\/01\/FOTO-2.png\" alt=\"\" srcset=\"https:\/\/www.camparo.nl\/site\/wp-content\/uploads\/2019\/01\/FOTO-2.png 565w, https:\/\/www.camparo.nl\/site\/wp-content\/uploads\/2019\/01\/FOTO-2-300x42.png 300w\" sizes=\"(max-width: 565px) 100vw, 565px\" \/><\/span><\/figure>\r\n<p><span style=\"font-family: arial, helvetica, sans-serif; font-size: 10pt;\"><!-- \/wp:image --><\/span><\/p>\r\n<ol>\r\n\t<li><span style=\"font-family: arial, helvetica, sans-serif; font-size: 10pt;\">Platzieren Sie die Halterung<\/span><\/li>\r\n\t<li><span style=\"font-family: arial, helvetica, sans-serif; font-size: 10pt;\">Legen Sie die Sch\u00fcssel in die Halterung<\/span><\/li>\r\n\t<li><span style=\"font-family: arial, helvetica, sans-serif; font-size: 10pt;\">19,2 \u00b0 Ost<\/span><\/li>\r\n\t<li><span style=\"font-family: arial, helvetica, sans-serif; font-size: 10pt;\">Gradenhoek-Teller einstellen (zB Amsterdam 29 \u00b0)<\/span><\/li>\r\n<\/ol>\r\n<p style=\"text-align: center;\"><span style=\"font-family: arial, helvetica, sans-serif; font-size: 10pt;\"><strong>Sie k\u00f6nnen Ihre Bestellung \u00fcber unsere E-Mail-Adresse info@camparo.nl aufgeben<\/strong><\/span><\/p>\r\n<p>&nbsp;<\/p>\r\n<p style=\"text-align: center;\"><span style=\"font-family: arial, helvetica, sans-serif; font-size: 10pt;\">\u00a9 Camparo 2005 \/ 2023<\/span><\/p>","protected":false},"excerpt":{"rendered":"<p>11,95 \u20ac + Versand eine einfache Methode zum Einstellung von Ihrer SAT-Spiegel Der Quickfinder wird auf einem Stativ platziert und ist einfach zu bedienen weil der Sat-Finder sowohl \u00fcber, eine Wasserwage, einen Kompass und eine klare Grade Indikation verf\u00fcgt. Alles in einem Produkt. Es ist f\u00fcr ein manschette mit einem Durchmesser von 49 mm. Wenn [&hellip;]<\/p>\n","protected":false},"author":1,"featured_media":0,"parent":0,"menu_order":0,"comment_status":"closed","ping_status":"closed","template":"","meta":{"_monsterinsights_skip_tracking":false,"_monsterinsights_sitenote_active":false,"_monsterinsights_sitenote_note":"","_monsterinsights_sitenote_category":0,"footnotes":""},"class_list":["post-263","page","type-page","status-publish","hentry"],"_links":{"self":[{"href":"https:\/\/www.camparo.nl\/site\/de\/wp-json\/wp\/v2\/pages\/263","targetHints":{"allow":["GET"]}}],"collection":[{"href":"https:\/\/www.camparo.nl\/site\/de\/wp-json\/wp\/v2\/pages"}],"about":[{"href":"https:\/\/www.camparo.nl\/site\/de\/wp-json\/wp\/v2\/types\/page"}],"author":[{"embeddable":true,"href":"https:\/\/www.camparo.nl\/site\/de\/wp-json\/wp\/v2\/users\/1"}],"replies":[{"embeddable":true,"href":"https:\/\/www.camparo.nl\/site\/de\/wp-json\/wp\/v2\/comments?post=263"}],"version-history":[{"count":57,"href":"https:\/\/www.camparo.nl\/site\/de\/wp-json\/wp\/v2\/pages\/263\/revisions"}],"predecessor-version":[{"id":5558,"href":"https:\/\/www.camparo.nl\/site\/de\/wp-json\/wp\/v2\/pages\/263\/revisions\/5558"}],"wp:attachment":[{"href":"https:\/\/www.camparo.nl\/site\/de\/wp-json\/wp\/v2\/media?parent=263"}],"curies":[{"name":"wp","href":"https:\/\/api.w.org\/{rel}","templated":true}]}}