{"id":3785,"date":"2019-01-30T08:32:37","date_gmt":"2019-01-30T07:32:37","guid":{"rendered":"https:\/\/www.camparo.nl\/site\/?page_id=3785"},"modified":"2025-01-06T08:02:40","modified_gmt":"2025-01-06T07:02:40","slug":"senseo-in-de-boot-camper","status":"publish","type":"page","link":"https:\/\/www.camparo.nl\/site\/de\/senseo-in-de-boot-camper\/","title":{"rendered":"Senseo im camper"},"content":{"rendered":"<p><\/p>\n<div id=\"mainContent\">\n<div class=\"listcontainer\">\n<div align=\"center\"><a href=\"https:\/\/www.camparo.nl\/site\/senseo-in-de-boot-camper\/senseo-watt-c-1\/\" rel=\"attachment wp-att-3809\"><img fetchpriority=\"high\" decoding=\"async\" class=\"alignnone size-medium wp-image-3809\" src=\"https:\/\/www.camparo.nl\/site\/wp-content\/uploads\/2019\/01\/Senseo-Watt-c-1-300x224.png\" alt=\"\" width=\"300\" height=\"224\" srcset=\"https:\/\/www.camparo.nl\/site\/wp-content\/uploads\/2019\/01\/Senseo-Watt-c-1-300x224.png 300w, https:\/\/www.camparo.nl\/site\/wp-content\/uploads\/2019\/01\/Senseo-Watt-c-1.png 536w\" sizes=\"(max-width: 300px) 100vw, 300px\" \/><\/a><\/div>\n<div align=\"center\">\n<p style=\"text-align: center;\"><span style=\"font-family: arial, helvetica, sans-serif; font-size: 10pt;\">Ihr eigenes Kaffee- (Pad-) Ger\u00e4t auf dem Boot oder Wohnmobil<\/span><\/p>\n<p style=\"text-align: justify;\"><span style=\"font-family: arial, helvetica, sans-serif; font-size: 10pt;\">Je nach Einstellung des Watt-Controllers k\u00f6nnen Sie Ihre Kaffeemaschinen auf einem INVERTER von 1200 Watt mit reinem Sinus, in Stellung 3 Ampere 500 Watt (Senseo 7822), mit 4 Ampere 700 Watt und mit 6 Ampere 920 Watt betreiben. So k\u00f6nnen Sie Ihr 1450-Watt-Kaffeeger\u00e4t an den Watt-Controller anschlie\u00dfen und eine k\u00f6stliche Tasse Kaffee auf dem Boot oder im Wohnmobil genie\u00dfen.<\/span><\/p>\n<p style=\"text-align: center;\"><span style=\"font-family: arial, helvetica, sans-serif; font-size: 10pt;\">Anschlie\u00dfen: Kaffeepadmaschinen<\/span><\/p>\n<\/div>\n<div align=\"center\">\n<table style=\"width: 651px; height: 120px;\" border=\"0\" cellspacing=\"2\" cellpadding=\"1\">\n<tbody>\n<tr style=\"height: 107px;\" valign=\"top\">\n<td style=\"width: 265px; height: 120px;\" height=\"105\">\n<div align=\"center\"><a href=\"https:\/\/www.camparo.nl\/site\/senseo-in-de-boot-camper\/senseo-7810-7822\/\" rel=\"attachment wp-att-3825\"><img decoding=\"async\" class=\"alignnone size-full wp-image-3825\" src=\"https:\/\/www.camparo.nl\/site\/wp-content\/uploads\/2019\/01\/Senseo-7810-7822.png\" alt=\"\" width=\"271\" height=\"111\" \/><\/a><\/div>\n<\/td>\n<td style=\"width: 115px; height: 120px;\" height=\"105\">\n<div align=\"center\"><a href=\"https:\/\/www.camparo.nl\/site\/senseo-in-de-boot-camper\/koffie-3-2\/\" rel=\"attachment wp-att-3832\"><img decoding=\"async\" class=\" wp-image-3832 aligncenter\" src=\"https:\/\/www.camparo.nl\/site\/wp-content\/uploads\/2019\/01\/Koffie-3.png\" alt=\"\" width=\"95\" height=\"90\" \/><\/a><span style=\"font-family: inherit; font-size: inherit;\">Medion (Aldi)<\/span><\/div>\n<\/td>\n<td style=\"width: 124px; height: 120px;\" height=\"105\">\n<div align=\"center\"><a href=\"https:\/\/www.camparo.nl\/site\/senseo-in-de-boot-camper\/koffie-2\/\" rel=\"attachment wp-att-3831\"><img loading=\"lazy\" decoding=\"async\" class=\" wp-image-3831 aligncenter\" src=\"https:\/\/www.camparo.nl\/site\/wp-content\/uploads\/2019\/01\/Koffie-2.png\" alt=\"\" width=\"86\" height=\"86\" \/><\/a><span style=\"font-family: inherit; font-size: inherit;\">Magimix M220A<\/span><\/div>\n<\/td>\n<td style=\"width: 119px; height: 120px;\" height=\"105\">\n<div align=\"center\"><a href=\"https:\/\/www.camparo.nl\/site\/senseo-in-de-boot-camper\/koffie-6\/\" rel=\"attachment wp-att-3833\"><img loading=\"lazy\" decoding=\"async\" class=\"wp-image-3833 aligncenter\" src=\"https:\/\/www.camparo.nl\/site\/wp-content\/uploads\/2019\/01\/Koffie-6.png\" alt=\"\" width=\"59\" height=\"85\" \/><\/a><span style=\"font-family: inherit; font-size: inherit;\">Essenza Krups<\/span><\/div>\n<\/td>\n<\/tr>\n<\/tbody>\n<\/table>\n<\/div>\n<\/div>\n<\/div>\n<div class=\"clearfloat\">\n<p style=\"text-align: justify;\"><span style=\"font-family: arial, helvetica, sans-serif; font-size: 10pt;\">Die folgenden Pad-Maschinen funktionieren auf dem Watt-Controller: Nespresso-Maschine Magimix M220A oder Essenza von Krups, Medion (Aldi) oder eine Philips-Kaffeepadmaschine vom Typ 7810 * in den Positionen 3, 4 und 6 (ab Code 04, die am Anfang des numerischen Codes erkennbar sind, z 04151 21 unten) mit Hebelsperre und Typ 7822 ohne Anzeige.<\/span><\/p>\n<p style=\"text-align: justify;\"><span style=\"font-family: arial, helvetica, sans-serif; font-size: 10pt;\">Die Senseos sollten manuell ausgeschaltet werden, wenn Sie genug Kaffee haben. Stellen Sie sicher, dass das Wasser weiter l\u00e4uft. Der Senseo Quadrante funktioniert nur an Stand 6. F\u00fcr Philips Kaffeepadmaschinen: Siehe &#8222;H\u00e4ufig gestellte Fragen&#8220;.<\/span><\/p>\n<p style=\"text-align: justify;\"><span style=\"font-family: arial, helvetica, sans-serif; font-size: 10pt;\">Der Watt-Controller bewirkt, dass die Kaffeemaschine etwas anders aussieht als Sie es gewohnt sind.<\/span><\/p>\n<\/div>\n<div id=\"footer_bg\">\n<div id=\"footer\">\n<div class=\"cleared\">\u00a0<\/div>\n<div class=\"cleared\">\u00a0<\/div>\n<div class=\"sitefootertext\">\n<div align=\"center\"><span style=\"font-size: 10pt; font-family: arial, helvetica, sans-serif;\">\u00a9 Camparo 2005 \/ 2025<\/span><\/div>\n<\/div>\n<\/div>\n<\/div>\n<p><\/p>","protected":false},"excerpt":{"rendered":"<p>Ihr eigenes Kaffee- (Pad-) Ger\u00e4t auf dem Boot oder Wohnmobil Je nach Einstellung des Watt-Controllers k\u00f6nnen Sie Ihre Kaffeemaschinen auf einem INVERTER von 1200 Watt mit reinem Sinus, in Stellung 3 Ampere 500 Watt (Senseo 7822), mit 4 Ampere 700 Watt und mit 6 Ampere 920 Watt betreiben. So k\u00f6nnen Sie Ihr 1450-Watt-Kaffeeger\u00e4t an den [&hellip;]<\/p>\n","protected":false},"author":1,"featured_media":0,"parent":0,"menu_order":0,"comment_status":"closed","ping_status":"closed","template":"","meta":{"_monsterinsights_skip_tracking":false,"_monsterinsights_sitenote_active":false,"_monsterinsights_sitenote_note":"","_monsterinsights_sitenote_category":0,"footnotes":""},"class_list":["post-3785","page","type-page","status-publish","hentry"],"_links":{"self":[{"href":"https:\/\/www.camparo.nl\/site\/de\/wp-json\/wp\/v2\/pages\/3785","targetHints":{"allow":["GET"]}}],"collection":[{"href":"https:\/\/www.camparo.nl\/site\/de\/wp-json\/wp\/v2\/pages"}],"about":[{"href":"https:\/\/www.camparo.nl\/site\/de\/wp-json\/wp\/v2\/types\/page"}],"author":[{"embeddable":true,"href":"https:\/\/www.camparo.nl\/site\/de\/wp-json\/wp\/v2\/users\/1"}],"replies":[{"embeddable":true,"href":"https:\/\/www.camparo.nl\/site\/de\/wp-json\/wp\/v2\/comments?post=3785"}],"version-history":[{"count":26,"href":"https:\/\/www.camparo.nl\/site\/de\/wp-json\/wp\/v2\/pages\/3785\/revisions"}],"predecessor-version":[{"id":5807,"href":"https:\/\/www.camparo.nl\/site\/de\/wp-json\/wp\/v2\/pages\/3785\/revisions\/5807"}],"wp:attachment":[{"href":"https:\/\/www.camparo.nl\/site\/de\/wp-json\/wp\/v2\/media?parent=3785"}],"curies":[{"name":"wp","href":"https:\/\/api.w.org\/{rel}","templated":true}]}}