{"id":3860,"date":"2019-01-31T09:14:44","date_gmt":"2019-01-31T08:14:44","guid":{"rendered":"https:\/\/www.camparo.nl\/site\/?page_id=3860"},"modified":"2025-01-06T08:09:47","modified_gmt":"2025-01-06T07:09:47","slug":"video-watt-controller","status":"publish","type":"page","link":"https:\/\/www.camparo.nl\/site\/de\/video-watt-controller\/","title":{"rendered":"Videos Watt Controller"},"content":{"rendered":"<p><\/p>\n<p style=\"text-align: center;\"><span style=\"font-family: arial, helvetica, sans-serif; font-size: 10pt;\"><a href=\"https:\/\/www.camparo.nl\/site\/aeg-automotive-spanningconverter\/aeg-2\/\" rel=\"attachment wp-att-227\"><img decoding=\"async\" class=\"size-full wp-image-227 aligncenter\" src=\"https:\/\/www.camparo.nl\/site\/wp-content\/uploads\/2019\/01\/AEG-1.png\" alt=\"\" width=\"86\" height=\"65\" \/><\/a><strong>Video Watt Controller an einem AEG Inverter<\/strong><\/span><\/p>\n<p style=\"text-align: center;\"><span style=\"font-family: arial, helvetica, sans-serif; font-size: 10pt;\"><a href=\"https:\/\/camparo.nl\/site\/video\/AEG%20Inverter.mp4\">(video Mobile)\u00a0<\/a><a href=\"https:\/\/camparo.nl\/site\/video\/AEG%20Inverter.mp4\">\u00a0(<\/a><a href=\"https:\/\/camparo.nl\/site\/video\/AEG Inverter.webm\">video Rechner)<\/a><\/span><\/p>\n<p style=\"text-align: center;\"><span style=\"font-family: arial, helvetica, sans-serif; font-size: 10pt;\"><strong>Senseo an einem Wechselrichter<\/strong><\/span><\/p>\n<p style=\"text-align: center;\"><span style=\"font-family: arial, helvetica, sans-serif; font-size: 10pt;\"><a href=\"https:\/\/camparo.nl\/site\/video\/Senseoinverter.mp4\">(<\/a><a href=\"https:\/\/camparo.nl\/site\/video\/AEG%20Inverter.mp4\">video Mobile)\u00a0\u00a0\u00a0\u00a0\u00a0<\/a><a href=\"https:\/\/camparo.nl\/site\/video\/Senseoinverter.mp4\">(<\/a><a href=\"https:\/\/camparo.nl\/site\/video\/Senseo  inverter.webm\">video Rechner)<\/a><\/span><\/p>\n<p style=\"text-align: justify;\"><span style=\"font-family: arial, helvetica, sans-serif; font-size: 10pt;\"><a href=\"https:\/\/www.camparo.nl\/site\/video-watt-controller\/rtl4\/\" rel=\"attachment wp-att-3901\"><img decoding=\"async\" class=\"size-medium wp-image-3901 aligncenter\" src=\"https:\/\/www.camparo.nl\/site\/wp-content\/uploads\/2019\/01\/RTL4-300x55.png\" alt=\"\" width=\"300\" height=\"55\" srcset=\"https:\/\/www.camparo.nl\/site\/wp-content\/uploads\/2019\/01\/RTL4-300x55.png 300w, https:\/\/www.camparo.nl\/site\/wp-content\/uploads\/2019\/01\/RTL4.png 503w\" sizes=\"(max-width: 300px) 100vw, 300px\" \/><\/a><\/span><br \/>\n<span style=\"font-family: arial, helvetica, sans-serif; font-size: 10pt;\">Campinglife ist ein Reiseprogramm auf RTL-4, das w\u00f6chentlich samstags um 18.55 Uhr (Wiederholung Sonntag, 9.25 Uhr) ausgestrahlt wird.Im Campinglife werden mehrere Campingpl\u00e4tze empfohlen und die neuesten Gadgets k\u00f6nnen auf dem Gebiet des Campings eingesehen werden. Ebenso gibt es eine \u00dcbertragung f\u00fcr den Watt-Controller.<\/span><\/p>\n<p><span style=\"font-family: arial, helvetica, sans-serif; font-size: 10pt;\"><a href=\"https:\/\/www.camparo.nl\/site\/video-watt-controller\/campinglive\/\" rel=\"attachment wp-att-3893\"><img fetchpriority=\"high\" decoding=\"async\" class=\"size-medium wp-image-3893 aligncenter\" src=\"https:\/\/www.camparo.nl\/site\/wp-content\/uploads\/2019\/01\/Campinglive-300x187.png\" alt=\"\" width=\"300\" height=\"187\" srcset=\"https:\/\/www.camparo.nl\/site\/wp-content\/uploads\/2019\/01\/Campinglive-300x187.png 300w, https:\/\/www.camparo.nl\/site\/wp-content\/uploads\/2019\/01\/Campinglive-768x478.png 768w, https:\/\/www.camparo.nl\/site\/wp-content\/uploads\/2019\/01\/Campinglive-1024x638.png 1024w, https:\/\/www.camparo.nl\/site\/wp-content\/uploads\/2019\/01\/Campinglive.png 1039w\" sizes=\"(max-width: 300px) 100vw, 300px\" \/><\/a><\/span><\/p>\n<p style=\"text-align: center;\"><span style=\"font-family: arial, helvetica, sans-serif; font-size: 10pt;\"><strong>Broadcast Watt controller Campinglife<\/strong><\/span><\/p>\n<p style=\"text-align: center;\"><span style=\"font-family: arial, helvetica, sans-serif; font-size: 10pt;\"><a href=\"https:\/\/camparo.nl\/site\/video\/Campinglife.mp4\">(video mobile)\u00a0\u00a0\u00a0\u00a0\u00a0<\/a><a href=\"https:\/\/camparo.nl\/site\/video\/Campinglife.webm\">(video Rechner)<\/a><\/span><\/p>\n<p>&nbsp;<\/p>\n<p style=\"text-align: center;\"><span style=\"font-family: arial, helvetica, sans-serif; font-size: 10pt;\"><a href=\"https:\/\/www.camparo.nl\/site\/video-watt-controller\/henny-in-de-caravan\/\" rel=\"attachment wp-att-3896\"><img loading=\"lazy\" decoding=\"async\" class=\"size-medium wp-image-3896 aligncenter\" src=\"https:\/\/www.camparo.nl\/site\/wp-content\/uploads\/2019\/01\/Henny-in-de-caravan-300x171.png\" alt=\"\" width=\"300\" height=\"171\" srcset=\"https:\/\/www.camparo.nl\/site\/wp-content\/uploads\/2019\/01\/Henny-in-de-caravan-300x171.png 300w, https:\/\/www.camparo.nl\/site\/wp-content\/uploads\/2019\/01\/Henny-in-de-caravan.png 503w\" sizes=\"(max-width: 300px) 100vw, 300px\" \/><\/a><\/span><\/p>\n<div class=\"clearfloat\" style=\"text-align: center;\"><span style=\"font-family: arial, helvetica, sans-serif; font-size: 10pt;\"><strong>VideoSenseo in der Wohnwagen\u00a0<a href=\"https:\/\/camparo.nl\/site\/video\/senseocaravan.mp4\">(video mobile)\u00a0\u00a0<\/a><a href=\"https:\/\/camparo.nl\/site\/video\/Senseo in de Caravan.webm\">\u00a0(video Rechner)<\/a><\/strong><\/span><\/div>\n<div>\u00a0<\/div>\n<div style=\"text-align: center;\"><span style=\"font-family: arial, helvetica, sans-serif; font-size: 10pt;\">Haben Sie 4 Ampere auf dem Campingplatz und m\u00f6chten Sie mit einer Grillplatte von 1800 Watt grillen?<\/span><br \/>\n<span style=\"font-family: arial, helvetica, sans-serif; font-size: 10pt;\">Dann stellen Sie den Watt Controller auf Position 4 und &#8230; .. Grillen!<\/span><\/p>\n<\/div>\n<div style=\"text-align: center;\"><span style=\"font-family: arial, helvetica, sans-serif; font-size: 10pt;\"><strong>Grillen (1800 W) mit dem Watt controller<\/strong><\/span><\/div>\n<div style=\"text-align: center;\"><span style=\"font-family: arial, helvetica, sans-serif; font-size: 10pt;\"><a href=\"https:\/\/camparo.nl\/site\/video\/Grillen.mp4\" target=\"_blank\" rel=\"noopener noreferrer\">\u00a0(video mobile)\u00a0\u00a0\u00a0<\/a><a href=\"https:\/\/camparo.nl\/site\/video\/Grillen.webm\" target=\"_blank\" rel=\"noopener noreferrer\">(video Rechner)<\/a><\/span><\/div>\n<div>\u00a0<\/div>\n<div id=\"footer_bg\">\n<div id=\"footer\">\n<div class=\"cleared\" style=\"text-align: center;\"><span style=\"font-family: arial, helvetica, sans-serif; font-size: 10pt;\"><strong>video\/QSF\u00a0 <\/strong><\/span><\/div>\n<div class=\"cleared\" style=\"text-align: center;\"><span style=\"font-family: arial, helvetica, sans-serif; font-size: 10pt;\"><strong><a href=\"https:\/\/camparo.nl\/site\/video\/QSF.mp4\">(video mobile)\u00a0\u00a0\u00a0<\/a><a href=\"https:\/\/camparo.nl\/site\/video\/QSF.webm\" target=\"_blank\" rel=\"noopener noreferrer\">(video Rechner)<\/a>\u00a0<\/strong><\/span><\/div>\n<div class=\"cleared\">\u00a0<\/div>\n<div class=\"sitefootertext\">\n<div align=\"center\"><span style=\"font-size: 10pt; font-family: arial, helvetica, sans-serif;\">\u00a9 Camparo 2005 \/ 2025<\/span><\/div>\n<\/div>\n<\/div>\n<\/div>\n<p><\/p>","protected":false},"excerpt":{"rendered":"<p>Video Watt Controller an einem AEG Inverter (video Mobile)\u00a0\u00a0(video Rechner) Senseo an einem Wechselrichter (video Mobile)\u00a0\u00a0\u00a0\u00a0\u00a0(video Rechner) Campinglife ist ein Reiseprogramm auf RTL-4, das w\u00f6chentlich samstags um 18.55 Uhr (Wiederholung Sonntag, 9.25 Uhr) ausgestrahlt wird.Im Campinglife werden mehrere Campingpl\u00e4tze empfohlen und die neuesten Gadgets k\u00f6nnen auf dem Gebiet des Campings eingesehen werden. Ebenso gibt es [&hellip;]<\/p>\n","protected":false},"author":1,"featured_media":0,"parent":0,"menu_order":0,"comment_status":"closed","ping_status":"closed","template":"","meta":{"_monsterinsights_skip_tracking":false,"_monsterinsights_sitenote_active":false,"_monsterinsights_sitenote_note":"","_monsterinsights_sitenote_category":0,"footnotes":""},"class_list":["post-3860","page","type-page","status-publish","hentry"],"_links":{"self":[{"href":"https:\/\/www.camparo.nl\/site\/de\/wp-json\/wp\/v2\/pages\/3860","targetHints":{"allow":["GET"]}}],"collection":[{"href":"https:\/\/www.camparo.nl\/site\/de\/wp-json\/wp\/v2\/pages"}],"about":[{"href":"https:\/\/www.camparo.nl\/site\/de\/wp-json\/wp\/v2\/types\/page"}],"author":[{"embeddable":true,"href":"https:\/\/www.camparo.nl\/site\/de\/wp-json\/wp\/v2\/users\/1"}],"replies":[{"embeddable":true,"href":"https:\/\/www.camparo.nl\/site\/de\/wp-json\/wp\/v2\/comments?post=3860"}],"version-history":[{"count":70,"href":"https:\/\/www.camparo.nl\/site\/de\/wp-json\/wp\/v2\/pages\/3860\/revisions"}],"predecessor-version":[{"id":5814,"href":"https:\/\/www.camparo.nl\/site\/de\/wp-json\/wp\/v2\/pages\/3860\/revisions\/5814"}],"wp:attachment":[{"href":"https:\/\/www.camparo.nl\/site\/de\/wp-json\/wp\/v2\/media?parent=3860"}],"curies":[{"name":"wp","href":"https:\/\/api.w.org\/{rel}","templated":true}]}}