{"id":5896,"date":"2026-04-13T13:38:40","date_gmt":"2026-04-13T11:38:40","guid":{"rendered":"https:\/\/www.camparo.nl\/site\/?page_id=5896"},"modified":"2026-04-13T13:59:33","modified_gmt":"2026-04-13T11:59:33","slug":"wat-kun-je-wel-en-niet-aansluiten","status":"publish","type":"page","link":"https:\/\/www.camparo.nl\/site\/de\/wat-kun-je-wel-en-niet-aansluiten\/","title":{"rendered":"Was kann verbunden werden und was nicht?"},"content":{"rendered":"<p><\/p>\n<p><span style=\"font-size: 18pt;\"><strong><span style=\"font-family: arial, helvetica, sans-serif;\">Camparo Watt controller<\/span><\/strong><\/span><\/p>\n<p>Wenn auf dem Campingplatz nur 3, 4 oder 6 Ampere zur Verf\u00fcgung stehen, ben\u00f6tigen Sie einen Watt-Controller. Ab 10 Ampere ist dies in der Regel nicht mehr notwendig.<\/p>\n<p>Der Camparo Watt-Controller ist ein Leistungsregler, mit dem Sie auch leistungsstarke Haushaltsger\u00e4te (bis zu 2000 Watt) auf Campingpl\u00e4tzen mit einem begrenzten Stromanschluss von 3, 4 oder 6 Ampere nutzen k\u00f6nnen. Das Ger\u00e4t verhindert das Durchbrennen der Sicherung, indem es die Wattzahl des angeschlossenen Ger\u00e4ts automatisch regelt. Bei 4 Ampere auf dem Campingplatz m\u00fcssen Sie den Controller lediglich auf 4 Ampere einstellen. K\u00fchlschrank, Fernseher und Laptop sind bereits eingeschaltet. Sie brauchen sich also keine Sorgen zu machen; dies geschieht automatisch. Wenn Sie auf dem Campingplatz 10 Ampere zur Verf\u00fcgung haben und Ihren Boiler dauerhaft betreiben m\u00f6chten, k\u00f6nnen Sie den Watt-Regler auf Stufe 6 einstellen.<\/p>\n<p>Hauptmerkmale<\/p>\n<p>Einstellbare Leistung: Sie k\u00f6nnen den Regler manuell an die verf\u00fcgbare Stromst\u00e4rke auf dem Campingplatz anpassen:<br \/>\nStufe 3: Reduziert die Leistung auf ca. 500 Watt.<br \/>\nStufe 4: Reduziert die Leistung auf ca. 700 Watt.<\/p>\n<p>Stufe 6: Reduziert die Leistung auf ca. 920 Watt.<\/p>\n<p>Einfache Bedienung: Stecken Sie den Regler in eine geerdete Steckdose im Wohnwagen oder Wohnmobil, w\u00e4hlen Sie die gew\u00fcnschte Einstellung mit der Reset-Taste und schlie\u00dfen Sie das Ger\u00e4t an.<\/p>\n<p>F\u00fcr Zuhause: Auch praktisch f\u00fcr einen K\u00fcchenboiler, um den Energieverbrauch zu verteilen oder ihn mit Solaranlagen zu synchronisieren.<\/p>\n<p>Der Watt-Regler +3<\/p>\n<p>Was kann angeschlossen werden und was nicht? Geeignet (u. a.)<\/p>\n<p>Nicht geeignet (u. a.)<\/p>\n<p>Kapselmaschinen (z. B. Senseo)<\/p>\n<p>Keine Mikrowellen!<\/p>\n<p>Elektrogrill, Backofen oder Fritteuse<\/p>\n<p>Elektroger\u00e4te mit Elektromotor (Staubsauger, Klimaanlage, Waschmaschine)<\/p>\n<p>Haartrockner und Wasserkocher<\/p>\n<p>Fernseher und Lampen<\/p>\n<p>Elektroheizung und Fritteuse<\/p>\n<p>Elektroger\u00e4te mit elektronischer Steuerung<\/p>\n<p>Wichtige Nutzungsregeln<\/p>\n<p>Nur ein Ger\u00e4t gleichzeitig: Es darf maximal ein elektrisches Ger\u00e4t gleichzeitig an den Watt-Controller angeschlossen werden.<\/p>\n<p>Geerdete Steckdose: Verwenden Sie den Controller immer an einer geerdeten Steckdose.<\/p>\n<p>Wechselrichter: Schlie\u00dfen Sie den Controller nur an Wechselrichter mit reiner Sinuswelle (keine Rechteck- oder modifizierte Sinuswelle) von mindestens 1200 Watt an.<\/p>\n<p>Sicherheitshinweise: Setzen Sie den Controller keiner direkten Sonneneinstrahlung aus und verwenden Sie ihn nicht im Regen. Der Camparo Watt-Controller ist in Campingfachgesch\u00e4ften wie Obelink, De Wit und Kampeerhal Roden erh\u00e4ltlich, erf\u00fcllt alle europ\u00e4ischen Anforderungen und ist von der KEMA als einziger Watt-Controller f\u00fcr Camping zertifiziert.<\/p>\n<p><\/p>","protected":false},"excerpt":{"rendered":"<p>Camparo Watt controller Wenn auf dem Campingplatz nur 3, 4 oder 6 Ampere zur Verf\u00fcgung stehen, ben\u00f6tigen Sie einen Watt-Controller. Ab 10 Ampere ist dies in der Regel nicht mehr notwendig. Der Camparo Watt-Controller ist ein Leistungsregler, mit dem Sie auch leistungsstarke Haushaltsger\u00e4te (bis zu 2000 Watt) auf Campingpl\u00e4tzen mit einem begrenzten Stromanschluss von 3, [&hellip;]<\/p>\n","protected":false},"author":1,"featured_media":0,"parent":0,"menu_order":0,"comment_status":"closed","ping_status":"closed","template":"","meta":{"_monsterinsights_skip_tracking":false,"_monsterinsights_sitenote_active":false,"_monsterinsights_sitenote_note":"","_monsterinsights_sitenote_category":0,"footnotes":""},"class_list":["post-5896","page","type-page","status-publish","hentry"],"_links":{"self":[{"href":"https:\/\/www.camparo.nl\/site\/de\/wp-json\/wp\/v2\/pages\/5896","targetHints":{"allow":["GET"]}}],"collection":[{"href":"https:\/\/www.camparo.nl\/site\/de\/wp-json\/wp\/v2\/pages"}],"about":[{"href":"https:\/\/www.camparo.nl\/site\/de\/wp-json\/wp\/v2\/types\/page"}],"author":[{"embeddable":true,"href":"https:\/\/www.camparo.nl\/site\/de\/wp-json\/wp\/v2\/users\/1"}],"replies":[{"embeddable":true,"href":"https:\/\/www.camparo.nl\/site\/de\/wp-json\/wp\/v2\/comments?post=5896"}],"version-history":[{"count":4,"href":"https:\/\/www.camparo.nl\/site\/de\/wp-json\/wp\/v2\/pages\/5896\/revisions"}],"predecessor-version":[{"id":5902,"href":"https:\/\/www.camparo.nl\/site\/de\/wp-json\/wp\/v2\/pages\/5896\/revisions\/5902"}],"wp:attachment":[{"href":"https:\/\/www.camparo.nl\/site\/de\/wp-json\/wp\/v2\/media?parent=5896"}],"curies":[{"name":"wp","href":"https:\/\/api.w.org\/{rel}","templated":true}]}}