{"id":630,"date":"2019-01-14T07:50:49","date_gmt":"2019-01-14T06:50:49","guid":{"rendered":"https:\/\/www.camparo.nl\/site\/?page_id=630"},"modified":"2025-08-28T09:26:59","modified_gmt":"2025-08-28T07:26:59","slug":"home","status":"publish","type":"page","link":"https:\/\/www.camparo.nl\/site\/de\/","title":{"rendered":"Home"},"content":{"rendered":"<p><\/p>\n<div id=\"mainContent\">\n<div class=\"pageWelcome\">\n<div align=\"center\"><span style=\"font-size: 24pt; color: #ff0000;\"><strong>Der Watt Controller\u00a0<\/strong><\/span><br \/>\n<span style=\"font-family: 'arial black', sans-serif; color: #ff0000;\">siehe <a href=\"https:\/\/www.camparo.nl\/site\/de\/verkooppunten-watt-controller-2\/\"><span style=\"color: #0000ff; font-size: 14pt;\">Verkaufsstellen<\/span><\/a><\/span><\/div>\n<div align=\"center\"><span style=\"font-size: 14pt;\"><strong><span style=\"color: #ff0000;\"><span style=\"font-family: arial, helvetica, sans-serif;\"><i>immer gen\u00fcgend Strom auf dem Campingplatz<\/i><\/span><\/span><\/strong><\/span><\/div>\n<p align=\"center\"><span style=\"font-family: arial, helvetica, sans-serif; font-size: 10pt;\"><b><img fetchpriority=\"high\" decoding=\"async\" src=\"https:\/\/www.camparo.nl\/data\/mediablocks\/3__18__ms2.rvf_1.gif\" width=\"378\" height=\"267\" border=\"0\" \/><br \/>\nDas ideale Ger\u00e4t\u00a0<\/b><\/span><br \/>\n<span style=\"font-family: arial, helvetica, sans-serif; font-size: 10pt;\"><b>*<\/b>Sehr einfach zu bedienen<\/span><br \/>\n<span style=\"font-family: arial, helvetica, sans-serif; font-size: 10pt;\"><b>*<\/b>Keine spezielle Ger\u00e4ten f\u00fcr den Camping<\/span><br \/>\n<span style=\"font-family: arial, helvetica, sans-serif; font-size: 10pt;\"><b>*<\/b>Das angeschlossene Ger\u00e4t regelt den Strom automatisch zur\u00fcck<\/span><br \/>\n<span style=\"font-family: arial, helvetica, sans-serif; font-size: 10pt;\"><b>*<\/b>Die Campingsicherung geht nicht mehr kaputt\u00a0<span style=\"color: #ff0000;\">(durch die innere Sicherheit)<\/span><\/span><\/p>\n<\/div>\n<p style=\"text-align: justify;\"><span style=\"font-family: arial, helvetica, sans-serif; font-size: 10pt;\">Haushaltsger\u00e4te mit in den Urlaub zu nehmen, ist nat\u00fcrlich jedermanns Traum. Das ist jedoch angesichts der Anzahl der auf Campingpl\u00e4tzen angebotenen Ampere nicht immer m\u00f6glich. Dar\u00fcber hinaus verlangen Campingpl\u00e4tze immer mehr Sicherheit, denken Sie an Feuer usw. Wir haben DIE L\u00f6sung f\u00fcr beides, n\u00e4mlich den Watt Controller.<\/span><\/p>\n<p style=\"text-align: justify;\"><span style=\"font-family: arial, helvetica, sans-serif; font-size: 10pt;\">Der Watt Controller macht es m\u00f6glich, Ihre Haushaltsger\u00e4te mit in den Urlaub zu nehmen, ohne von den angebotenen Ampere abh\u00e4ngig zu sein. Der Watt Controller regelt die Leistung zur\u00fcck, sodass Sie Ihre Haushaltsger\u00e4te verwenden k\u00f6nnen und der Campingplatzbesitzer die Sicherung nicht wechseln oder zur\u00fccksetzen muss. Dar\u00fcber hinaus wurde unser Watt Controller so entwickelt, dass er immer weiter funktioniert und w\u00e4hrend des Gebrauchs nicht zu hei\u00df wird. <\/span><span style=\"font-family: arial, helvetica, sans-serif; font-size: 10pt;\"><strong>Der Watt Controller erf\u00fcllt alle von der Europ\u00e4ischen Gemeinschaft festgelegten Anforderungen. Der Watt Controller wurde gem\u00e4\u00df den CE-Normen getestet:<a href=\"https:\/\/www.camparo.nl\/site\/de\/technische-gegevens-2\/\">siehe technische Daten<\/a><\/strong> \u00a0<\/span><span style=\"font-family: 'arial black', sans-serif; font-size: 10pt;\">Daher birgt unser Watt Controller keinerlei Gefahren, wie beispielsweise Feuer.<\/span> <span style=\"font-family: 'arial black', sans-serif; font-size: 10pt;\">Der Campingplatzbesitzer wird sich daher freuen, Sie mit unserem Watt Controller begr\u00fc\u00dfen zu d\u00fcrfen! <span style=\"font-family: arial, helvetica, sans-serif; font-size: 12pt;\"><span style=\"color: #ff0000;\"><strong>Bitte beachten Sie: <\/strong><\/span><\/span><span style=\"font-size: 12pt;\">Es gibt mittlerweile einen weiteren Watt-Controller auf dem Markt, der leider nicht den europ\u00e4ischen Anforderungen entspricht: den PowerAce Watt-Controller. Dieses Ger\u00e4t wurde in Belgien unter anderem wegen Brandgefahr abgelehnt.<\/span><\/span><\/p>\n<p style=\"text-align: justify;\"><span style=\"font-family: arial, helvetica, sans-serif;\">Hinweis: Es gibt mittlerweile einen weiteren Watt-Controller auf dem Markt, der leider nicht den europ\u00e4ischen Anforderungen entspricht: den PowerAce Watt-Controller. Dieses Ger\u00e4t wurde in Belgien unter anderem wegen Brandgefahr abgelehnt.<\/span><\/p>\n<\/div>\n<div align=\"center\"><strong style=\"text-align: justify;\"><span style=\"font-family: arial, helvetica, sans-serif; font-size: 10pt;\">Komfort und Bequemlichkeit wie zu Hause<\/span><\/strong><\/div>\n<div align=\"center\">\n<div style=\"text-align: justify;\" align=\"center\"><span style=\"font-family: arial, helvetica, sans-serif; font-size: 10pt;\">Wollen Sie w\u00e4hrend Ihres Urlaubs den gleichen Komfort und dieselbe Bequemlichkeit wie zu Hause: nehmen Sie Ihre Kaffeemaschine mit\u00a0<\/span><span style=\"font-family: arial, helvetica, sans-serif; font-size: 10pt;\">Pads mit, auch Ihren Ventilationsofen, Wasserkocher, Ihr Racletteger\u00e4t, Ihren Grill und F\u00f6hn und was halten Sie von Ihrer vertrauten\u00a0<\/span><span style=\"font-family: arial, helvetica, sans-serif; font-size: 10pt;\">Friteuse? Jetzt ist es m\u00f6glich, auch wenn Sie nur 4 Ampere zur Verf\u00fcgung haben!. Benutzen Sie einen Watt Controller, dann geht die\u00a0<\/span><span style=\"font-family: arial, helvetica, sans-serif; font-size: 10pt;\">Sicherung Ihres Stellplatzes auf dem Camping oder die Ihrer Box im Jachthafen nicht kaputt!!<\/span><\/div>\n<div style=\"text-align: center;\" align=\"center\">\n<strong><span style=\"font-family: arial, helvetica, sans-serif; font-size: 10pt;\">Was macht der Watt Controller?<\/span><\/strong><\/div>\n<div style=\"text-align: justify;\" align=\"center\"><span style=\"font-family: arial, helvetica, sans-serif; font-size: 10pt;\">Der Watt Controller sorgt daf\u00fcr, dass die Sicherung Ihres Stellplatzes nicht (mehr) kaputtgeht! Auch wenn Sie ein Ger\u00e4t benutzen mit 2000\u00a0<\/span><span style=\"font-family: arial, helvetica, sans-serif; font-size: 10pt;\">Watt bei 3, 4 of 6 Ampere!!!! Auf Ihrem Camping- oder Jachthafenplatz mit einem Anschluss von z.B. 4 Ampere k\u00f6nnen Sie nur Ger\u00e4te\u00a0<\/span><span style=\"font-family: arial, helvetica, sans-serif; font-size: 10pt;\">verwenden bis maximal 920 Watt insgesamt. Das bedeutet, dass Sie Ihre Kaffeemaschine mit Pads zu Hause lassen m\u00fcssten, aber\u2026. mit\u00a0<\/span><span style=\"font-family: arial, helvetica, sans-serif; font-size: 10pt;\">dem Watt Controller dazwischen geschaltet, ist es ohne Probleme m\u00f6glich eine Tasse Kaffee zu kochen. Auch Pommes backen bei 4 Ampere\u00a0<\/span><span style=\"font-family: arial, helvetica, sans-serif; font-size: 10pt;\">und sogar einen herrlichen Herdauflauf machen ist m\u00f6glich!! Gibt es nur 3, 4 oder 6 Ampere auf Ihrem Stellplatz, stellen Sie dann den Watt\u00a0<\/span><span style=\"font-family: arial, helvetica, sans-serif; font-size: 10pt;\">Controller auf den richtigen Stand ein (3, 4 oder 6) dann k\u00f6nnen Sie verschiedene Ger\u00e4te anschlie\u00dfen. Machen Sie sich keine Sorgen, dass\u00a0<\/span><span style=\"font-family: arial, helvetica, sans-serif; font-size: 10pt;\">die Sicherung Ihres Stellplatzes kaputtgeht: auch der Campingbesitzer oder Hafen-Meister wird Ihnen sehr dankbar sein.<\/span><\/div>\n<\/div>\n<div align=\"center\">\n<pre><strong><span style=\"font-family: arial, helvetica, sans-serif;\">Hinweis: Kann nicht an einen Wechselrichter mit modifizierter Sinuswelle angeschlossen werden.<\/span><\/strong>\r\n<strong><span style=\"font-family: arial, helvetica, sans-serif;\">kann nur an einen Wechselrichter mit reiner Sinuswelle angeschlossen werden.<\/span><\/strong><\/pre>\n<\/div>\n<div align=\"center\">\u00a0<\/div>\n<div id=\"mainContent\">\n<div class=\"pageWelcome\">\n<div align=\"center\"><span style=\"font-family: arial, helvetica, sans-serif; font-size: 10pt;\"><img decoding=\"async\" src=\"https:\/\/www.camparo.nl\/data\/mediablocks\/3__18__ms2.rvf_2.gif\" width=\"141\" height=\"141\" border=\"0\" \/><img decoding=\"async\" src=\"https:\/\/www.camparo.nl\/data\/mediablocks\/3__18__ms2.rvf_3.gif\" width=\"170\" height=\"170\" border=\"0\" \/><img loading=\"lazy\" decoding=\"async\" src=\"https:\/\/www.camparo.nl\/data\/mediablocks\/3__18__ms2.rvf_4.gif\" width=\"150\" height=\"150\" border=\"0\" \/><\/span><\/div>\n<div align=\"center\"><span style=\"font-family: arial, helvetica, sans-serif; font-size: 10pt;\"><b>Diese Senseo&#8217;s arbeiten auch auf der Watt-Controller<\/b><\/span><\/div>\n<div align=\"center\"><span style=\"font-family: arial, helvetica, sans-serif; font-size: 10pt;\"><img loading=\"lazy\" decoding=\"async\" src=\"https:\/\/www.camparo.nl\/data\/mediablocks\/3__18__ms2.rvf_5.gif\" width=\"178\" height=\"206\" border=\"0\" \/><img loading=\"lazy\" decoding=\"async\" src=\"https:\/\/www.camparo.nl\/data\/mediablocks\/3__18__ms2.rvf_6.gif\" width=\"244\" height=\"199\" border=\"0\" \/><\/span><\/div>\n<div align=\"center\"><span style=\"font-family: arial, helvetica, sans-serif; font-size: 10pt;\"><b>Ab 4 Ampere auf der Campingplatz<\/b><\/span><\/div>\n<\/div>\n<\/div>\n<div id=\"mainContent\">\n<div class=\"pageWelcome\"><span style=\"font-family: arial, helvetica, sans-serif; font-size: 10pt; color: #ff0000;\"><b>Cookies: siehe Datenschutzerkl\u00e4rung<\/b><\/span><\/div>\n<\/div>\n<div id=\"footer_bg\">\n<div id=\"footer\">\n<div class=\"sitefootertext\">\n<div align=\"center\"><span style=\"font-size: 10pt; font-family: arial, helvetica, sans-serif;\">\u00a9 Camparo 2005 \/ 2025<\/span><\/div>\n<\/div>\n<\/div>\n<\/div>\n<p><script type=\"text\/javascript\">\n  var _paq = _paq || [];\n  \/* tracker methods like \"setCustomDimension\" should be called before \"trackPageView\" *\/\n  _paq.push(['trackPageView']);\n  _paq.push(['enableLinkTracking']);\n  (function() {\n    var u=\"\/\/www.camparo.nl\/statistieken\/\";\n    _paq.push(['setTrackerUrl', u+'piwik.php']);\n    _paq.push(['setSiteId', '1']);\n    var d=document, g=d.createElement('script'), s=d.getElementsByTagName('script')[0];\n    g.type='text\/javascript'; g.async=true; g.defer=true; g.src=u+'piwik.js'; s.parentNode.insertBefore(g,s);\n  })();\n<\/script><br \/>\n<!-- End Matomo Code --><\/p>\n<p><\/p>","protected":false},"excerpt":{"rendered":"<p>Der Watt Controller\u00a0 siehe Verkaufsstellen immer gen\u00fcgend Strom auf dem Campingplatz Das ideale Ger\u00e4t\u00a0 *Sehr einfach zu bedienen *Keine spezielle Ger\u00e4ten f\u00fcr den Camping *Das angeschlossene Ger\u00e4t regelt den Strom automatisch zur\u00fcck *Die Campingsicherung geht nicht mehr kaputt\u00a0(durch die innere Sicherheit) Haushaltsger\u00e4te mit in den Urlaub zu nehmen, ist nat\u00fcrlich jedermanns Traum. Das ist jedoch [&hellip;]<\/p>\n","protected":false},"author":1,"featured_media":0,"parent":0,"menu_order":0,"comment_status":"closed","ping_status":"closed","template":"","meta":{"_monsterinsights_skip_tracking":false,"_monsterinsights_sitenote_active":false,"_monsterinsights_sitenote_note":"","_monsterinsights_sitenote_category":0,"footnotes":""},"class_list":["post-630","page","type-page","status-publish","hentry"],"_links":{"self":[{"href":"https:\/\/www.camparo.nl\/site\/de\/wp-json\/wp\/v2\/pages\/630","targetHints":{"allow":["GET"]}}],"collection":[{"href":"https:\/\/www.camparo.nl\/site\/de\/wp-json\/wp\/v2\/pages"}],"about":[{"href":"https:\/\/www.camparo.nl\/site\/de\/wp-json\/wp\/v2\/types\/page"}],"author":[{"embeddable":true,"href":"https:\/\/www.camparo.nl\/site\/de\/wp-json\/wp\/v2\/users\/1"}],"replies":[{"embeddable":true,"href":"https:\/\/www.camparo.nl\/site\/de\/wp-json\/wp\/v2\/comments?post=630"}],"version-history":[{"count":119,"href":"https:\/\/www.camparo.nl\/site\/de\/wp-json\/wp\/v2\/pages\/630\/revisions"}],"predecessor-version":[{"id":5861,"href":"https:\/\/www.camparo.nl\/site\/de\/wp-json\/wp\/v2\/pages\/630\/revisions\/5861"}],"wp:attachment":[{"href":"https:\/\/www.camparo.nl\/site\/de\/wp-json\/wp\/v2\/media?parent=630"}],"curies":[{"name":"wp","href":"https:\/\/api.w.org\/{rel}","templated":true}]}}