{"id":5896,"date":"2026-04-13T13:38:40","date_gmt":"2026-04-13T11:38:40","guid":{"rendered":"https:\/\/www.camparo.nl\/site\/?page_id=5896"},"modified":"2026-04-13T13:59:33","modified_gmt":"2026-04-13T11:59:33","slug":"wat-kun-je-wel-en-niet-aansluiten","status":"publish","type":"page","link":"https:\/\/www.camparo.nl\/site\/en\/wat-kun-je-wel-en-niet-aansluiten\/","title":{"rendered":"What can and cannot be connected"},"content":{"rendered":"<p><\/p>\n<p><span style=\"font-size: 18pt;\"><strong><span style=\"font-family: arial, helvetica, sans-serif;\">Camparo Watt controller<\/span><\/strong><\/span><\/p>\n<p>Stellen Sie sicher, dass Sie 3, 4 oder 6 Ampere auf dem Campingplatz haben und einen Watt-Regler ben\u00f6tigen. Vanaf 10 Ampere ist das nicht mehr wirklich nodig.<\/p>\n<p>Der Camparo-Watt-Controller ist ein leistungsstarker Regelbetrieb f\u00fcr alle unsere Haushaltsger\u00e4te (bis zu 2000 Watt), der auf Campingpl\u00e4tzen mit einer leistungsstarken Stromversorgung von 3, 4 oder 6 Ampere betrieben werden kann. Das Ger\u00e4t ist darauf eingestellt, dass beim \u00d6ffnen der Campingt\u00fcr die Wattzahl des Ger\u00e4ts automatisch eingestellt wird. Ben\u00f6tigen Sie 4 Ampere auf dem Campingplatz, aber nur 4 Ampere. Er ist sich dar\u00fcber im Klaren, dass der K\u00fchlschrank, der Fernseher und der Laptop dort sind. Sie m\u00fcssen sich nicht mit dem Haus zufrieden geben; Das erfolgt automatisch.<\/p>\n<p>Stellen Sie sicher, dass Sie 10 Ampere auf dem Campingplatz haben und Ihr Boiler weiter betrieben werden kann, und Sie k\u00f6nnen auch einen Watt-Regler auf Stand 6 verwenden.<\/p>\n<p>Wichtigste Funktionen<\/p>\n<p>Installationshinweise: Ich muss den Controller manuell auf den verf\u00fcgbaren Stromspeicher des Campingplatzes einstellen:<br \/>\nStand 3: Regelt het vermogen terug tot ca. 500 Watt.<br \/>\nStand 4: Regelt het vermogen terug tot ca. 700 Watt.<br \/>\nStand 6: Regelt het vermogen terug tot ca. 920 Watt.<br \/>\nBedienungsanleitung: Stecken Sie den Controller in einen Gang-Stopp-Kontakt im Wohnwagen oder Wohnmobil, w\u00e4hlen Sie den Reset-Knopf, um das Ger\u00e4t zu \u00f6ffnen.<br \/>\nGebrauchsanweisung: Auch f\u00fcr einen nahegelegenen Heizkessel (Keukenboiler) geeignet, um die Energieverteilung nach dem Aufheizen auf den Heizplatten zu gew\u00e4hrleisten.<br \/>\nDe Watt-Controller +3<\/p>\n<p>Was bedeutet das, dass ich keine Antwort bekomme?<\/p>\n<p>Wel geschikt (o.a.)<\/p>\n<p>Niet geschikt (o.a.)<\/p>\n<p>Kaffeepad-Ger\u00e4te (Zoals Senseo)<\/p>\n<p>Keine Magnetrons sind nicht in Ordnung!!!!<\/p>\n<p>Elektrischer Grill, Frituurpan-Ofen<\/p>\n<p>Ger\u00e4te mit Elektromotoren (Stoffzuiger, Klimaanlage, Waschmaschine)<\/p>\n<p>F\u00f6hn und Wasserkocher<\/p>\n<p>Fernseher und Lampen<\/p>\n<p>Elektrischer Wasserkocher und Fritteuse<\/p>\n<p>Ger\u00e4te mit elektronischer Regelung<\/p>\n<p>Belangrijke gebruiksregels<\/p>\n<p>Ein leistungsstarkes Ger\u00e4t: Es kann maximal ein elektrisches Ger\u00e4t verwendet werden, das auf dem Watt-Regler eingestellt ist.<br \/>\nGetriebe-Stoppkontakt: Benutzen Sie den Controller in einem Getriebe-Stoppkontakt.<br \/>\nVorteile: Alle Wechselrichter sind mit einem zus\u00e4tzlichen Sinus (kein Block oder ge\u00e4nderter Sinus) von mindestens 1200 Watt ausgestattet.<br \/>\nSicherheit: Der Controller befindet sich nicht in der Zone und wird nicht w\u00e4hrend der Regenerierung verwendet.<br \/>\nDer Camparo-Watt-Controller ist f\u00fcr Camping-Spezialit\u00e4ten erh\u00e4ltlich, z. B. Obelink, The White and Camparo-Watt-Controller ist in ganz Europa erh\u00e4ltlich und wurde von KEMA gekauft, um Uwe als einen einzigen Watt-Controller f\u00fcr Camping zu nutzen.<\/p>\n<p><\/p>","protected":false},"excerpt":{"rendered":"<p>Camparo Watt controller Stellen Sie sicher, dass Sie 3, 4 oder 6 Ampere auf dem Campingplatz haben und einen Watt-Regler ben\u00f6tigen. Vanaf 10 Ampere ist das nicht mehr wirklich nodig. Der Camparo-Watt-Controller ist ein leistungsstarker Regelbetrieb f\u00fcr alle unsere Haushaltsger\u00e4te (bis zu 2000 Watt), der auf Campingpl\u00e4tzen mit einer leistungsstarken Stromversorgung von 3, 4 oder [&hellip;]<\/p>\n","protected":false},"author":1,"featured_media":0,"parent":0,"menu_order":0,"comment_status":"closed","ping_status":"closed","template":"","meta":{"_monsterinsights_skip_tracking":false,"_monsterinsights_sitenote_active":false,"_monsterinsights_sitenote_note":"","_monsterinsights_sitenote_category":0,"footnotes":""},"class_list":["post-5896","page","type-page","status-publish","hentry"],"_links":{"self":[{"href":"https:\/\/www.camparo.nl\/site\/en\/wp-json\/wp\/v2\/pages\/5896","targetHints":{"allow":["GET"]}}],"collection":[{"href":"https:\/\/www.camparo.nl\/site\/en\/wp-json\/wp\/v2\/pages"}],"about":[{"href":"https:\/\/www.camparo.nl\/site\/en\/wp-json\/wp\/v2\/types\/page"}],"author":[{"embeddable":true,"href":"https:\/\/www.camparo.nl\/site\/en\/wp-json\/wp\/v2\/users\/1"}],"replies":[{"embeddable":true,"href":"https:\/\/www.camparo.nl\/site\/en\/wp-json\/wp\/v2\/comments?post=5896"}],"version-history":[{"count":4,"href":"https:\/\/www.camparo.nl\/site\/en\/wp-json\/wp\/v2\/pages\/5896\/revisions"}],"predecessor-version":[{"id":5902,"href":"https:\/\/www.camparo.nl\/site\/en\/wp-json\/wp\/v2\/pages\/5896\/revisions\/5902"}],"wp:attachment":[{"href":"https:\/\/www.camparo.nl\/site\/en\/wp-json\/wp\/v2\/media?parent=5896"}],"curies":[{"name":"wp","href":"https:\/\/api.w.org\/{rel}","templated":true}]}}