{"id":1023,"date":"2019-01-14T09:16:22","date_gmt":"2019-01-14T08:16:22","guid":{"rendered":"https:\/\/www.camparo.nl\/site\/?page_id=1023"},"modified":"2025-01-06T08:03:29","modified_gmt":"2025-01-06T07:03:29","slug":"senseo-500-watt","status":"publish","type":"page","link":"https:\/\/www.camparo.nl\/site\/fr\/senseo-500-watt\/","title":{"rendered":"Senseo pour passer de 1450 \u00e0 920-700-500 watts"},"content":{"rendered":"<p><\/p>\n<div id=\"mainContent\">\n<div class=\"listcontainer\">\n<table border=\"0\" cellspacing=\"2\" cellpadding=\"1\">\n<tbody>\n<tr valign=\"top\">\n<td width=\"657\">\n<div align=\"center\"><span style=\"font-size: 10pt; font-family: arial, helvetica, sans-serif;\"><img loading=\"lazy\" decoding=\"async\" src=\"https:\/\/www.camparo.nl\/data\/mediablocks\/1_FR_48__ms1.rvf_1.gif\" width=\"307\" height=\"210\" border=\"0\" \/><\/span><\/div>\n<div style=\"text-align: center;\" align=\"center\"><span style=\"font-family: arial, helvetica, sans-serif; font-size: 10pt;\"><strong>R\u00e9duisez votre propre machine \u00e0 caf\u00e9 (\u00e0 dosettes) \u00e0 500 &#8211; 920 Watt au camping<\/strong><\/span><\/div>\n<div style=\"text-align: justify;\" align=\"center\"><span style=\"font-family: helvetica, arial, sans-serif; font-size: 10pt;\">Selon la tension et les amp\u00e8res du camping, votre machine \u00e0 dosettes sera de 500 watts <span style=\"font-family: arial, helvetica, sans-serif; font-size: 10pt;\">(Senseo 7822) <\/span>\u00e0 3 amp\u00e8res, 700 watts \u00e0 4 amp\u00e8res et 920 watts \u00e0 6 amp\u00e8res. Vous pouvez donc utiliser votre machine \u00e0 caf\u00e9 (\u00e0 dosettes) de 1600 watts \u00e0 3 amp\u00e8res en la connectant au contr\u00f4leur Watt et profiter d&rsquo;une d\u00e9licieuse tasse de caf\u00e9. Vous souhaitez laisser votre chaudi\u00e8re de 300 watts allum\u00e9e \u00e0 6 ou 4 amp\u00e8res : il faut mettre le r\u00e9gulateur Watt une position plus bas (sur 4 ou 3).<\/span><\/div>\n<div style=\"text-align: justify;\"><span style=\"color: #333333; font-size: 10pt; font-family: arial, helvetica, sans-serif;\"><b>\u00a0<\/b><\/span><\/div>\n<div align=\"center\">\n<table border=\"1\" cellspacing=\"2\" cellpadding=\"1\">\n<tbody>\n<tr valign=\"top\">\n<td colspan=\"2\">\n<div align=\"center\"><span style=\"color: #333333; font-size: 10pt; font-family: arial, helvetica, sans-serif;\"><b>les amp\u00e8res \u00e0 l&rsquo;usage<\/b><\/span><\/div>\n<\/td>\n<td colspan=\"4\">\n<div align=\"center\"><span style=\"color: #333333; font-size: 10pt; font-family: arial, helvetica, sans-serif;\"><b>avec le Watt controller \u00e0<\/b><\/span><\/div>\n<\/td>\n<\/tr>\n<tr valign=\"top\">\n<td colspan=\"2\">\n<div align=\"center\">\u00a0<\/div>\n<\/td>\n<td width=\"81\">\n<div align=\"center\"><span style=\"color: #333333; font-size: 10pt; font-family: arial, helvetica, sans-serif;\"><b>position 3<\/b><\/span><\/div>\n<\/td>\n<td bgcolor=\"#ccffff\" width=\"142\">\n<div align=\"center\"><span style=\"color: #333333; font-size: 10pt; font-family: arial, helvetica, sans-serif;\"><b>position 3 \u00e0 4 amp\u00e8re<\/b><\/span><\/div>\n<\/td>\n<td width=\"81\">\n<div align=\"center\"><span style=\"color: #333333; font-size: 10pt; font-family: arial, helvetica, sans-serif;\"><b>position 4<\/b><\/span><\/div>\n<\/td>\n<td width=\"80\">\n<div align=\"center\"><span style=\"color: #333333; font-size: 10pt; font-family: arial, helvetica, sans-serif;\"><b>position 6<\/b><\/span><\/div>\n<\/td>\n<\/tr>\n<tr valign=\"top\">\n<td width=\"129\">\n<div><span style=\"color: #333333; font-size: 10pt; font-family: arial, helvetica, sans-serif;\">Senseo 7822<\/span><\/div>\n<\/td>\n<td width=\"70\">\n<div align=\"center\"><span style=\"color: #333333; font-size: 10pt; font-family: arial, helvetica, sans-serif;\">6,3<\/span><\/div>\n<\/td>\n<td width=\"81\">\n<div align=\"center\"><span style=\"color: #333333; font-size: 10pt; font-family: arial, helvetica, sans-serif;\">2<\/span><\/div>\n<\/td>\n<td bgcolor=\"#ccffff\" width=\"142\">\n<div align=\"center\"><span style=\"color: #333333; font-size: 10pt; font-family: arial, helvetica, sans-serif;\">2<\/span><\/div>\n<\/td>\n<td width=\"81\">\n<div align=\"center\"><span style=\"color: #333333; font-size: 10pt; font-family: arial, helvetica, sans-serif;\">3<\/span><\/div>\n<\/td>\n<td width=\"80\">\n<div align=\"center\"><span style=\"color: #333333; font-size: 10pt; font-family: arial, helvetica, sans-serif;\">4<\/span><\/div>\n<\/td>\n<\/tr>\n<tr valign=\"top\">\n<td width=\"129\">\n<div><span style=\"color: #333333; font-size: 10pt; font-family: arial, helvetica, sans-serif;\">Frigo<\/span><\/div>\n<\/td>\n<td width=\"70\">\n<div align=\"center\"><span style=\"color: #333333; font-size: 10pt; font-family: arial, helvetica, sans-serif;\">0,54<\/span><\/div>\n<\/td>\n<td width=\"81\">\n<div align=\"center\"><span style=\"color: #333333; font-size: 10pt; font-family: arial, helvetica, sans-serif;\">0,54<\/span><\/div>\n<\/td>\n<td bgcolor=\"#ccffff\" width=\"142\">\n<div align=\"center\"><span style=\"color: #333333; font-size: 10pt; font-family: arial, helvetica, sans-serif;\">0,54<\/span><\/div>\n<\/td>\n<td width=\"81\">\n<div align=\"center\"><span style=\"color: #333333; font-size: 10pt; font-family: arial, helvetica, sans-serif;\">0,54<\/span><\/div>\n<\/td>\n<td width=\"80\">\n<div align=\"center\"><span style=\"color: #333333; font-size: 10pt; font-family: arial, helvetica, sans-serif;\">0,54<\/span><\/div>\n<\/td>\n<\/tr>\n<tr valign=\"top\">\n<td width=\"129\">\n<div><span style=\"color: #333333; font-size: 10pt; font-family: arial, helvetica, sans-serif;\">Lumi\u00e8res + T\u00e9l\u00e9vision<\/span><\/div>\n<\/td>\n<td width=\"70\">\n<div align=\"center\"><span style=\"color: #333333; font-size: 10pt; font-family: arial, helvetica, sans-serif;\">0,43<\/span><\/div>\n<\/td>\n<td width=\"81\">\n<div align=\"center\"><span style=\"color: #333333; font-size: 10pt; font-family: arial, helvetica, sans-serif;\">0,43<\/span><\/div>\n<\/td>\n<td bgcolor=\"#ccffff\" width=\"142\">\n<div align=\"center\"><span style=\"color: #333333; font-size: 10pt; font-family: arial, helvetica, sans-serif;\">Lumi\u00e8res 0,18<\/span><\/div>\n<\/td>\n<td width=\"81\">\n<div align=\"center\"><span style=\"color: #333333; font-size: 10pt; font-family: arial, helvetica, sans-serif;\">0,43<\/span><\/div>\n<\/td>\n<td width=\"80\">\n<div align=\"center\"><span style=\"color: #333333; font-size: 10pt; font-family: arial, helvetica, sans-serif;\">0,43<\/span><\/div>\n<\/td>\n<\/tr>\n<tr valign=\"top\">\n<td width=\"129\">\n<div><span style=\"color: #333333; font-size: 10pt; font-family: arial, helvetica, sans-serif;\">La chaudi\u00e8re<\/span><\/div>\n<\/td>\n<td width=\"70\">\n<div align=\"center\"><span style=\"color: #333333; font-size: 10pt; font-family: arial, helvetica, sans-serif;\">1,30<\/span><\/div>\n<\/td>\n<td width=\"81\">\n<div align=\"center\"><span style=\"color: #333333; font-size: 10pt; font-family: arial, helvetica, sans-serif;\">\u00a0<\/span><\/div>\n<\/td>\n<td bgcolor=\"#ccffff\" width=\"142\">\n<div align=\"center\"><span style=\"color: #333333; font-size: 10pt; font-family: arial, helvetica, sans-serif;\">1,30<\/span><\/div>\n<\/td>\n<td width=\"81\">\n<div align=\"center\"><span style=\"color: #333333; font-size: 10pt; font-family: arial, helvetica, sans-serif;\">\u00a0<\/span><\/div>\n<\/td>\n<td width=\"80\">\n<div align=\"center\"><span style=\"color: #333333; font-size: 10pt; font-family: arial, helvetica, sans-serif;\">\u00a0<\/span><\/div>\n<\/td>\n<\/tr>\n<tr valign=\"top\">\n<td width=\"129\">\n<div align=\"center\"><span style=\"color: #333333; font-size: 10pt; font-family: arial, helvetica, sans-serif;\"><b>Total amp\u00e8re<\/b><\/span><\/div>\n<\/td>\n<td width=\"70\">\n<div align=\"center\"><span style=\"color: #333333; font-size: 10pt; font-family: arial, helvetica, sans-serif;\"><b>9,22<\/b><\/span><\/div>\n<\/td>\n<td width=\"81\">\n<div align=\"center\"><span style=\"color: #333333; font-size: 10pt; font-family: arial, helvetica, sans-serif;\"><b>2,97<\/b><\/span><\/div>\n<\/td>\n<td bgcolor=\"#ccffff\" width=\"142\">\n<div align=\"center\"><span style=\"color: #333333; font-size: 10pt; font-family: arial, helvetica, sans-serif;\"><b>4,02<\/b><\/span><\/div>\n<\/td>\n<td width=\"81\">\n<div align=\"center\"><span style=\"color: #333333; font-size: 10pt; font-family: arial, helvetica, sans-serif;\"><b>3,97<\/b><\/span><\/div>\n<\/td>\n<td width=\"80\">\n<div align=\"center\"><span style=\"color: #333333; font-size: 10pt; font-family: arial, helvetica, sans-serif;\"><b>4,97<\/b><\/span><\/div>\n<\/td>\n<\/tr>\n<\/tbody>\n<\/table>\n<\/div>\n<div><span style=\"color: #333333; font-size: 10pt; font-family: arial, helvetica, sans-serif;\"><b>\u00a0<\/b><\/span><\/div>\n<div><span style=\"color: #333333; font-size: 10pt; font-family: arial, helvetica, sans-serif;\"><b>\u00a0<\/b><\/span><\/div>\n<div align=\"center\"><span style=\"font-size: 10pt; font-family: arial, helvetica, sans-serif;\"><img loading=\"lazy\" decoding=\"async\" src=\"https:\/\/www.camparo.nl\/data\/mediablocks\/1_FR_48__ms1.rvf_2.jpg\" width=\"622\" height=\"310\" border=\"0\" hspace=\"1\" vspace=\"1\" \/><\/span><\/div>\n<div align=\"center\"><span style=\"color: #333333; font-size: 10pt; font-family: arial, helvetica, sans-serif;\">Princess Caff\u00e8 Italiano 1600 watts<\/span><\/div>\n<div>\n<table border=\"0\" cellspacing=\"15\" cellpadding=\"1\">\n<tbody>\n<tr valign=\"top\">\n<td width=\"627\">\n<div><span style=\"color: #333333; font-size: 10pt; font-family: arial, helvetica, sans-serif;\">La \u00ab\u00a0fonction compl\u00e8te universelle\u00a0\u00bb la cafeti\u00e8re \u00e9lectrique pour l&rsquo;utilisation avec \u00ab\u00a0soft pads\u00a0\u00bb c\u00e9l\u00e8bres de 70 millim\u00e8tres dans le diam\u00e8tre. Complet avec le lait unique frother, le syst\u00e8me jouissant fait breveter et le robinet chaud d&rsquo;eau. Le lait frother et d&rsquo;autres accessoires peut \u00eatre sans effort enlev\u00e9 pour le nettoyage rapide et facile.<\/span><\/div>\n<div><span style=\"color: #333333; font-size: 10pt; font-family: arial, helvetica, sans-serif;\">\u00a0<\/span><\/div>\n<div align=\"center\"><span style=\"font-size: 10pt; font-family: arial, helvetica, sans-serif;\"><img loading=\"lazy\" decoding=\"async\" src=\"https:\/\/www.camparo.nl\/data\/mediablocks\/1_FR_48__ms1.rvf_3.jpg\" width=\"622\" height=\"283\" border=\"0\" hspace=\"1\" vspace=\"1\" \/><\/span><\/div>\n<div align=\"center\"><span style=\"color: #333333; font-size: 10pt; font-family: arial, helvetica, sans-serif;\">Caff\u00e8 Italiano one touch 1600 watt<\/span><\/div>\n<\/td>\n<\/tr>\n<\/tbody>\n<\/table>\n<\/div>\n<div align=\"center\"><span style=\"color: #333333; font-size: 10pt; font-family: arial, helvetica, sans-serif;\"><b>La cafeti\u00e8re avec les pads<\/b><\/span><\/div>\n<div align=\"center\">\n<table border=\"0\" cellspacing=\"2\" cellpadding=\"1\" bgcolor=\"#ffffff\">\n<tbody>\n<tr valign=\"top\">\n<td width=\"105\" height=\"105\">\n<div align=\"center\"><span style=\"font-size: 10pt; font-family: arial, helvetica, sans-serif;\"><img loading=\"lazy\" decoding=\"async\" src=\"https:\/\/www.camparo.nl\/data\/mediablocks\/1_FR_48__ms1.rvf_4.jpg\" width=\"37\" height=\"100\" border=\"0\" hspace=\"1\" vspace=\"1\" \/><\/span><\/div>\n<\/td>\n<td width=\"146\" height=\"105\">\n<div align=\"center\"><span style=\"font-size: 10pt; font-family: arial, helvetica, sans-serif;\"><img loading=\"lazy\" decoding=\"async\" src=\"https:\/\/www.camparo.nl\/data\/mediablocks\/1_FR_48__ms1.rvf_5.gif\" width=\"65\" height=\"101\" border=\"0\" hspace=\"1\" vspace=\"1\" \/><\/span><\/div>\n<\/td>\n<td width=\"137\" height=\"105\">\n<div align=\"center\"><span style=\"font-size: 10pt; font-family: arial, helvetica, sans-serif;\"><img loading=\"lazy\" decoding=\"async\" src=\"https:\/\/www.camparo.nl\/data\/mediablocks\/1_FR_48__ms1.rvf_6.jpg\" width=\"70\" height=\"101\" border=\"0\" hspace=\"1\" vspace=\"1\" \/><\/span><\/div>\n<\/td>\n<td width=\"118\" height=\"105\">\n<div align=\"center\"><span style=\"font-size: 10pt; font-family: arial, helvetica, sans-serif;\"><img loading=\"lazy\" decoding=\"async\" src=\"https:\/\/www.camparo.nl\/data\/mediablocks\/1_FR_48__ms1.rvf_7.jpg\" width=\"107\" height=\"101\" border=\"0\" hspace=\"1\" vspace=\"1\" \/><\/span><\/div>\n<\/td>\n<td width=\"101\" height=\"105\">\n<div align=\"center\"><span style=\"font-size: 10pt; font-family: arial, helvetica, sans-serif;\"><img loading=\"lazy\" decoding=\"async\" src=\"https:\/\/www.camparo.nl\/data\/mediablocks\/1_FR_48__ms1.rvf_8.jpg\" width=\"64\" height=\"100\" border=\"0\" hspace=\"1\" vspace=\"1\" \/><\/span><\/div>\n<\/td>\n<\/tr>\n<tr valign=\"top\">\n<td width=\"105\">\n<div align=\"center\"><span style=\"color: #333333; font-size: 10pt; font-family: arial, helvetica, sans-serif;\">Caf\u00e9 Gourmet<\/span><\/div>\n<\/td>\n<td width=\"146\">\n<div align=\"center\"><span style=\"color: #333333; font-size: 10pt; font-family: arial, helvetica, sans-serif;\">Caff\u00e8 Italiano one touch<\/span><\/div>\n<\/td>\n<td width=\"137\">\n<div align=\"center\"><span style=\"color: #333333; font-size: 10pt; font-family: arial, helvetica, sans-serif;\">Bifinett Espresso (Lidl)<\/span><\/div>\n<\/td>\n<td width=\"118\">\n<div align=\"center\"><span style=\"color: #333333; font-size: 10pt; font-family: arial, helvetica, sans-serif;\">Medion (Aldi)<\/span><\/div>\n<\/td>\n<td width=\"101\">\n<div align=\"center\"><span style=\"color: #333333; font-size: 10pt; font-family: arial, helvetica, sans-serif;\">Tefal Supremia<\/span><\/div>\n<\/td>\n<\/tr>\n<\/tbody>\n<\/table>\n<\/div>\n<div align=\"center\"><span style=\"color: #333333; font-size: 10pt; font-family: arial, helvetica, sans-serif;\">\u00a0<\/span><\/div>\n<div align=\"center\"><span style=\"color: #333333; font-size: 10pt; font-family: arial, helvetica, sans-serif;\">\u00a0<\/span><\/div>\n<div align=\"center\">\n<table border=\"0\" cellspacing=\"2\" cellpadding=\"1\" bgcolor=\"#ffffff\">\n<tbody>\n<tr valign=\"top\">\n<td width=\"136\">\n<div align=\"center\">\u00a0<\/div>\n<\/td>\n<td width=\"134\">\n<div align=\"center\"><span style=\"font-size: 10pt; font-family: arial, helvetica, sans-serif;\"><img loading=\"lazy\" decoding=\"async\" src=\"https:\/\/www.camparo.nl\/data\/mediablocks\/1_FR_48__ms1.rvf_9.jpg\" width=\"97\" height=\"100\" border=\"0\" hspace=\"1\" vspace=\"1\" \/><\/span><\/div>\n<\/td>\n<td width=\"121\">\n<div align=\"center\"><span style=\"font-size: 10pt; font-family: arial, helvetica, sans-serif;\"><img loading=\"lazy\" decoding=\"async\" src=\"https:\/\/www.camparo.nl\/data\/mediablocks\/1_FR_48__ms1.rvf_10.jpg\" width=\"70\" height=\"101\" border=\"0\" hspace=\"1\" vspace=\"1\" \/><\/span><\/div>\n<\/td>\n<td width=\"109\">\n<div align=\"center\">\u00a0<\/div>\n<\/td>\n<td width=\"109\">\n<div align=\"center\">\u00a0<\/div>\n<\/td>\n<\/tr>\n<tr valign=\"top\">\n<td width=\"136\">\n<div align=\"center\"><span style=\"color: #333333; font-size: 10pt; font-family: arial, helvetica, sans-serif;\">\u00a0<\/span><\/div>\n<\/td>\n<td width=\"134\">\n<div align=\"center\"><span style=\"color: #333333; font-size: 10pt; font-family: arial, helvetica, sans-serif;\">Inventum HK10<\/span><\/div>\n<\/td>\n<td width=\"121\">\n<div align=\"center\"><span style=\"color: #333333; font-size: 10pt; font-family: arial, helvetica, sans-serif;\">Senseo 7810 \/ 7822<\/span><\/div>\n<\/td>\n<td width=\"109\">\n<div align=\"center\"><span style=\"color: #333333; font-size: 10pt; font-family: arial, helvetica, sans-serif;\">\u00a0<\/span><\/div>\n<\/td>\n<td width=\"109\">\n<div align=\"center\"><span style=\"color: #333333; font-size: 10pt; font-family: arial, helvetica, sans-serif;\">\u00a0<\/span><\/div>\n<\/td>\n<\/tr>\n<\/tbody>\n<\/table>\n<\/div>\n<div>\n<table border=\"0\" cellspacing=\"15\" cellpadding=\"1\">\n<tbody>\n<tr valign=\"top\">\n<td width=\"627\">\n<div><span style=\"color: #333333; font-size: 10pt; font-family: arial, helvetica, sans-serif;\">Vous pouvez utiliser un type de cafeti\u00e8re 7810 avec la fermeture de levier, mais vous avez besoin de couper ce type manuellement quand vous avez assez de caf\u00e9. Assurer que l&rsquo;eau garde courir (le TEFAL Supremia: vous avez \u00e0 le changer manuellement toujours). Avec l&rsquo;usage du Watt controller la cafeti\u00e8re fait un morceau d&rsquo;un son diff\u00e9rent alors vous \u00eates habitu\u00e9 \u00e0.<\/span><\/div>\n<\/td>\n<\/tr>\n<\/tbody>\n<\/table>\n<\/div>\n<div>\n<table border=\"0\" cellspacing=\"15\" cellpadding=\"1\">\n<tbody>\n<tr valign=\"top\">\n<td width=\"215\" height=\"113\">\n<div align=\"center\"><span style=\"font-size: 10pt; font-family: arial, helvetica, sans-serif;\"><img loading=\"lazy\" decoding=\"async\" src=\"https:\/\/www.camparo.nl\/data\/mediablocks\/1_FR_48__ms1.rvf_11.jpg\" width=\"77\" height=\"105\" border=\"0\" hspace=\"1\" vspace=\"1\" \/><\/span><\/div>\n<\/td>\n<td width=\"395\" height=\"113\">\n<div><span style=\"color: #333333; font-size: 10pt; font-family: arial, helvetica, sans-serif;\"><b>\u00a0<\/b><\/span><\/div>\n<div><span style=\"color: #333333; font-size: 10pt; font-family: arial, helvetica, sans-serif;\"><b>\u00a0<\/b><\/span><\/div>\n<div><span style=\"color: #333333; font-size: 10pt; font-family: arial, helvetica, sans-serif;\"><b>\u00a0<\/b><\/span><\/div>\n<div><span style=\"color: #333333; font-size: 10pt; font-family: arial, helvetica, sans-serif;\"><b>\u00a0<\/b><\/span><\/div>\n<div><span style=\"color: #333333; font-size: 10pt; font-family: arial, helvetica, sans-serif;\"><b>Don&rsquo;t connect<\/b><\/span><\/div>\n<div><span style=\"color: #333333; font-size: 10pt; font-family: arial, helvetica, sans-serif;\">The Senseo HD7850 has a capacity of 2650 W (11.5 amps) it will not work on the Watt controller<\/span><\/div>\n<\/td>\n<\/tr>\n<\/tbody>\n<\/table>\n<\/div>\n<\/td>\n<\/tr>\n<\/tbody>\n<\/table>\n<\/div>\n<\/div>\n<div class=\"clearfloat\">\u00a0<\/div>\n<div id=\"footer_bg\">\n<div id=\"footer\">\n<div class=\"cleared\">\u00a0<\/div>\n<div class=\"cleared\">\u00a0<\/div>\n<div class=\"sitefootertext\">\n<div align=\"center\"><span style=\"font-size: 10pt; font-family: arial, helvetica, sans-serif; color: #000000;\">\u00a9 Camparo 2005 \/ 2025<\/span><\/div>\n<\/div>\n<\/div>\n<\/div>\n<p><\/p>","protected":false},"excerpt":{"rendered":"<p>R\u00e9duisez votre propre machine \u00e0 caf\u00e9 (\u00e0 dosettes) \u00e0 500 &#8211; 920 Watt au camping Selon la tension et les amp\u00e8res du camping, votre machine \u00e0 dosettes sera de 500 watts (Senseo 7822) \u00e0 3 amp\u00e8res, 700 watts \u00e0 4 amp\u00e8res et 920 watts \u00e0 6 amp\u00e8res. Vous pouvez donc utiliser votre machine \u00e0 caf\u00e9 [&hellip;]<\/p>\n","protected":false},"author":1,"featured_media":0,"parent":0,"menu_order":0,"comment_status":"closed","ping_status":"closed","template":"","meta":{"_monsterinsights_skip_tracking":false,"_monsterinsights_sitenote_active":false,"_monsterinsights_sitenote_note":"","_monsterinsights_sitenote_category":0,"footnotes":""},"class_list":["post-1023","page","type-page","status-publish","hentry"],"_links":{"self":[{"href":"https:\/\/www.camparo.nl\/site\/fr\/wp-json\/wp\/v2\/pages\/1023","targetHints":{"allow":["GET"]}}],"collection":[{"href":"https:\/\/www.camparo.nl\/site\/fr\/wp-json\/wp\/v2\/pages"}],"about":[{"href":"https:\/\/www.camparo.nl\/site\/fr\/wp-json\/wp\/v2\/types\/page"}],"author":[{"embeddable":true,"href":"https:\/\/www.camparo.nl\/site\/fr\/wp-json\/wp\/v2\/users\/1"}],"replies":[{"embeddable":true,"href":"https:\/\/www.camparo.nl\/site\/fr\/wp-json\/wp\/v2\/comments?post=1023"}],"version-history":[{"count":24,"href":"https:\/\/www.camparo.nl\/site\/fr\/wp-json\/wp\/v2\/pages\/1023\/revisions"}],"predecessor-version":[{"id":5808,"href":"https:\/\/www.camparo.nl\/site\/fr\/wp-json\/wp\/v2\/pages\/1023\/revisions\/5808"}],"wp:attachment":[{"href":"https:\/\/www.camparo.nl\/site\/fr\/wp-json\/wp\/v2\/media?parent=1023"}],"curies":[{"name":"wp","href":"https:\/\/api.w.org\/{rel}","templated":true}]}}