{"id":1038,"date":"2019-01-14T09:56:43","date_gmt":"2019-01-14T08:56:43","guid":{"rendered":"https:\/\/www.camparo.nl\/site\/?page_id=1038"},"modified":"2025-01-06T07:59:58","modified_gmt":"2025-01-06T06:59:58","slug":"meest-gestelde-vragen","status":"publish","type":"page","link":"https:\/\/www.camparo.nl\/site\/fr\/meest-gestelde-vragen\/","title":{"rendered":"Questions fr\u00e9quemment demand\u00e9"},"content":{"rendered":"<p><\/p>\n<div style=\"text-align: justify;\" align=\"justify\"><span style=\"color: #000000; font-size: 10pt; font-family: arial, helvetica, sans-serif;\"><b>Peut je connecte plus d&rsquo;appareils sur le Watt controller:<\/b><\/span><\/div>\n<div style=\"text-align: justify;\" align=\"justify\"><span style=\"color: #000000; font-size: 10pt; font-family: arial, helvetica, sans-serif;\">Vous pouvez connecter seulement un appareil sur le Watt controller. Si vous connectez plus d&rsquo;appareils, le Watt controller coupera. Cependant la tension sur le terrain de camping ne sera pas coup\u00e9.<\/span><\/div>\n<div style=\"text-align: justify;\" align=\"justify\"><span style=\"color: #000000; font-size: 10pt; font-family: arial, helvetica, sans-serif;\"><b>\u00a0<\/b><\/span><\/div>\n<div style=\"text-align: justify;\" align=\"justify\"><span style=\"color: #000000; font-size: 10pt; font-family: arial, helvetica, sans-serif;\"><b>Pouvoir je connecte des prises de courant multiples au Watt controller:<\/b><\/span><\/div>\n<div style=\"text-align: justify;\" align=\"justify\"><span style=\"color: #000000; font-size: 10pt; font-family: arial, helvetica, sans-serif;\">Oui, mais seulement un appareil pourrait \u00eatre allum\u00e9. Il n&rsquo;est pas permis d&rsquo;utiliser plus alors un appareil \u00e9lectrique en m\u00eame temps.<\/span><\/div>\n<div style=\"text-align: justify;\" align=\"justify\"><span style=\"color: #000000; font-size: 10pt; font-family: arial, helvetica, sans-serif;\"><b>\u00a0<\/b><\/span><\/div>\n<div style=\"text-align: justify;\" align=\"justify\"><span style=\"color: #000000; font-size: 10pt; font-family: arial, helvetica, sans-serif;\"><b>Pouvoir j&rsquo;utilise les contr\u00f4leurs multiples de Watt par l&rsquo;endroit:<\/b><\/span><\/div>\n<div style=\"text-align: justify;\" align=\"justify\"><span style=\"color: #000000; font-size: 10pt; font-family: arial, helvetica, sans-serif;\">Avec 3, 4 et 6 amp\u00e8re vous pouvez utiliser seulement un Watt controller par l&rsquo;endroit. Avec 10 amp\u00e8re vous pouvez utiliser deux contr\u00f4leurs de Watt: vous mettez un Watt controller sur la position 4 et l&rsquo;autre sur la position 6.<\/span><\/div>\n<div style=\"text-align: justify;\" align=\"justify\"><span style=\"color: #000000; font-size: 10pt; font-family: arial, helvetica, sans-serif;\"><b>\u00a0<\/b><\/span><\/div>\n<div style=\"text-align: justify;\" align=\"justify\"><span style=\"color: #000000; font-size: 10pt; font-family: arial, helvetica, sans-serif;\"><b>J&rsquo;ai connect\u00e9 mon Senseo au Watt controller, mais est ne travaille pas:<\/b><\/span><\/div>\n<div style=\"text-align: justify;\" align=\"justify\"><span style=\"color: #000000; font-size: 10pt; font-family: arial, helvetica, sans-serif;\">Si vous avez a un appareil avec une connexion de pincement (1450\/1700 watt); ce type ne traitera pas sur le Watt-contr\u00f4leur. Seulement les types (7810 a partir du s\u00e9rie 04) avec une connexion de levier (1450 watt) vous pouvez utiliser, mais les besoins de type \u00eatre coup\u00e9 manuellement quand vous avez assez de caf\u00e9. Assurer que l&rsquo;eau garde courir. A cause du Watt controller la cafeti\u00e8re fera un morceau d&rsquo;un bruit diff\u00e9rent que normal.<\/span><\/div>\n<div style=\"text-align: justify;\" align=\"justify\"><span style=\"color: #000000; font-size: 10pt; font-family: arial, helvetica, sans-serif;\">\u00a0<\/span><\/div>\n<div style=\"text-align: justify;\" align=\"justify\"><span style=\"color: #000000; font-size: 10pt; font-family: arial, helvetica, sans-serif;\"><b>J&rsquo;ai connect\u00e9 mon Senseo avec attacher de levier au Watt controller mais il ne travaille pas:<\/b><\/span><\/div>\n<div style=\"text-align: justify;\" align=\"justify\"><span style=\"color: #000000; font-size: 10pt; font-family: arial, helvetica, sans-serif;\">Le premier feuilleton avec connexion de levier qui a suivi directement apr\u00e8s le Senseo avec la connexion de pincement ne traite pas au le Watt controller; probablement les vieilles caract\u00e8res ont \u00e9t\u00e9 utilis\u00e9es sur ces appareils.<\/span><\/div>\n<div style=\"text-align: justify;\" align=\"justify\"><span style=\"color: #000000; font-size: 10pt; font-family: arial, helvetica, sans-serif;\"><b>\u00a0<\/b><\/span><\/div>\n<div style=\"text-align: justify;\" align=\"justify\"><span style=\"color: #000000; font-size: 10pt; font-family: arial, helvetica, sans-serif;\"><b>J\u2019ai connect\u00e9 un appareil au Watt controller et les lumi\u00e8res clignote un peu:<\/b><\/span><\/div>\n<div style=\"text-align: justify;\" align=\"justify\"><span style=\"color: #000000; font-size: 10pt; font-family: arial, helvetica, sans-serif;\">D\u00e9pendant sur la machine et la position d&rsquo;ajustement du Watt controller il peut arriver, si par exemple une chaudi\u00e8re d&rsquo;eau ou l&rsquo;appareil de chauffage est connect\u00e9, que les lumi\u00e8res commencent clignoter un peu. Parce que le Watt controller le r\u00e8gle constamment quelques temps utilisent beaucoup de et quelques temps utilisent petit de courant et cela peut influencer les lumi\u00e8res.<\/span><\/div>\n<div style=\"text-align: justify;\" align=\"justify\"><span style=\"color: #000000; font-size: 10pt; font-family: arial, helvetica, sans-serif;\">La solution: utiliser une lampe d&rsquo;\u00e9lectricit\u00e9 \u00e9pargnant de + \/- 11 watt au lieu d&rsquo;une lampe normale.<\/span><\/div>\n<div style=\"text-align: justify;\" align=\"justify\"><span style=\"color: #000000; font-size: 10pt; font-family: arial, helvetica, sans-serif;\"><b>\u00a0<\/b><\/span><\/div>\n<div style=\"text-align: justify;\" align=\"justify\"><span style=\"color: #000000; font-size: 10pt; font-family: arial, helvetica, sans-serif;\"><b>Peux-je connecter le Watt controller sur la connexion \u00e9lectrique du terrain de camping (au p\u00f4le)?:<\/b><\/span><\/div>\n<div style=\"text-align: justify;\" align=\"justify\"><span style=\"color: #000000; font-size: 10pt; font-family: arial, helvetica, sans-serif;\">Non, parce que le Watt controller aussi r\u00e8gle alors de retour le courant du frigo, allume et probablement le t\u00e9l\u00e9vision et ceci n&rsquo;est pas l&rsquo;intention.<\/span><\/div>\n<div style=\"text-align: justify;\" align=\"justify\"><span style=\"color: #000000; font-family: arial, helvetica, sans-serif; font-size: 10pt;\"><b>\u00a0<\/b><\/span><\/div>\n<div style=\"text-align: justify;\" align=\"justify\"><span style=\"color: #000000; font-size: 10pt; font-family: arial, helvetica, sans-serif;\"><b>Je mets le Watt controller dans la pris de courant et toutes trois lumi\u00e8res br\u00fblaient.<\/b><\/span><\/div>\n<div style=\"text-align: justify;\" align=\"justify\"><span style=\"color: #000000; font-size: 10pt; font-family: arial, helvetica, sans-serif;\">Probablement vous avez la tension trop petite sur le camping. Avec les installations d\u00e9su\u00e8tes il arrive que la tension sur le camping obtient au dessous de 200 volt.<\/span><\/div>\n<div style=\"text-align: justify;\" align=\"justify\"><span style=\"color: #000000; font-family: arial, helvetica, sans-serif; font-size: 10pt;\"><b>\u00a0<\/b><\/span><\/div>\n<div style=\"text-align: justify;\" align=\"justify\"><span style=\"color: #000000; font-size: 10pt; font-family: arial, helvetica, sans-serif;\"><b>Pouvoir rester de Watt controller dans la pris de courant quand il n&rsquo;est pas utilis\u00e9:<\/b><\/span><\/div>\n<div style=\"text-align: justify;\" align=\"justify\"><span style=\"color: #000000; font-size: 10pt; font-family: arial, helvetica, sans-serif;\">Nous le conseil que vous ne partez pas le Watt controller dans la pris de courant quand il n&rsquo;est pas utilis\u00e9 (un.o. \u00e0 cause de l&rsquo;\u00e9clair).<\/span><\/div>\n<div style=\"text-align: justify;\" align=\"justify\"><span style=\"color: #000000; font-size: 10pt; font-family: arial, helvetica, sans-serif;\"><b>\u00a0<\/b><\/span><\/div>\n<div style=\"text-align: justify;\" align=\"justify\"><span style=\"color: #000000; font-size: 10pt; font-family: arial, helvetica, sans-serif;\"><b>Vous avez non plus d&rsquo;\u00e9lectricit\u00e9 et pourtant la bonne position est r\u00e9gl\u00e9e:<\/b><\/span><\/div>\n<div style=\"text-align: justify;\" align=\"justify\"><span style=\"color: #000000; font-size: 10pt; font-family: arial, helvetica, sans-serif;\">Fait l&rsquo;\u00e9lectricit\u00e9 sur le camping saute toujours, alors l&rsquo;installation sur le camping est vieillie et vous avez \u00e0 mettre le Watt controller une position abaisse (de la position 6 \u00e0 4 ou de la position 4 \u00e0 3).<\/span><\/div>\n<div style=\"text-align: justify;\" align=\"justify\"><span style=\"color: #000000; font-family: arial, helvetica, sans-serif; font-size: 10pt;\"><b>\u00a0<\/b><\/span><\/div>\n<div style=\"text-align: justify;\" align=\"justify\"><span style=\"color: #000000; font-size: 10pt; font-family: arial, helvetica, sans-serif;\"><b>Pouvoir je connecte une t\u00e9l\u00e9vision au Watt controller:<\/b><\/span><\/div>\n<div style=\"text-align: justify;\" align=\"justify\"><span style=\"color: #000000; font-size: 10pt; font-family: arial, helvetica, sans-serif;\">Non, connectant une t\u00e9l\u00e9vision au Watt controller est inutile parce que la t\u00e9l\u00e9vision a un pouvoir de 60 watts. Le Watt controller traite un appareil de 400 watts ou plus.<\/span><\/div>\n<div style=\"text-align: justify;\" align=\"justify\"><span style=\"color: #000000; font-family: arial, helvetica, sans-serif; font-size: 10pt;\"><b>\u00a0<\/b><\/span><\/div>\n<div style=\"text-align: justify;\" align=\"justify\"><span style=\"color: #000000; font-size: 10pt; font-family: arial, helvetica, sans-serif;\"><b>Pouvoir je connecte une micro-onde au Watt controller:<\/b><\/span><\/div>\n<div style=\"text-align: justify;\" align=\"justify\"><span style=\"color: #000000; font-size: 10pt; font-family: arial, helvetica, sans-serif;\">Non, une micro-onde a un courant de mettre dans le circuit trop haut par lequel la protection du Watt controller coupe la micro-onde.<\/span><\/div>\n<div style=\"text-align: justify;\" align=\"justify\"><span style=\"color: #000000; font-family: arial, helvetica, sans-serif; font-size: 10pt;\"><b>\u00a0<\/b><\/span><\/div>\n<div style=\"text-align: justify;\" align=\"justify\"><span style=\"color: #000000; font-size: 10pt; font-family: arial, helvetica, sans-serif;\"><b>Pouvoir je connecte un ordinateur au Watt controller:<\/b><\/span><\/div>\n<div style=\"text-align: justify;\" align=\"justify\"><span style=\"color: #000000; font-size: 10pt; font-family: arial, helvetica, sans-serif;\">Non, connectant un ordinateur au Watt controller est inutile parce que l&rsquo;ordinateur a un courant d&rsquo;\u00e0 peu pr\u00e8s 200 watts. Le Watt controller traite un appareil d&rsquo;au moins 400 watts.<\/span><\/div>\n<div style=\"text-align: justify;\" align=\"justify\"><span style=\"color: #000000; font-family: arial, helvetica, sans-serif; font-size: 10pt;\"><b>\u00a0<\/b><\/span><\/div>\n<div style=\"text-align: justify;\" align=\"justify\"><span style=\"color: #000000; font-size: 10pt; font-family: arial, helvetica, sans-serif;\"><b>J&rsquo;ai un contr\u00f4le de fusible (le protecteur de fusible), fait ce travail ensemble avec un Watt controller:<\/b><\/span><\/div>\n<div style=\"text-align: justify;\" align=\"justify\"><span style=\"color: #000000; font-size: 10pt; font-family: arial, helvetica, sans-serif;\">Le contr\u00f4le de fusible et le protecteur de fusible s&rsquo;assurent que le courant est coup\u00e9 quand vous utilisez trop, mais le Watt controller est m\u00eame plus intelligent. Le contr\u00f4leur de fusible et le protecteur s&rsquo;assurent que les fusibles (par la surcharge) ne saute pas, mais avec le Watt controller l&rsquo;appareil connect\u00e9 garde m\u00eame fonctionner.<\/span><\/div>\n<div style=\"text-align: justify;\" align=\"justify\"><span style=\"color: #000000; font-size: 10pt; font-family: arial, helvetica, sans-serif;\">Donc le Watt controller travaille ensemble avec le contr\u00f4le de Fusible (le protecteur de Fusible). Cependant, vous avez besoin de mettre le Watt controller une position en bas OU le fusible contr\u00f4le (le protecteur de fusible) une position en haut. Ce dernier l&rsquo;un est judicieux, parce que le fusible sur le terrain de camping ne souffle pas quand vous utilisez un Watt controller.<\/span><\/div>\n<div style=\"text-align: justify;\" align=\"justify\"><span style=\"color: #000000; font-size: 10pt; font-family: arial, helvetica, sans-serif;\">(Faire l&rsquo;attention: si en fait le Watt controller fait l&rsquo;usage du contr\u00f4le de Fusible (le protecteur de Fusible) superflu)<\/span><\/div>\n<div style=\"text-align: justify;\" align=\"justify\"><span style=\"color: #000000; font-family: arial, helvetica, sans-serif; font-size: 10pt;\"><b>\u00a0<\/b><\/span><\/div>\n<div style=\"text-align: justify;\" align=\"justify\"><span style=\"color: #000000; font-size: 10pt; font-family: arial, helvetica, sans-serif;\"><b>Pourquoi ce n&rsquo;est pas possible de connecter quelques appareils, comme une machine \u00e0 laver et une climatisation, au Watt controller?<\/b><\/span><\/div>\n<div style=\"text-align: justify;\" align=\"justify\"><span style=\"color: #000000; font-size: 10pt; font-family: arial, helvetica, sans-serif;\">La protection de pouvoir du Watt controller est, ajust\u00e9 dans une fa\u00e7on que les machines suivantes sont coup\u00e9: climatisant, l&rsquo;appareil avec le r\u00e8glement \u00e9lectronique, le centrifugeur, la tondeuse \u00e0 gazon de pelouse \u00e9lectrique, le chauffage d&rsquo;halog\u00e8ne, l&rsquo;haute rondelle de pression, l&rsquo;appareil de chauffage de ventilation en c\u00e9ramique avec contr\u00f4le \u00e9lectronique, la micro-onde, l&rsquo;aspirateur, se laver plus sec, la machine \u00e0 laver, la machine \u00e0 laver de plat.\u00a0<\/span><\/div>\n<div style=\"text-align: justify;\" align=\"justify\"><span style=\"color: #000000; font-size: 10pt; font-family: arial, helvetica, sans-serif;\">\u00a0<\/span><\/div>\n<div style=\"text-align: center;\" align=\"center\"><span style=\"font-size: 10pt; font-family: arial, helvetica, sans-serif;\">\u00a9 Camparo 2005 \/ 2025<\/span><\/div>\n<p><\/p>","protected":false},"excerpt":{"rendered":"<p>Peut je connecte plus d&rsquo;appareils sur le Watt controller: Vous pouvez connecter seulement un appareil sur le Watt controller. Si vous connectez plus d&rsquo;appareils, le Watt controller coupera. Cependant la tension sur le terrain de camping ne sera pas coup\u00e9. \u00a0 Pouvoir je connecte des prises de courant multiples au Watt controller: Oui, mais seulement [&hellip;]<\/p>\n","protected":false},"author":1,"featured_media":0,"parent":0,"menu_order":0,"comment_status":"closed","ping_status":"closed","template":"","meta":{"_monsterinsights_skip_tracking":false,"_monsterinsights_sitenote_active":false,"_monsterinsights_sitenote_note":"","_monsterinsights_sitenote_category":0,"footnotes":""},"class_list":["post-1038","page","type-page","status-publish","hentry"],"_links":{"self":[{"href":"https:\/\/www.camparo.nl\/site\/fr\/wp-json\/wp\/v2\/pages\/1038","targetHints":{"allow":["GET"]}}],"collection":[{"href":"https:\/\/www.camparo.nl\/site\/fr\/wp-json\/wp\/v2\/pages"}],"about":[{"href":"https:\/\/www.camparo.nl\/site\/fr\/wp-json\/wp\/v2\/types\/page"}],"author":[{"embeddable":true,"href":"https:\/\/www.camparo.nl\/site\/fr\/wp-json\/wp\/v2\/users\/1"}],"replies":[{"embeddable":true,"href":"https:\/\/www.camparo.nl\/site\/fr\/wp-json\/wp\/v2\/comments?post=1038"}],"version-history":[{"count":17,"href":"https:\/\/www.camparo.nl\/site\/fr\/wp-json\/wp\/v2\/pages\/1038\/revisions"}],"predecessor-version":[{"id":5804,"href":"https:\/\/www.camparo.nl\/site\/fr\/wp-json\/wp\/v2\/pages\/1038\/revisions\/5804"}],"wp:attachment":[{"href":"https:\/\/www.camparo.nl\/site\/fr\/wp-json\/wp\/v2\/media?parent=1038"}],"curies":[{"name":"wp","href":"https:\/\/api.w.org\/{rel}","templated":true}]}}