{"id":1059,"date":"2019-01-14T12:58:37","date_gmt":"2019-01-14T11:58:37","guid":{"rendered":"https:\/\/www.camparo.nl\/site\/?page_id=1059"},"modified":"2025-01-06T08:04:22","modified_gmt":"2025-01-06T07:04:22","slug":"technische-gegevens-2","status":"publish","type":"page","link":"https:\/\/www.camparo.nl\/site\/fr\/technische-gegevens-2\/","title":{"rendered":"Les donn\u00e9es techniques"},"content":{"rendered":"<p><\/p>\n<div align=\"center\"><span style=\"font-family: arial, helvetica, sans-serif; font-size: 10pt; color: #000000;\"><img loading=\"lazy\" decoding=\"async\" src=\"https:\/\/www.camparo.nl\/data\/mediablocks\/1_FR_25__ms2.rvf_1.png\" width=\"297\" height=\"155\" border=\"0\" \/><\/span><\/div>\n<div align=\"center\"><span style=\"color: #000000; font-size: 10pt; font-family: arial, helvetica, sans-serif;\"><b>Les donn\u00e9es techniques:<\/b><\/span><\/div>\n<div align=\"center\"><span style=\"color: #000000; font-size: 10pt; font-family: arial, helvetica, sans-serif;\">Le Watt contr\u00f4leur r\u00e9pond aux exigences de la norme CE:<\/span><\/div>\n<div align=\"center\"><span style=\"color: #000000; font-size: 10pt; font-family: arial, helvetica, sans-serif;\">NEN1020<\/span><\/div>\n<div align=\"center\"><span style=\"color: #000000; font-size: 10pt; font-family: arial, helvetica, sans-serif;\">EN55014-1, EN60730-1, EN61000-3-2,<\/span><\/div>\n<div align=\"center\"><span style=\"color: #000000; font-size: 10pt; font-family: arial, helvetica, sans-serif;\">EN61000-3-3, IEC60844-1, IEC60844-2-5.<\/span><\/div>\n<div align=\"center\"><span style=\"color: #000000; font-size: 10pt; font-family: arial, helvetica, sans-serif;\">Classe de protection contre l&rsquo;humidit\u00e9: IPX0 et mis \u00e0 la terre: IPX1.<\/span><\/div>\n<div align=\"center\"><a href=\"https:\/\/www.camparo.nl\/site\/wp-content\/uploads\/2019\/02\/CAP-WC-DoC-01EN1-0.pdf\">D\u00e9claration de conformit\u00e9<\/a><\/div>\n<div align=\"center\"><span style=\"font-family: arial, helvetica, sans-serif; font-size: 10pt; color: #000000;\"><img loading=\"lazy\" decoding=\"async\" src=\"https:\/\/www.camparo.nl\/data\/mediablocks\/1_FR_25__ms2.rvf_2.png\" width=\"141\" height=\"73\" border=\"0\" \/><\/span><span style=\"color: #000000; font-size: 10pt; font-family: arial, helvetica, sans-serif;\">\u00a0<\/span><\/div>\n<div align=\"center\"><span style=\"color: #000000; font-size: 10pt; font-family: arial, helvetica, sans-serif;\">Le Watt controller est prot\u00e9g\u00e9<\/span><\/div>\n<div align=\"center\"><span style=\"color: #000000; font-size: 10pt; font-family: arial, helvetica, sans-serif;\">pendant l&rsquo;usage contre les temp\u00e9ratures et les pouvoir trop hautes.<\/span><\/div>\n<div align=\"center\"><span style=\"color: #000000; font-size: 10pt; font-family: arial, helvetica, sans-serif;\">\u00a0<\/span><\/div>\n<div align=\"center\"><span style=\"color: #000000; font-size: 10pt; font-family: arial, helvetica, sans-serif;\">Seuls les petits appareils \u00e9lectrom\u00e9nagers pour connecter Watt contr\u00f4leur.<\/span><\/div>\n<div align=\"center\"><span style=\"color: #000000; font-size: 10pt; font-family: arial, helvetica, sans-serif;\">La tension d&rsquo;alimentation est 230 Volt\/50 Hz<\/span><\/div>\n<div align=\"center\"><span style=\"color: #000000; font-size: 10pt; font-family: arial, helvetica, sans-serif;\"><b>Connecter de maximum estime 2000 watts.<\/b><\/span><\/div>\n<div align=\"center\">\n<table border=\"0\" cellspacing=\"2\" cellpadding=\"1\">\n<tbody>\n<tr valign=\"top\">\n<td width=\"345\">\n<div align=\"right\"><span style=\"color: #000000; font-size: 10pt; font-family: arial, helvetica, sans-serif;\">Les appareils sont r\u00e9gl\u00e9s de retour: sur la position:<\/span><\/div>\n<\/td>\n<td width=\"100\">\n<div align=\"center\"><span style=\"color: #000000; font-size: 10pt; font-family: arial, helvetica, sans-serif;\">3 \u00a0 \u00a0500 watts<\/span><\/div>\n<\/td>\n<\/tr>\n<tr valign=\"top\">\n<td width=\"345\">\n<div align=\"right\"><span style=\"color: #000000; font-size: 10pt; font-family: arial, helvetica, sans-serif;\">\u00a0<\/span><\/div>\n<\/td>\n<td width=\"100\">\n<div align=\"center\"><span style=\"color: #000000; font-size: 10pt; font-family: arial, helvetica, sans-serif;\">4 \u00a0 \u00a0700 watts<\/span><\/div>\n<\/td>\n<\/tr>\n<tr valign=\"top\">\n<td width=\"345\">\n<div align=\"right\"><span style=\"color: #000000; font-size: 10pt; font-family: arial, helvetica, sans-serif;\">\u00a0<\/span><\/div>\n<\/td>\n<td width=\"100\">\n<div align=\"center\"><span style=\"color: #000000; font-size: 10pt; font-family: arial, helvetica, sans-serif;\">6 \u00a0 \u00a0920 watts<\/span><\/div>\n<\/td>\n<\/tr>\n<tr valign=\"top\">\n<td width=\"345\">\n<div align=\"right\"><span style=\"color: #000000; font-size: 10pt; font-family: arial, helvetica, sans-serif;\">Poids:<\/span><\/div>\n<\/td>\n<td width=\"100\">\n<div align=\"center\"><span style=\"color: #000000; font-size: 10pt; font-family: arial, helvetica, sans-serif;\">0,207 Kg<\/span><\/div>\n<\/td>\n<\/tr>\n<\/tbody>\n<\/table>\n<\/div>\n<div align=\"center\"><a href=\"https:\/\/camparo.nl\/site\/PDF%20bestanden\/Mode%20m%20d'emploi.pdf\">Mode m d&#8217;emploi<\/a><\/div>\n<div align=\"center\"><span style=\"color: #000000; font-size: 10pt; font-family: arial, helvetica, sans-serif;\"><b>Garantie:<\/b><\/span><\/div>\n<div align=\"center\"><span style=\"color: #000000; font-size: 10pt; font-family: arial, helvetica, sans-serif;\">Le terme de garantie est 2 ans.<\/span><\/div>\n<div align=\"center\">\u00a0<\/div>\n<div align=\"center\">\u00a0<\/div>\n<div align=\"center\"><span style=\"font-size: 10pt; font-family: arial, helvetica, sans-serif;\">\u00a9 Camparo 2005 \/ 2025<\/span><\/div>\n<p><\/p>","protected":false},"excerpt":{"rendered":"<p>Les donn\u00e9es techniques: Le Watt contr\u00f4leur r\u00e9pond aux exigences de la norme CE: NEN1020 EN55014-1, EN60730-1, EN61000-3-2, EN61000-3-3, IEC60844-1, IEC60844-2-5. Classe de protection contre l&rsquo;humidit\u00e9: IPX0 et mis \u00e0 la terre: IPX1. D\u00e9claration de conformit\u00e9 \u00a0 Le Watt controller est prot\u00e9g\u00e9 pendant l&rsquo;usage contre les temp\u00e9ratures et les pouvoir trop hautes. \u00a0 Seuls les petits [&hellip;]<\/p>\n","protected":false},"author":1,"featured_media":0,"parent":0,"menu_order":0,"comment_status":"closed","ping_status":"closed","template":"","meta":{"_monsterinsights_skip_tracking":false,"_monsterinsights_sitenote_active":false,"_monsterinsights_sitenote_note":"","_monsterinsights_sitenote_category":0,"footnotes":""},"class_list":["post-1059","page","type-page","status-publish","hentry"],"_links":{"self":[{"href":"https:\/\/www.camparo.nl\/site\/fr\/wp-json\/wp\/v2\/pages\/1059","targetHints":{"allow":["GET"]}}],"collection":[{"href":"https:\/\/www.camparo.nl\/site\/fr\/wp-json\/wp\/v2\/pages"}],"about":[{"href":"https:\/\/www.camparo.nl\/site\/fr\/wp-json\/wp\/v2\/types\/page"}],"author":[{"embeddable":true,"href":"https:\/\/www.camparo.nl\/site\/fr\/wp-json\/wp\/v2\/users\/1"}],"replies":[{"embeddable":true,"href":"https:\/\/www.camparo.nl\/site\/fr\/wp-json\/wp\/v2\/comments?post=1059"}],"version-history":[{"count":26,"href":"https:\/\/www.camparo.nl\/site\/fr\/wp-json\/wp\/v2\/pages\/1059\/revisions"}],"predecessor-version":[{"id":5850,"href":"https:\/\/www.camparo.nl\/site\/fr\/wp-json\/wp\/v2\/pages\/1059\/revisions\/5850"}],"wp:attachment":[{"href":"https:\/\/www.camparo.nl\/site\/fr\/wp-json\/wp\/v2\/media?parent=1059"}],"curies":[{"name":"wp","href":"https:\/\/api.w.org\/{rel}","templated":true}]}}