{"id":182,"date":"2019-01-08T16:05:45","date_gmt":"2019-01-08T15:05:45","guid":{"rendered":"https:\/\/www.camparo.nl\/site\/?page_id=182"},"modified":"2025-01-06T07:55:05","modified_gmt":"2025-01-06T06:55:05","slug":"close-in-boiler","status":"publish","type":"page","link":"https:\/\/www.camparo.nl\/site\/fr\/close-in-boiler\/","title":{"rendered":"R\u00e9duction de Close-in-boiler de 2000 Watt \u00e0 920-700-500 Watt"},"content":{"rendered":"<p><\/p>\n<p style=\"text-align: justify;\"><span style=\"font-family: helvetica, arial, sans-serif;\"><strong>De cette fa\u00e7on, vous pouvez abaisser votre chaudi\u00e8re de par exemple 2000 watts \u00e0 maximum 920 watts !!!<\/strong><\/span><\/p>\n<p style=\"text-align: justify;\"><strong><span style=\"font-family: arial, helvetica, sans-serif; font-size: 10pt;\">Avez-vous une chaudi\u00e8re de proximit\u00e9 de 2000 Watt et vous ne voulez pas consommer trop d&rsquo;\u00e9nergie: alors le contr\u00f4leur Watt est la solution.<\/span><\/strong><\/p>\n<p style=\"text-align: justify;\"><span style=\"font-family: arial, helvetica, sans-serif; font-size: 10pt;\">Une chaudi\u00e8re \u00e0 proximit\u00e9 (par exemple 10 litres) est id\u00e9ale \u00e0 utiliser en combinaison avec le r\u00e9gulateur Watt. Vous pouvez contr\u00f4ler parfaitement la capacit\u00e9 du chauffe-eau jusqu&rsquo;\u00e0 2000 watts avec le contr\u00f4leur de watts: connectez votre chauffe-eau au contr\u00f4leur de watts et votre chauffe-eau sera en position 3 500 watts, en position 4 700 watts et en position 6 920 watts. Cela a l&rsquo;avantage que vous pouvez allumer simultan\u00e9ment un lave-vaisselle.<\/span><\/p>\n<div align=\"justify\">\n<p><a href=\"https:\/\/www.camparo.nl\/site\/close-in-boiler\/boiler-met-watt-contr\/\" rel=\"attachment wp-att-2481\"><img decoding=\"async\" class=\"size-full wp-image-2481 alignleft\" src=\"https:\/\/www.camparo.nl\/site\/wp-content\/uploads\/2019\/01\/Boiler-met-Watt-contr.png\" alt=\"\" width=\"148\" height=\"231\" \/><\/a><\/p>\n<p style=\"text-align: center;\">\u00a0<\/p>\n<p>&nbsp;<\/p>\n<p>&nbsp;<\/p>\n<p>&nbsp;<\/p>\n<p>&nbsp;<\/p>\n<p>&nbsp;<\/p>\n<p>&nbsp;<\/p>\n<p style=\"text-align: justify;\"><span style=\"font-family: arial, helvetica, sans-serif; font-size: 10pt;\">Le Watt controller a une capacit\u00e9 propre de +\/- 15 Watt et une temp\u00e9rature de fonctionnement de +\/- 33 degr\u00e9s. Pour \u00e9lever 1 gramme d&rsquo;eau de 1 degr\u00e9, il faut 1 watt d&rsquo;\u00e9nergie ; que ce soit 2000 ou 500 watts, seul le temps fait la diff\u00e9rence.<\/span><\/p>\n<p style=\"text-align: center;\"><span style=\"font-family: arial, helvetica, sans-serif; font-size: 10pt;\">Vous pouvez passer votre commande via notre e-mail info@camparo.nl<\/span><\/p>\n<p style=\"text-align: center;\"><span style=\"font-family: arial, helvetica, sans-serif; font-size: 10pt;\">\u00a9 Camparo 2005\/2025<\/span><\/p>\n<\/div>\n<p><\/p>","protected":false},"excerpt":{"rendered":"<p>De cette fa\u00e7on, vous pouvez abaisser votre chaudi\u00e8re de par exemple 2000 watts \u00e0 maximum 920 watts !!! Avez-vous une chaudi\u00e8re de proximit\u00e9 de 2000 Watt et vous ne voulez pas consommer trop d&rsquo;\u00e9nergie: alors le contr\u00f4leur Watt est la solution. Une chaudi\u00e8re \u00e0 proximit\u00e9 (par exemple 10 litres) est id\u00e9ale \u00e0 utiliser en combinaison [&hellip;]<\/p>\n","protected":false},"author":1,"featured_media":0,"parent":0,"menu_order":0,"comment_status":"closed","ping_status":"closed","template":"","meta":{"_monsterinsights_skip_tracking":false,"_monsterinsights_sitenote_active":false,"_monsterinsights_sitenote_note":"","_monsterinsights_sitenote_category":0,"footnotes":""},"class_list":["post-182","page","type-page","status-publish","hentry"],"_links":{"self":[{"href":"https:\/\/www.camparo.nl\/site\/fr\/wp-json\/wp\/v2\/pages\/182","targetHints":{"allow":["GET"]}}],"collection":[{"href":"https:\/\/www.camparo.nl\/site\/fr\/wp-json\/wp\/v2\/pages"}],"about":[{"href":"https:\/\/www.camparo.nl\/site\/fr\/wp-json\/wp\/v2\/types\/page"}],"author":[{"embeddable":true,"href":"https:\/\/www.camparo.nl\/site\/fr\/wp-json\/wp\/v2\/users\/1"}],"replies":[{"embeddable":true,"href":"https:\/\/www.camparo.nl\/site\/fr\/wp-json\/wp\/v2\/comments?post=182"}],"version-history":[{"count":79,"href":"https:\/\/www.camparo.nl\/site\/fr\/wp-json\/wp\/v2\/pages\/182\/revisions"}],"predecessor-version":[{"id":5799,"href":"https:\/\/www.camparo.nl\/site\/fr\/wp-json\/wp\/v2\/pages\/182\/revisions\/5799"}],"wp:attachment":[{"href":"https:\/\/www.camparo.nl\/site\/fr\/wp-json\/wp\/v2\/media?parent=182"}],"curies":[{"name":"wp","href":"https:\/\/api.w.org\/{rel}","templated":true}]}}