{"id":263,"date":"2019-01-10T09:31:25","date_gmt":"2019-01-10T08:31:25","guid":{"rendered":"https:\/\/www.camparo.nl\/site\/?page_id=263"},"modified":"2023-01-09T10:58:44","modified_gmt":"2023-01-09T09:58:44","slug":"quik-sat-finder","status":"publish","type":"page","link":"https:\/\/www.camparo.nl\/site\/fr\/quik-sat-finder\/","title":{"rendered":"Quik Sat Finder"},"content":{"rendered":"<p><span style=\"font-family: arial, helvetica, sans-serif; font-size: 10pt;\"><img decoding=\"async\" class=\"aligncenter\" src=\"https:\/\/www.camparo.nl\/data\/mediablocks\/1__67__ms1.rvf_1.gif\" \/><\/span><\/p>\r\n<p style=\"text-align: center;\"><span style=\"font-family: arial, helvetica, sans-serif; font-size: 10pt;\"><a href=\"https:\/\/www.camparo.nl\/site\/quick-sat-finder-logo-foto-2013\/\"><img loading=\"lazy\" decoding=\"async\" class=\"size-medium wp-image-24 alignnone\" src=\"https:\/\/www.camparo.nl\/site\/wp-content\/uploads\/2019\/01\/Quick-Sat-Finder-logo-Foto-2013-300x198.png\" alt=\"\" width=\"300\" height=\"198\" srcset=\"https:\/\/www.camparo.nl\/site\/wp-content\/uploads\/2019\/01\/Quick-Sat-Finder-logo-Foto-2013-300x198.png 300w, https:\/\/www.camparo.nl\/site\/wp-content\/uploads\/2019\/01\/Quick-Sat-Finder-logo-Foto-2013-768x507.png 768w, https:\/\/www.camparo.nl\/site\/wp-content\/uploads\/2019\/01\/Quick-Sat-Finder-logo-Foto-2013-1024x676.png 1024w, https:\/\/www.camparo.nl\/site\/wp-content\/uploads\/2019\/01\/Quick-Sat-Finder-logo-Foto-2013-1568x1034.png 1568w\" sizes=\"(max-width: 300px) 100vw, 300px\" \/><\/a><\/span><\/p>\r\n<p style=\"text-align: center;\"><span style=\"font-family: arial, helvetica, sans-serif; font-size: 10pt;\">11,95 \u20ac + frais de livraison<br \/>\r\n<b>pour r\u00e9gler facilement votre antenne parabolique<\/b><\/span><\/p>\r\n<p><span style=\"font-family: arial, helvetica, sans-serif; font-size: 10pt;\"><!-- \/wp:image --><\/span><\/p>\r\n<div align=\"justify\"><span style=\"font-family: arial, helvetica, sans-serif; font-size: 10pt;\">Le Quick Sat Finder doit \u00eatre plac\u00e9 sur un tr\u00e9pied et il est facile \u00e0 utiliser, \u00e0 cause du niveau d&rsquo;eau, une boussole et une claire indication degr\u00e9s; le tout dans un produit. Il peut \u00eatre utilis\u00e9 pour un manchette d&rsquo;un diam\u00e8tre de 49 mm. si vous n&rsquo;avez pas de manchette, cliquez sur le lien Quik Satfinder manchette. (diam\u00e8tre du tube un peu trop gros<\/span><\/div>\r\n<p><span style=\"font-family: arial, helvetica, sans-serif; font-size: 10pt;\"><!-- wp:image {\"id\":279,\"align\":\"center\"} --><\/span><\/p>\r\n<div class=\"wp-block-image\"><a href=\"https:\/\/www.camparo.nl\/site\/quik-sat-finder\/statief-3\/\" rel=\"attachment wp-att-4004\"><img decoding=\"async\" class=\"size-full wp-image-4004 aligncenter\" src=\"https:\/\/www.camparo.nl\/site\/wp-content\/uploads\/2019\/02\/Statief-1.png\" alt=\"\" width=\"60\" height=\"82\" \/><\/a><\/div>\r\n<p><span style=\"font-family: arial, helvetica, sans-serif; font-size: 10pt;\"><!-- \/wp:image --><\/span><\/p>\r\n<p style=\"text-align: center;\"><span style=\"font-family: arial, helvetica, sans-serif; font-size: 10pt;\">Tube l\u00e2che (diam\u00e8tre du tube 35 mm) Manchette (diam\u00e8tre du tube 49 mm) Tr\u00e9pied<\/span><\/p>\r\n<div>\r\n<div><span style=\"color: #333333; font-size: 10pt; font-family: arial, helvetica, sans-serif;\">Les grandes avantages sont:<\/span><\/div>\r\n<ul type=\"disc\">\r\n\t<li><span style=\"color: #333333; font-size: 10pt; font-family: arial, helvetica, sans-serif;\">Il est extr\u00eamement facile \u00e0 installer<\/span><\/li>\r\n\t<li><span style=\"color: #333333; font-size: 10pt; font-family: arial, helvetica, sans-serif;\">Vous pouvez installer le niveau du tr\u00e9pied \u00a0simplement.<\/span><\/li>\r\n\t<li><span style=\"color: #333333; font-size: 10pt; font-family: arial, helvetica, sans-serif;\">Il \u2018y a une indication degr\u00e9 o\u00f9 les satellites sont situ\u00e9s.<\/span><\/li>\r\n\t<li><span style=\"color: #333333; font-size: 10pt; font-family: arial, helvetica, sans-serif;\">La boussole ne sera pas affect\u00e9e par l&rsquo;antenne parabolique.<\/span><\/li>\r\n\t<li><span style=\"color: #333333; font-size: 10pt; font-family: arial, helvetica, sans-serif;\">Vous pouvez facilement tourner de l&rsquo;un \u00e0 l&rsquo;autre satellite \u00e0 cause d\u2019une ligne vertical sur le tube sur lequel est plac\u00e9 \u00a0l&rsquo;antenne parabolique \u00a0(par exemple, Atlantic Bird 3 5\u00b0 W, Hotbird 13\u00b0 E, Astra19,2\u00b0 E, Astra 23,5\u00b0 E, et Astra 28,2\u00b0 E)<\/span><\/li>\r\n<\/ul>\r\n<\/div>\r\n<p><span style=\"font-family: arial, helvetica, sans-serif; font-size: 10pt;\"><!-- wp:image {\"id\":296} --><\/span><\/p>\r\n<figure class=\"wp-block-image\"><span style=\"font-family: arial, helvetica, sans-serif; font-size: 12px;\"><img decoding=\"async\" width=\"568\" height=\"81\" class=\"wp-image-296\" src=\"https:\/\/www.camparo.nl\/site\/wp-content\/uploads\/2019\/01\/FOTO-1.png\" alt=\"\" srcset=\"https:\/\/www.camparo.nl\/site\/wp-content\/uploads\/2019\/01\/FOTO-1.png 568w, https:\/\/www.camparo.nl\/site\/wp-content\/uploads\/2019\/01\/FOTO-1-300x43.png 300w\" sizes=\"(max-width: 568px) 100vw, 568px\" \/><\/span><\/figure>\r\n<p><span style=\"font-family: arial, helvetica, sans-serif; font-size: 10pt;\"><!-- \/wp:image --><\/span><\/p>\r\n<ol>\r\n\t<li style=\"text-align: left;\"><span style=\"font-family: arial, helvetica, sans-serif; font-size: 10pt;\">Poussez le tube vers le bas pour marquer une ligne droite<\/span><\/li>\r\n\t<li style=\"text-align: left;\"><span style=\"font-family: arial, helvetica, sans-serif; font-size: 10pt;\">Niveler le tr\u00e9pied<\/span><\/li>\r\n\t<li style=\"text-align: left;\"><span style=\"font-family: arial, helvetica, sans-serif; font-size: 10pt;\">Faire pivoter de 90 \u00b0<\/span><\/li>\r\n\t<li style=\"text-align: left;\"><span style=\"font-family: arial, helvetica, sans-serif; font-size: 10pt;\">Ins\u00e9rer le brassard. Placez QSf sur le brassard et pointez au nord<\/span><\/li>\r\n<\/ol>\r\n<p><span style=\"font-family: arial, helvetica, sans-serif; font-size: 10pt;\"><!-- wp:image {\"id\":300} --><\/span><\/p>\r\n<figure class=\"wp-block-image\"><span style=\"font-family: arial, helvetica, sans-serif; font-size: 12px;\"><img loading=\"lazy\" decoding=\"async\" width=\"565\" height=\"80\" class=\"wp-image-300\" src=\"https:\/\/www.camparo.nl\/site\/wp-content\/uploads\/2019\/01\/FOTO-2.png\" alt=\"\" srcset=\"https:\/\/www.camparo.nl\/site\/wp-content\/uploads\/2019\/01\/FOTO-2.png 565w, https:\/\/www.camparo.nl\/site\/wp-content\/uploads\/2019\/01\/FOTO-2-300x42.png 300w\" sizes=\"(max-width: 565px) 100vw, 565px\" \/><\/span><\/figure>\r\n<p><span style=\"font-family: arial, helvetica, sans-serif; font-size: 10pt;\"><!-- \/wp:image --><\/span><\/p>\r\n<ol>\r\n\t<li><span style=\"font-family: arial, helvetica, sans-serif; font-size: 10pt;\">Placez le support<\/span><\/li>\r\n\t<li><span style=\"font-family: arial, helvetica, sans-serif; font-size: 10pt;\">Placez le plat dans le support<\/span><\/li>\r\n\t<li><span style=\"font-family: arial, helvetica, sans-serif; font-size: 10pt;\">19,2 \u00b0 est<\/span><\/li>\r\n\t<li><span style=\"font-family: arial, helvetica, sans-serif; font-size: 10pt;\">R\u00e9glage du plat Gradenhoek (par exemple, Amsterdam 29 \u00b0)<\/span><\/li>\r\n<\/ol>\r\n<p style=\"text-align: center;\"><span style=\"font-family: arial, helvetica, sans-serif; font-size: 10pt;\"><strong>Vous pouvez passer votre commande via notre e-mail info@camparo.nl<\/strong><\/span><\/p>\r\n<p style=\"text-align: center;\"><span style=\"font-family: arial, helvetica, sans-serif; font-size: 10pt;\">\u00a9 Camparo 2005 \/ 2023<\/span><\/p>","protected":false},"excerpt":{"rendered":"<p>11,95 \u20ac + frais de livraison pour r\u00e9gler facilement votre antenne parabolique Le Quick Sat Finder doit \u00eatre plac\u00e9 sur un tr\u00e9pied et il est facile \u00e0 utiliser, \u00e0 cause du niveau d&rsquo;eau, une boussole et une claire indication degr\u00e9s; le tout dans un produit. Il peut \u00eatre utilis\u00e9 pour un manchette d&rsquo;un diam\u00e8tre de [&hellip;]<\/p>\n","protected":false},"author":1,"featured_media":0,"parent":0,"menu_order":0,"comment_status":"closed","ping_status":"closed","template":"","meta":{"_monsterinsights_skip_tracking":false,"_monsterinsights_sitenote_active":false,"_monsterinsights_sitenote_note":"","_monsterinsights_sitenote_category":0,"footnotes":""},"class_list":["post-263","page","type-page","status-publish","hentry"],"_links":{"self":[{"href":"https:\/\/www.camparo.nl\/site\/fr\/wp-json\/wp\/v2\/pages\/263","targetHints":{"allow":["GET"]}}],"collection":[{"href":"https:\/\/www.camparo.nl\/site\/fr\/wp-json\/wp\/v2\/pages"}],"about":[{"href":"https:\/\/www.camparo.nl\/site\/fr\/wp-json\/wp\/v2\/types\/page"}],"author":[{"embeddable":true,"href":"https:\/\/www.camparo.nl\/site\/fr\/wp-json\/wp\/v2\/users\/1"}],"replies":[{"embeddable":true,"href":"https:\/\/www.camparo.nl\/site\/fr\/wp-json\/wp\/v2\/comments?post=263"}],"version-history":[{"count":57,"href":"https:\/\/www.camparo.nl\/site\/fr\/wp-json\/wp\/v2\/pages\/263\/revisions"}],"predecessor-version":[{"id":5558,"href":"https:\/\/www.camparo.nl\/site\/fr\/wp-json\/wp\/v2\/pages\/263\/revisions\/5558"}],"wp:attachment":[{"href":"https:\/\/www.camparo.nl\/site\/fr\/wp-json\/wp\/v2\/media?parent=263"}],"curies":[{"name":"wp","href":"https:\/\/api.w.org\/{rel}","templated":true}]}}