{"id":3785,"date":"2019-01-30T08:32:37","date_gmt":"2019-01-30T07:32:37","guid":{"rendered":"https:\/\/www.camparo.nl\/site\/?page_id=3785"},"modified":"2025-01-06T08:02:40","modified_gmt":"2025-01-06T07:02:40","slug":"senseo-in-de-boot-camper","status":"publish","type":"page","link":"https:\/\/www.camparo.nl\/site\/fr\/senseo-in-de-boot-camper\/","title":{"rendered":"Senseo dans le camper"},"content":{"rendered":"<p><\/p>\n<div id=\"mainContent\">\n<div class=\"listcontainer\">\n<div align=\"center\"><a href=\"https:\/\/www.camparo.nl\/site\/senseo-in-de-boot-camper\/senseo-watt-c-1\/\" rel=\"attachment wp-att-3809\"><img fetchpriority=\"high\" decoding=\"async\" class=\"alignnone size-medium wp-image-3809\" src=\"https:\/\/www.camparo.nl\/site\/wp-content\/uploads\/2019\/01\/Senseo-Watt-c-1-300x224.png\" alt=\"\" width=\"300\" height=\"224\" srcset=\"https:\/\/www.camparo.nl\/site\/wp-content\/uploads\/2019\/01\/Senseo-Watt-c-1-300x224.png 300w, https:\/\/www.camparo.nl\/site\/wp-content\/uploads\/2019\/01\/Senseo-Watt-c-1.png 536w\" sizes=\"(max-width: 300px) 100vw, 300px\" \/><\/a><\/div>\n<\/div>\n<\/div>\n<div align=\"center\"><span style=\"color: #333333; font-size: small;\">\u00a0<\/span><span style=\"color: #333333; font-size: small;\">\u00a0<\/span><span style=\"font-size: 10pt;\">Votre propre appareil \u00e0 caf\u00e9 sur le bateau ou le camping-car<\/span><\/div>\n<div id=\"mainContent\">\n<div class=\"listcontainer\">\n<div align=\"center\">\n<p style=\"text-align: justify;\"><span style=\"font-size: 10pt;\">En fonction du r\u00e9glage du\u00a0<\/span><span style=\"font-size: 10pt;\">de watt<\/span><span style=\"font-family: arial, helvetica, sans-serif; font-size: 10pt;\"> controller <\/span><span style=\"font-size: 10pt;\">, vous pouvez utiliser vos machines \u00e0 caf\u00e9 sur un onduleur de 1200 watts avec sinuso\u00efde pur, en position 3 amp\u00e8res-500 watts (Senseo 7822), avec 4 amp\u00e8res de 700 watts et avec 6 amp\u00e8res de 920 watts. Vous pouvez ainsi connecter votre appareil \u00e0 caf\u00e9 (trajet) de 1450 watts au Watt<span style=\"font-family: arial, helvetica, sans-serif; font-size: 10pt;\"> controller <\/span> et savourer une d\u00e9licieuse tasse de caf\u00e9 sur le bateau ou dans le camping-car.<\/span><\/p>\n<p><span style=\"font-size: 10pt;\">Pour connecter: machines \u00e0 caf\u00e9<\/span><\/p>\n<\/div>\n<div align=\"center\">\n<table style=\"width: 651px; height: 136px;\" border=\"0\" cellspacing=\"2\" cellpadding=\"1\">\n<tbody>\n<tr style=\"height: 107px;\" valign=\"top\">\n<td style=\"width: 265px; height: 136px;\" height=\"105\">\n<div align=\"center\">\u00a0<\/div>\n<div align=\"center\"><a href=\"https:\/\/www.camparo.nl\/site\/senseo-in-de-boot-camper\/senseo-7810-7822\/\" rel=\"attachment wp-att-3825\"><img decoding=\"async\" class=\"alignnone size-full wp-image-3825\" src=\"https:\/\/www.camparo.nl\/site\/wp-content\/uploads\/2019\/01\/Senseo-7810-7822.png\" alt=\"\" width=\"271\" height=\"111\" \/><\/a><\/div>\n<\/td>\n<td style=\"width: 115px; height: 107px;\" height=\"105\">\n<div align=\"center\"><a href=\"https:\/\/www.camparo.nl\/site\/senseo-in-de-boot-camper\/koffie-3-2\/\" rel=\"attachment wp-att-3832\"><img loading=\"lazy\" decoding=\"async\" class=\"size-medium wp-image-3832 aligncenter\" src=\"https:\/\/www.camparo.nl\/site\/wp-content\/uploads\/2019\/01\/Koffie-3.png\" alt=\"\" width=\"100\" height=\"95\" \/><\/a><span style=\"font-family: inherit; font-size: inherit;\">Medion (Aldi)<\/span><\/div>\n<\/td>\n<td style=\"width: 124px; height: 107px;\" height=\"105\">\n<div align=\"center\"><a href=\"https:\/\/www.camparo.nl\/site\/senseo-in-de-boot-camper\/koffie-2\/\" rel=\"attachment wp-att-3831\"><img loading=\"lazy\" decoding=\"async\" class=\"size-full wp-image-3831 aligncenter\" src=\"https:\/\/www.camparo.nl\/site\/wp-content\/uploads\/2019\/01\/Koffie-2.png\" alt=\"\" width=\"100\" height=\"100\" \/><\/a><span style=\"font-family: inherit; font-size: inherit;\">Magimix M220A<\/span><\/div>\n<\/td>\n<td style=\"width: 119px; height: 107px;\" height=\"105\">\n<div align=\"center\"><a href=\"https:\/\/www.camparo.nl\/site\/senseo-in-de-boot-camper\/koffie-6\/\" rel=\"attachment wp-att-3833\"><img loading=\"lazy\" decoding=\"async\" class=\"wp-image-3833 aligncenter\" src=\"https:\/\/www.camparo.nl\/site\/wp-content\/uploads\/2019\/01\/Koffie-6.png\" alt=\"\" width=\"68\" height=\"99\" \/><\/a><span style=\"font-family: inherit; font-size: inherit;\">Essenza Krups<\/span><\/div>\n<\/td>\n<\/tr>\n<\/tbody>\n<\/table>\n<\/div>\n<\/div>\n<\/div>\n<div class=\"clearfloat\">\n<p style=\"text-align: justify;\"><span style=\"font-size: 10pt;\">Les machines \u00e0 tampon suivantes fonctionnent sur le Watt<span style=\"font-family: arial, helvetica, sans-serif; font-size: 10pt;\"> controller<\/span>: machine Nespresso Magimix M220A ou Essenza de Krups, Medion (Aldi) ou une machine \u00e0 caf\u00e9 Philips type 7810 * aux positions 3, 4 et 6 (code 04 reconnaissable au d\u00e9but du code num\u00e9rique, par exemple). 04151 21 en bas) avec verrouillage \u00e0 levier et type 7822 sans afficheur.<\/span><\/p>\n<p style=\"text-align: justify;\"><span style=\"font-size: 10pt;\">Le Senseo doit \u00eatre \u00e9teint manuellement si vous avez assez de caf\u00e9. assurez-vous que l&rsquo;eau continue \u00e0 couler. Le Senseo Quadrante ne fonctionne que sur le stand 6. Pour la machine \u00e0 caf\u00e9 Philips: voir \u00ab\u00a0Foire aux questions\u00a0\u00bb.<\/span><\/p>\n<p style=\"text-align: justify;\"><span style=\"font-size: 10pt;\">Le Watt<span style=\"font-family: arial, helvetica, sans-serif; font-size: 10pt;\"> controller <\/span> donne \u00e0 la machine \u00e0 caf\u00e9 un son l\u00e9g\u00e8rement diff\u00e9rent de celui auquel vous \u00eates habitu\u00e9.<\/span><\/p>\n<\/div>\n<div id=\"footer_bg\">\n<div id=\"footer\">\n<div class=\"cleared\">\u00a0<\/div>\n<div class=\"cleared\">\u00a0<\/div>\n<div class=\"sitefootertext\">\n<div align=\"center\"><span style=\"font-size: 10pt; font-family: arial, helvetica, sans-serif;\">\u00a9 Camparo 2005 \/ 2025<\/span><\/div>\n<\/div>\n<\/div>\n<\/div>\n<p><\/p>","protected":false},"excerpt":{"rendered":"<p>\u00a0\u00a0Votre propre appareil \u00e0 caf\u00e9 sur le bateau ou le camping-car En fonction du r\u00e9glage du\u00a0de watt controller , vous pouvez utiliser vos machines \u00e0 caf\u00e9 sur un onduleur de 1200 watts avec sinuso\u00efde pur, en position 3 amp\u00e8res-500 watts (Senseo 7822), avec 4 amp\u00e8res de 700 watts et avec 6 amp\u00e8res de 920 watts. [&hellip;]<\/p>\n","protected":false},"author":1,"featured_media":0,"parent":0,"menu_order":0,"comment_status":"closed","ping_status":"closed","template":"","meta":{"_monsterinsights_skip_tracking":false,"_monsterinsights_sitenote_active":false,"_monsterinsights_sitenote_note":"","_monsterinsights_sitenote_category":0,"footnotes":""},"class_list":["post-3785","page","type-page","status-publish","hentry"],"_links":{"self":[{"href":"https:\/\/www.camparo.nl\/site\/fr\/wp-json\/wp\/v2\/pages\/3785","targetHints":{"allow":["GET"]}}],"collection":[{"href":"https:\/\/www.camparo.nl\/site\/fr\/wp-json\/wp\/v2\/pages"}],"about":[{"href":"https:\/\/www.camparo.nl\/site\/fr\/wp-json\/wp\/v2\/types\/page"}],"author":[{"embeddable":true,"href":"https:\/\/www.camparo.nl\/site\/fr\/wp-json\/wp\/v2\/users\/1"}],"replies":[{"embeddable":true,"href":"https:\/\/www.camparo.nl\/site\/fr\/wp-json\/wp\/v2\/comments?post=3785"}],"version-history":[{"count":26,"href":"https:\/\/www.camparo.nl\/site\/fr\/wp-json\/wp\/v2\/pages\/3785\/revisions"}],"predecessor-version":[{"id":5807,"href":"https:\/\/www.camparo.nl\/site\/fr\/wp-json\/wp\/v2\/pages\/3785\/revisions\/5807"}],"wp:attachment":[{"href":"https:\/\/www.camparo.nl\/site\/fr\/wp-json\/wp\/v2\/media?parent=3785"}],"curies":[{"name":"wp","href":"https:\/\/api.w.org\/{rel}","templated":true}]}}