{"id":3836,"date":"2019-01-30T12:58:45","date_gmt":"2019-01-30T11:58:45","guid":{"rendered":"https:\/\/www.camparo.nl\/site\/?page_id=3836"},"modified":"2025-01-06T07:56:17","modified_gmt":"2025-01-06T06:56:17","slug":"de-voordelen","status":"publish","type":"page","link":"https:\/\/www.camparo.nl\/site\/fr\/de-voordelen\/","title":{"rendered":"Les avantages"},"content":{"rendered":"<p><\/p>\n<p><span style=\"font-family: arial, helvetica, sans-serif; font-size: 10pt;\"><img fetchpriority=\"high\" decoding=\"async\" class=\"size-medium wp-image-26 aligncenter\" src=\"https:\/\/www.camparo.nl\/site\/wp-content\/uploads\/2019\/01\/Watt-controller-1-300x212.png\" alt=\"\" width=\"300\" height=\"212\" srcset=\"https:\/\/www.camparo.nl\/site\/wp-content\/uploads\/2019\/01\/Watt-controller-1-300x212.png 300w, https:\/\/www.camparo.nl\/site\/wp-content\/uploads\/2019\/01\/Watt-controller-1.png 378w\" sizes=\"(max-width: 300px) 100vw, 300px\" \/><\/span><\/p>\n<p style=\"text-align: center;\"><span style=\"font-family: arial, helvetica, sans-serif; font-size: 10pt;\">Tirez parti du Watt controller et r\u00e9cup\u00e9rez l\u2019achat dans quelques ann\u00e9es.<\/span><\/p>\n<ul>\n<li><span style=\"font-family: arial, helvetica, sans-serif; font-size: 10pt;\">Avec le Watt\u00a0controller , vous avez d\u00e9j\u00e0 assez de puissance \u00e0 3 amp\u00e8res.<\/span><\/li>\n<li><span style=\"font-family: arial, helvetica, sans-serif; font-size: 10pt;\">Plus de petits appareils \u00e9lectriques sp\u00e9ciaux pour le camping.<\/span><\/li>\n<li><span style=\"font-family: arial, helvetica, sans-serif; font-size: 10pt;\">Amenez-les \u00e0 2000 watts et les arr\u00eats ne s&rsquo;arr\u00eateront pas.<\/span><\/li>\n<li><span style=\"font-family: arial, helvetica, sans-serif; font-size: 10pt;\">Pour les amateurs de Senseo \u00e0 la maison (d\u00e9j\u00e0 \u00e0 3 amp\u00e8res).<\/span><\/li>\n<li><span style=\"font-family: arial, helvetica, sans-serif; font-size: 10pt;\">Ne pas acheter un amp\u00e8re pour \u20ac 2, &#8211; \u20ac 9, &#8211; par jour: 4 amp\u00e8res suffisent.<\/span><\/li>\n<li><span style=\"font-family: arial, helvetica, sans-serif; font-size: 10pt;\">\u00c9conomies en poids et en essence (remplissage de 14,75 \u20ac \u00e0 26,50 \u20ac selon le type de bouteille de gaz) emportez votre gril \u00e9lectrique ou votre assiette gourmande.<\/span><\/li>\n<li><span style=\"font-family: arial, helvetica, sans-serif; font-size: 10pt;\">Faites frire vos propres frites ou vos collations avec votre frite pan.<\/span><\/li>\n<li><span style=\"font-family: arial, helvetica, sans-serif; font-size: 10pt;\">Plats \u00e0 four du four \u00e0 air chaud ou du LIDL (1380 watts).<\/span><\/li>\n<li><span style=\"font-family: arial, helvetica, sans-serif; font-size: 10pt;\">Cuisson de la pizza dans le plat \u00e0 pizza \u00e9lectrique de Kochmann (1500 watts).<\/span><\/li>\n<li><span style=\"font-family: arial, helvetica, sans-serif; font-size: 10pt;\">Avez-vous 6 amp\u00e8res au camping: watt controller \u00e0 4 amp\u00e8res: allumez votre chauffe-eau et tous les appareils \u00e9lectriques peuvent \u00eatre utilis\u00e9s.<\/span><\/li>\n<li><span style=\"font-family: arial, helvetica, sans-serif; font-size: 10pt;\">Remarque: Senseo (s\u00e9rie 7810) \u00e0 partir du code 04XXX XX (voir Senseo en bas) fonctionne sur le Watt controller. La climatisation, le four \u00e0 micro-ondes et la cuisini\u00e8re \u00e0 induction ne fonctionnent pas sur le de watt controller (voir le manuel de liaison).<\/span><\/li>\n<\/ul>\n<p style=\"text-align: center;\"><span style=\"font-family: arial, helvetica, sans-serif; font-size: 10pt;\">\u00a9 Camparo 2005 \/ 2025<\/span><\/p>\n<p><\/p>","protected":false},"excerpt":{"rendered":"<p>Tirez parti du Watt controller et r\u00e9cup\u00e9rez l\u2019achat dans quelques ann\u00e9es. Avec le Watt\u00a0controller , vous avez d\u00e9j\u00e0 assez de puissance \u00e0 3 amp\u00e8res. Plus de petits appareils \u00e9lectriques sp\u00e9ciaux pour le camping. Amenez-les \u00e0 2000 watts et les arr\u00eats ne s&rsquo;arr\u00eateront pas. Pour les amateurs de Senseo \u00e0 la maison (d\u00e9j\u00e0 \u00e0 3 amp\u00e8res). [&hellip;]<\/p>\n","protected":false},"author":1,"featured_media":0,"parent":0,"menu_order":0,"comment_status":"closed","ping_status":"closed","template":"","meta":{"_monsterinsights_skip_tracking":false,"_monsterinsights_sitenote_active":false,"_monsterinsights_sitenote_note":"","_monsterinsights_sitenote_category":0,"footnotes":""},"class_list":["post-3836","page","type-page","status-publish","hentry"],"_links":{"self":[{"href":"https:\/\/www.camparo.nl\/site\/fr\/wp-json\/wp\/v2\/pages\/3836","targetHints":{"allow":["GET"]}}],"collection":[{"href":"https:\/\/www.camparo.nl\/site\/fr\/wp-json\/wp\/v2\/pages"}],"about":[{"href":"https:\/\/www.camparo.nl\/site\/fr\/wp-json\/wp\/v2\/types\/page"}],"author":[{"embeddable":true,"href":"https:\/\/www.camparo.nl\/site\/fr\/wp-json\/wp\/v2\/users\/1"}],"replies":[{"embeddable":true,"href":"https:\/\/www.camparo.nl\/site\/fr\/wp-json\/wp\/v2\/comments?post=3836"}],"version-history":[{"count":15,"href":"https:\/\/www.camparo.nl\/site\/fr\/wp-json\/wp\/v2\/pages\/3836\/revisions"}],"predecessor-version":[{"id":5801,"href":"https:\/\/www.camparo.nl\/site\/fr\/wp-json\/wp\/v2\/pages\/3836\/revisions\/5801"}],"wp:attachment":[{"href":"https:\/\/www.camparo.nl\/site\/fr\/wp-json\/wp\/v2\/media?parent=3836"}],"curies":[{"name":"wp","href":"https:\/\/api.w.org\/{rel}","templated":true}]}}