{"id":596,"date":"2019-01-13T14:18:15","date_gmt":"2019-01-13T13:18:15","guid":{"rendered":"https:\/\/www.camparo.nl\/site\/?page_id=596"},"modified":"2025-01-06T07:56:57","modified_gmt":"2025-01-06T06:56:57","slug":"garantie-3","status":"publish","type":"page","link":"https:\/\/www.camparo.nl\/site\/fr\/garantie-3\/","title":{"rendered":"Garantie"},"content":{"rendered":"<p><\/p>\n<div><span style=\"color: #000000; font-family: arial, helvetica, sans-serif; font-size: 10pt;\">La dur\u00e9e de garantie est de deux ans (conservez votre re\u00e7u). Le droit \u00e0 la garantie expire en cas de dysfonctionnements ont mis au point par une mauvaise utilisation, impact de foudre, court circuit, ne suit pas du manuel et de l&rsquo;ing\u00e9rence de tierces parties. Pour les \u00a0qui proviennent de ces causes ou le producteur Camparo ne peut \u00eatre tenu responsable.<\/span><\/div>\n<div><span style=\"color: #000000; font-family: arial, helvetica, sans-serif; font-size: 10pt;\"><b>NE CONNECTEZ JAMAIS DE MICRO-ONDE, LE MOTEUR D&rsquo;ELECTRO, convertisseur pas de signal pseudo-sinuso\u00efdal<\/b><\/span><\/div>\n<div><span style=\"color: #000000; font-family: arial, helvetica, sans-serif; font-size: 10pt;\"><b>\u00a0<\/b><\/span><\/div>\n<div><span style=\"font-family: arial, helvetica, sans-serif; font-size: 10pt; color: #000000;\"><b>Retourner:<\/b>\u00a0(Rapportez par mail) vous devez retourner le Watt controller franco avec une rapport de defauts:<\/span><\/div>\n<div><span style=\"color: #000000; font-family: arial, helvetica, sans-serif; font-size: 10pt;\"><b>Camparo Service Henkenshage 5 5653 PX EINDHOVEN Pays Bas<\/b><\/span><\/div>\n<div style=\"text-align: center;\"><span style=\"font-size: 10pt; font-family: arial, helvetica, sans-serif; color: #000000;\">\u00a9 Camparo 2005 \/ 2025<\/span><\/div>\n<p><\/p>","protected":false},"excerpt":{"rendered":"<p>La dur\u00e9e de garantie est de deux ans (conservez votre re\u00e7u). Le droit \u00e0 la garantie expire en cas de dysfonctionnements ont mis au point par une mauvaise utilisation, impact de foudre, court circuit, ne suit pas du manuel et de l&rsquo;ing\u00e9rence de tierces parties. Pour les \u00a0qui proviennent de ces causes ou le producteur [&hellip;]<\/p>\n","protected":false},"author":1,"featured_media":0,"parent":0,"menu_order":0,"comment_status":"closed","ping_status":"closed","template":"","meta":{"_monsterinsights_skip_tracking":false,"_monsterinsights_sitenote_active":false,"_monsterinsights_sitenote_note":"","_monsterinsights_sitenote_category":0,"footnotes":""},"class_list":["post-596","page","type-page","status-publish","hentry"],"_links":{"self":[{"href":"https:\/\/www.camparo.nl\/site\/fr\/wp-json\/wp\/v2\/pages\/596","targetHints":{"allow":["GET"]}}],"collection":[{"href":"https:\/\/www.camparo.nl\/site\/fr\/wp-json\/wp\/v2\/pages"}],"about":[{"href":"https:\/\/www.camparo.nl\/site\/fr\/wp-json\/wp\/v2\/types\/page"}],"author":[{"embeddable":true,"href":"https:\/\/www.camparo.nl\/site\/fr\/wp-json\/wp\/v2\/users\/1"}],"replies":[{"embeddable":true,"href":"https:\/\/www.camparo.nl\/site\/fr\/wp-json\/wp\/v2\/comments?post=596"}],"version-history":[{"count":10,"href":"https:\/\/www.camparo.nl\/site\/fr\/wp-json\/wp\/v2\/pages\/596\/revisions"}],"predecessor-version":[{"id":5802,"href":"https:\/\/www.camparo.nl\/site\/fr\/wp-json\/wp\/v2\/pages\/596\/revisions\/5802"}],"wp:attachment":[{"href":"https:\/\/www.camparo.nl\/site\/fr\/wp-json\/wp\/v2\/media?parent=596"}],"curies":[{"name":"wp","href":"https:\/\/api.w.org\/{rel}","templated":true}]}}