{"id":601,"date":"2019-01-13T14:39:07","date_gmt":"2019-01-13T13:39:07","guid":{"rendered":"https:\/\/www.camparo.nl\/site\/?page_id=601"},"modified":"2025-01-06T07:51:40","modified_gmt":"2025-01-06T06:51:40","slug":"algemene-voorwaarden","status":"publish","type":"page","link":"https:\/\/www.camparo.nl\/site\/fr\/algemene-voorwaarden\/","title":{"rendered":"Conditions g\u00e9n\u00e9rales"},"content":{"rendered":"<p><\/p>\n<div align=\"justify\">\n<p><span style=\"color: #000000; font-size: 10pt; font-family: arial, helvetica, sans-serif;\"><b>Commander par l\u2019e-mail.<\/b><\/span><\/p>\n<ul>\n<li><span style=\"color: #000000; font-size: 10pt; font-family: arial, helvetica, sans-serif;\">Avant que vous pouvez passer une commende, vous avez besoin de vous enregistrer comme un client.<\/span><\/li>\n<\/ul>\n<\/div>\n<div align=\"justify\">\n<ul>\n<li><span style=\"color: #000000; font-size: 10pt; font-family: arial, helvetica, sans-serif;\">Apr\u00e8s Camparo re\u00e7oit un ordre, vous recevez une affirmation par l&rsquo;e-mail.<\/span><\/li>\n<\/ul>\n<\/div>\n<div align=\"justify\"><span style=\"color: #000000; font-size: 10pt; font-family: arial, helvetica, sans-serif;\"><b>La paiement<\/b><\/span><\/div>\n<div align=\"justify\">\n<ul>\n<li><span style=\"color: #000000; font-size: 10pt; font-family: arial, helvetica, sans-serif;\">Le produit a \u00eatre pay\u00e9, avant que Camparo proc\u00e8de au chargement (Si vous voulez payer dans les termes, vous avez besoin de contacter Camparo par l&rsquo;e-mail. Tenir compte des frais suppl\u00e9mentaires et un d\u00e9lai de livraison plus longue.<\/span><\/li>\n<\/ul>\n<\/div>\n<div align=\"justify\">\n<ul>\n<li><span style=\"color: #000000; font-size: 10pt; font-family: arial, helvetica, sans-serif;\">Quand Camparo re\u00e7oit le paiement, ceci est confirm\u00e9 par l&rsquo;e-mail. Le d\u00e9lai de livraison commence \u00e0 ce moment.<\/span><\/li>\n<\/ul>\n<\/div>\n<div align=\"justify\">\n<ul>\n<li><span style=\"color: #000000; font-size: 10pt; font-family: arial, helvetica, sans-serif;\">La facture est simultan\u00e9ment envoy\u00e9e avec le produit, par la Poste ou e-mail. Cette facture compte comme une garantie ; si garder ce s\u00fbr.<\/span><\/li>\n<\/ul>\n<\/div>\n<div align=\"justify\"><span style=\"color: #000000; font-size: 10pt; font-family: arial, helvetica, sans-serif;\"><b>La livraison<\/b><\/span><\/div>\n<div align=\"justify\">\n<ul>\n<li><span style=\"color: #000000; font-size: 10pt; font-family: arial, helvetica, sans-serif;\">La livraison arrive dans 30 jours apr\u00e8s avoir re\u00e7u le paiement. Si ce terme obtient d\u00e9pass\u00e9, vous obtiendrez un message le plus t\u00f4t possible. Si vous voulez annuler alors votre ordre, l&rsquo;accord d&rsquo;achat sera dissous sans les co\u00fbts. Camparo transf\u00e9rera l&rsquo;argent que vous avez pay\u00e9 de retour \u00e0 vous le plus t\u00f4t possible. En tout cas, le remboursement aura lieu dans 30 jours apr\u00e8s le casser de l&rsquo;accord d&rsquo;achat.<\/span><\/li>\n<\/ul>\n<\/div>\n<div align=\"justify\">\n<ul>\n<li><span style=\"color: #000000; font-size: 10pt; font-family: arial, helvetica, sans-serif;\">Camparo prend la responsabilit\u00e9 pour l&rsquo;arriv\u00e9e intacte du produit.<\/span><\/li>\n<\/ul>\n<\/div>\n<div align=\"justify\">\n<ul>\n<li><span style=\"color: #000000; font-size: 10pt; font-family: arial, helvetica, sans-serif;\">Est le produit dans le bon \u00e9tat, mais vous regrettez votre achat, vous avez un temps pour le reflet de 14 jours apr\u00e8s avoir re\u00e7u le produit. Vous n&rsquo;avez pas besoin d&rsquo;une raison, mais les conditions sont :<\/span><\/li>\n<\/ul>\n<\/div>\n<div align=\"justify\">\n<ul>\n<li><span style=\"color: #000000; font-size: 10pt; font-family: arial, helvetica, sans-serif;\">que vous retournez le produit dans 14 jours apr\u00e8s le re\u00e7u<\/span><\/li>\n<\/ul>\n<\/div>\n<div align=\"justify\">\n<ul>\n<li><span style=\"color: #000000; font-size: 10pt; font-family: arial, helvetica, sans-serif;\">que vous avez envoy\u00e9 avec cela la facture originale<\/span><\/li>\n<\/ul>\n<\/div>\n<div align=\"justify\">\n<ul>\n<li><span style=\"color: #000000; font-size: 10pt; font-family: arial, helvetica, sans-serif;\">que l&rsquo;article n&rsquo;est pas endommag\u00e9 et<\/span><\/li>\n<\/ul>\n<\/div>\n<div align=\"justify\">\n<ul>\n<li><span style=\"color: #000000; font-size: 10pt; font-family: arial, helvetica, sans-serif;\">que l&rsquo;article est dans le paquet original.<\/span><\/li>\n<\/ul>\n<\/div>\n<div align=\"justify\"><span style=\"color: #000000; font-size: 10pt; font-family: arial, helvetica, sans-serif;\">Apr\u00e8s Camparo re\u00e7oit le produit la quantit\u00e9 que vous avez pay\u00e9e sera transf\u00e9r\u00e9e de retour \u00e0 vous le plus t\u00f4t possible, dans n&rsquo;importe quel cas dans 30 jours apr\u00e8s le re\u00e7u du produit.<\/span><\/div>\n<div align=\"justify\"><span style=\"color: #000000; font-size: 10pt; font-family: arial, helvetica, sans-serif;\">\u00a0<\/span><\/div>\n<div align=\"justify\"><span style=\"color: #000000; font-size: 10pt; font-family: arial, helvetica, sans-serif;\"><b>Garantie<\/b><\/span><\/div>\n<div align=\"justify\">\n<ul>\n<li><span style=\"color: #000000; font-size: 10pt; font-family: arial, helvetica, sans-serif;\">Les garanties de Camparo qu&rsquo;un produit obtient r\u00e9par\u00e9\/remplac\u00e9 sans les co\u00fbts, quand \u00e0 l&rsquo;usage normal (selon la vue valide g\u00e9n\u00e9rale) dans 24 mois apr\u00e8s l&rsquo;achat, les probl\u00e8mes apparaissent, cela est venu des d\u00e9fauts visibles dans la production.<\/span><\/li>\n<\/ul>\n<\/div>\n<div align=\"justify\">\n<ul>\n<li><span style=\"color: #000000; font-size: 10pt; font-family: arial, helvetica, sans-serif;\">La date de livraison de produit comptes comme la date commen\u00e7ant de la p\u00e9riode de garantie.<\/span><\/li>\n<\/ul>\n<\/div>\n<div align=\"justify\">\n<ul>\n<li><span style=\"color: #000000; font-size: 10pt; font-family: arial, helvetica, sans-serif;\">Les produits d\u00e9fectueux ont besoin d&rsquo;\u00eatre offert avec l&rsquo;affranchissement suffisant et une description de la plainte au Service de Camparo (adresse: voir la facture). Aussi une copie de la facture du produit d\u00e9fectueux besoins \u00eatre envoy\u00e9e.<\/span><\/li>\n<\/ul>\n<\/div>\n<div align=\"justify\"><span style=\"color: #000000; font-size: 10pt; font-family: arial, helvetica, sans-serif;\"><b>La garantie expire quand:<\/b><\/span><\/div>\n<div align=\"justify\">\n<ul>\n<li><span style=\"color: #000000; font-size: 10pt; font-family: arial, helvetica, sans-serif;\">les personnes non-autoris\u00e9 ont fait des r\u00e9parations, \u00e0 moins qu&rsquo;il y a des accords \u00e9vidents sur le papier de ceci<\/span><\/li>\n<\/ul>\n<\/div>\n<div align=\"justify\">\n<ul>\n<li><span style=\"color: #000000; font-size: 10pt; font-family: arial, helvetica, sans-serif;\">un d\u00e9faut est caus\u00e9 par les causes externes (par l\u2019exemple le boulon d&rsquo;\u00e9clair, employer improprement etc.)<\/span><\/li>\n<\/ul>\n<\/div>\n<div align=\"justify\">\n<ul>\n<li><span style=\"color: #000000; font-size: 10pt; font-family: arial, helvetica, sans-serif;\">le manuel n&rsquo;est pas pr\u00e9cis\u00e9ment suivi<\/span><\/li>\n<\/ul>\n<\/div>\n<div align=\"justify\">\n<ul>\n<li><span style=\"color: #000000; font-size: 10pt; font-family: arial, helvetica, sans-serif;\">le type- ou le num\u00e9ro de s\u00e9rie sur les caract\u00e8res (s\u2019il est pr\u00e9sente) a \u00e9t\u00e9 chang\u00e9, a \u00e9t\u00e9 d\u00e9pouill\u00e9, a \u00e9t\u00e9 enlev\u00e9 ou a \u00e9t\u00e9 fait illisible.<\/span><\/li>\n<\/ul>\n<\/div>\n<div align=\"justify\">\n<ul>\n<li><span style=\"color: #000000; font-size: 10pt; font-family: arial, helvetica, sans-serif;\">les changements sont faits dans la facture<\/span><\/li>\n<\/ul>\n<\/div>\n<div align=\"justify\"><span style=\"color: #000000; font-size: 10pt; font-family: arial, helvetica, sans-serif;\">Quand le produit est retourn\u00e9, pendant qu&rsquo;\u00e0 cause d&rsquo;une des raisons au-dessus de la garantie n&rsquo;est pas applicable, le produit ne sera pas rembours\u00e9 de et le co\u00fbt pour l&rsquo;examen seront charg\u00e9s.<\/span><\/div>\n<div align=\"justify\"><span style=\"color: #000000; font-size: 10pt; font-family: arial, helvetica, sans-serif;\">\u00a0<\/span><\/div>\n<div align=\"justify\"><span style=\"color: #000000; font-size: 10pt; font-family: arial, helvetica, sans-serif;\"><b>La responsabilit\u00e9<\/b><\/span><\/div>\n<div align=\"justify\">\n<ul>\n<li><span style=\"color: #000000; font-size: 10pt; font-family: arial, helvetica, sans-serif;\">Camparo accepte seulement la responsabilit\u00e9 pour les dommages qui arrive pendant l&rsquo;usage normal du produit par un d\u00e9faut dans la dessine ou la production du produit; les raisons mentionn\u00e9es au-dessus pour l&rsquo;expiration de la garantie l&rsquo;aussi compte comme l&rsquo;exclusion raisonnes.<\/span><\/li>\n<\/ul>\n<\/div>\n<div align=\"justify\">\n<ul>\n<li><span style=\"color: #000000; font-size: 10pt; font-family: arial, helvetica, sans-serif;\">Camparo n&rsquo;est pas responsable des dommages caus\u00e9s \u00e0 la suite des insuffisances ou \u00e0 la suite des d\u00e9fauts dans l&rsquo;\u00e9quipement qui est fabriqu\u00e9 par les tiers.<\/span><\/li>\n<\/ul>\n<\/div>\n<div align=\"justify\">\n<ul>\n<li><span style=\"color: #000000; font-size: 10pt; font-family: arial, helvetica, sans-serif;\">Camparo ne peut pas \u00eatre tenu responsable des dommages mat\u00e9riels ou les accidents personnels \u00e0 la suite d&rsquo;une connexion qui est dans contrairement aux prescriptions de s\u00fbret\u00e9 sur place valides et contrairement aux normes techniques et contrairement au suivre du manuel.<\/span><\/li>\n<\/ul>\n<\/div>\n<div align=\"justify\"><span style=\"color: #000000; font-size: 10pt; font-family: arial, helvetica, sans-serif;\">\u00a0<\/span><\/div>\n<div style=\"text-align: right;\"><span style=\"color: #000000; font-size: 10pt; font-family: arial, helvetica, sans-serif;\">Eindhoven, \u00a0Ao\u00fbt \u00a020, 2014<\/span><\/div>\n<div style=\"text-align: center;\"><span style=\"font-size: 10pt; font-family: arial, helvetica, sans-serif; color: #000000;\">\u00a9 Camparo 2005 \/ 2025<\/span><\/div>\n<p><\/p>","protected":false},"excerpt":{"rendered":"<p>Commander par l\u2019e-mail. Avant que vous pouvez passer une commende, vous avez besoin de vous enregistrer comme un client. Apr\u00e8s Camparo re\u00e7oit un ordre, vous recevez une affirmation par l&rsquo;e-mail. La paiement Le produit a \u00eatre pay\u00e9, avant que Camparo proc\u00e8de au chargement (Si vous voulez payer dans les termes, vous avez besoin de contacter [&hellip;]<\/p>\n","protected":false},"author":1,"featured_media":0,"parent":0,"menu_order":0,"comment_status":"closed","ping_status":"closed","template":"","meta":{"_monsterinsights_skip_tracking":false,"_monsterinsights_sitenote_active":false,"_monsterinsights_sitenote_note":"","_monsterinsights_sitenote_category":0,"footnotes":""},"class_list":["post-601","page","type-page","status-publish","hentry"],"_links":{"self":[{"href":"https:\/\/www.camparo.nl\/site\/fr\/wp-json\/wp\/v2\/pages\/601","targetHints":{"allow":["GET"]}}],"collection":[{"href":"https:\/\/www.camparo.nl\/site\/fr\/wp-json\/wp\/v2\/pages"}],"about":[{"href":"https:\/\/www.camparo.nl\/site\/fr\/wp-json\/wp\/v2\/types\/page"}],"author":[{"embeddable":true,"href":"https:\/\/www.camparo.nl\/site\/fr\/wp-json\/wp\/v2\/users\/1"}],"replies":[{"embeddable":true,"href":"https:\/\/www.camparo.nl\/site\/fr\/wp-json\/wp\/v2\/comments?post=601"}],"version-history":[{"count":14,"href":"https:\/\/www.camparo.nl\/site\/fr\/wp-json\/wp\/v2\/pages\/601\/revisions"}],"predecessor-version":[{"id":5797,"href":"https:\/\/www.camparo.nl\/site\/fr\/wp-json\/wp\/v2\/pages\/601\/revisions\/5797"}],"wp:attachment":[{"href":"https:\/\/www.camparo.nl\/site\/fr\/wp-json\/wp\/v2\/media?parent=601"}],"curies":[{"name":"wp","href":"https:\/\/api.w.org\/{rel}","templated":true}]}}