{"id":607,"date":"2019-01-13T14:56:53","date_gmt":"2019-01-13T13:56:53","guid":{"rendered":"https:\/\/www.camparo.nl\/site\/?page_id=607"},"modified":"2025-01-06T08:00:37","modified_gmt":"2025-01-06T07:00:37","slug":"privacy-verklaring","status":"publish","type":"page","link":"https:\/\/www.camparo.nl\/site\/fr\/privacy-verklaring\/","title":{"rendered":"D\u00e9claration d&rsquo;intimit\u00e9"},"content":{"rendered":"<p><\/p>\n<div style=\"text-align: justify;\" align=\"justify\"><span style=\"font-size: 10pt; font-family: arial, helvetica, sans-serif;\">Camparo estime prot\u00e9geant votre intimit\u00e9 et commet \u00e0 ne vendant pas ou donner vos donn\u00e9es personnelles aux tiers, ou leur donnant la permission pour utiliser vos donn\u00e9es personnelles pour leur usage.<\/span><\/div>\n<div style=\"text-align: justify;\" align=\"justify\"><span style=\"font-size: 10pt; font-family: arial, helvetica, sans-serif;\">Dans le cadre du service, Camparo obtient des donn\u00e9es personnelles (nom, adresse, lieu de r\u00e9sidence et adresse e-mail). Ces donn\u00e9es sont trait\u00e9es dans Camparo.<\/span><\/div>\n<div style=\"text-align: justify;\" align=\"justify\"><span style=\"font-size: 10pt; font-family: arial, helvetica, sans-serif;\">\u00a0<\/span><\/div>\n<div style=\"text-align: justify;\" align=\"justify\"><span style=\"font-size: 10pt; font-family: arial, helvetica, sans-serif;\">Les donn\u00e9es personnelles sont utilis\u00e9es pour l&rsquo;envoi et la facturation de la commande. Les factures sont conserv\u00e9es sur papier pendant la p\u00e9riode de 7 ans fix\u00e9e par la taxe puis supprim\u00e9es. Apr\u00e8s la p\u00e9riode de garantie de deux ans, les donn\u00e9es personnelles num\u00e9riques seront supprim\u00e9es par nous.<\/span><\/div>\n<div style=\"text-align: justify;\" align=\"justify\"><span style=\"font-size: 10pt; font-family: arial, helvetica, sans-serif;\">\u00a0<\/span><\/div>\n<div style=\"text-align: justify;\"><span style=\"color: #ff0000; font-size: 10pt; font-family: arial, helvetica, sans-serif;\">Cookies<\/span><br \/>\n<span style=\"font-size: 10pt; font-family: arial, helvetica, sans-serif;\">Ne sont pas appliqu\u00e9s<\/span><\/div>\n<div style=\"text-align: center;\"><span style=\"font-size: 10pt; font-family: arial, helvetica, sans-serif;\">\u00a9 Camparo 2005 \/ 2025<\/span><\/div>\n<p><\/p>","protected":false},"excerpt":{"rendered":"<p>Camparo estime prot\u00e9geant votre intimit\u00e9 et commet \u00e0 ne vendant pas ou donner vos donn\u00e9es personnelles aux tiers, ou leur donnant la permission pour utiliser vos donn\u00e9es personnelles pour leur usage. Dans le cadre du service, Camparo obtient des donn\u00e9es personnelles (nom, adresse, lieu de r\u00e9sidence et adresse e-mail). Ces donn\u00e9es sont trait\u00e9es dans Camparo. [&hellip;]<\/p>\n","protected":false},"author":1,"featured_media":0,"parent":0,"menu_order":0,"comment_status":"closed","ping_status":"closed","template":"","meta":{"_monsterinsights_skip_tracking":false,"_monsterinsights_sitenote_active":false,"_monsterinsights_sitenote_note":"","_monsterinsights_sitenote_category":0,"footnotes":""},"class_list":["post-607","page","type-page","status-publish","hentry"],"_links":{"self":[{"href":"https:\/\/www.camparo.nl\/site\/fr\/wp-json\/wp\/v2\/pages\/607","targetHints":{"allow":["GET"]}}],"collection":[{"href":"https:\/\/www.camparo.nl\/site\/fr\/wp-json\/wp\/v2\/pages"}],"about":[{"href":"https:\/\/www.camparo.nl\/site\/fr\/wp-json\/wp\/v2\/types\/page"}],"author":[{"embeddable":true,"href":"https:\/\/www.camparo.nl\/site\/fr\/wp-json\/wp\/v2\/users\/1"}],"replies":[{"embeddable":true,"href":"https:\/\/www.camparo.nl\/site\/fr\/wp-json\/wp\/v2\/comments?post=607"}],"version-history":[{"count":14,"href":"https:\/\/www.camparo.nl\/site\/fr\/wp-json\/wp\/v2\/pages\/607\/revisions"}],"predecessor-version":[{"id":5805,"href":"https:\/\/www.camparo.nl\/site\/fr\/wp-json\/wp\/v2\/pages\/607\/revisions\/5805"}],"wp:attachment":[{"href":"https:\/\/www.camparo.nl\/site\/fr\/wp-json\/wp\/v2\/media?parent=607"}],"curies":[{"name":"wp","href":"https:\/\/api.w.org\/{rel}","templated":true}]}}