{"id":610,"date":"2019-01-13T15:03:52","date_gmt":"2019-01-13T14:03:52","guid":{"rendered":"https:\/\/www.camparo.nl\/site\/?page_id=610"},"modified":"2025-01-06T08:09:10","modified_gmt":"2025-01-06T07:09:10","slug":"verzenden-retourneren","status":"publish","type":"page","link":"https:\/\/www.camparo.nl\/site\/fr\/verzenden-retourneren\/","title":{"rendered":"Envoyer &#038; Retournant"},"content":{"rendered":"<p><\/p>\n<p><span style=\"font-family: arial, helvetica, sans-serif; font-size: 10pt; color: #000000;\">Les envois des ont lieu via l&rsquo;affranchissement de TPG hollandais selon les co\u00fbts d\u2019actualit\u00e9. Le Service de Camparo prend la responsabilit\u00e9 pour les articles qui obtiennent endommag\u00e9 pendant le transport. Ceci signifie que vous avez \u00e0 retourner les articles endommag\u00e9s, avec la facture, les frais d\u2019exp\u00e9dition pay\u00e9, dans 24 heures, apr\u00e8s lequel les articles endommag\u00e9s sont remplac\u00e9s gratuitement. Les contr\u00f4leurs endommag\u00e9 (deux ann\u00e9es garantissent) a \u00eatre offert les frais d\u2019exp\u00e9dition pay\u00e9 et avec un rapport de d\u00e9faut (les d\u00e9fauts) au\u00a0<b>Service de\u00a0<\/b><b>Camparo, Henkenshage 5, 5653 PX, EINDHOVEN<\/b><b>\u00a0Pays-Bas<\/b>. Vous avez aussi \u00e0 inclure dans ce envoi une copie de la facture du contr\u00f4leur de d\u00e9faut. Pour plus d\u2019information, s&rsquo;il vous pla\u00eet lire notre \u201cLes conditions de la livraison et de paiement\u201d<\/span><\/p>\n<p style=\"text-align: center;\"><span style=\"font-size: 10pt; font-family: arial, helvetica, sans-serif; color: #000000;\">\u00a9 Camparo 2005 \/ 2025<\/span><\/p>\n<p><\/p>","protected":false},"excerpt":{"rendered":"<p>Les envois des ont lieu via l&rsquo;affranchissement de TPG hollandais selon les co\u00fbts d\u2019actualit\u00e9. Le Service de Camparo prend la responsabilit\u00e9 pour les articles qui obtiennent endommag\u00e9 pendant le transport. Ceci signifie que vous avez \u00e0 retourner les articles endommag\u00e9s, avec la facture, les frais d\u2019exp\u00e9dition pay\u00e9, dans 24 heures, apr\u00e8s lequel les articles endommag\u00e9s [&hellip;]<\/p>\n","protected":false},"author":1,"featured_media":0,"parent":0,"menu_order":0,"comment_status":"closed","ping_status":"closed","template":"","meta":{"_monsterinsights_skip_tracking":false,"_monsterinsights_sitenote_active":false,"_monsterinsights_sitenote_note":"","_monsterinsights_sitenote_category":0,"footnotes":""},"class_list":["post-610","page","type-page","status-publish","hentry"],"_links":{"self":[{"href":"https:\/\/www.camparo.nl\/site\/fr\/wp-json\/wp\/v2\/pages\/610","targetHints":{"allow":["GET"]}}],"collection":[{"href":"https:\/\/www.camparo.nl\/site\/fr\/wp-json\/wp\/v2\/pages"}],"about":[{"href":"https:\/\/www.camparo.nl\/site\/fr\/wp-json\/wp\/v2\/types\/page"}],"author":[{"embeddable":true,"href":"https:\/\/www.camparo.nl\/site\/fr\/wp-json\/wp\/v2\/users\/1"}],"replies":[{"embeddable":true,"href":"https:\/\/www.camparo.nl\/site\/fr\/wp-json\/wp\/v2\/comments?post=610"}],"version-history":[{"count":11,"href":"https:\/\/www.camparo.nl\/site\/fr\/wp-json\/wp\/v2\/pages\/610\/revisions"}],"predecessor-version":[{"id":5813,"href":"https:\/\/www.camparo.nl\/site\/fr\/wp-json\/wp\/v2\/pages\/610\/revisions\/5813"}],"wp:attachment":[{"href":"https:\/\/www.camparo.nl\/site\/fr\/wp-json\/wp\/v2\/media?parent=610"}],"curies":[{"name":"wp","href":"https:\/\/api.w.org\/{rel}","templated":true}]}}