{"id":621,"date":"2019-01-13T15:36:18","date_gmt":"2019-01-13T14:36:18","guid":{"rendered":"https:\/\/www.camparo.nl\/site\/?page_id=621"},"modified":"2023-01-09T10:55:18","modified_gmt":"2023-01-09T09:55:18","slug":"voorbeelden-2","status":"publish","type":"page","link":"https:\/\/www.camparo.nl\/site\/fr\/voorbeelden-2\/","title":{"rendered":"Des exemples"},"content":{"rendered":"<p><\/p>\n<div align=\"center\"><span style=\"color: #000000; font-family: arial, helvetica, sans-serif; font-size: 10pt;\"><b>Avec le Watt controller<\/b><\/span><\/div>\n<div align=\"center\"><span style=\"color: #000000;\"><img loading=\"lazy\" decoding=\"async\" class=\"alignleft\" src=\"https:\/\/www.camparo.nl\/data\/mediablocks\/1_FR_8__ms2.rvf_1.gif\" width=\"91\" height=\"101\" border=\"0\" \/><\/span><\/div>\n<div align=\"center\">\n<div style=\"text-align: start;\"><span style=\"color: #000000; font-size: 10pt; font-family: arial, helvetica, sans-serif;\"><b>Cuisini\u00e8re \u00e9lectrique avec 4 Amp\u00e8res<\/b><\/span><\/div>\n<div style=\"text-align: start;\"><span style=\"color: #000000;\"><span style=\"font-size: 10pt; font-family: arial, helvetica, sans-serif;\">Vous voulez chauffer votre radiateur \u00e9lectrique de 1000\/2000 watts et vous avez 4 amp\u00e8res disponibles.\u00a0<\/span><span style=\"font-size: 10pt; font-family: arial, helvetica, sans-serif;\">Dans le tableau \u00ab\u00a0Les appareils \u00e9lectriques Ampere\u00a0\u00bb vous voyez qui utilisent le chauffage \u00e9lectrique \u00e0 4 amp\u00e8re en position 1 \u00e0 1000 watts.\u00a0<\/span><span style=\"font-size: 10pt; font-family: arial, helvetica, sans-serif;\">Ins\u00e9rez la fiche de votre appareil de chauffage \u00e9lectrique dans la prise du\u00a0 Watt controller.\u00a0<\/span><span style=\"font-size: 10pt; font-family: arial, helvetica, sans-serif;\">Assurez-vous que la lumi\u00e8re du contr\u00f4leur Watt sur la position 4 amp\u00e8re br\u00fblures.\u00a0<\/span><span style=\"font-size: 10pt; font-family: arial, helvetica, sans-serif;\">Ensuite, tournez le commutateur sur votre appareil de chauffage \u00e9lectrique (pas de ventilateur de chauffage en c\u00e9ramique ou chauffe-halog\u00e8ne).<\/span><\/span><\/div>\n<\/div>\n<div align=\"center\">\u00a0<\/div>\n<div align=\"center\"><span style=\"color: #000000;\"><img loading=\"lazy\" decoding=\"async\" class=\"alignleft\" src=\"https:\/\/www.camparo.nl\/data\/mediablocks\/1_FR_8__ms2.rvf_2.gif\" width=\"83\" height=\"94\" border=\"0\" \/><\/span><\/div>\n<div align=\"center\">\n<div style=\"text-align: justify;\"><span style=\"font-family: arial, helvetica, sans-serif; font-size: 10pt; color: #000000;\"><b>L&rsquo;eau bouillante \u00e0 3 amp\u00e8res<\/b><\/span><\/div>\n<div style=\"text-align: justify;\"><span style=\"color: #000000;\"><span style=\"font-size: 10pt; font-family: arial, helvetica, sans-serif;\">Vous voulez faire bouillir l&rsquo;eau avec votre bouilloire \u00e9lectrique de 2000 watts et vous avez 3 Amp\u00e8res disponibles.\u00a0<\/span><span style=\"font-size: 10pt; font-family: arial, helvetica, sans-serif;\">Dans le tableau \u00ab\u00a0Les appareils \u00e9lectriques Ampere\u00a0\u00bb vous voyez que utiliser la bouilloire \u00e9lectrique avec 3 Amp\u00e8res.\u00a0<\/span><span style=\"font-size: 10pt; font-family: arial, helvetica, sans-serif;\">Ins\u00e9rez la fiche de votre bouilloire dans la prise du contr\u00f4leur Watt.<\/span><\/span><\/div>\n<div style=\"text-align: justify;\"><span style=\"color: #000000;\"><span style=\"font-size: 10pt; font-family: arial, helvetica, sans-serif;\">Assurez-vous que le commutateur sur le contr\u00f4leur Watt en position 3.\u00a0<\/span><span style=\"font-size: 10pt; font-family: arial, helvetica, sans-serif;\">Ensuite, allumez l&rsquo;interrupteur de votre bouilloire.<\/span><\/span><\/div>\n<\/div>\n<div align=\"center\">\u00a0<\/div>\n<div align=\"center\"><span style=\"color: #000000;\"><img loading=\"lazy\" decoding=\"async\" class=\"alignleft\" src=\"https:\/\/www.camparo.nl\/data\/mediablocks\/1_FR_8__ms2.rvf_3.gif\" width=\"83\" height=\"95\" border=\"0\" \/><\/span><\/div>\n<div align=\"center\">\u00a0<\/div>\n<div align=\"center\">\n<div style=\"text-align: start;\"><span style=\"color: #000000; font-size: 10pt; font-family: arial, helvetica, sans-serif;\"><b>Philips airfryer \u00e0 6 amp\u00e8res<\/b><\/span><\/div>\n<div style=\"text-align: start;\"><span style=\"color: #000000; font-size: 10pt; font-family: arial, helvetica, sans-serif;\">Lorsque Philips airfryer est connect\u00e9 au contr\u00f4leur Watt 6 Un scintillement des lumi\u00e8res et le ventilateur tourne \u00e0 demi-vitesse. Philips airfryer est essentiellement un four \u00e0 convection. Il faut un temps assez long jusqu&rsquo;\u00e0 ce qu&rsquo;il atteigne une temp\u00e9rature de 180 ou 200 degr\u00e9s. Quand il atteint sa temp\u00e9rature, la lumi\u00e8re orange est \u00e9teint, le vert (indiquant qu&rsquo;il est en cours d&rsquo;ex\u00e9cution) reste sans lumi\u00e8res clignotantes et le ventilateur va pleine force jusqu&rsquo;\u00e0 ce que la lumi\u00e8re orange pour revenir parce que la temp\u00e9rature a chut\u00e9.<\/span><\/div>\n<\/div>\n<div align=\"center\"><span style=\"color: #000000; font-family: arial, helvetica, sans-serif; font-size: 10pt;\"><b>\u00a0<\/b><\/span><\/div>\n<div align=\"center\"><span style=\"font-family: arial, helvetica, sans-serif; font-size: 10pt; color: #000000;\"><img loading=\"lazy\" decoding=\"async\" src=\"https:\/\/www.camparo.nl\/data\/mediablocks\/1_FR_8__ms2.rvf_4.gif\" width=\"307\" height=\"209\" border=\"0\" \/><b>\u00a0\u00a0<\/b><img loading=\"lazy\" decoding=\"async\" src=\"https:\/\/www.camparo.nl\/data\/mediablocks\/1_FR_8__ms2.rvf_5.gif\" width=\"307\" height=\"209\" border=\"0\" \/><\/span><\/div>\n<div align=\"center\">\u00a0<\/div>\n<div align=\"center\"><span style=\"color: #000000; font-family: arial, helvetica, sans-serif; font-size: 10pt;\"><b>\u00a0<\/b><\/span><\/div>\n<div align=\"center\"><span style=\"font-family: arial, helvetica, sans-serif; font-size: 10pt; color: #000000;\"><img loading=\"lazy\" decoding=\"async\" src=\"https:\/\/www.camparo.nl\/data\/mediablocks\/1_FR_8__ms2.rvf_6.gif\" width=\"307\" height=\"210\" border=\"0\" \/><b>\u00a0\u00a0<\/b><img loading=\"lazy\" decoding=\"async\" src=\"https:\/\/www.camparo.nl\/data\/mediablocks\/1_FR_8__ms2.rvf_7.gif\" width=\"307\" height=\"209\" border=\"0\" \/><\/span><\/div>\n<div align=\"center\">\u00a0<\/div>\n<div align=\"center\"><span style=\"color: #000000;\"><span style=\"font-family: arial, helvetica, sans-serif; font-size: 10pt;\"><b>\u00a0<\/b><\/span><span style=\"font-family: arial, helvetica, sans-serif; font-size: 10pt;\"><b>\u00a0<\/b><\/span><\/span><\/div>\n<div align=\"center\"><span style=\"font-family: arial, helvetica, sans-serif; font-size: 10pt; color: #000000;\"><img loading=\"lazy\" decoding=\"async\" src=\"https:\/\/www.camparo.nl\/data\/mediablocks\/1_FR_8__ms2.rvf_8.gif\" width=\"307\" height=\"209\" border=\"0\" \/><b>\u00a0\u00a0<\/b><img loading=\"lazy\" decoding=\"async\" src=\"https:\/\/www.camparo.nl\/data\/mediablocks\/1_FR_8__ms2.rvf_9.gif\" width=\"307\" height=\"209\" border=\"0\" \/><\/span><\/div>\n<div align=\"center\">\u00a0<\/div>\n<div align=\"center\"><span style=\"color: #000000; font-family: arial, helvetica, sans-serif; font-size: 10pt;\"><b>\u00a0<\/b><\/span><\/div>\n<div align=\"center\"><span style=\"font-family: arial, helvetica, sans-serif; font-size: 10pt; color: #000000;\"><img loading=\"lazy\" decoding=\"async\" src=\"https:\/\/www.camparo.nl\/data\/mediablocks\/1_FR_8__ms2.rvf_10.gif\" width=\"307\" height=\"210\" border=\"0\" \/><b>\u00a0\u00a0<\/b><img loading=\"lazy\" decoding=\"async\" src=\"https:\/\/www.camparo.nl\/data\/mediablocks\/1_FR_8__ms2.rvf_11.gif\" width=\"307\" height=\"209\" border=\"0\" \/><\/span><\/div>\n<div align=\"center\">\u00a0<\/div>\n<div align=\"center\"><span style=\"color: #000000; font-family: arial, helvetica, sans-serif; font-size: 10pt;\"><b>\u00a0<\/b><\/span><\/div>\n<div align=\"center\"><span style=\"font-family: arial, helvetica, sans-serif; font-size: 10pt; color: #000000;\"><img loading=\"lazy\" decoding=\"async\" src=\"https:\/\/www.camparo.nl\/data\/mediablocks\/1_FR_8__ms2.rvf_12.gif\" width=\"307\" height=\"210\" border=\"0\" \/><b>\u00a0\u00a0<\/b><img loading=\"lazy\" decoding=\"async\" src=\"https:\/\/www.camparo.nl\/data\/mediablocks\/1_FR_8__ms2.rvf_13.gif\" width=\"307\" height=\"209\" border=\"0\" \/><\/span><\/div>\n<div align=\"center\">\u00a0<\/div>\n<div align=\"center\"><span style=\"color: #000000; font-family: arial, helvetica, sans-serif; font-size: 10pt;\"><b>\u00a0<\/b><\/span><\/div>\n<div align=\"center\"><span style=\"font-family: arial, helvetica, sans-serif; font-size: 10pt; color: #000000;\"><img loading=\"lazy\" decoding=\"async\" src=\"https:\/\/www.camparo.nl\/data\/mediablocks\/1_FR_8__ms2.rvf_14.gif\" width=\"307\" height=\"209\" border=\"0\" \/><b>\u00a0\u00a0<\/b><img loading=\"lazy\" decoding=\"async\" src=\"https:\/\/www.camparo.nl\/data\/mediablocks\/1_FR_8__ms2.rvf_15.gif\" width=\"307\" height=\"208\" border=\"0\" \/><\/span><\/div>\n<div align=\"center\">\u00a0<\/div>\n<div align=\"center\"><span style=\"font-size: 10pt; font-family: arial, helvetica, sans-serif;\">\u00a9 Camparo 2005 \/ 2023<\/span><\/div>\n<div align=\"center\">\u00a0<\/div>\n<p><\/p>","protected":false},"excerpt":{"rendered":"<p>Avec le Watt controller Cuisini\u00e8re \u00e9lectrique avec 4 Amp\u00e8res Vous voulez chauffer votre radiateur \u00e9lectrique de 1000\/2000 watts et vous avez 4 amp\u00e8res disponibles.\u00a0Dans le tableau \u00ab\u00a0Les appareils \u00e9lectriques Ampere\u00a0\u00bb vous voyez qui utilisent le chauffage \u00e9lectrique \u00e0 4 amp\u00e8re en position 1 \u00e0 1000 watts.\u00a0Ins\u00e9rez la fiche de votre appareil de chauffage \u00e9lectrique dans [&hellip;]<\/p>\n","protected":false},"author":1,"featured_media":0,"parent":0,"menu_order":0,"comment_status":"closed","ping_status":"closed","template":"","meta":{"_monsterinsights_skip_tracking":false,"_monsterinsights_sitenote_active":false,"_monsterinsights_sitenote_note":"","_monsterinsights_sitenote_category":0,"footnotes":""},"class_list":["post-621","page","type-page","status-publish","hentry"],"_links":{"self":[{"href":"https:\/\/www.camparo.nl\/site\/fr\/wp-json\/wp\/v2\/pages\/621","targetHints":{"allow":["GET"]}}],"collection":[{"href":"https:\/\/www.camparo.nl\/site\/fr\/wp-json\/wp\/v2\/pages"}],"about":[{"href":"https:\/\/www.camparo.nl\/site\/fr\/wp-json\/wp\/v2\/types\/page"}],"author":[{"embeddable":true,"href":"https:\/\/www.camparo.nl\/site\/fr\/wp-json\/wp\/v2\/users\/1"}],"replies":[{"embeddable":true,"href":"https:\/\/www.camparo.nl\/site\/fr\/wp-json\/wp\/v2\/comments?post=621"}],"version-history":[{"count":11,"href":"https:\/\/www.camparo.nl\/site\/fr\/wp-json\/wp\/v2\/pages\/621\/revisions"}],"predecessor-version":[{"id":5555,"href":"https:\/\/www.camparo.nl\/site\/fr\/wp-json\/wp\/v2\/pages\/621\/revisions\/5555"}],"wp:attachment":[{"href":"https:\/\/www.camparo.nl\/site\/fr\/wp-json\/wp\/v2\/media?parent=621"}],"curies":[{"name":"wp","href":"https:\/\/api.w.org\/{rel}","templated":true}]}}