{"id":630,"date":"2019-01-14T07:50:49","date_gmt":"2019-01-14T06:50:49","guid":{"rendered":"https:\/\/www.camparo.nl\/site\/?page_id=630"},"modified":"2025-08-28T09:26:59","modified_gmt":"2025-08-28T07:26:59","slug":"home","status":"publish","type":"page","link":"https:\/\/www.camparo.nl\/site\/fr\/","title":{"rendered":"Accueil"},"content":{"rendered":"<p><\/p>\n<div id=\"mainContent\">\n<div class=\"pageWelcome\">\n<div align=\"center\"><span style=\"color: #ff0000; font-size: 24pt;\"><strong><span style=\"font-family: arial, helvetica, sans-serif;\">Le Watt controller\u00a0<\/span><\/strong><\/span><br \/>\n<span style=\"font-size: 14pt;\"><strong><span style=\"color: #ff0000;\"><span style=\"font-family: arial, helvetica, sans-serif;\">voir <a style=\"color: #ff0000;\" href=\"https:\/\/www.camparo.nl\/site\/fr\/verkooppunten-watt-controller-2\/\">Points de vente<\/a><\/span><\/span><\/strong><\/span><\/div>\n<div align=\"center\"><span style=\"color: #ff0000; font-size: 12pt; font-family: arial, helvetica, sans-serif;\"><b><i>toujours assez courant dans le camping<\/i><\/b><\/span><\/div>\n<div align=\"center\"><span style=\"font-family: arial, helvetica, sans-serif; font-size: 10pt;\"><img loading=\"lazy\" decoding=\"async\" src=\"https:\/\/www.camparo.nl\/data\/mediablocks\/3_FR_18__ms2.rvf_1.gif\" width=\"378\" height=\"267\" border=\"0\" \/><\/span><\/div>\n<div align=\"center\"><span style=\"font-family: arial, helvetica, sans-serif; font-size: 10pt;\"><b>L&rsquo;appareil id\u00e9al pour le camping<\/b><\/span><\/div>\n<div align=\"center\"><span style=\"font-family: arial, helvetica, sans-serif; font-size: 10pt;\"><b>*\u00a0<\/b>Tr\u00e8s facile \u00e0 utiliser!<\/span><\/div>\n<div align=\"center\"><span style=\"font-family: arial, helvetica, sans-serif; font-size: 10pt;\">* Maintenant Livraison gratuite<\/span><\/div>\n<div align=\"center\"><span style=\"font-family: arial, helvetica, sans-serif; font-size: 10pt;\"><b>*<\/b>\u00a0La puissance d&rsquo;appareil connect\u00e9e est r\u00e9gl\u00e9e automatiquement<\/span><\/div>\n<div align=\"center\"><span style=\"font-family: arial, helvetica, sans-serif; font-size: 10pt;\"><b>*\u00a0<\/b>Vous n&rsquo;avez pas besoin des appareils sp\u00e9ciaux pour le camping<\/span><\/div>\n<div align=\"center\"><span style=\"font-family: arial, helvetica, sans-serif; font-size: 10pt;\"><b>*\u00a0<\/b>Lapuissance \u00e9lectrique d&rsquo;appareil connect\u00e9e est r\u00e9gl\u00e9e automatiquement<\/span><\/div>\n<div align=\"center\"><span style=\"font-family: arial, helvetica, sans-serif; font-size: 10pt;\"><b>*<\/b>\u00a0Votre disjoncteur ne saute plus sur votre place du camping\u00a0<span style=\"color: #ff0000;\">(<\/span><span style=\"color: #ff0000;\">gr\u00e2ce \u00e0 la s\u00e9curit\u00e9 interne)<\/span><\/span><\/div>\n<\/div>\n<\/div>\n<div style=\"text-align: justify;\" align=\"center\"><strong><span style=\"font-family: arial, helvetica, sans-serif; font-size: 10pt;\">Le dispositif id\u00e9al pour le camping<\/span><\/strong><br \/>\n<span style=\"font-family: arial, helvetica, sans-serif; font-size: 10pt;\">Avec un contr\u00f4leur en watts, vous pouvez utiliser de petits appareils \u00e9lectrom\u00e9nagers d\u2019une puissance allant jusqu\u2019\u00e0 2 000 watts \u00e0 3, 4 ou 6 amp\u00e8res: le fusible de votre camping ne fonctionnera plus et les appareils continueront de fonctionner. Pour le r\u00e9frig\u00e9rateur, l&rsquo;\u00e9clairage et la t\u00e9l\u00e9vision, vous avez d\u00e9j\u00e0 besoin d&rsquo;environ 220 watts. Si vous avez par exemple une connexion de 4 amp\u00e8res sur un camping, vous ne pouvez utiliser que des appareils d\u2019une puissance maximale de 700 watts; vous pouvez oublier votre cafeti\u00e8re avec 1600 watts, mais &#8230; avec un contr\u00f4leur de watt entre les deux, vous pouvez faire un d\u00e9licieux caf\u00e9. Il est \u00e9galement possible de faire cuire des frites \u00e0 4 amp\u00e8res, des grillades \u00e9lectriques, des brushings, des s\u00e9choirs \u00e0 air, des s\u00e9choirs \u00e0 air, des fours et m\u00eame des plats au four d\u00e9licieux! <strong>Le Watt Controller r\u00e9pond \u00e0 toutes les exigences de la Communaut\u00e9 europ\u00e9enne. Il a \u00e9t\u00e9 test\u00e9 selon les normes CE\u00a0: voir les donn\u00e9es techniques. Notre Watt Controller ne pr\u00e9sente donc aucun risque, notamment d&rsquo;incendie. Le propri\u00e9taire du camping sera donc ravi de vous accueillir avec notre Watt Controller\u00a0!<span style=\"font-size: 12pt;\"><span style=\"color: #ff0000;\"> Attention:<\/span> il existe d\u00e9sormais sur le march\u00e9 un autre Watt Controller qui ne r\u00e9pond malheureusement pas aux exigences europ\u00e9ennes : le PowerAce Watt Controller. Cet appareil a \u00e9t\u00e9 refus\u00e9 en Belgique, notamment pour des raisons de risque d&rsquo;incendie.<\/span><\/strong><\/span><\/div>\n<div style=\"text-align: justify;\" align=\"center\">\n<strong><span style=\"font-family: arial, helvetica, sans-serif; font-size: 10pt;\">Comment fonctionne le Watt controller<\/span><\/strong><br \/>\n<span style=\"font-family: arial, helvetica, sans-serif; font-size: 10pt;\">Vous devez d\u2019abord informer le nombre d\u2019amplis que vous avez sur votre camping. Branchez ensuite le contr\u00f4leur Watt dans une prise de la caravane ou du camping-car. Appuyez ensuite sur la touche RESET du contr\u00f4leur Watt jusqu&rsquo;\u00e0 ce que la position correcte de l&rsquo;amp\u00e8re que vous avez sur le camping soit indiqu\u00e9e: voyant 3 = 3 amp\u00e8res, 4 = 4 amp\u00e8res et 6 = 6 amp\u00e8res. Le contr\u00f4leur Watt est maintenant pr\u00eat \u00e0 \u00eatre utilis\u00e9: vous ins\u00e9rez la fiche du dispositif \u00e9lectrique que vous souhaitez utiliser dans la prise du contr\u00f4leur Watt, puis allumez-le. Vous pouvez donc laisser votre r\u00e9frig\u00e9rateur, votre \u00e9clairage, votre t\u00e9l\u00e9vision ou votre ordinateur portable.<\/span><\/div>\n<div align=\"center\">\n<pre><span style=\"font-family: arial, helvetica, sans-serif;\"><strong>Remarque :<\/strong> <strong>Ne peut pas \u00eatre connect\u00e9 \u00e0 un onduleur avec une onde sinuso\u00efdale modifi\u00e9e.<\/strong><\/span>\r\n<strong><span style=\"font-family: arial, helvetica, sans-serif;\">ne peut \u00eatre connect\u00e9 qu'\u00e0 un onduleur avec une onde sinuso\u00efdale pure.<\/span><\/strong><\/pre>\n<\/div>\n<div id=\"mainContent\">\n<div class=\"pageWelcome\">\n<div align=\"center\"><span style=\"font-family: arial, helvetica, sans-serif; font-size: 10pt;\"><img loading=\"lazy\" decoding=\"async\" src=\"https:\/\/www.camparo.nl\/data\/mediablocks\/3_FR_18__ms2.rvf_2.gif\" width=\"141\" height=\"141\" border=\"0\" \/><img loading=\"lazy\" decoding=\"async\" src=\"https:\/\/www.camparo.nl\/data\/mediablocks\/3_FR_18__ms2.rvf_3.gif\" width=\"170\" height=\"170\" border=\"0\" \/><img loading=\"lazy\" decoding=\"async\" src=\"https:\/\/www.camparo.nl\/data\/mediablocks\/3_FR_18__ms2.rvf_4.gif\" width=\"150\" height=\"150\" border=\"0\" \/><\/span><\/div>\n<div align=\"center\"><span style=\"font-family: arial, helvetica, sans-serif; font-size: 10pt;\">Ces Senseo travaillent \u00e9galement sur le <span style=\"color: #333333;\"><b>Watt\u00a0controller<\/b><\/span><\/span><\/div>\n<div align=\"center\"><span style=\"font-family: arial, helvetica, sans-serif; font-size: 10pt;\"><img loading=\"lazy\" decoding=\"async\" src=\"https:\/\/www.camparo.nl\/data\/mediablocks\/3_FR_18__ms2.rvf_5.gif\" width=\"178\" height=\"206\" border=\"0\" \/><img loading=\"lazy\" decoding=\"async\" src=\"https:\/\/www.camparo.nl\/data\/mediablocks\/3_FR_18__ms2.rvf_6.gif\" width=\"244\" height=\"199\" border=\"0\" \/><\/span><\/div>\n<div align=\"center\"><span style=\"font-family: arial, helvetica, sans-serif; font-size: 10pt;\"><b>A partir de 4 amp\u00e8res du camping<\/b><\/span><\/div>\n<div><span style=\"color: #ff0000; font-size: 10pt; font-family: arial, helvetica, sans-serif;\"><b>Cookies: voyez D\u00e9claration d&rsquo;intimit\u00e9<\/b><\/span><\/div>\n<\/div>\n<\/div>\n<div id=\"footer_bg\">\n<div id=\"footer\">\n<div class=\"sitefootertext\">\n<div align=\"center\"><span style=\"font-size: 10pt; font-family: arial, helvetica, sans-serif;\">\u00a9 Camparo 2005 \/ 2025<\/span><\/div>\n<\/div>\n<\/div>\n<\/div>\n<p><script type=\"text\/javascript\">\n  var _paq = _paq || [];\n  \/* tracker methods like \"setCustomDimension\" should be called before \"trackPageView\" *\/\n  _paq.push(['trackPageView']);\n  _paq.push(['enableLinkTracking']);\n  (function() {\n    var u=\"\/\/www.camparo.nl\/statistieken\/\";\n    _paq.push(['setTrackerUrl', u+'piwik.php']);\n    _paq.push(['setSiteId', '1']);\n    var d=document, g=d.createElement('script'), s=d.getElementsByTagName('script')[0];\n    g.type='text\/javascript'; g.async=true; g.defer=true; g.src=u+'piwik.js'; s.parentNode.insertBefore(g,s);\n  })();\n<\/script><br \/>\n<!-- End Matomo Code --><\/p>\n<p><\/p>","protected":false},"excerpt":{"rendered":"<p>Le Watt controller\u00a0 voir Points de vente toujours assez courant dans le camping L&rsquo;appareil id\u00e9al pour le camping *\u00a0Tr\u00e8s facile \u00e0 utiliser! * Maintenant Livraison gratuite *\u00a0La puissance d&rsquo;appareil connect\u00e9e est r\u00e9gl\u00e9e automatiquement *\u00a0Vous n&rsquo;avez pas besoin des appareils sp\u00e9ciaux pour le camping *\u00a0Lapuissance \u00e9lectrique d&rsquo;appareil connect\u00e9e est r\u00e9gl\u00e9e automatiquement *\u00a0Votre disjoncteur ne saute plus [&hellip;]<\/p>\n","protected":false},"author":1,"featured_media":0,"parent":0,"menu_order":0,"comment_status":"closed","ping_status":"closed","template":"","meta":{"_monsterinsights_skip_tracking":false,"_monsterinsights_sitenote_active":false,"_monsterinsights_sitenote_note":"","_monsterinsights_sitenote_category":0,"footnotes":""},"class_list":["post-630","page","type-page","status-publish","hentry"],"_links":{"self":[{"href":"https:\/\/www.camparo.nl\/site\/fr\/wp-json\/wp\/v2\/pages\/630","targetHints":{"allow":["GET"]}}],"collection":[{"href":"https:\/\/www.camparo.nl\/site\/fr\/wp-json\/wp\/v2\/pages"}],"about":[{"href":"https:\/\/www.camparo.nl\/site\/fr\/wp-json\/wp\/v2\/types\/page"}],"author":[{"embeddable":true,"href":"https:\/\/www.camparo.nl\/site\/fr\/wp-json\/wp\/v2\/users\/1"}],"replies":[{"embeddable":true,"href":"https:\/\/www.camparo.nl\/site\/fr\/wp-json\/wp\/v2\/comments?post=630"}],"version-history":[{"count":119,"href":"https:\/\/www.camparo.nl\/site\/fr\/wp-json\/wp\/v2\/pages\/630\/revisions"}],"predecessor-version":[{"id":5861,"href":"https:\/\/www.camparo.nl\/site\/fr\/wp-json\/wp\/v2\/pages\/630\/revisions\/5861"}],"wp:attachment":[{"href":"https:\/\/www.camparo.nl\/site\/fr\/wp-json\/wp\/v2\/media?parent=630"}],"curies":[{"name":"wp","href":"https:\/\/api.w.org\/{rel}","templated":true}]}}