{"id":1023,"date":"2019-01-14T09:16:22","date_gmt":"2019-01-14T08:16:22","guid":{"rendered":"https:\/\/www.camparo.nl\/site\/?page_id=1023"},"modified":"2025-01-06T08:03:29","modified_gmt":"2025-01-06T07:03:29","slug":"senseo-500-watt","status":"publish","type":"page","link":"https:\/\/www.camparo.nl\/site\/it\/senseo-500-watt\/","title":{"rendered":"Senseo da 1450 a 920-700-500 watt"},"content":{"rendered":"<p><\/p>\n<div id=\"mainContent\">\n<div class=\"listcontainer\">\n<div>\n<table border=\"0\" cellspacing=\"2\" cellpadding=\"1\">\n<tbody>\n<tr valign=\"top\">\n<td width=\"657\">\n<div align=\"center\"><span style=\"font-size: 10pt; font-family: arial, helvetica, sans-serif;\"><img loading=\"lazy\" decoding=\"async\" src=\"https:\/\/www.camparo.nl\/data\/mediablocks\/1_IT_48__ms1.rvf_1.gif\" width=\"307\" height=\"210\" border=\"0\" \/><\/span><\/div>\n<div>\n<table border=\"0\" cellspacing=\"15\" cellpadding=\"1\">\n<tbody>\n<tr valign=\"top\">\n<td width=\"627\">\n<div align=\"center\"><span style=\"font-size: 10pt;\"><strong><span style=\"font-family: arial, helvetica, sans-serif;\">Abbassa la tua macchina del caff\u00e8 (a cialde) a 500 &#8211; 920 Watt in campeggio<\/span><\/strong><\/span><\/div>\n<div align=\"justify\"><span style=\"font-size: 10pt; font-family: arial, helvetica, sans-serif;\">A seconda del voltaggio e dell&#8217;amperaggio del campeggio, le macchine da caff\u00e8 a 3 ampere 500 watt (Senseo 7822) a 4 amplificatori e 700 watt a 6 amp 920 watt. Cos\u00ec si pu\u00f2 gi\u00e0 a 3 ampere il caff\u00e8 (percorso) di dispositivi 1600 watt collegato al controller Watt e gustare una deliziosa tazza di caff\u00e8. Hai una caldaia di 300 watt e si desidera mantenere sempre: girare la posizione Watt controllore quello inferiore.<\/span><\/div>\n<div align=\"center\"><span style=\"font-family: arial, helvetica, sans-serif; font-size: 10pt;\">\u00a0<\/span><\/div>\n<div>\n<table border=\"1\" cellspacing=\"2\" cellpadding=\"1\">\n<tbody>\n<tr valign=\"top\">\n<td colspan=\"2\" width=\"175\">\n<div align=\"center\"><span style=\"font-size: 10pt; font-family: arial, helvetica, sans-serif;\">A a consumo normale<\/span><\/div>\n<\/td>\n<td colspan=\"4\">\n<div align=\"center\"><span style=\"font-size: 10pt; font-family: arial, helvetica, sans-serif;\">con il controller Watt<\/span><\/div>\n<\/td>\n<\/tr>\n<tr valign=\"top\">\n<td colspan=\"2\" width=\"175\">\n<div>\u00a0<\/div>\n<\/td>\n<td width=\"75\">\n<div align=\"center\"><span style=\"font-size: 10pt; font-family: arial, helvetica, sans-serif;\">posizione 3<\/span><\/div>\n<\/td>\n<td bgcolor=\"#ccffff\" width=\"186\">\n<div align=\"center\"><span style=\"font-size: 10pt; font-family: arial, helvetica, sans-serif;\">posizione 3 a 4 amplificatori<\/span><\/div>\n<\/td>\n<td width=\"80\">\n<div align=\"center\"><span style=\"font-size: 10pt; font-family: arial, helvetica, sans-serif;\">posizione 4<\/span><\/div>\n<\/td>\n<td width=\"80\">\n<div align=\"center\"><span style=\"font-size: 10pt; font-family: arial, helvetica, sans-serif;\">posizione 6<\/span><\/div>\n<\/td>\n<\/tr>\n<tr valign=\"top\">\n<td width=\"119\">\n<div><span style=\"font-size: 10pt; font-family: arial, helvetica, sans-serif;\">Senseo 7822<\/span><\/div>\n<\/td>\n<td width=\"43\">\n<div align=\"center\"><span style=\"font-size: 10pt; font-family: arial, helvetica, sans-serif;\">6,3<\/span><\/div>\n<\/td>\n<td width=\"75\">\n<div align=\"center\"><span style=\"font-size: 10pt; font-family: arial, helvetica, sans-serif;\">2<\/span><\/div>\n<\/td>\n<td bgcolor=\"#ccffff\" width=\"186\">\n<div align=\"center\"><span style=\"font-size: 10pt; font-family: arial, helvetica, sans-serif;\">2<\/span><\/div>\n<\/td>\n<td width=\"80\">\n<div align=\"center\"><span style=\"font-size: 10pt; font-family: arial, helvetica, sans-serif;\">3<\/span><\/div>\n<\/td>\n<td width=\"80\">\n<div align=\"center\"><span style=\"font-size: 10pt; font-family: arial, helvetica, sans-serif;\">4<\/span><\/div>\n<\/td>\n<\/tr>\n<tr valign=\"top\">\n<td width=\"119\">\n<div><span style=\"font-size: 10pt; font-family: arial, helvetica, sans-serif;\">frigorifero<\/span><\/div>\n<\/td>\n<td width=\"43\">\n<div align=\"center\"><span style=\"font-size: 10pt; font-family: arial, helvetica, sans-serif;\">0,54<\/span><\/div>\n<\/td>\n<td width=\"75\">\n<div align=\"center\"><span style=\"font-size: 10pt; font-family: arial, helvetica, sans-serif;\">0,54<\/span><\/div>\n<\/td>\n<td bgcolor=\"#ccffff\" width=\"186\">\n<div align=\"center\"><span style=\"font-size: 10pt; font-family: arial, helvetica, sans-serif;\">0,54<\/span><\/div>\n<\/td>\n<td width=\"80\">\n<div align=\"center\"><span style=\"font-size: 10pt; font-family: arial, helvetica, sans-serif;\">0,54<\/span><\/div>\n<\/td>\n<td width=\"80\">\n<div align=\"center\"><span style=\"font-size: 10pt; font-family: arial, helvetica, sans-serif;\">0,54<\/span><\/div>\n<\/td>\n<\/tr>\n<tr valign=\"top\">\n<td width=\"119\">\n<div><span style=\"font-size: 10pt; font-family: arial, helvetica, sans-serif;\">TV e luci<\/span><\/div>\n<\/td>\n<td width=\"43\">\n<div align=\"center\"><span style=\"font-size: 10pt; font-family: arial, helvetica, sans-serif;\">0,43<\/span><\/div>\n<\/td>\n<td width=\"75\">\n<div align=\"center\"><span style=\"font-size: 10pt; font-family: arial, helvetica, sans-serif;\">0,43<\/span><\/div>\n<\/td>\n<td bgcolor=\"#ccffff\" width=\"186\">\n<div align=\"center\"><span style=\"font-size: 10pt; font-family: arial, helvetica, sans-serif;\">illuminazione solo 0,18<\/span><\/div>\n<\/td>\n<td width=\"80\">\n<div align=\"center\"><span style=\"font-size: 10pt; font-family: arial, helvetica, sans-serif;\">0,43<\/span><\/div>\n<\/td>\n<td width=\"80\">\n<div align=\"center\"><span style=\"font-size: 10pt; font-family: arial, helvetica, sans-serif;\">0,43<\/span><\/div>\n<\/td>\n<\/tr>\n<tr valign=\"top\">\n<td width=\"119\">\n<div><span style=\"font-size: 10pt; font-family: arial, helvetica, sans-serif;\">caldaia<\/span><\/div>\n<\/td>\n<td width=\"43\">\n<div align=\"center\"><span style=\"font-size: 10pt; font-family: arial, helvetica, sans-serif;\">1,30<\/span><\/div>\n<\/td>\n<td width=\"75\">\n<div align=\"center\"><span style=\"font-size: 10pt; font-family: arial, helvetica, sans-serif;\">&#8211;<\/span><\/div>\n<\/td>\n<td bgcolor=\"#ccffff\" width=\"186\">\n<div align=\"center\"><span style=\"font-size: 10pt; font-family: arial, helvetica, sans-serif;\">1,3<\/span><\/div>\n<\/td>\n<td width=\"80\">\n<div align=\"center\"><span style=\"font-size: 10pt; font-family: arial, helvetica, sans-serif;\">&#8211;<\/span><\/div>\n<\/td>\n<td width=\"80\">\n<div align=\"center\"><span style=\"font-size: 10pt; font-family: arial, helvetica, sans-serif;\">&#8211;<\/span><\/div>\n<\/td>\n<\/tr>\n<tr valign=\"top\">\n<td width=\"119\">\n<div><span style=\"font-size: 10pt; font-family: arial, helvetica, sans-serif;\">ampere totali<\/span><\/div>\n<\/td>\n<td width=\"43\">\n<div align=\"center\"><span style=\"font-size: 10pt; font-family: arial, helvetica, sans-serif;\">8,57<\/span><\/div>\n<\/td>\n<td width=\"75\">\n<div align=\"center\"><span style=\"font-size: 10pt; font-family: arial, helvetica, sans-serif;\">2,97<\/span><\/div>\n<\/td>\n<td bgcolor=\"#ccffff\" width=\"186\">\n<div align=\"center\"><span style=\"font-size: 10pt; font-family: arial, helvetica, sans-serif;\">4,02<\/span><\/div>\n<\/td>\n<td width=\"80\">\n<div align=\"center\"><span style=\"font-size: 10pt; font-family: arial, helvetica, sans-serif;\">3,97<\/span><\/div>\n<\/td>\n<td width=\"80\">\n<div align=\"center\"><span style=\"font-size: 10pt; font-family: arial, helvetica, sans-serif;\">4,97<\/span><\/div>\n<\/td>\n<\/tr>\n<\/tbody>\n<\/table>\n<\/div>\n<\/td>\n<\/tr>\n<\/tbody>\n<\/table>\n<\/div>\n<div><span style=\"font-size: 10pt; font-family: arial, helvetica, sans-serif;\"><b>Princess Caff\u00e8 Italiano 1600 watt<\/b><\/span><\/div>\n<div><span style=\"font-size: 10pt; font-family: arial, helvetica, sans-serif;\"><img loading=\"lazy\" decoding=\"async\" src=\"https:\/\/www.camparo.nl\/data\/mediablocks\/1_IT_48__ms1.rvf_2.jpg\" width=\"622\" height=\"310\" border=\"0\" hspace=\"1\" vspace=\"1\" \/><\/span><\/div>\n<div>\n<table border=\"0\" cellspacing=\"15\" cellpadding=\"1\">\n<tbody>\n<tr valign=\"top\">\n<td width=\"627\">\n<div><span style=\"font-size: 10pt; font-family: arial, helvetica, sans-serif;\">macchina piena versatile funzione di caff\u00e8 per i ben noti cuscinetti morbidi. Completare con l&#8217;esclusiva cappuccinatore, sistema di scrematura e rubinetto dell&#8217;acqua calda. L&#8217;ugello latte e altri accessori sono facilmente smontabili per una rapida, facile pulizia.<\/span><\/div>\n<div>\u00a0<\/div>\n<div><span style=\"font-size: 10pt; font-family: arial, helvetica, sans-serif;\"><img loading=\"lazy\" decoding=\"async\" src=\"https:\/\/www.camparo.nl\/data\/mediablocks\/1_IT_48__ms1.rvf_3.jpg\" width=\"622\" height=\"283\" border=\"0\" hspace=\"1\" vspace=\"1\" \/><\/span><\/div>\n<div><span style=\"font-size: 10pt; font-family: arial, helvetica, sans-serif;\">Caff\u00e8 Italiano one touch 1600 watt<\/span><\/div>\n<\/td>\n<\/tr>\n<\/tbody>\n<\/table>\n<\/div>\n<div align=\"center\"><span style=\"font-size: 10pt; font-family: arial, helvetica, sans-serif;\"><b>Per chiudere: macchine pad caff\u00e8<\/b><\/span><\/div>\n<div>\n<table border=\"0\" cellspacing=\"2\" cellpadding=\"1\" bgcolor=\"#ffffff\">\n<tbody>\n<tr valign=\"top\">\n<td width=\"105\" height=\"105\">\n<div><span style=\"font-size: 10pt; font-family: arial, helvetica, sans-serif;\"><img loading=\"lazy\" decoding=\"async\" src=\"https:\/\/www.camparo.nl\/data\/mediablocks\/1_IT_48__ms1.rvf_4.jpg\" width=\"37\" height=\"100\" border=\"0\" hspace=\"1\" vspace=\"1\" \/><\/span><\/div>\n<\/td>\n<td width=\"146\" height=\"105\">\n<div><span style=\"font-size: 10pt; font-family: arial, helvetica, sans-serif;\"><img loading=\"lazy\" decoding=\"async\" src=\"https:\/\/www.camparo.nl\/data\/mediablocks\/1_IT_48__ms1.rvf_5.gif\" width=\"65\" height=\"101\" border=\"0\" hspace=\"1\" vspace=\"1\" \/><\/span><\/div>\n<\/td>\n<td width=\"137\" height=\"105\">\n<div><span style=\"font-size: 10pt; font-family: arial, helvetica, sans-serif;\"><img loading=\"lazy\" decoding=\"async\" src=\"https:\/\/www.camparo.nl\/data\/mediablocks\/1_IT_48__ms1.rvf_6.jpg\" width=\"70\" height=\"101\" border=\"0\" hspace=\"1\" vspace=\"1\" \/><\/span><\/div>\n<\/td>\n<td width=\"118\" height=\"105\">\n<div><span style=\"font-size: 10pt; font-family: arial, helvetica, sans-serif;\"><img loading=\"lazy\" decoding=\"async\" src=\"https:\/\/www.camparo.nl\/data\/mediablocks\/1_IT_48__ms1.rvf_7.jpg\" width=\"107\" height=\"101\" border=\"0\" hspace=\"1\" vspace=\"1\" \/><\/span><\/div>\n<\/td>\n<td width=\"101\" height=\"105\">\n<div><span style=\"font-size: 10pt; font-family: arial, helvetica, sans-serif;\"><img loading=\"lazy\" decoding=\"async\" src=\"https:\/\/www.camparo.nl\/data\/mediablocks\/1_IT_48__ms1.rvf_8.jpg\" width=\"64\" height=\"100\" border=\"0\" hspace=\"1\" vspace=\"1\" \/><\/span><\/div>\n<\/td>\n<\/tr>\n<tr valign=\"top\">\n<td width=\"105\">\n<div><span style=\"font-size: 10pt; font-family: arial, helvetica, sans-serif;\">Caf\u00e9 Gourmet<\/span><\/div>\n<\/td>\n<td width=\"146\">\n<div><span style=\"font-size: 10pt; font-family: arial, helvetica, sans-serif;\">Caff\u00e8 Italiano one touch<\/span><\/div>\n<\/td>\n<td width=\"137\">\n<div><span style=\"font-size: 10pt; font-family: arial, helvetica, sans-serif;\">Bifinett Espresso (Lidl)<\/span><\/div>\n<\/td>\n<td width=\"118\">\n<div><span style=\"font-size: 10pt; font-family: arial, helvetica, sans-serif;\">Medion (Aldi)<\/span><\/div>\n<\/td>\n<td width=\"101\">\n<div><span style=\"font-size: 10pt; font-family: arial, helvetica, sans-serif;\">Tefal Supremia<\/span><\/div>\n<\/td>\n<\/tr>\n<\/tbody>\n<\/table>\n<\/div>\n<div>\u00a0<\/div>\n<div>\u00a0<\/div>\n<div>\n<table border=\"0\" cellspacing=\"2\" cellpadding=\"1\" bgcolor=\"#ffffff\">\n<tbody>\n<tr valign=\"top\">\n<td width=\"136\">\u00a0<\/td>\n<td width=\"134\">\n<div><span style=\"font-size: 10pt; font-family: arial, helvetica, sans-serif;\"><img loading=\"lazy\" decoding=\"async\" src=\"https:\/\/www.camparo.nl\/data\/mediablocks\/1_IT_48__ms1.rvf_9.jpg\" width=\"97\" height=\"100\" border=\"0\" hspace=\"1\" vspace=\"1\" \/><\/span><\/div>\n<\/td>\n<td width=\"121\">\n<div><span style=\"font-size: 10pt; font-family: arial, helvetica, sans-serif;\"><img loading=\"lazy\" decoding=\"async\" src=\"https:\/\/www.camparo.nl\/data\/mediablocks\/1_IT_48__ms1.rvf_10.jpg\" width=\"70\" height=\"101\" border=\"0\" hspace=\"1\" vspace=\"1\" \/><\/span><\/div>\n<\/td>\n<td width=\"109\">\u00a0<\/td>\n<td width=\"109\">\u00a0<\/td>\n<\/tr>\n<tr valign=\"top\">\n<td width=\"136\">\u00a0<\/td>\n<td width=\"134\">\n<div><span style=\"font-size: 10pt; font-family: arial, helvetica, sans-serif;\">Inventum HK10<\/span><\/div>\n<\/td>\n<td width=\"121\">\n<div><span style=\"font-size: 10pt; font-family: arial, helvetica, sans-serif;\">Senseo 7810 \/ 7822<\/span><\/div>\n<\/td>\n<td width=\"109\">\u00a0<\/td>\n<td width=\"109\">\u00a0<\/td>\n<\/tr>\n<\/tbody>\n<\/table>\n<\/div>\n<div>\n<table border=\"0\" cellspacing=\"15\" cellpadding=\"1\">\n<tbody>\n<tr valign=\"top\">\n<td width=\"627\">\n<div><span style=\"font-size: 10pt; font-family: arial, helvetica, sans-serif;\">Le macchine pad prossimi lavorano sul controller Watt: macchina Nespresso Magimix M220A o Essenza di Krups macchina per il caff\u00e8 pod Inventum HK10, Medion (Aldi) Bifinett Espresso (Lidl) o un Philips cialde tipo macchina 7810 * (come codice 04, che sia riconoscibile all&#8217;inizio l&#8217;esempio numerico. 21 04151 in basso) con chiusura a leva e tipo 7822 senza display.<\/span><\/div>\n<div>\u00a0<\/div>\n<div><span style=\"font-size: 10pt; font-family: arial, helvetica, sans-serif;\">di spegnere manualmente quando si hanno abbastanza da caff\u00e8 Senseo; Quindi attenzione che l&#8217;acqua continua a funzionare (TEFAL Supremia: Spegnere sempre manualmente). Philips macchina per il caff\u00e8 pod, vedere &#8220;Domande frequenti&#8221;<\/span><\/div>\n<div>\u00a0<\/div>\n<div><span style=\"font-size: 10pt; font-family: arial, helvetica, sans-serif;\">Il controller Watt la macchina del caff\u00e8 fa un suono leggermente diverso da quello che siamo normalmente abituati. Se il controller Watt in posizione 3 mette su un sito con 4 amplificatori (vedi tabella: amplificatori ad uso normale), la caldaia pu\u00f2 anche rimanere acceso mentre si mette delizioso caff\u00e8. E se siete in un campeggio con 6 ampere il controller Watt sulla posizione 4 set, lo scaldabagno e TV \/ illuminazione pu\u00f2 rimanere accesa mentre preparare il caff\u00e8.<\/span><\/div>\n<\/td>\n<\/tr>\n<\/tbody>\n<\/table>\n<\/div>\n<div>\n<table border=\"0\" cellspacing=\"15\" cellpadding=\"1\">\n<tbody>\n<tr valign=\"top\">\n<td width=\"215\" height=\"113\">\n<div align=\"center\"><span style=\"font-size: 10pt; font-family: arial, helvetica, sans-serif;\"><img loading=\"lazy\" decoding=\"async\" src=\"https:\/\/www.camparo.nl\/data\/mediablocks\/1_IT_48__ms1.rvf_11.jpg\" width=\"77\" height=\"105\" border=\"0\" hspace=\"1\" vspace=\"1\" \/><\/span><\/div>\n<\/td>\n<td width=\"395\" height=\"113\">\n<div><span style=\"font-size: 10pt; font-family: arial, helvetica, sans-serif;\"><b>\u00a0<\/b><\/span><\/div>\n<div>\u00a0<\/div>\n<div>\u00a0<\/div>\n<div>\u00a0<\/div>\n<div><span style=\"font-size: 10pt; font-family: arial, helvetica, sans-serif;\"><b>Non per chiudere<\/b><\/span><\/div>\n<div><span style=\"font-size: 10pt; font-family: arial, helvetica, sans-serif;\">Il Senseo HD7850 ha una potenza di 2650 W (11,5 ampere) e, pertanto, non funziona sul controller Watt<\/span><\/div>\n<\/td>\n<\/tr>\n<\/tbody>\n<\/table>\n<\/div>\n<\/td>\n<\/tr>\n<\/tbody>\n<\/table>\n<\/div>\n<div>\u00a0<\/div>\n<\/div>\n<\/div>\n<div id=\"footer_bg\">\n<div id=\"footer\">\n<div class=\"cleared\">\u00a0<\/div>\n<div class=\"sitefootertext\">\n<div align=\"center\"><span style=\"font-size: 10pt; font-family: arial, helvetica, sans-serif; color: #000000;\">\u00a9 Camparo 2005 \/ 2025<\/span><\/div>\n<\/div>\n<\/div>\n<\/div>\n<p><\/p>","protected":false},"excerpt":{"rendered":"<p>Abbassa la tua macchina del caff\u00e8 (a cialde) a 500 &#8211; 920 Watt in campeggio A seconda del voltaggio e dell&#8217;amperaggio del campeggio, le macchine da caff\u00e8 a 3 ampere 500 watt (Senseo 7822) a 4 amplificatori e 700 watt a 6 amp 920 watt. Cos\u00ec si pu\u00f2 gi\u00e0 a 3 ampere il caff\u00e8 (percorso) [&hellip;]<\/p>\n","protected":false},"author":1,"featured_media":0,"parent":0,"menu_order":0,"comment_status":"closed","ping_status":"closed","template":"","meta":{"_monsterinsights_skip_tracking":false,"_monsterinsights_sitenote_active":false,"_monsterinsights_sitenote_note":"","_monsterinsights_sitenote_category":0,"footnotes":""},"class_list":["post-1023","page","type-page","status-publish","hentry"],"_links":{"self":[{"href":"https:\/\/www.camparo.nl\/site\/it\/wp-json\/wp\/v2\/pages\/1023","targetHints":{"allow":["GET"]}}],"collection":[{"href":"https:\/\/www.camparo.nl\/site\/it\/wp-json\/wp\/v2\/pages"}],"about":[{"href":"https:\/\/www.camparo.nl\/site\/it\/wp-json\/wp\/v2\/types\/page"}],"author":[{"embeddable":true,"href":"https:\/\/www.camparo.nl\/site\/it\/wp-json\/wp\/v2\/users\/1"}],"replies":[{"embeddable":true,"href":"https:\/\/www.camparo.nl\/site\/it\/wp-json\/wp\/v2\/comments?post=1023"}],"version-history":[{"count":24,"href":"https:\/\/www.camparo.nl\/site\/it\/wp-json\/wp\/v2\/pages\/1023\/revisions"}],"predecessor-version":[{"id":5808,"href":"https:\/\/www.camparo.nl\/site\/it\/wp-json\/wp\/v2\/pages\/1023\/revisions\/5808"}],"wp:attachment":[{"href":"https:\/\/www.camparo.nl\/site\/it\/wp-json\/wp\/v2\/media?parent=1023"}],"curies":[{"name":"wp","href":"https:\/\/api.w.org\/{rel}","templated":true}]}}