{"id":1031,"date":"2019-01-14T09:40:18","date_gmt":"2019-01-14T08:40:18","guid":{"rendered":"https:\/\/www.camparo.nl\/site\/?page_id=1031"},"modified":"2023-01-09T10:56:03","modified_gmt":"2023-01-09T09:56:03","slug":"voordelen-watt-controller","status":"publish","type":"page","link":"https:\/\/www.camparo.nl\/site\/it\/voordelen-watt-controller\/","title":{"rendered":"vantaggi Watt controller"},"content":{"rendered":"<p><\/p>\n<div>\n<p><span style=\"font-family: arial, helvetica, sans-serif; font-size: 10pt; color: #000000;\"><img fetchpriority=\"high\" decoding=\"async\" class=\"aligncenter\" style=\"text-align: -webkit-center;\" src=\"https:\/\/www.camparo.nl\/data\/mediablocks\/1_DE_56__ms1.rvf_1.gif\" width=\"307\" height=\"209\" border=\"0\" \/><\/span><\/p>\n<div align=\"center\"><span style=\"color: #333333; font-size: small;\"><b>Molto facile da usare: basta selezionare il sito-valutazione.<\/b><\/span><\/div>\n<ul>\n<li><span style=\"color: #333333; font-size: 10pt; font-family: arial, helvetica, sans-serif;\">La potenza \u00e8 controllata automaticamente dal dispositivo elettrico collegato.<\/span><\/li>\n<li><span style=\"color: #333333; font-size: 10pt; font-family: arial, helvetica, sans-serif;\">Camping negozio di arresto non per se accidentalmente utilizzando una presa multipla un altro dispositivo elettrico al regolatore Watt; si ferma la sicurezza immediatamente interna e l&#8217;illuminazione e frigorifero uscire. Resettata e tutto funziona di nuovo.<\/span><\/li>\n<li><span style=\"color: #333333; font-size: 10pt; font-family: arial, helvetica, sans-serif;\">Scegliere di non tener conto del fatto che il controller Watt per accendere la mezz&#8217;ora perch\u00e9 fa troppo caldo (non sar\u00e0 necessario attendere 15 minuti fino a quando non si \u00e8 raffreddata di nuovo).<\/span><\/li>\n<li><span style=\"color: #333333; font-size: 10pt; font-family: arial, helvetica, sans-serif;\">Il controller Watt non dovrebbe avere problemi tra cui un dispositivo caff\u00e8-pad o pentola fonduta, piastra, piccolo padella, termoventilatore elettrico, asciugatrice e forno a connettersi. Tuttavia, il riscaldamento prende un po &#8216;pi\u00f9 a lungo a casa, ma si fa o maggiore comfort durante la vostra vacanza.<\/span><\/li>\n<li><span style=\"color: #333333; font-size: 10pt; font-family: arial, helvetica, sans-serif;\">Il controller di Watt \u00e8 un fusibile elettronico (Fuse Controllo; fusibile di protezione, Euro Potenza Protect) e un controllo automatico di potenza (Euro Potenza Dimmer &#8220;manuale&#8221;) in un unico dispositivo.<\/span><\/li>\n<li><span style=\"color: #333333; font-size: 10pt; font-family: arial, helvetica, sans-serif;\">A casa \u00e8 possibile utilizzare il controller Watt: collegare la piastra al controller Watt: ruotare il termostato della piastra a 250 \u00b0 C e il controller Watt in posizione 4 o 6. Vi accorgerete che la temperatura della griglia rimane costante: ad interim abbassare il termostato non \u00e8 pi\u00f9 necessario!.<\/span><\/li>\n<\/ul>\n<div style=\"text-align: justify;\"><span style=\"font-family: arial, helvetica, sans-serif; font-size: 10pt;\">Nota: Senseo (serie 7810) funziona con il codice prodotto 04XXX XX (vedere in basso Senseo) sul Watt controller.<\/span><\/div>\n<div id=\"mainContent\">\n<div class=\"listcontainer\">\n<div>\n<table class=\" aligncenter\" style=\"height: 186px; width: 56.4236%;\" border=\"0\" width=\"1000\" cellspacing=\"15\" cellpadding=\"1\">\n<tbody>\n<tr style=\"height: 175px;\" valign=\"top\">\n<td style=\"height: 160px;\" width=\"296\">\n<div><span style=\"font-family: arial, helvetica, sans-serif; font-size: 10pt; color: #000000;\"><img decoding=\"async\" src=\"https:\/\/www.camparo.nl\/data\/mediablocks\/1_DE_56__ms1.rvf_2.jpg\" width=\"310\" height=\"140\" border=\"0\" hspace=\"1\" vspace=\"1\" \/><\/span><\/div>\n<\/td>\n<td style=\"height: 160px;\" width=\"296\">\n<div align=\"center\"><span style=\"font-family: arial, helvetica, sans-serif; font-size: 10pt; color: #000000;\"><img decoding=\"async\" class=\"aligncenter\" src=\"https:\/\/www.camparo.nl\/data\/mediablocks\/1_DE_56__ms1.rvf_3.gif\" width=\"279\" height=\"123\" border=\"0\" \/><\/span><\/div>\n<div style=\"text-align: center;\" align=\"center\"><span style=\"color: #000000; font-size: 10pt; font-family: arial, helvetica, sans-serif;\">Princess grillplaat 1800 watt<\/span><\/div>\n<\/td>\n<\/tr>\n<\/tbody>\n<\/table>\n<\/div>\n<\/div>\n<\/div>\n<div>\u00a0<\/div>\n<div>\n<table class=\" aligncenter\" style=\"height: 184px;\" width=\"603\">\n<tbody>\n<tr>\n<td style=\"width: 595px;\"><img loading=\"lazy\" decoding=\"async\" src=\"https:\/\/www.camparo.nl\/data\/mediablocks\/1_DE_56__ms1.rvf_4.gif\" width=\"141\" height=\"141\" border=\"0\" \/><img loading=\"lazy\" decoding=\"async\" src=\"https:\/\/www.camparo.nl\/data\/mediablocks\/1_DE_56__ms1.rvf_6.gif\" width=\"150\" height=\"150\" border=\"0\" \/><img loading=\"lazy\" decoding=\"async\" src=\"https:\/\/www.camparo.nl\/data\/mediablocks\/1_DE_56__ms1.rvf_5.gif\" width=\"170\" height=\"170\" border=\"0\" \/><img loading=\"lazy\" decoding=\"async\" src=\"https:\/\/www.camparo.nl\/data\/mediablocks\/1_DE_56__ms1.rvf_7.gif\" width=\"130\" height=\"150\" border=\"0\" \/><\/td>\n<\/tr>\n<\/tbody>\n<\/table>\n<\/div>\n<div id=\"mainContent\">\n<div>\u00a0<\/div>\n<\/div>\n<div class=\"clearfloat\">\u00a0<\/div>\n<div id=\"footer_bg\">\n<div id=\"footer\">\n<div class=\"sitefootertext\">\n<div align=\"center\"><span style=\"font-size: 10pt; font-family: arial, helvetica, sans-serif; color: #000000;\">\u00a9 Camparo 2005 \/ 2023<\/span><\/div>\n<\/div>\n<\/div>\n<\/div>\n<\/div>\n<p><\/p>","protected":false},"excerpt":{"rendered":"<p>Molto facile da usare: basta selezionare il sito-valutazione. La potenza \u00e8 controllata automaticamente dal dispositivo elettrico collegato. Camping negozio di arresto non per se accidentalmente utilizzando una presa multipla un altro dispositivo elettrico al regolatore Watt; si ferma la sicurezza immediatamente interna e l&#8217;illuminazione e frigorifero uscire. Resettata e tutto funziona di nuovo. Scegliere di [&hellip;]<\/p>\n","protected":false},"author":1,"featured_media":0,"parent":0,"menu_order":0,"comment_status":"closed","ping_status":"closed","template":"","meta":{"_monsterinsights_skip_tracking":false,"_monsterinsights_sitenote_active":false,"_monsterinsights_sitenote_note":"","_monsterinsights_sitenote_category":0,"footnotes":""},"class_list":["post-1031","page","type-page","status-publish","hentry"],"_links":{"self":[{"href":"https:\/\/www.camparo.nl\/site\/it\/wp-json\/wp\/v2\/pages\/1031","targetHints":{"allow":["GET"]}}],"collection":[{"href":"https:\/\/www.camparo.nl\/site\/it\/wp-json\/wp\/v2\/pages"}],"about":[{"href":"https:\/\/www.camparo.nl\/site\/it\/wp-json\/wp\/v2\/types\/page"}],"author":[{"embeddable":true,"href":"https:\/\/www.camparo.nl\/site\/it\/wp-json\/wp\/v2\/users\/1"}],"replies":[{"embeddable":true,"href":"https:\/\/www.camparo.nl\/site\/it\/wp-json\/wp\/v2\/comments?post=1031"}],"version-history":[{"count":9,"href":"https:\/\/www.camparo.nl\/site\/it\/wp-json\/wp\/v2\/pages\/1031\/revisions"}],"predecessor-version":[{"id":5556,"href":"https:\/\/www.camparo.nl\/site\/it\/wp-json\/wp\/v2\/pages\/1031\/revisions\/5556"}],"wp:attachment":[{"href":"https:\/\/www.camparo.nl\/site\/it\/wp-json\/wp\/v2\/media?parent=1031"}],"curies":[{"name":"wp","href":"https:\/\/api.w.org\/{rel}","templated":true}]}}