{"id":1038,"date":"2019-01-14T09:56:43","date_gmt":"2019-01-14T08:56:43","guid":{"rendered":"https:\/\/www.camparo.nl\/site\/?page_id=1038"},"modified":"2025-01-06T07:59:58","modified_gmt":"2025-01-06T06:59:58","slug":"meest-gestelde-vragen","status":"publish","type":"page","link":"https:\/\/www.camparo.nl\/site\/it\/meest-gestelde-vragen\/","title":{"rendered":"Domande frequenti"},"content":{"rendered":"<p><\/p>\n<div style=\"text-align: justify;\" align=\"justify\"><span style=\"color: #333333; font-size: 10pt; font-family: arial, helvetica, sans-serif;\"><b>osso collegare pi\u00f9 dispositivi sul controller Watt:<\/b><\/span><\/div>\n<div style=\"text-align: justify;\" align=\"justify\"><span style=\"color: #333333; font-size: 10pt; font-family: arial, helvetica, sans-serif;\">\u00c8 possibile collegare un solo dispositivo sul controller Watt. Collega altri dispositivi, quindi il regolatore Watt verr\u00e0 spento. La tensione in campo non \u00e8 disattivato.<\/span><\/div>\n<div style=\"text-align: justify;\" align=\"justify\"><span style=\"color: #333333; font-size: 10pt; font-family: arial, helvetica, sans-serif;\"><b>\u00a0<\/b><\/span><\/div>\n<div style=\"text-align: justify;\" align=\"justify\"><span style=\"color: #333333; font-size: 10pt; font-family: arial, helvetica, sans-serif;\"><b>Possa esserci pi\u00f9 punti vendita sono collegati al controller Watt:<\/b><\/span><\/div>\n<div style=\"text-align: justify;\" align=\"justify\"><span style=\"color: #333333; font-size: 10pt; font-family: arial, helvetica, sans-serif;\">S\u00ec, ma ci possono essere su un solo dispositivo. Non bisogna mai essere pi\u00f9 di un dispositivo elettrico contemporaneamente.<\/span><\/div>\n<div style=\"text-align: justify;\" align=\"justify\"><span style=\"color: #333333; font-size: 10pt; font-family: arial, helvetica, sans-serif;\"><b>\u00a0<\/b><\/span><\/div>\n<div style=\"text-align: justify;\" align=\"justify\"><span style=\"color: #333333; font-size: 10pt; font-family: arial, helvetica, sans-serif;\"><b>Posso usare pi\u00f9 watt controller per sito:<\/b><\/span><\/div>\n<div style=\"text-align: justify;\" align=\"justify\"><span style=\"color: #333333; font-size: 10pt; font-family: arial, helvetica, sans-serif;\">A 3, 4 e 6 ampere si un controllore Watt per l&#8217;uso del sito. A 10 ampere, \u00e8 possibile utilizzare due controller Watt: si mette un controllore Watt in posizione 4 e l&#8217;altro in posizione 6.<\/span><\/div>\n<div style=\"text-align: justify;\" align=\"justify\"><span style=\"color: #333333; font-size: 10pt; font-family: arial, helvetica, sans-serif;\">\u00a0<\/span><\/div>\n<div style=\"text-align: justify;\" align=\"center\"><span style=\"color: #333333; font-size: 10pt; font-family: arial, helvetica, sans-serif;\"><b>Domande su macchine da caff\u00e8<\/b><\/span><\/div>\n<div style=\"text-align: justify;\" align=\"center\"><span style=\"font-family: arial, helvetica, sans-serif; font-size: 10pt;\"><img decoding=\"async\" src=\"https:\/\/www.camparo.nl\/data\/mediablocks\/1_IT_10__ms1.rvf_1.jpg\" width=\"75\" height=\"100\" border=\"0\" hspace=\"1\" vspace=\"1\" \/><\/span><\/div>\n<div style=\"text-align: justify;\" align=\"center\"><span style=\"color: #333333; font-size: 10pt; font-family: arial, helvetica, sans-serif;\">Il Senseo HD7850 ha una potenza di 2650 W (11,5 ampere) e, pertanto, non funziona sul controller Watt.<\/span><\/div>\n<div style=\"text-align: justify;\" align=\"justify\"><span style=\"color: #333333; font-size: 10pt; font-family: arial, helvetica, sans-serif;\">\u00a0<\/span><\/div>\n<div style=\"text-align: justify;\" align=\"justify\"><span style=\"color: #333333; font-size: 10pt; font-family: arial, helvetica, sans-serif;\"><b>Ho collegato il mio Senseo al controller Watt, ma non funziona:<\/b><\/span><\/div>\n<div style=\"text-align: justify;\">\n<table border=\"0\" cellspacing=\"2\" cellpadding=\"1\">\n<tbody>\n<tr valign=\"top\">\n<td valign=\"middle\" width=\"20\">\n<div align=\"justify\"><span style=\"color: #333333; font-size: 10pt; font-family: arial, helvetica, sans-serif;\">&#8211;<\/span><\/div>\n<div align=\"justify\"><span style=\"color: #333333; font-size: 10pt; font-family: arial, helvetica, sans-serif;\">\u00a0<\/span><\/div>\n<div align=\"justify\"><span style=\"color: #333333; font-size: 10pt; font-family: arial, helvetica, sans-serif;\">\u00a0<\/span><\/div>\n<div align=\"justify\"><span style=\"color: #333333; font-size: 10pt; font-family: arial, helvetica, sans-serif;\">\u00a0<\/span><\/div>\n<\/td>\n<td valign=\"middle\" width=\"592\">\n<div align=\"justify\"><span style=\"color: #333333; font-size: 10pt; font-family: arial, helvetica, sans-serif;\">Non si dispone di un dispositivo con un allegato pizzico (1450\/1700 watt), allora questo tipo non funziona sul controller Watt. Solo il tipo 7810, 7822 (senza display) \u00e8 possibile utilizzare con chiusura a leva (1450 watt), ma \u00e8 necessario disattivare il tipo manualmente quando si hanno abbastanza caff\u00e8. Quindi, assicurarsi che l&#8217;acqua continua a funzionare. Il controller Watt fa il caff\u00e8 un suono leggermente diverso dal solito.<\/span><\/div>\n<\/td>\n<\/tr>\n<\/tbody>\n<\/table>\n<\/div>\n<div style=\"text-align: justify;\" align=\"justify\"><span style=\"color: #333333; font-size: 10pt; font-family: arial, helvetica, sans-serif;\"><b>Io ho la mia Senseo con chiusura a leva (tipo 7810) collegato al controller Watt, ma non funziona:<\/b><\/span><\/div>\n<div style=\"text-align: justify;\">\n<table border=\"0\" cellspacing=\"2\" cellpadding=\"1\">\n<tbody>\n<tr valign=\"top\">\n<td valign=\"middle\" width=\"20\">\n<div align=\"justify\"><span style=\"color: #333333; font-size: 10pt; font-family: arial, helvetica, sans-serif;\">&#8211;<\/span><\/div>\n<div align=\"justify\"><span style=\"color: #333333; font-size: 10pt; font-family: arial, helvetica, sans-serif;\">\u00a0<\/span><\/div>\n<div align=\"justify\"><span style=\"color: #333333; font-size: 10pt; font-family: arial, helvetica, sans-serif;\">&#8211;<\/span><\/div>\n<\/td>\n<td valign=\"middle\" width=\"592\">\n<div align=\"justify\"><span style=\"color: #333333; font-size: 10pt; font-family: arial, helvetica, sans-serif;\">La prima serie con chiusura a leva che \u00e8 venuto sul mercato subito dopo la Senseo con attacco pinch (identificato dal codice 03 al via della numerica XX codice 03XXX) non funziona sul controller Watt; vi \u00e8 probabilmente ancora utilizzando la vecchia scheda.<\/span><\/div>\n<div align=\"justify\"><span style=\"color: #333333; font-size: 10pt; font-family: arial, helvetica, sans-serif;\">Se si dispone di troppo po &#8216;di tensione in campeggio.<\/span><\/div>\n<\/td>\n<\/tr>\n<\/tbody>\n<\/table>\n<\/div>\n<div style=\"text-align: justify;\" align=\"justify\"><span style=\"color: #333333; font-size: 10pt; font-family: arial, helvetica, sans-serif;\"><b>Ho il mio Senseo (senza display) collegato al controller Watt, ma non funziona bene:<\/b><\/span><\/div>\n<div style=\"text-align: justify;\">\n<table border=\"0\" cellspacing=\"2\" cellpadding=\"1\">\n<tbody>\n<tr valign=\"top\">\n<td valign=\"middle\" width=\"20\">\n<div align=\"justify\"><span style=\"color: #333333; font-size: 10pt; font-family: arial, helvetica, sans-serif;\">&#8211;<\/span><\/div>\n<\/td>\n<td valign=\"middle\" width=\"592\">\n<div align=\"justify\"><a name=\"RichViewCheckpoint0\"><\/a><span style=\"color: #333333; font-size: 10pt; font-family: arial, helvetica, sans-serif;\">Scollegare il Senseo dal controller Watt; Poi girare i plug 180 gradi e inserirla nella presa del controller Watt.<\/span><\/div>\n<\/td>\n<\/tr>\n<tr valign=\"top\">\n<td valign=\"middle\" width=\"20\">\n<div align=\"justify\"><span style=\"color: #333333; font-size: 10pt; font-family: arial, helvetica, sans-serif;\">&#8211;<\/span><\/div>\n<\/td>\n<td valign=\"middle\" width=\"592\">\n<div align=\"justify\"><span style=\"color: #333333; font-size: 10pt; font-family: arial, helvetica, sans-serif;\">Se la luce rossa \u00e8 sempre attiva, \u00e8 possibile premere contemporaneamente i due pulsanti sull&#8217;unit\u00e0 e tweekop e poi lo gira manualmente. Vi \u00e8 un array del tipo 7822 che non funziona sul controller Watt.<\/span><\/div>\n<\/td>\n<\/tr>\n<\/tbody>\n<\/table>\n<\/div>\n<div style=\"text-align: justify;\" align=\"justify\"><span style=\"color: #333333; font-size: 10pt; font-family: arial, helvetica, sans-serif;\"><b>Posso utilizzare il mio Senseo in un camion sul mio inverter watt HQ-1700<\/b><\/span><\/div>\n<div style=\"text-align: justify;\">\n<table border=\"0\" cellspacing=\"2\" cellpadding=\"1\">\n<tbody>\n<tr valign=\"top\">\n<td valign=\"middle\" width=\"20\">\n<div align=\"justify\"><span style=\"color: #333333; font-size: 10pt; font-family: arial, helvetica, sans-serif;\">&#8211;<\/span><\/div>\n<\/td>\n<td valign=\"middle\" width=\"592\">\n<div align=\"justify\"><span style=\"color: #333333; font-size: 10pt; font-family: arial, helvetica, sans-serif;\">Purtroppo, questo tipo di inverter ha un onda sinusoidale modificata; solo se si dispone di un inverter con onda sinusoidale pura di almeno 1200 watt, il regolatore Watt lavora su di esso in modo da poter collegare un Senseo l\u00ec.<\/span><\/div>\n<\/td>\n<\/tr>\n<\/tbody>\n<\/table>\n<\/div>\n<div style=\"text-align: justify;\" align=\"justify\"><span style=\"color: #333333; font-size: 10pt; font-family: arial, helvetica, sans-serif;\"><b>Ho comprato al Aldi Medion coffeepadmachine 1600 Watt, che lavora presso un controllore Watt<\/b><\/span><\/div>\n<div style=\"text-align: justify;\">\n<table border=\"0\" cellspacing=\"2\" cellpadding=\"1\">\n<tbody>\n<tr valign=\"top\">\n<td valign=\"middle\" width=\"20\">\n<div align=\"justify\"><span style=\"color: #333333; font-size: 10pt; font-family: arial, helvetica, sans-serif;\">&#8211;<\/span><\/div>\n<\/td>\n<td valign=\"middle\" width=\"592\">\n<div align=\"justify\"><span style=\"color: #333333; font-size: 10pt; font-family: arial, helvetica, sans-serif;\">S\u00ec, che funziona molto bene; bisogna spegnerlo anche manualmente.<\/span><\/div>\n<\/td>\n<\/tr>\n<\/tbody>\n<\/table>\n<\/div>\n<div style=\"text-align: justify;\" align=\"justify\"><span style=\"color: #333333; font-size: 10pt; font-family: arial, helvetica, sans-serif;\"><b>Ho il mio Inventum HK10 collegato al controller Watt, ma non funziona bene:<\/b><\/span><\/div>\n<div style=\"text-align: justify;\">\n<table border=\"0\" cellspacing=\"2\" cellpadding=\"1\">\n<tbody>\n<tr valign=\"top\">\n<td valign=\"middle\" width=\"20\">\n<div align=\"justify\"><span style=\"color: #333333; font-size: 10pt; font-family: arial, helvetica, sans-serif;\">&#8211;<\/span><\/div>\n<\/td>\n<td valign=\"middle\" width=\"592\">\n<div align=\"justify\"><span style=\"color: #333333; font-size: 10pt; font-family: arial, helvetica, sans-serif;\">Se la luce rossa \u00e8 sempre attiva, \u00e8 possibile premere contemporaneamente i due pulsanti sull&#8217;unit\u00e0 e tweekop e poi lo gira manualmente.<\/span><\/div>\n<\/td>\n<\/tr>\n<\/tbody>\n<\/table>\n<\/div>\n<div style=\"text-align: justify;\" align=\"justify\"><span style=\"color: #333333; font-size: 10pt; font-family: arial, helvetica, sans-serif;\">\u00a0<\/span><\/div>\n<div style=\"text-align: justify;\" align=\"justify\"><span style=\"color: #333333; font-size: 10pt; font-family: arial, helvetica, sans-serif;\"><b>Ho collegato un dispositivo al controller Watt e le luci lampeggianti qualcosa:<\/b><\/span><\/div>\n<div style=\"text-align: justify;\" align=\"justify\"><span style=\"color: #333333; font-size: 10pt; font-family: arial, helvetica, sans-serif;\">A seconda del dispositivo e la posizione impostata del regolatore Watt, se ad es. Una caldaia acqua o riscaldatore \u00e8 collegato alle luci lampeggiano leggermente. Poich\u00e9 il controller Watt continuamente l&#8217;organizzazione di \u00e8 l&#8217;unica volta che un sacco e poi utilizza poca potenza e pu\u00f2 avere alcuna influenza sulla illuminazione.<\/span><\/div>\n<div style=\"text-align: justify;\" align=\"justify\"><span style=\"color: #333333; font-size: 10pt; font-family: arial, helvetica, sans-serif;\">Soluzione utilizzando un CFL di +\/- 11 watt invece di una lampadina normale<\/span><\/div>\n<div style=\"text-align: justify;\" align=\"justify\"><span style=\"color: #333333; font-size: 10pt; font-family: arial, helvetica, sans-serif;\">\u00a0<\/span><\/div>\n<div style=\"text-align: justify;\" align=\"justify\"><span style=\"color: #333333; font-size: 10pt; font-family: arial, helvetica, sans-serif;\"><b>Posso collegare il controller Watt sul collegamento elettrico del campo (sul palo):<\/b><\/span><\/div>\n<div style=\"text-align: justify;\" align=\"justify\"><span style=\"color: #333333; font-size: 10pt; font-family: arial, helvetica, sans-serif;\">No, perch\u00e9 il controller Watt quindi anche la capacit\u00e0 del frigorifero, l&#8217;illuminazione, e, facoltativamente, di nuovo controlli del televisore, e che non \u00e8 l&#8217;intenzione.<\/span><\/div>\n<div style=\"text-align: justify;\" align=\"justify\"><span style=\"color: #333333; font-size: 10pt; font-family: arial, helvetica, sans-serif;\"><b>\u00a0<\/b><\/span><\/div>\n<div style=\"text-align: justify;\" align=\"justify\"><span style=\"color: #333333; font-size: 10pt; font-family: arial, helvetica, sans-serif;\"><b>Ho messo il controller Watt nella presa e tutti e tre Le luci erano accese.<\/b><\/span><\/div>\n<div style=\"text-align: justify;\" align=\"justify\"><span style=\"color: #333333; font-size: 10pt; font-family: arial, helvetica, sans-serif;\">Probabilmente avete troppo po &#8216;di tensione in campeggio. Quando impianti obsoleti, la tensione al campeggio volte inferiore a 200 volt.<\/span><\/div>\n<div style=\"text-align: justify;\" align=\"justify\"><span style=\"color: #333333; font-size: 10pt; font-family: arial, helvetica, sans-serif;\">\u00a0<\/span><\/div>\n<div style=\"text-align: justify;\" align=\"justify\"><span style=\"color: #333333; font-size: 10pt; font-family: arial, helvetica, sans-serif;\"><b>Come faccio a sapere quanta energia ho in campeggio<\/b><\/span><\/div>\n<div style=\"text-align: justify;\" align=\"justify\"><span style=\"color: #333333; font-size: 10pt; font-family: arial, helvetica, sans-serif;\">Si dovrebbe sempre informarsi prima presso la reception del campeggio quanto potere hai sul campo. Se si arriva molto tardi e nessuno pu\u00f2 dire quanta energia c&#8217;\u00e8, allora si consiglia il controller Watt al livello pi\u00f9 basso (3 amp E put er).<\/span><\/div>\n<div style=\"text-align: justify;\" align=\"justify\"><span style=\"color: #333333; font-size: 10pt; font-family: arial, helvetica, sans-serif;\"><b>\u00a0<\/b><\/span><\/div>\n<div style=\"text-align: justify;\" align=\"justify\"><span style=\"color: #333333; font-size: 10pt; font-family: arial, helvetica, sans-serif;\"><b>Possa il controller Watt rimanere nella presa:<\/b><\/span><\/div>\n<div style=\"text-align: justify;\" align=\"justify\"><span style=\"color: #333333; font-size: 10pt; font-family: arial, helvetica, sans-serif;\">Si consiglia il controller Watt non abituato a sedersi nella presa (ad esempio a causa di tempeste).<\/span><\/div>\n<div style=\"text-align: justify;\" align=\"justify\"><span style=\"color: #333333; font-size: 10pt; font-family: arial, helvetica, sans-serif;\">\u00a0<\/span><\/div>\n<div style=\"text-align: justify;\" align=\"justify\"><span style=\"color: #333333; font-size: 10pt; font-family: arial, helvetica, sans-serif;\"><b>Non avete pi\u00f9 elettricit\u00e0 ed ancora impostare la posizione corretta:<\/b><\/span><\/div>\n<div style=\"text-align: justify;\" align=\"justify\"><span style=\"color: #333333; font-size: 10pt; font-family: arial, helvetica, sans-serif;\">tuttavia, l&#8217;energia elettrica in campeggio fuori, quindi la data di installazione sul sito e si devono mettere una posizione inferiore del controller Watt (dalla posizione 6 a 4 o da Impostazione 4 a 3).<\/span><\/div>\n<div style=\"text-align: justify;\" align=\"justify\"><span style=\"color: #333333; font-size: 10pt; font-family: arial, helvetica, sans-serif;\">\u00a0<\/span><\/div>\n<div style=\"text-align: justify;\" align=\"justify\"><span style=\"color: #333333; font-size: 10pt; font-family: arial, helvetica, sans-serif;\"><b>Posso collegare un televisore al controller Watt:<\/b><\/span><\/div>\n<div style=\"text-align: justify;\" align=\"justify\"><span style=\"color: #333333; font-size: 10pt; font-family: arial, helvetica, sans-serif;\">No, collegare un televisore a un controller di Watt non ha senso perch\u00e9 la TV ha solo una potenza di 60 watt. Il controllore Watt funziona solo quando un dispositivo di 400 watt.<\/span><\/div>\n<div style=\"text-align: justify;\" align=\"justify\"><span style=\"color: #333333; font-size: 10pt; font-family: arial, helvetica, sans-serif;\"><b>\u00a0<\/b><\/span><\/div>\n<div style=\"text-align: justify;\" align=\"justify\"><span style=\"color: #333333; font-size: 10pt; font-family: arial, helvetica, sans-serif;\"><b>Posso collegare un&#8217;onda sapore o altro forno a convezione con riscaldatore alogeno sul controller Watt:<\/b><\/span><\/div>\n<div style=\"text-align: justify;\" align=\"justify\"><span style=\"color: #333333; font-size: 10pt; font-family: arial, helvetica, sans-serif;\">No, forno un&#8217;onda sapore \u00e8 troppo elevata corrente di spunto e la protezione del controller Watt spegne l&#8217;onda sapore.<\/span><\/div>\n<div style=\"text-align: justify;\" align=\"justify\"><span style=\"color: #333333; font-size: 10pt; font-family: arial, helvetica, sans-serif;\"><b>\u00a0<\/b><\/span><\/div>\n<div style=\"text-align: justify;\" align=\"justify\"><span style=\"color: #333333; font-size: 10pt; font-family: arial, helvetica, sans-serif;\"><b>Posso collegare un forno a microonde al controller Watt:<\/b><\/span><\/div>\n<div style=\"text-align: justify;\" align=\"justify\"><span style=\"color: #333333; font-size: 10pt; font-family: arial, helvetica, sans-serif;\">No, un forno a microonde ha una corrente troppo alta di spunto in modo che la protezione del regolatore Watt spegne il forno a microonde.<\/span><\/div>\n<div style=\"text-align: justify;\" align=\"justify\"><span style=\"color: #333333; font-size: 10pt; font-family: arial, helvetica, sans-serif;\"><b>\u00a0<\/b><\/span><\/div>\n<div style=\"text-align: justify;\" align=\"justify\"><span style=\"color: #333333; font-size: 10pt; font-family: arial, helvetica, sans-serif;\"><b>Posso collegare un computer al controller Watt:<\/b><\/span><\/div>\n<div style=\"text-align: justify;\" align=\"justify\"><span style=\"color: #333333; font-size: 10pt; font-family: arial, helvetica, sans-serif;\">No, collegare un computer al controller Watt non ha senso perch\u00e9 il computer ha solo una potenza di 200 watt. Il controllore Watt funziona solo quando un dispositivo di 400 watt.<\/span><\/div>\n<div style=\"text-align: justify;\" align=\"justify\"><span style=\"color: #333333; font-size: 10pt; font-family: arial, helvetica, sans-serif;\">\u00a0<\/span><\/div>\n<div style=\"text-align: justify;\" align=\"justify\"><span style=\"color: #333333; font-size: 10pt; font-family: arial, helvetica, sans-serif;\"><b>Posso collegare il controller Watt su un inverter:<\/b><\/span><\/div>\n<div style=\"text-align: justify;\" align=\"justify\"><span style=\"color: #333333; font-size: 10pt; font-family: arial, helvetica, sans-serif;\">S\u00ec, ma solo su un inverter di almeno 1200 watt e con un onda sinusoidale pura (nota nessun blocco del seno). Poi collegare una macchina per il caff\u00e8 con i rilievi 1450 watt in posizione 4 e 6.<\/span><\/div>\n<div style=\"text-align: justify;\" align=\"justify\"><span style=\"color: #333333; font-size: 10pt; font-family: arial, helvetica, sans-serif;\">\u00a0<\/span><\/div>\n<div style=\"text-align: justify;\" align=\"justify\"><span style=\"color: #333333; font-size: 10pt; font-family: arial, helvetica, sans-serif;\"><b>Ho un potere Euro Protect, il controllo del fusibile, protettore Fuse, che funziona insieme ad un regolatore di Watt:<\/b><\/span><\/div>\n<div style=\"text-align: justify;\" align=\"justify\"><span style=\"color: #333333; font-size: 10pt; font-family: arial, helvetica, sans-serif;\">L&#8217;Euro Potenza Protect, F -use controllo e il protettore fusibile assicurarsi che l&#8217;alimentazione sia disattivata quando si usa troppo, ma il controllore watt \u00e8 ancora pi\u00f9 intelligente. Le preoccupazioni Euro Potenza Protect, fusibile di controllo e fusibili Protector che l&#8217;arresto (da sovraccarico) Non parlare con il controller Watt dispositivo collegato anche funzionare di nuovo.<\/span><\/div>\n<div style=\"text-align: justify;\" align=\"justify\"><span style=\"color: #333333; font-size: 10pt; font-family: arial, helvetica, sans-serif;\">Il controller Watt collabora con il Protect, fusibile di controllo e fusibili di protezione Euro Potenza. Tuttavia, se l&#8217;Euro Potenza proteggere, controllare fusibile o fusibile Protector nella posizione pi\u00f9 alta. Quest&#8217;ultimo \u00e8 consigliato perch\u00e9 il fusibile in campeggio ci non uscire se si utilizza un controller Watt.<\/span><\/div>\n<div style=\"text-align: justify;\" align=\"justify\"><span style=\"color: #333333; font-size: 10pt; font-family: arial, helvetica, sans-serif;\">(Nota: infatti il \u200b\u200bcontroller Watt fa in modo che l&#8217;Euro Potenza proteggere, controllare fusibile, protettore fusibile non sono necessarie)<\/span><\/div>\n<div style=\"text-align: justify;\" align=\"justify\"><span style=\"color: #333333; font-size: 10pt; font-family: arial, helvetica, sans-serif;\">\u00a0<\/span><\/div>\n<div style=\"text-align: justify;\" align=\"justify\"><span style=\"color: #333333; font-size: 10pt; font-family: arial, helvetica, sans-serif;\"><b>Perch\u00e9 possono alcuni dispositivi, quali lavatrici e condizionatori non sono collegati al controllore Watt<\/b><\/span><\/div>\n<div style=\"text-align: justify;\" align=\"justify\"><span style=\"color: #333333; font-size: 10pt; font-family: arial, helvetica, sans-serif;\">La protezione dell&#8217;alimentazione del controller Watt \u00e8 regolata in modo che i seguenti dispositivi sono spenti: aria condizionata, dispositivo con regolazione elettronica, centrifuga, tosaerba elettrico, riscaldamento alogeno, idropulitrice, riscaldamento ventilazione ceramica con controllo elettronico, forno a microonde, aspirapolvere, lavatrice e lavastoviglie.<\/span><\/div>\n<div style=\"text-align: justify;\" align=\"justify\"><span style=\"color: #333333; font-size: 10pt; font-family: arial, helvetica, sans-serif;\">\u00a0<\/span><\/div>\n<div style=\"text-align: center;\" align=\"center\"><span style=\"font-size: 10pt; font-family: arial, helvetica, sans-serif;\">\u00a9 Camparo 2005 \/ 2025<\/span><\/div>\n<p><\/p>","protected":false},"excerpt":{"rendered":"<p>osso collegare pi\u00f9 dispositivi sul controller Watt: \u00c8 possibile collegare un solo dispositivo sul controller Watt. Collega altri dispositivi, quindi il regolatore Watt verr\u00e0 spento. La tensione in campo non \u00e8 disattivato. \u00a0 Possa esserci pi\u00f9 punti vendita sono collegati al controller Watt: S\u00ec, ma ci possono essere su un solo dispositivo. Non bisogna mai [&hellip;]<\/p>\n","protected":false},"author":1,"featured_media":0,"parent":0,"menu_order":0,"comment_status":"closed","ping_status":"closed","template":"","meta":{"_monsterinsights_skip_tracking":false,"_monsterinsights_sitenote_active":false,"_monsterinsights_sitenote_note":"","_monsterinsights_sitenote_category":0,"footnotes":""},"class_list":["post-1038","page","type-page","status-publish","hentry"],"_links":{"self":[{"href":"https:\/\/www.camparo.nl\/site\/it\/wp-json\/wp\/v2\/pages\/1038","targetHints":{"allow":["GET"]}}],"collection":[{"href":"https:\/\/www.camparo.nl\/site\/it\/wp-json\/wp\/v2\/pages"}],"about":[{"href":"https:\/\/www.camparo.nl\/site\/it\/wp-json\/wp\/v2\/types\/page"}],"author":[{"embeddable":true,"href":"https:\/\/www.camparo.nl\/site\/it\/wp-json\/wp\/v2\/users\/1"}],"replies":[{"embeddable":true,"href":"https:\/\/www.camparo.nl\/site\/it\/wp-json\/wp\/v2\/comments?post=1038"}],"version-history":[{"count":17,"href":"https:\/\/www.camparo.nl\/site\/it\/wp-json\/wp\/v2\/pages\/1038\/revisions"}],"predecessor-version":[{"id":5804,"href":"https:\/\/www.camparo.nl\/site\/it\/wp-json\/wp\/v2\/pages\/1038\/revisions\/5804"}],"wp:attachment":[{"href":"https:\/\/www.camparo.nl\/site\/it\/wp-json\/wp\/v2\/media?parent=1038"}],"curies":[{"name":"wp","href":"https:\/\/api.w.org\/{rel}","templated":true}]}}