{"id":182,"date":"2019-01-08T16:05:45","date_gmt":"2019-01-08T15:05:45","guid":{"rendered":"https:\/\/www.camparo.nl\/site\/?page_id=182"},"modified":"2025-01-06T07:55:05","modified_gmt":"2025-01-06T06:55:05","slug":"close-in-boiler","status":"publish","type":"page","link":"https:\/\/www.camparo.nl\/site\/it\/close-in-boiler\/","title":{"rendered":"Riducendo la Close-in-boiler da 2000 Watt a 920-700-500 Watt"},"content":{"rendered":"<p><\/p>\n<p style=\"text-align: center;\"><span style=\"font-family: helvetica, arial, sans-serif; font-size: 12pt;\"><b style=\"font-family: helvetica, arial, sans-serif; font-size: 12pt;\">In questo modo puoi abbassare la tua caldaia ad esempio da 2000 Watt a <\/b><span style=\"font-family: helvetica, arial, sans-serif;\"><b>UN<\/b><\/span><b style=\"font-family: helvetica, arial, sans-serif; font-size: 12pt;\"> <\/b><span style=\"font-family: helvetica, arial, sans-serif;\"><b>Massimo<\/b><\/span><b style=\"font-family: helvetica, arial, sans-serif; font-size: 12pt;\"> di 920 Watt!!!<\/b><\/span><\/p>\n<p style=\"text-align: center;\"><strong><span style=\"font-family: arial, helvetica, sans-serif; font-size: 10pt;\">Hai una caldaia da incasso da 2000 Watt e non vuoi consumare troppa energia: allora il controller Watt \u00e8 la soluzione.<\/span><\/strong><\/p>\n<p><span style=\"font-family: arial, helvetica, sans-serif; font-size: 10pt;\">Una caldaia a incasso (ad es. 10 litri) \u00e8 ideale da utilizzare in combinazione con il Watt controller. \u00c8 possibile controllare perfettamente la capacit\u00e0 dello scaldacqua fino a 2000 Watt con il Watt controller: collegare lo scaldacqua al Watt\u00a0controller e lo scaldabagno sar\u00e0 in posizione 3 500 Watt, in posizione 4 700 Watt e in posizione 6 920 Watt. Questo ha il vantaggio che \u00e8 possibile accendere contemporaneamente una lavastoviglie.<\/span><\/p>\n<p><a href=\"https:\/\/www.camparo.nl\/site\/close-in-boiler\/boiler-met-watt-contr\/\" rel=\"attachment wp-att-2481\"><img decoding=\"async\" class=\"size-full wp-image-2481 alignnone\" src=\"https:\/\/www.camparo.nl\/site\/wp-content\/uploads\/2019\/01\/Boiler-met-Watt-contr.png\" alt=\"\" width=\"148\" height=\"231\" \/><\/a><\/p>\n<p style=\"text-align: center;\"><span style=\"font-family: arial, helvetica, sans-serif; font-size: 10pt;\">Puoi effettuare l&#8217;ordine tramite la nostra e-mail info@camparo.nl<\/span><\/p>\n<p style=\"text-align: center;\"><span style=\"font-family: arial, helvetica, sans-serif; font-size: 10pt;\">\u00a9 Camparo 2005\/2025<\/span><\/p>\n<p><\/p>","protected":false},"excerpt":{"rendered":"<p>In questo modo puoi abbassare la tua caldaia ad esempio da 2000 Watt a UN Massimo di 920 Watt!!! Hai una caldaia da incasso da 2000 Watt e non vuoi consumare troppa energia: allora il controller Watt \u00e8 la soluzione. Una caldaia a incasso (ad es. 10 litri) \u00e8 ideale da utilizzare in combinazione con [&hellip;]<\/p>\n","protected":false},"author":1,"featured_media":0,"parent":0,"menu_order":0,"comment_status":"closed","ping_status":"closed","template":"","meta":{"_monsterinsights_skip_tracking":false,"_monsterinsights_sitenote_active":false,"_monsterinsights_sitenote_note":"","_monsterinsights_sitenote_category":0,"footnotes":""},"class_list":["post-182","page","type-page","status-publish","hentry"],"_links":{"self":[{"href":"https:\/\/www.camparo.nl\/site\/it\/wp-json\/wp\/v2\/pages\/182","targetHints":{"allow":["GET"]}}],"collection":[{"href":"https:\/\/www.camparo.nl\/site\/it\/wp-json\/wp\/v2\/pages"}],"about":[{"href":"https:\/\/www.camparo.nl\/site\/it\/wp-json\/wp\/v2\/types\/page"}],"author":[{"embeddable":true,"href":"https:\/\/www.camparo.nl\/site\/it\/wp-json\/wp\/v2\/users\/1"}],"replies":[{"embeddable":true,"href":"https:\/\/www.camparo.nl\/site\/it\/wp-json\/wp\/v2\/comments?post=182"}],"version-history":[{"count":79,"href":"https:\/\/www.camparo.nl\/site\/it\/wp-json\/wp\/v2\/pages\/182\/revisions"}],"predecessor-version":[{"id":5799,"href":"https:\/\/www.camparo.nl\/site\/it\/wp-json\/wp\/v2\/pages\/182\/revisions\/5799"}],"wp:attachment":[{"href":"https:\/\/www.camparo.nl\/site\/it\/wp-json\/wp\/v2\/media?parent=182"}],"curies":[{"name":"wp","href":"https:\/\/api.w.org\/{rel}","templated":true}]}}