{"id":263,"date":"2019-01-10T09:31:25","date_gmt":"2019-01-10T08:31:25","guid":{"rendered":"https:\/\/www.camparo.nl\/site\/?page_id=263"},"modified":"2023-01-09T10:58:44","modified_gmt":"2023-01-09T09:58:44","slug":"quik-sat-finder","status":"publish","type":"page","link":"https:\/\/www.camparo.nl\/site\/it\/quik-sat-finder\/","title":{"rendered":"Quik Sat Finder"},"content":{"rendered":"<p><img decoding=\"async\" class=\"aligncenter\" src=\"https:\/\/www.camparo.nl\/data\/mediablocks\/1__67__ms1.rvf_1.gif\" \/><\/p>\r\n<p><a href=\"https:\/\/www.camparo.nl\/site\/quick-sat-finder-logo-foto-2013\/\"><img loading=\"lazy\" decoding=\"async\" class=\"size-medium wp-image-24 aligncenter\" src=\"https:\/\/www.camparo.nl\/site\/wp-content\/uploads\/2019\/01\/Quick-Sat-Finder-logo-Foto-2013-300x198.png\" alt=\"\" width=\"300\" height=\"198\" srcset=\"https:\/\/www.camparo.nl\/site\/wp-content\/uploads\/2019\/01\/Quick-Sat-Finder-logo-Foto-2013-300x198.png 300w, https:\/\/www.camparo.nl\/site\/wp-content\/uploads\/2019\/01\/Quick-Sat-Finder-logo-Foto-2013-768x507.png 768w, https:\/\/www.camparo.nl\/site\/wp-content\/uploads\/2019\/01\/Quick-Sat-Finder-logo-Foto-2013-1024x676.png 1024w, https:\/\/www.camparo.nl\/site\/wp-content\/uploads\/2019\/01\/Quick-Sat-Finder-logo-Foto-2013-1568x1034.png 1568w\" sizes=\"(max-width: 300px) 100vw, 300px\" \/><\/a><\/p>\r\n<div class=\"wp-block-image\" style=\"text-align: left;\">\r\n<figure class=\"aligncenter is-resized\"><\/figure>\r\n<p style=\"text-align: center;\"><span style=\"font-size: 14pt;\">\u20ac 11,95 + spese di spedizione<\/span><br \/>\r\n<span style=\"font-family: arial, helvetica, sans-serif; font-size: 10pt;\"><b>un modo semplice per configurare la parabola satellitare<\/b><\/span><\/p>\r\n<\/div>\r\n<div align=\"justify\">\r\n<div align=\"justify\"><span style=\"font-family: arial, helvetica, sans-serif; font-size: 10pt;\">Hai anche una corretta installazione problemi con la parabola satellitare? C&#8217;\u00e8 tutto per il mercato; quindi non ci sono dispositivi dotati di LED o acustici che indicano che avete ricevuto, ma &#8230; .. non si \u00e8 ancora immagine. La rapida Sat Finder (non funziona come intelligente find), \u00e8 possibile impostare la parabola satellitare in modo semplice e poco costoso.<\/span><\/div>\r\n<div align=\"justify\">\u00a0<\/div>\r\n<div align=\"justify\"><span style=\"font-family: arial, helvetica, sans-serif; font-size: 10pt;\"><span style=\"color: #333333;\">Il satellite Quick Finder \u00e8 posto su un cavalletto ed \u00e8 facile da usare perch\u00e9 il Sat Finder ha sia una livella a bolla, una bussola come una chiara indicazione gradi. Tutto in un unico prodotto. E &#8216;adatto per un collare con un diametro di 49 mm. Se non si dispone di una manica, quindi fare clic sul link bracciale Quik SATFINDER. (Diametro del tubo solo qualcosa di grosso? Vedi\u00a0<\/span><span style=\"color: #333333;\">rapida SatFinder<\/span><span style=\"color: #333333;\">\u00a0)<\/span><\/span><\/div>\r\n<\/div>\r\n<p><span style=\"font-family: arial, helvetica, sans-serif; font-size: 12px;\"><!-- wp:image {\"id\":279,\"align\":\"center\"} --><\/span><\/p>\r\n<div class=\"wp-block-image\"><a href=\"https:\/\/www.camparo.nl\/site\/quik-sat-finder\/statief-3\/\" rel=\"attachment wp-att-4004\"><img decoding=\"async\" class=\"size-full wp-image-4004 aligncenter\" src=\"https:\/\/www.camparo.nl\/site\/wp-content\/uploads\/2019\/02\/Statief-1.png\" alt=\"\" width=\"60\" height=\"82\" \/><\/a><\/div>\r\n<p><span style=\"font-family: arial, helvetica, sans-serif; font-size: 12px;\"><!-- \/wp:image --><\/span><\/p>\r\n<div style=\"text-align: center;\"><span style=\"font-family: arial, helvetica, sans-serif; font-size: 10pt;\">tubo allentato diametro del tubo di 35 mm\u00a0Polsino di diametro del tubo 49 mm\u00a0treppiedi<\/span><\/div>\r\n<div>\r\n<div><span style=\"font-size: 10pt; font-family: arial, helvetica, sans-serif;\"><b>I principali vantaggi sono:<\/b><\/span><\/div>\r\n<ul type=\"disc\">\r\n\t<li><span style=\"font-size: 10pt; font-family: arial, helvetica, sans-serif;\">\u00c8 molto facile da installare.<\/span><\/li>\r\n\t<li><span style=\"font-size: 10pt; font-family: arial, helvetica, sans-serif;\">Si pu\u00f2 facilmente impostare il livello di treppiede.<\/span><\/li>\r\n\t<li><span style=\"font-size: 10pt; font-family: arial, helvetica, sans-serif;\">vi \u00e8 una chiara indicazione di dove si trovano i satelliti.<\/span><\/li>\r\n\t<li><span style=\"font-size: 10pt; font-family: arial, helvetica, sans-serif;\">La bussola non \u00e8 influenzato dalla parabola satellitare.<\/span><\/li>\r\n\t<li><span style=\"font-size: 10pt; font-family: arial, helvetica, sans-serif;\">Con una linea verticale sul tubo sul quale \u00e8 inserito il piatto, \u00e8 possibile passare facilmente da una all&#8217;altra via satellite (ad es. Atlantic Bird 3 a 5 \u00b0 W, 13 \u00b0 E Hotbird, Astra19,2 \u00b0 E, Astra 23.5 \u00b0 E e Astra 28.2 \u00b0 e)<\/span><\/li>\r\n<\/ul>\r\n<div><span style=\"font-size: 10pt; font-family: arial, helvetica, sans-serif;\">Possiamo anche inviare all&#8217;indirizzo rapida Sat Finder.<\/span><\/div>\r\n<\/div>\r\n<p><span style=\"font-family: arial, helvetica, sans-serif; font-size: 12px;\"><!-- wp:image {\"id\":296} --><\/span><\/p>\r\n<figure class=\"wp-block-image\"><span style=\"font-family: arial, helvetica, sans-serif; font-size: 12px;\"><img decoding=\"async\" width=\"568\" height=\"81\" class=\"wp-image-296\" src=\"https:\/\/www.camparo.nl\/site\/wp-content\/uploads\/2019\/01\/FOTO-1.png\" alt=\"\" srcset=\"https:\/\/www.camparo.nl\/site\/wp-content\/uploads\/2019\/01\/FOTO-1.png 568w, https:\/\/www.camparo.nl\/site\/wp-content\/uploads\/2019\/01\/FOTO-1-300x43.png 300w\" sizes=\"(max-width: 568px) 100vw, 568px\" \/><\/span><\/figure>\r\n<p><span style=\"font-family: arial, helvetica, sans-serif; font-size: 12px;\"><!-- \/wp:image --><\/span><\/p>\r\n<ol>\r\n\t<li style=\"text-align: left;\">Spingere il tubo verso il basso per segnare una linea retta<\/li>\r\n\t<li style=\"text-align: left;\">Livellare il treppiede<\/li>\r\n\t<li style=\"text-align: left;\">Ruota di 90 \u00b0<\/li>\r\n\t<li style=\"text-align: left;\">Inserire il bracciale. Posiziona QSf sul polsino e punta a nord<\/li>\r\n<\/ol>\r\n<p><span style=\"font-family: arial, helvetica, sans-serif; font-size: 12px;\"><!-- wp:image {\"id\":300} --><\/span><\/p>\r\n<figure class=\"wp-block-image\"><span style=\"font-family: arial, helvetica, sans-serif; font-size: 12px;\"><img loading=\"lazy\" decoding=\"async\" width=\"565\" height=\"80\" class=\"wp-image-300\" src=\"https:\/\/www.camparo.nl\/site\/wp-content\/uploads\/2019\/01\/FOTO-2.png\" alt=\"\" srcset=\"https:\/\/www.camparo.nl\/site\/wp-content\/uploads\/2019\/01\/FOTO-2.png 565w, https:\/\/www.camparo.nl\/site\/wp-content\/uploads\/2019\/01\/FOTO-2-300x42.png 300w\" sizes=\"(max-width: 565px) 100vw, 565px\" \/><\/span><\/figure>\r\n<p><span style=\"font-family: arial, helvetica, sans-serif; font-size: 12px;\"><!-- \/wp:image --><\/span><\/p>\r\n<ol>\r\n\t<li><span style=\"font-family: arial, helvetica, sans-serif; font-size: 10pt;\">Posiziona la staffa<\/span><\/li>\r\n\t<li><span style=\"font-family: arial, helvetica, sans-serif; font-size: 10pt;\">Posiziona il piatto nella staffa<\/span><\/li>\r\n\t<li><span style=\"font-family: arial, helvetica, sans-serif; font-size: 10pt;\">19,2 \u00b0 est<\/span><\/li>\r\n\t<li><span style=\"font-family: arial, helvetica, sans-serif; font-size: 10pt;\">Impostazione del piatto Gradenhoek (ad es. Amsterdam 29 \u00b0)<\/span><\/li>\r\n<\/ol>\r\n<p style=\"text-align: center;\"><strong>Puoi effettuare l&#8217;ordine tramite la nostra e-mail info@camparo.nl<\/strong><\/p>\r\n<p style=\"text-align: center;\"><span style=\"font-size: 10pt; font-family: arial, helvetica, sans-serif;\">\u00a9 Camparo 2005 \/ 2023<\/span><\/p>","protected":false},"excerpt":{"rendered":"<p>\u20ac 11,95 + spese di spedizione un modo semplice per configurare la parabola satellitare Hai anche una corretta installazione problemi con la parabola satellitare? C&#8217;\u00e8 tutto per il mercato; quindi non ci sono dispositivi dotati di LED o acustici che indicano che avete ricevuto, ma &#8230; .. non si \u00e8 ancora immagine. La rapida Sat [&hellip;]<\/p>\n","protected":false},"author":1,"featured_media":0,"parent":0,"menu_order":0,"comment_status":"closed","ping_status":"closed","template":"","meta":{"_monsterinsights_skip_tracking":false,"_monsterinsights_sitenote_active":false,"_monsterinsights_sitenote_note":"","_monsterinsights_sitenote_category":0,"footnotes":""},"class_list":["post-263","page","type-page","status-publish","hentry"],"_links":{"self":[{"href":"https:\/\/www.camparo.nl\/site\/it\/wp-json\/wp\/v2\/pages\/263","targetHints":{"allow":["GET"]}}],"collection":[{"href":"https:\/\/www.camparo.nl\/site\/it\/wp-json\/wp\/v2\/pages"}],"about":[{"href":"https:\/\/www.camparo.nl\/site\/it\/wp-json\/wp\/v2\/types\/page"}],"author":[{"embeddable":true,"href":"https:\/\/www.camparo.nl\/site\/it\/wp-json\/wp\/v2\/users\/1"}],"replies":[{"embeddable":true,"href":"https:\/\/www.camparo.nl\/site\/it\/wp-json\/wp\/v2\/comments?post=263"}],"version-history":[{"count":57,"href":"https:\/\/www.camparo.nl\/site\/it\/wp-json\/wp\/v2\/pages\/263\/revisions"}],"predecessor-version":[{"id":5558,"href":"https:\/\/www.camparo.nl\/site\/it\/wp-json\/wp\/v2\/pages\/263\/revisions\/5558"}],"wp:attachment":[{"href":"https:\/\/www.camparo.nl\/site\/it\/wp-json\/wp\/v2\/media?parent=263"}],"curies":[{"name":"wp","href":"https:\/\/api.w.org\/{rel}","templated":true}]}}