{"id":3785,"date":"2019-01-30T08:32:37","date_gmt":"2019-01-30T07:32:37","guid":{"rendered":"https:\/\/www.camparo.nl\/site\/?page_id=3785"},"modified":"2025-01-06T08:02:40","modified_gmt":"2025-01-06T07:02:40","slug":"senseo-in-de-boot-camper","status":"publish","type":"page","link":"https:\/\/www.camparo.nl\/site\/it\/senseo-in-de-boot-camper\/","title":{"rendered":"Senseo in barca \/ camper"},"content":{"rendered":"<p><\/p>\n<div id=\"mainContent\">\n<div class=\"listcontainer\">\n<div align=\"center\"><a href=\"https:\/\/www.camparo.nl\/site\/senseo-in-de-boot-camper\/senseo-watt-c-1\/\" rel=\"attachment wp-att-3809\"><img fetchpriority=\"high\" decoding=\"async\" class=\"alignnone size-medium wp-image-3809\" src=\"https:\/\/www.camparo.nl\/site\/wp-content\/uploads\/2019\/01\/Senseo-Watt-c-1-300x224.png\" alt=\"\" width=\"300\" height=\"224\" srcset=\"https:\/\/www.camparo.nl\/site\/wp-content\/uploads\/2019\/01\/Senseo-Watt-c-1-300x224.png 300w, https:\/\/www.camparo.nl\/site\/wp-content\/uploads\/2019\/01\/Senseo-Watt-c-1.png 536w\" sizes=\"(max-width: 300px) 100vw, 300px\" \/><\/a><\/div>\n<div align=\"center\">\n<p><span style=\"font-family: arial, helvetica, sans-serif; font-size: 10pt;\">Il tuo dispositivo caff\u00e8 (pad) sulla barca o camper<\/span><\/p>\n<p style=\"text-align: justify;\"><span style=\"font-family: arial, helvetica, sans-serif; font-size: 10pt;\">A seconda delle impostazioni del Watt controller \u00e8 possibile utilizzare le macchine da caff\u00e8 su Inverter off di 1200 watt onda sinusoidale pura, in posizione 3 amplificatori 500 watt (Senseo 7822), 4 ampere a 700 watt e 920 watt 6 amplificatori. Quindi puoi collegare il tuo dispositivo (percorso) del caff\u00e8 da 1450 watt al controller Watt e goderti una deliziosa tazza di caff\u00e8 sulla barca o nel camper.<\/span><\/p>\n<p><span style=\"font-family: arial, helvetica, sans-serif; font-size: 10pt;\">Per connettere: macchine per caff\u00e8<\/span><\/p>\n<\/div>\n<div align=\"center\">\n<table style=\"width: 651px; height: 136px;\" border=\"0\" cellspacing=\"2\" cellpadding=\"1\">\n<tbody>\n<tr style=\"height: 107px;\" valign=\"top\">\n<td style=\"width: 265px; height: 136px;\" height=\"105\">\n<div align=\"center\"><a href=\"https:\/\/www.camparo.nl\/site\/senseo-in-de-boot-camper\/senseo-7810-7822\/\" rel=\"attachment wp-att-3825\"><img decoding=\"async\" class=\"alignnone size-full wp-image-3825\" src=\"https:\/\/www.camparo.nl\/site\/wp-content\/uploads\/2019\/01\/Senseo-7810-7822.png\" alt=\"\" width=\"271\" height=\"111\" \/><\/a><\/div>\n<\/td>\n<td style=\"width: 115px; height: 107px;\" height=\"105\">\n<div align=\"center\"><a href=\"https:\/\/www.camparo.nl\/site\/senseo-in-de-boot-camper\/koffie-3-2\/\" rel=\"attachment wp-att-3832\"><img decoding=\"async\" class=\" wp-image-3832 aligncenter\" src=\"https:\/\/www.camparo.nl\/site\/wp-content\/uploads\/2019\/01\/Koffie-3.png\" alt=\"\" width=\"95\" height=\"90\" \/><\/a><span style=\"font-family: inherit; font-size: inherit;\">Medion (Aldi)<\/span><\/div>\n<\/td>\n<td style=\"width: 124px; height: 107px;\" height=\"105\">\n<div align=\"center\"><a href=\"https:\/\/www.camparo.nl\/site\/senseo-in-de-boot-camper\/koffie-2\/\" rel=\"attachment wp-att-3831\"><img loading=\"lazy\" decoding=\"async\" class=\" wp-image-3831 aligncenter\" src=\"https:\/\/www.camparo.nl\/site\/wp-content\/uploads\/2019\/01\/Koffie-2.png\" alt=\"\" width=\"86\" height=\"86\" \/><\/a><span style=\"font-family: inherit; font-size: inherit;\">Magimix M220A<\/span><\/div>\n<\/td>\n<td style=\"width: 119px; height: 107px;\" height=\"105\">\n<div align=\"center\"><a href=\"https:\/\/www.camparo.nl\/site\/senseo-in-de-boot-camper\/koffie-6\/\" rel=\"attachment wp-att-3833\"><img loading=\"lazy\" decoding=\"async\" class=\"wp-image-3833 aligncenter\" src=\"https:\/\/www.camparo.nl\/site\/wp-content\/uploads\/2019\/01\/Koffie-6.png\" alt=\"\" width=\"59\" height=\"85\" \/><\/a><span style=\"font-family: inherit; font-size: inherit;\">Essenza Krups<\/span><\/div>\n<\/td>\n<\/tr>\n<\/tbody>\n<\/table>\n<\/div>\n<\/div>\n<\/div>\n<div class=\"clearfloat\">\n<p style=\"text-align: justify;\"><span style=\"font-family: arial, helvetica, sans-serif; font-size: 10pt;\">Le macchine successive pad lavorano sul Watt controller: macchina da caff\u00e8 Nespresso Magimix M220A o Essenza da Krups, Medion (Aldi) o un tipo di macchina pad caff\u00e8 Philips 7810 * in posizione 3, 4 e 6 (dal codice 04 che \u00e8 riconoscibile all&#8217;inizio del codice numero es 04151 21 in basso) con blocco a leva e tipo 7822 senza display.<\/span><\/p>\n<p style=\"text-align: justify;\"><span style=\"font-family: arial, helvetica, sans-serif; font-size: 10pt;\">Il Senseo&#8217;s dovrebbe essere spento manualmente se hai abbastanza caff\u00e8; assicurati che l&#8217;acqua continui a correre. Il Senseo Quadrante funziona solo allo stand 6. Per la macchina per caff\u00e8 Philips: vedere &#8220;Domande frequenti&#8221;<\/span><\/p>\n<p style=\"text-align: justify;\"><span style=\"font-family: arial, helvetica, sans-serif; font-size: 10pt;\">Il Watt controller rende la macchina da caff\u00e8 un suono leggermente diverso da quello a cui sei abituato.<\/span><\/p>\n<\/div>\n<div id=\"footer_bg\">\n<div id=\"footer\">\n<div class=\"cleared\">\u00a0<\/div>\n<div class=\"cleared\">\u00a0<\/div>\n<div class=\"sitefootertext\">\n<div align=\"center\"><span style=\"font-size: 10pt; font-family: arial, helvetica, sans-serif;\">\u00a9 Camparo 2005 \/ 2025<\/span><\/div>\n<\/div>\n<\/div>\n<\/div>\n<p><\/p>","protected":false},"excerpt":{"rendered":"<p>Il tuo dispositivo caff\u00e8 (pad) sulla barca o camper A seconda delle impostazioni del Watt controller \u00e8 possibile utilizzare le macchine da caff\u00e8 su Inverter off di 1200 watt onda sinusoidale pura, in posizione 3 amplificatori 500 watt (Senseo 7822), 4 ampere a 700 watt e 920 watt 6 amplificatori. Quindi puoi collegare il tuo [&hellip;]<\/p>\n","protected":false},"author":1,"featured_media":0,"parent":0,"menu_order":0,"comment_status":"closed","ping_status":"closed","template":"","meta":{"_monsterinsights_skip_tracking":false,"_monsterinsights_sitenote_active":false,"_monsterinsights_sitenote_note":"","_monsterinsights_sitenote_category":0,"footnotes":""},"class_list":["post-3785","page","type-page","status-publish","hentry"],"_links":{"self":[{"href":"https:\/\/www.camparo.nl\/site\/it\/wp-json\/wp\/v2\/pages\/3785","targetHints":{"allow":["GET"]}}],"collection":[{"href":"https:\/\/www.camparo.nl\/site\/it\/wp-json\/wp\/v2\/pages"}],"about":[{"href":"https:\/\/www.camparo.nl\/site\/it\/wp-json\/wp\/v2\/types\/page"}],"author":[{"embeddable":true,"href":"https:\/\/www.camparo.nl\/site\/it\/wp-json\/wp\/v2\/users\/1"}],"replies":[{"embeddable":true,"href":"https:\/\/www.camparo.nl\/site\/it\/wp-json\/wp\/v2\/comments?post=3785"}],"version-history":[{"count":26,"href":"https:\/\/www.camparo.nl\/site\/it\/wp-json\/wp\/v2\/pages\/3785\/revisions"}],"predecessor-version":[{"id":5807,"href":"https:\/\/www.camparo.nl\/site\/it\/wp-json\/wp\/v2\/pages\/3785\/revisions\/5807"}],"wp:attachment":[{"href":"https:\/\/www.camparo.nl\/site\/it\/wp-json\/wp\/v2\/media?parent=3785"}],"curies":[{"name":"wp","href":"https:\/\/api.w.org\/{rel}","templated":true}]}}