{"id":3836,"date":"2019-01-30T12:58:45","date_gmt":"2019-01-30T11:58:45","guid":{"rendered":"https:\/\/www.camparo.nl\/site\/?page_id=3836"},"modified":"2025-01-06T07:56:17","modified_gmt":"2025-01-06T06:56:17","slug":"de-voordelen","status":"publish","type":"page","link":"https:\/\/www.camparo.nl\/site\/it\/de-voordelen\/","title":{"rendered":"I benefici"},"content":{"rendered":"<p><\/p>\n<p><span style=\"font-family: arial, helvetica, sans-serif; font-size: 10pt;\"><img fetchpriority=\"high\" decoding=\"async\" class=\"size-medium wp-image-26 aligncenter\" src=\"https:\/\/www.camparo.nl\/site\/wp-content\/uploads\/2019\/01\/Watt-controller-1-300x212.png\" alt=\"\" width=\"300\" height=\"212\" srcset=\"https:\/\/www.camparo.nl\/site\/wp-content\/uploads\/2019\/01\/Watt-controller-1-300x212.png 300w, https:\/\/www.camparo.nl\/site\/wp-content\/uploads\/2019\/01\/Watt-controller-1.png 378w\" sizes=\"(max-width: 300px) 100vw, 300px\" \/><\/span><\/p>\n<div style=\"text-align: center;\"><span style=\"font-family: arial, helvetica, sans-serif; font-size: 10pt;\">Approfitta del Watt controller e guadagna l&#8217;acquisto tra qualche anno.<\/span><\/div>\n<ul type=\"disc\">\n<li><span style=\"font-family: arial, helvetica, sans-serif; font-size: 10pt;\"><span style=\"color: #333333;\">Con il\u00a0<\/span>Watt controller<span style=\"color: #333333;\">\u00a0che gi\u00e0 a 3 ampere potenza sufficiente.<\/span><\/span><\/li>\n<li><span style=\"color: #333333; font-size: 10pt; font-family: arial, helvetica, sans-serif;\">Non sono richieste particolari piccoli elettrodomestici pi\u00f9 per il campeggio.<\/span><\/li>\n<li><span style=\"color: #333333; font-size: 10pt; font-family: arial, helvetica, sans-serif;\">Portarli a casa a 2.000 watt e smettere di non pi\u00f9 di battere.<\/span><\/li>\n<li><span style=\"color: #333333; font-size: 10pt; font-family: arial, helvetica, sans-serif;\">Per gli amanti della Senseo la stessa tazza di caff\u00e8 al campo ea casa (gi\u00e0 al 3 ampere).<\/span><\/li>\n<li><span style=\"color: #333333; font-size: 10pt; font-family: arial, helvetica, sans-serif;\">Non acquistare ampere aggiuntivo per \u20ac 2 &#8211; A \u20ac 9, &#8211; al giorno: 4 ampere \u00e8 gi\u00e0 sufficiente.<\/span><\/li>\n<li><span style=\"color: #333333; font-size: 10pt; font-family: arial, helvetica, sans-serif;\">Risparmiare sul peso e il gas (riempimento \u20ac 14,75 a \u20ac 26,50 a seconda del tipo di bomboletta di gas) prendere il grill elettrico o un piatto gourmet.<\/span><\/li>\n<li><span style=\"color: #333333; font-size: 10pt; font-family: arial, helvetica, sans-serif;\">Self-patatine fritte o snack da forno con la vostra padella fidato.<\/span><\/li>\n<li><span style=\"color: #333333; font-size: 10pt; font-family: arial, helvetica, sans-serif;\">pirofile da forno dalla LIDL (1380 watt).<\/span><\/li>\n<li><span style=\"color: #333333; font-size: 10pt; font-family: arial, helvetica, sans-serif;\">al forno pizza in pizza elettrico padella Kochmann (1500 watt).<\/span><\/li>\n<li><span style=\"color: #333333; font-size: 10pt; font-family: arial, helvetica, sans-serif;\">Avete 6 ampere presso il campeggio: watt controller a 4 ampere: Trasforma il tuo scaldabagno e tutti gli apparecchi elettrici \u00e8 possibile continuare a utilizzare.<\/span><\/li>\n<li><span style=\"color: #333333; font-size: 10pt; font-family: arial, helvetica, sans-serif;\">Nota: Senseo (7810 serie) dal codice numerico 04XXX XX (vedi Senseo basso) sulle opere di\u00a0 Watt controller. AC, forno a microonde e piano cottura a induzione non pu\u00f2 funzionare sul controller di potenza (vedi link alle istruzioni).<\/span><\/li>\n<\/ul>\n<p style=\"text-align: center;\"><span style=\"font-family: arial, helvetica, sans-serif; font-size: 10pt;\">\u00a9 Camparo 2005 \/ 2025<\/span><\/p>\n<p><\/p>","protected":false},"excerpt":{"rendered":"<p>Approfitta del Watt controller e guadagna l&#8217;acquisto tra qualche anno. Con il\u00a0Watt controller\u00a0che gi\u00e0 a 3 ampere potenza sufficiente. Non sono richieste particolari piccoli elettrodomestici pi\u00f9 per il campeggio. Portarli a casa a 2.000 watt e smettere di non pi\u00f9 di battere. Per gli amanti della Senseo la stessa tazza di caff\u00e8 al campo ea [&hellip;]<\/p>\n","protected":false},"author":1,"featured_media":0,"parent":0,"menu_order":0,"comment_status":"closed","ping_status":"closed","template":"","meta":{"_monsterinsights_skip_tracking":false,"_monsterinsights_sitenote_active":false,"_monsterinsights_sitenote_note":"","_monsterinsights_sitenote_category":0,"footnotes":""},"class_list":["post-3836","page","type-page","status-publish","hentry"],"_links":{"self":[{"href":"https:\/\/www.camparo.nl\/site\/it\/wp-json\/wp\/v2\/pages\/3836","targetHints":{"allow":["GET"]}}],"collection":[{"href":"https:\/\/www.camparo.nl\/site\/it\/wp-json\/wp\/v2\/pages"}],"about":[{"href":"https:\/\/www.camparo.nl\/site\/it\/wp-json\/wp\/v2\/types\/page"}],"author":[{"embeddable":true,"href":"https:\/\/www.camparo.nl\/site\/it\/wp-json\/wp\/v2\/users\/1"}],"replies":[{"embeddable":true,"href":"https:\/\/www.camparo.nl\/site\/it\/wp-json\/wp\/v2\/comments?post=3836"}],"version-history":[{"count":15,"href":"https:\/\/www.camparo.nl\/site\/it\/wp-json\/wp\/v2\/pages\/3836\/revisions"}],"predecessor-version":[{"id":5801,"href":"https:\/\/www.camparo.nl\/site\/it\/wp-json\/wp\/v2\/pages\/3836\/revisions\/5801"}],"wp:attachment":[{"href":"https:\/\/www.camparo.nl\/site\/it\/wp-json\/wp\/v2\/media?parent=3836"}],"curies":[{"name":"wp","href":"https:\/\/api.w.org\/{rel}","templated":true}]}}