{"id":5896,"date":"2026-04-13T13:38:40","date_gmt":"2026-04-13T11:38:40","guid":{"rendered":"https:\/\/www.camparo.nl\/site\/?page_id=5896"},"modified":"2026-04-13T13:59:33","modified_gmt":"2026-04-13T11:59:33","slug":"wat-kun-je-wel-en-niet-aansluiten","status":"publish","type":"page","link":"https:\/\/www.camparo.nl\/site\/it\/wat-kun-je-wel-en-niet-aansluiten\/","title":{"rendered":"Cosa si pu\u00f2 e cosa non si pu\u00f2 collegare"},"content":{"rendered":"<p class=\"qtranxs-available-languages-message qtranxs-available-languages-message-it\">Ci spiace, ma questo articolo \u00e8 disponibile soltanto in <a href=\"https:\/\/www.camparo.nl\/site\/nl\/wp-json\/wp\/v2\/pages\/5896\" class=\"qtranxs-available-language-link qtranxs-available-language-link-nl\" title=\"Nederlands\">Nederlands<\/a>, <a href=\"https:\/\/www.camparo.nl\/site\/de\/wp-json\/wp\/v2\/pages\/5896\" class=\"qtranxs-available-language-link qtranxs-available-language-link-de\" title=\"Deutsch\">Deutsch<\/a> e <a href=\"https:\/\/www.camparo.nl\/site\/en\/wp-json\/wp\/v2\/pages\/5896\" class=\"qtranxs-available-language-link qtranxs-available-language-link-en\" title=\"English\">English<\/a>.<\/p><p><\/p>\n<p><span style=\"font-size: 18pt;\"><strong><span style=\"font-family: arial, helvetica, sans-serif;\">Camparo Watt controller<\/span><\/strong><\/span><\/p>\n<p><span style=\"font-family: arial, helvetica, sans-serif; font-size: 10pt;\">Heeft u maar 3, 4 of 6 ampere op de camping dan heeft u een Watt controller nodig. Vanaf 10 amp\u00e8re is dat niet meer echt nodig.<\/span><\/p>\n<p><span style=\"font-family: arial, helvetica, sans-serif; font-size: 10pt;\">De<strong>\u00a0<\/strong><strong>Camparo Watt Controller<\/strong>\u00a0is een\u00a0vermogensregelaar waarmee je zware huishoudelijke apparaten (tot 2000 Watt) kunt gebruiken op campings met een beperkte stroomaansluiting van 3, 4 of 6 Amp\u00e8re. Het apparaat voorkomt dat de campingzekering doorslaat door het wattage van het aangesloten apparaat automatisch terug te regelen.\u00a0Heeft u 4 amp\u00e8re op de camping u hoeft alleen maar op 4 amp\u00e8re te zetten. Er is al rekening gehouden dat de koelkast, TV en laptop aan zijn. Dus daar hoeft u geen rekening mee te houden; dat gaat automatisch.<\/span><\/p>\n<p><span style=\"font-family: arial, helvetica, sans-serif; font-size: 10pt;\">Heeft u 10 amp\u00e8re op de camping en u wilt uw boiler continu aan laten staan, dan kunt u ook een watt controller gebruiken op stand 6.<\/span><\/p>\n<p><strong><span style=\"font-family: arial, helvetica, sans-serif; font-size: 10pt;\">Belangrijkste Functies<\/span><\/strong><\/p>\n<ul>\n<li><span style=\"font-family: arial, helvetica, sans-serif; font-size: 10pt;\">Instelbaar vermogen: Je kunt de controller handmatig instellen op de beschikbare stroomsterkte van de camping:<\/span>\n<ul>\n<li><span style=\"font-family: arial, helvetica, sans-serif; font-size: 10pt;\">Stand 3: Regelt het vermogen terug tot ca.\u00a0500 Watt.<\/span><\/li>\n<li><span style=\"font-family: arial, helvetica, sans-serif; font-size: 10pt;\">Stand 4: Regelt het vermogen terug tot ca.\u00a0700 Watt.<\/span><\/li>\n<li><span style=\"font-family: arial, helvetica, sans-serif; font-size: 10pt;\">Stand 6: Regelt het vermogen terug tot ca.\u00a0920 Watt.<\/span><\/li>\n<\/ul>\n<\/li>\n<li><span style=\"font-family: arial, helvetica, sans-serif; font-size: 10pt;\">Gebruiksgemak: Steek de controller in een geaard stopcontact in de caravan of camper, selecteer met de resetknop de juiste stand en sluit het apparaat aan.<\/span><\/li>\n<li><span style=\"font-family: arial, helvetica, sans-serif; font-size: 10pt;\">Thuisgebruik: Ook handig voor een close-in boiler (keukenboiler) om het energieverbruik te spreiden of af te stemmen op zonnepanelen.\u00a0<\/span><\/li>\n<\/ul>\n<p><span style=\"font-family: arial, helvetica, sans-serif; font-size: 10pt;\">De Watt controller\u00a0+3<\/span><\/p>\n<p><span style=\"font-family: arial, helvetica, sans-serif; font-size: 10pt;\"><strong>Wat kun je wel en niet aansluiten?<\/strong><\/span><\/p>\n<table width=\"648\">\n<tbody>\n<tr>\n<td>\n<p><span style=\"font-family: arial, helvetica, sans-serif; font-size: 10pt;\"><strong>Wel geschikt\u00a0(o.a.)\u00a0<\/strong><\/span><\/p>\n<\/td>\n<td>\n<p><span style=\"font-family: arial, helvetica, sans-serif; font-size: 10pt;\"><strong>Niet geschikt\u00a0(o.a.)<\/strong><\/span><\/p>\n<\/td>\n<\/tr>\n<tr>\n<td>\n<p><span style=\"font-family: arial, helvetica, sans-serif; font-size: 10pt;\">Koffiepad-apparaten (zoals Senseo)<\/span><\/p>\n<\/td>\n<td>\n<p><span style=\"font-family: arial, helvetica, sans-serif; font-size: 10pt;\"><strong>Geen Magnetrons<\/strong> is niet te regelen!!!!<\/span><\/p>\n<\/td>\n<\/tr>\n<tr>\n<td>\n<p><span style=\"font-family: arial, helvetica, sans-serif; font-size: 10pt;\">Elektrische grill, oven of frituurpan<\/span><\/p>\n<\/td>\n<td>\n<p><span style=\"font-family: arial, helvetica, sans-serif; font-size: 10pt;\">Apparaten met elektromotoren (stofzuiger, airco, wasmachine)<\/span><\/p>\n<\/td>\n<\/tr>\n<tr>\n<td>\n<p><span style=\"font-family: arial, helvetica, sans-serif; font-size: 10pt;\">F\u00f6hn en waterkoker<\/span><\/p>\n<\/td>\n<td>\n<p><span style=\"font-family: arial, helvetica, sans-serif; font-size: 10pt;\">Televisies en lampen<\/span><\/p>\n<\/td>\n<\/tr>\n<tr>\n<td>\n<p><span style=\"font-family: arial, helvetica, sans-serif; font-size: 10pt;\">Elektrische kachel en friteuse<\/span><\/p>\n<\/td>\n<td>\n<p><span style=\"font-family: arial, helvetica, sans-serif; font-size: 10pt;\">Apparaten met elektronische regeling<\/span><\/p>\n<\/td>\n<\/tr>\n<\/tbody>\n<\/table>\n<p><strong><span style=\"font-family: arial, helvetica, sans-serif; font-size: 10pt;\">Belangrijke gebruiksregels<\/span><\/strong><\/p>\n<ul>\n<li><span style=\"font-family: arial, helvetica, sans-serif; font-size: 10pt;\">E\u00e9n apparaat tegelijk: Er mag maximaal \u00e9\u00e9n elektrisch apparaat tegelijk op de Watt controller worden aangesloten.<\/span><\/li>\n<li><span style=\"font-family: arial, helvetica, sans-serif; font-size: 10pt;\">Geaard stopcontact: Gebruik de controller altijd in een geaard stopcontact.<\/span><\/li>\n<li><span style=\"font-family: arial, helvetica, sans-serif; font-size: 10pt;\">Omvormers: Alleen aansluiten op inverters met een\u00a0zuivere sinus\u00a0(geen blok- of gemodificeerde sinus) van minimaal 1200 Watt.<\/span><\/li>\n<li><span style=\"font-family: arial, helvetica, sans-serif; font-size: 10pt;\">Veiligheid: Plaats de controller niet in de zon en gebruik hem niet buiten bij regen.\u00a0<\/span><\/li>\n<\/ul>\n<p><span style=\"font-family: arial, helvetica, sans-serif; font-size: 10pt;\">De Camparo Watt Controller is verkrijgbaar bij kampeerspeciaalzaken zoals Obelink, De Wit en kampeerhal Roden en voldoet aan alle Europese eisen en is gekeurd door de KEMA voor Uwe veiligheid als enige Watt controller voor de camping.<\/span><\/p>\n<p><\/p>","protected":false},"excerpt":{"rendered":"<p>Ci spiace, ma questo articolo \u00e8 disponibile soltanto in Nederlands, Deutsch e English. Camparo Watt controller Heeft u maar 3, 4 of 6 ampere op de camping dan heeft u een Watt controller nodig. Vanaf 10 amp\u00e8re is dat niet meer echt nodig. De\u00a0Camparo Watt Controller\u00a0is een\u00a0vermogensregelaar waarmee je zware huishoudelijke apparaten (tot 2000 Watt) [&hellip;]<\/p>\n","protected":false},"author":1,"featured_media":0,"parent":0,"menu_order":0,"comment_status":"closed","ping_status":"closed","template":"","meta":{"_monsterinsights_skip_tracking":false,"_monsterinsights_sitenote_active":false,"_monsterinsights_sitenote_note":"","_monsterinsights_sitenote_category":0,"footnotes":""},"class_list":["post-5896","page","type-page","status-publish","hentry"],"_links":{"self":[{"href":"https:\/\/www.camparo.nl\/site\/it\/wp-json\/wp\/v2\/pages\/5896","targetHints":{"allow":["GET"]}}],"collection":[{"href":"https:\/\/www.camparo.nl\/site\/it\/wp-json\/wp\/v2\/pages"}],"about":[{"href":"https:\/\/www.camparo.nl\/site\/it\/wp-json\/wp\/v2\/types\/page"}],"author":[{"embeddable":true,"href":"https:\/\/www.camparo.nl\/site\/it\/wp-json\/wp\/v2\/users\/1"}],"replies":[{"embeddable":true,"href":"https:\/\/www.camparo.nl\/site\/it\/wp-json\/wp\/v2\/comments?post=5896"}],"version-history":[{"count":4,"href":"https:\/\/www.camparo.nl\/site\/it\/wp-json\/wp\/v2\/pages\/5896\/revisions"}],"predecessor-version":[{"id":5902,"href":"https:\/\/www.camparo.nl\/site\/it\/wp-json\/wp\/v2\/pages\/5896\/revisions\/5902"}],"wp:attachment":[{"href":"https:\/\/www.camparo.nl\/site\/it\/wp-json\/wp\/v2\/media?parent=5896"}],"curies":[{"name":"wp","href":"https:\/\/api.w.org\/{rel}","templated":true}]}}