{"id":601,"date":"2019-01-13T14:39:07","date_gmt":"2019-01-13T13:39:07","guid":{"rendered":"https:\/\/www.camparo.nl\/site\/?page_id=601"},"modified":"2025-01-06T07:51:40","modified_gmt":"2025-01-06T06:51:40","slug":"algemene-voorwaarden","status":"publish","type":"page","link":"https:\/\/www.camparo.nl\/site\/it\/algemene-voorwaarden\/","title":{"rendered":"Termini e condizioni"},"content":{"rendered":"<p><\/p>\n<p><span style=\"color: #000000; font-size: 10pt; font-family: arial, helvetica, sans-serif;\"><b>Ordine attraverso il nostro sito web<\/b><\/span><\/p>\n<ul>\n<li><span style=\"color: #000000; font-size: 10pt; font-family: arial, helvetica, sans-serif;\">Prima di poter essere su ordinazione, \u00e8 necessario prima registrarsi come cliente.<\/span><\/li>\n<li><span style=\"color: #000000; font-size: 10pt; font-family: arial, helvetica, sans-serif;\">Dopo un ordine \u00e8 all&#8217;interno di Camparo, questo sar\u00e0 confermata via e-mail.<\/span><\/li>\n<\/ul>\n<div><span style=\"color: #000000; font-size: 10pt; font-family: arial, helvetica, sans-serif;\">\u00a0<\/span><\/div>\n<div><span style=\"color: #000000; font-size: 10pt; font-family: arial, helvetica, sans-serif;\"><b>pagamento<\/b><\/span><\/div>\n<ul>\n<li><span style=\"color: #000000; font-size: 10pt; font-family: arial, helvetica, sans-serif;\">L&#8217;ordine deve essere pagato prima Camparo procede alla spedizione. (Se si desidera pagare a rate, si prega di e-mail al contatto con Camparo. Tuttavia, \u00e8 necessario tenere conto dei maggiori costi e tempi di consegna pi\u00f9 lunghi.)<\/span><\/li>\n<li><span style=\"color: #000000; font-size: 10pt; font-family: arial, helvetica, sans-serif;\">Se Camparo ha ricevuto il pagamento, questo verr\u00e0 confermata via e-mail. Da quel momento il periodo di consegna inizia.<\/span><\/li>\n<li><span style=\"color: #000000; font-size: 10pt; font-family: arial, helvetica, sans-serif;\">La fattura viene inviata contemporaneamente con l&#8217;ordine, per posta o e-mail. La fattura funge da certificato di garanzia; conservarlo anche con attenzione.<\/span><\/li>\n<\/ul>\n<div><span style=\"color: #000000; font-size: 10pt; font-family: arial, helvetica, sans-serif;\">\u00a0<\/span><\/div>\n<div><span style=\"color: #000000; font-size: 10pt; font-family: arial, helvetica, sans-serif;\"><b>consegna<\/b><\/span><\/div>\n<ul>\n<li><span style=\"color: #000000; font-size: 10pt; font-family: arial, helvetica, sans-serif;\">La consegna avviene entro una settimana con un massimo di 30 giorni dal ricevimento del pagamento. Se si supera questo limite, vi verr\u00e0 notificato al pi\u00f9 presto possibile da l\u00ec. Volete quindi annullare la vendita, il contratto di compravendita sar\u00e0 sciolto senza spese. Camparo depositare il denaro pagato per intero il pi\u00f9 presto possibile. Il rimborso sar\u00e0 in ogni caso entro 30 giorni dopo la cessazione del contratto di sito.<\/span><\/li>\n<li><span style=\"color: #000000; font-size: 10pt; font-family: arial, helvetica, sans-serif;\">Camparo assume la responsabilit\u00e0 per l&#8217;arrivo non danneggiata del prodotto.<\/span><\/li>\n<li><span style=\"color: #000000; font-size: 10pt; font-family: arial, helvetica, sans-serif;\">Il prodotto \u00e8 buono, ma \u00e8 rimpianto l&#8217;acquisto, si ha un periodo di riflessione di 14 giorni dal ricevimento di quanto ordinato. Dare ragioni non \u00e8 necessario. Le condizioni sono in particolare:<\/span><\/li>\n<li><span style=\"color: #000000; font-size: 10pt; font-family: arial, helvetica, sans-serif;\">che di restituire il prodotto entro 14 giorni dal ricevimento.<\/span><\/li>\n<li><span style=\"color: #000000; font-size: 10pt; font-family: arial, helvetica, sans-serif;\">che si invia la fattura originale.<\/span><\/li>\n<li><span style=\"color: #000000; font-size: 10pt; font-family: arial, helvetica, sans-serif;\">che l&#8217;articolo non sia danneggiato.<\/span><\/li>\n<li><span style=\"color: #000000; font-size: 10pt; font-family: arial, helvetica, sans-serif;\">che l&#8217;articolo \u00e8 ancora nella confezione originale.<\/span><\/li>\n<li><span style=\"color: #000000; font-size: 10pt; font-family: arial, helvetica, sans-serif;\">Al ricevimento del prodotto da voi il pi\u00f9 presto possibile importo pagato in ogni caso entro 30 giorni dalla ricezione, \u00e8 tornato.<\/span><\/li>\n<\/ul>\n<div><span style=\"color: #000000; font-size: 10pt; font-family: arial, helvetica, sans-serif;\">\u00a0<\/span><\/div>\n<div><span style=\"color: #000000; font-size: 10pt; font-family: arial, helvetica, sans-serif;\"><b>garanzia<\/b><\/span><\/div>\n<ul>\n<li><span style=\"color: #000000; font-size: 10pt; font-family: arial, helvetica, sans-serif;\">Camparo garantire che un prodotto sar\u00e0 riparato o sostituito gratuitamente, se in condizioni di utilizzo normale (in accordo con la vista generalmente accettata) venuto alla luce entro 24 mesi di errori di acquisto, che sono riconducibili a errori di produzione percepibili.<\/span><\/li>\n<li><span style=\"color: #000000; font-size: 10pt; font-family: arial, helvetica, sans-serif;\">La data di consegna \u00e8 la data di inizio del periodo di garanzia.<\/span><\/li>\n<li><span style=\"color: #000000; font-size: 10pt; font-family: arial, helvetica, sans-serif;\">La garanzia \u00e8 nulla se:<\/span><\/li>\n<li><span style=\"color: #000000; font-size: 10pt; font-family: arial, helvetica, sans-serif;\">riparazioni vengono effettuate da persone non autorizzate a meno che questo \u00e8 reso chiaro accordi scritti.<\/span><\/li>\n<li><span style=\"color: #000000; font-size: 10pt; font-family: arial, helvetica, sans-serif;\">un difetto \u00e8 causato da cause esterne (ad es. fulmini, abuso, etc.)<\/span><\/li>\n<li><span style=\"color: #000000; font-size: 10pt; font-family: arial, helvetica, sans-serif;\">il manuale non \u00e8 seguito esattamente.<\/span><\/li>\n<li><span style=\"color: #000000; font-size: 10pt; font-family: arial, helvetica, sans-serif;\">il tipo o il numero di serie della scheda (se originariamente presente) sono stati alterati, cancellati, rimossi o resi illeggibili.<\/span><\/li>\n<li><span style=\"color: #000000; font-size: 10pt; font-family: arial, helvetica, sans-serif;\">modifiche sono state apportate in fattura.<\/span><\/li>\n<\/ul>\n<div><span style=\"color: #000000; font-size: 10pt; font-family: arial, helvetica, sans-serif;\">\u00a0<\/span><\/div>\n<div><span style=\"color: #000000; font-size: 10pt; font-family: arial, helvetica, sans-serif;\"><b>prodotto difettoso<\/b><\/span><\/div>\n<ul>\n<li><span style=\"color: #000000; font-size: 10pt; font-family: arial, helvetica, sans-serif;\">prima riportare una descrizione del reclamo + Data di acquisto di passare attraverso il nostro indirizzo e-mail info@camparo.nl<\/span><\/li>\n<li><span style=\"color: #000000; font-size: 10pt; font-family: arial, helvetica, sans-serif;\">quindi si ricever\u00e0 un messaggio di come procedere.<\/span><\/li>\n<li><span style=\"color: #000000; font-size: 10pt; font-family: arial, helvetica, sans-serif;\">il prodotto deve contenere affrancatura sufficiente e fornito una descrizione del reclamo da presentare al Servizio Camparo (indirizzo: vedi fattura). Una copia dovr\u00e0 essere inviata anche alla fattura del prodotto difettoso. Se il prodotto viene restituito, mentre per uno di quanto sopra, la garanzia non si applica, il prodotto non sar\u00e0 rimborsata e non comportano costi di ricerca.<\/span><\/li>\n<\/ul>\n<div><span style=\"color: #000000; font-size: 10pt; font-family: arial, helvetica, sans-serif;\">\u00a0<\/span><\/div>\n<ul>\n<li><span style=\"color: #000000; font-size: 10pt; font-family: arial, helvetica, sans-serif;\"><b>responsabilit\u00e0<\/b><\/span><\/li>\n<li><span style=\"color: #000000; font-size: 10pt; font-family: arial, helvetica, sans-serif;\">Camparo accetta solo la responsabilit\u00e0 per danni causati da un uso normale del prodotto da un difetto di progettazione o di fabbricazione; Le ragioni di cui sopra per invalidare la garanzia si applicano anche qui, come motivo di esclusione.<\/span><\/li>\n<li><span style=\"color: #000000; font-size: 10pt; font-family: arial, helvetica, sans-serif;\">Camparo non \u00e8 responsabile per danni causati da difetti o mancanze nelle apparecchiature prodotte da terzi.<\/span><\/li>\n<li><span style=\"color: #000000; font-size: 10pt; font-family: arial, helvetica, sans-serif;\">Camparo non pu\u00f2 essere ritenuta responsabile per danni o lesioni personali a seguito di appartenenza in violazione delle norme di sicurezza in loco e le norme tecniche e contrariamente a seguire le istruzioni.<\/span><\/li>\n<\/ul>\n<div><span style=\"color: #000000; font-size: 10pt; font-family: arial, helvetica, sans-serif;\">\u00a0<\/span><\/div>\n<div style=\"text-align: right;\"><span style=\"color: #000000; font-size: 10pt; font-family: arial, helvetica, sans-serif;\">Eindhoven, 20 agosto 2014<\/span><\/div>\n<div style=\"text-align: center;\"><span style=\"font-size: 10pt; font-family: arial, helvetica, sans-serif; color: #000000;\">\u00a9 Camparo 2005 \/ 2025<\/span><\/div>\n<p><\/p>","protected":false},"excerpt":{"rendered":"<p>Ordine attraverso il nostro sito web Prima di poter essere su ordinazione, \u00e8 necessario prima registrarsi come cliente. Dopo un ordine \u00e8 all&#8217;interno di Camparo, questo sar\u00e0 confermata via e-mail. \u00a0 pagamento L&#8217;ordine deve essere pagato prima Camparo procede alla spedizione. (Se si desidera pagare a rate, si prega di e-mail al contatto con Camparo. [&hellip;]<\/p>\n","protected":false},"author":1,"featured_media":0,"parent":0,"menu_order":0,"comment_status":"closed","ping_status":"closed","template":"","meta":{"_monsterinsights_skip_tracking":false,"_monsterinsights_sitenote_active":false,"_monsterinsights_sitenote_note":"","_monsterinsights_sitenote_category":0,"footnotes":""},"class_list":["post-601","page","type-page","status-publish","hentry"],"_links":{"self":[{"href":"https:\/\/www.camparo.nl\/site\/it\/wp-json\/wp\/v2\/pages\/601","targetHints":{"allow":["GET"]}}],"collection":[{"href":"https:\/\/www.camparo.nl\/site\/it\/wp-json\/wp\/v2\/pages"}],"about":[{"href":"https:\/\/www.camparo.nl\/site\/it\/wp-json\/wp\/v2\/types\/page"}],"author":[{"embeddable":true,"href":"https:\/\/www.camparo.nl\/site\/it\/wp-json\/wp\/v2\/users\/1"}],"replies":[{"embeddable":true,"href":"https:\/\/www.camparo.nl\/site\/it\/wp-json\/wp\/v2\/comments?post=601"}],"version-history":[{"count":14,"href":"https:\/\/www.camparo.nl\/site\/it\/wp-json\/wp\/v2\/pages\/601\/revisions"}],"predecessor-version":[{"id":5797,"href":"https:\/\/www.camparo.nl\/site\/it\/wp-json\/wp\/v2\/pages\/601\/revisions\/5797"}],"wp:attachment":[{"href":"https:\/\/www.camparo.nl\/site\/it\/wp-json\/wp\/v2\/media?parent=601"}],"curies":[{"name":"wp","href":"https:\/\/api.w.org\/{rel}","templated":true}]}}