{"id":630,"date":"2019-01-14T07:50:49","date_gmt":"2019-01-14T06:50:49","guid":{"rendered":"https:\/\/www.camparo.nl\/site\/?page_id=630"},"modified":"2025-08-28T09:26:59","modified_gmt":"2025-08-28T07:26:59","slug":"home","status":"publish","type":"page","link":"https:\/\/www.camparo.nl\/site\/it\/","title":{"rendered":"Pagina iniziale"},"content":{"rendered":"<p><\/p>\n<div id=\"mainContent\">\n<div class=\"pageWelcome\">\n<div align=\"center\"><span style=\"font-size: 18pt;\"><strong><span style=\"color: #ff0000;\"><span style=\"font-family: 'arial black', sans-serif; font-size: 24pt;\">Il Watt controller<\/span><br \/>\n<span style=\"font-family: 'arial black', sans-serif;\">vedi<\/span><a href=\"https:\/\/www.camparo.nl\/site\/it\/verkooppunten-watt-controller-2\/\">Punti vendita<\/a><br \/>\n<\/span><\/strong><\/span><\/div>\n<div align=\"center\"><span style=\"font-family: 'arial black', sans-serif; color: #ff0000;\">sempre abbastanza corrente in campeggio<\/span><\/div>\n<div align=\"center\"><span style=\"font-family: arial, helvetica, sans-serif; font-size: 10pt;\"><img loading=\"lazy\" decoding=\"async\" src=\"https:\/\/www.camparo.nl\/data\/mediablocks\/3_EN_18__ms2.rvf_1.gif\" width=\"378\" height=\"267\" border=\"0\" \/><\/span><\/div>\n<div align=\"center\"><strong><span style=\"font-family: arial, helvetica, sans-serif; font-size: 10pt;\">Il dispositivo ideale per il campeggio<\/span><\/strong><br \/>\n<span style=\"font-family: arial, helvetica, sans-serif; font-size: 10pt;\">* Molto facile da usare!<\/span><br \/>\n<span style=\"font-family: arial, helvetica, sans-serif; font-size: 10pt;\">* Ora spedizione gratuita<\/span><\/div>\n<div align=\"center\"><span style=\"font-family: arial, helvetica, sans-serif; font-size: 10pt;\">* Non hai bisogno di dispositivi speciali per il campeggio<\/span><br \/>\n<span style=\"font-family: arial, helvetica, sans-serif; font-size: 10pt;\">* La potenza del dispositivo collegato viene regolata automaticamente<\/span><br \/>\n<span style=\"font-family: arial, helvetica, sans-serif; font-size: 10pt;\">* La potenza elettrica del dispositivo collegato viene regolata automaticamente<\/span><br \/>\n<span style=\"font-family: arial, helvetica, sans-serif; font-size: 10pt;\">* Il tuo interruttore non scatta pi\u00f9 nel tuo campeggio <span style=\"color: #ff0000;\">(grazie alla sicurezza interna)<\/span><\/span><\/div>\n<\/div>\n<\/div>\n<div align=\"center\">\u00a0<\/div>\n<div id=\"mainContent\">\n<div class=\"pageWelcome\">\n<div align=\"center\"><span style=\"font-family: 'arial black', sans-serif;\"><span style=\"color: #ff0000;\">Nota:<\/span> alcuni dispositivi di altre marche non sono sicuri. Non vuoi che scoppi un incendio nella tua roulotte o camper. Quindi controlla sempre prima il sito web o chiedi specificamente al tuo fornitore\/distributore se soddisfa i requisiti di qualit\u00e0 europei.<\/span><\/div>\n<div style=\"text-align: justify;\" align=\"center\"><span style=\"font-family: arial, helvetica, sans-serif; font-size: 10pt;\"><strong>Il dispositivo ideale per il campeggio<\/strong><br \/>\nCon un controller di wattaggio, puoi utilizzare piccoli elettrodomestici fino a 2.000 watt a 3, 4 o 6 ampere: il fusibile del tuo campeggio non funzioner\u00e0 pi\u00f9 e gli elettrodomestici continueranno a funzionare. Per il frigorifero, l&#8217;illuminazione e la TV occorrono gi\u00e0 circa 220 watt. Ad esempio, se in campeggio hai una connessione da 4 Ampere, puoi utilizzare solo dispositivi con una potenza massima di 700 watt; puoi dimenticare la tua caffettiera con 1600 watt, ma &#8230; con un controller di watt in mezzo puoi fare un caff\u00e8 delizioso. \u00c8 anche possibile cucinare patatine fritte a 4 ampere, griglie elettriche, phon, asciugatrici, asciugatrici, forni e persino deliziose stoviglie da forno!<\/span><\/div>\n<div style=\"text-align: justify;\" align=\"center\"><span style=\"font-family: arial, helvetica, sans-serif; font-size: 10pt;\"><br \/>\n<strong>Come funziona il Watt controller\u00a0<\/strong><br \/>\nPer prima cosa devi dire quanti ampere hai nel tuo campeggio. Quindi collegare il controller Watt a una presa del caravan o del camper. Quindi premere il pulsante RESET sul Watt controller fino a quando non viene indicata la posizione corretta dell&#8217;ampere che hai sul campeggio: spia 3 = 3 amp, 4 = 4 amp e 6 = 6 amp. Il controller Watt \u00e8 ora pronto per l&#8217;uso: inserisci la spina del dispositivo elettrico che desideri utilizzare nella presa del Watt controller, quindi accendilo. Cos\u00ec puoi lasciare il frigorifero, l&#8217;illuminazione, la TV o il laptop..\u00a0<\/span><\/div>\n<div align=\"center\">\n<pre><strong><span style=\"font-family: arial, helvetica, sans-serif;\">Nota: non pu\u00f2 essere collegato a un inverter con un'onda sinusoidale modificata.<\/span>\r\n<\/strong><span style=\"font-family: arial, helvetica, sans-serif;\"><strong>pu\u00f2 essere collegato solo a un inverter con onda sinusoidale pura<\/strong>.<\/span><\/pre>\n<\/div>\n<div align=\"center\"><span style=\"font-family: arial, helvetica, sans-serif; font-size: 10pt;\"><img loading=\"lazy\" decoding=\"async\" src=\"https:\/\/www.camparo.nl\/data\/mediablocks\/3_EN_18__ms2.rvf_2.gif\" width=\"141\" height=\"141\" border=\"0\" \/><img loading=\"lazy\" decoding=\"async\" src=\"https:\/\/www.camparo.nl\/data\/mediablocks\/3_EN_18__ms2.rvf_3.gif\" width=\"170\" height=\"170\" border=\"0\" \/><img loading=\"lazy\" decoding=\"async\" src=\"https:\/\/www.camparo.nl\/data\/mediablocks\/3_EN_18__ms2.rvf_4.gif\" width=\"150\" height=\"150\" border=\"0\" \/><\/span><\/div>\n<div align=\"center\"><strong><span style=\"font-family: arial, helvetica, sans-serif; font-size: 10pt;\">Questi Senseo funzionano anche sul Watt controller\u00a0<\/span><\/strong><\/div>\n<div align=\"center\"><span style=\"font-family: arial, helvetica, sans-serif; font-size: 10pt;\"><img loading=\"lazy\" decoding=\"async\" src=\"https:\/\/www.camparo.nl\/data\/mediablocks\/3_EN_18__ms2.rvf_5.gif\" width=\"178\" height=\"206\" border=\"0\" \/><img loading=\"lazy\" decoding=\"async\" src=\"https:\/\/www.camparo.nl\/data\/mediablocks\/3_EN_18__ms2.rvf_6.gif\" width=\"244\" height=\"199\" border=\"0\" \/><\/span><\/div>\n<div align=\"center\"><span style=\"font-size: 10pt;\"><strong><span style=\"font-family: arial, helvetica, sans-serif;\">Da 4 ampere dal campeggio<\/span><\/strong><\/span><\/div>\n<div><span style=\"font-family: arial, helvetica, sans-serif; font-size: 10pt; color: #ff0000;\">Cookie: vedi Informativa sulla privacy<\/span><\/div>\n<div>\u00a0<\/div>\n<\/div>\n<\/div>\n<div id=\"footer_bg\">\n<div id=\"footer\">\n<div class=\"sitefootertext\">\n<div align=\"center\"><span style=\"font-size: 10pt; font-family: arial, helvetica, sans-serif;\">\u00a0Camparo 2005 \/ 2025<\/span><\/div>\n<\/div>\n<\/div>\n<\/div>\n<p><!-- Matomo --><\/p>\n<p><script type=\"text\/javascript\">\n  var _paq = _paq || [];\n  \/* tracker methods like \"setCustomDimension\" should be called before \"trackPageView\" *\/\n  _paq.push(['trackPageView']);\n  _paq.push(['enableLinkTracking']);\n  (function() {\n    var u=\"\/\/www.camparo.nl\/statistieken\/\";\n    _paq.push(['setTrackerUrl', u+'piwik.php']);\n    _paq.push(['setSiteId', '1']);\n    var d=document, g=d.createElement('script'), s=d.getElementsByTagName('script')[0];\n    g.type='text\/javascript'; g.async=true; g.defer=true; g.src=u+'piwik.js'; s.parentNode.insertBefore(g,s);\n  })();\n<\/script><\/p>\n<p><!-- End Matomo Code --><\/p>\n<p>&nbsp;<\/p>\n<p><\/p>","protected":false},"excerpt":{"rendered":"<p>Il Watt controller vediPunti vendita sempre abbastanza corrente in campeggio Il dispositivo ideale per il campeggio * Molto facile da usare! * Ora spedizione gratuita * Non hai bisogno di dispositivi speciali per il campeggio * La potenza del dispositivo collegato viene regolata automaticamente * La potenza elettrica del dispositivo collegato viene regolata automaticamente * [&hellip;]<\/p>\n","protected":false},"author":1,"featured_media":0,"parent":0,"menu_order":0,"comment_status":"closed","ping_status":"closed","template":"","meta":{"_monsterinsights_skip_tracking":false,"_monsterinsights_sitenote_active":false,"_monsterinsights_sitenote_note":"","_monsterinsights_sitenote_category":0,"footnotes":""},"class_list":["post-630","page","type-page","status-publish","hentry"],"_links":{"self":[{"href":"https:\/\/www.camparo.nl\/site\/it\/wp-json\/wp\/v2\/pages\/630","targetHints":{"allow":["GET"]}}],"collection":[{"href":"https:\/\/www.camparo.nl\/site\/it\/wp-json\/wp\/v2\/pages"}],"about":[{"href":"https:\/\/www.camparo.nl\/site\/it\/wp-json\/wp\/v2\/types\/page"}],"author":[{"embeddable":true,"href":"https:\/\/www.camparo.nl\/site\/it\/wp-json\/wp\/v2\/users\/1"}],"replies":[{"embeddable":true,"href":"https:\/\/www.camparo.nl\/site\/it\/wp-json\/wp\/v2\/comments?post=630"}],"version-history":[{"count":119,"href":"https:\/\/www.camparo.nl\/site\/it\/wp-json\/wp\/v2\/pages\/630\/revisions"}],"predecessor-version":[{"id":5861,"href":"https:\/\/www.camparo.nl\/site\/it\/wp-json\/wp\/v2\/pages\/630\/revisions\/5861"}],"wp:attachment":[{"href":"https:\/\/www.camparo.nl\/site\/it\/wp-json\/wp\/v2\/media?parent=630"}],"curies":[{"name":"wp","href":"https:\/\/api.w.org\/{rel}","templated":true}]}}