{"id":630,"date":"2019-01-14T07:50:49","date_gmt":"2019-01-14T06:50:49","guid":{"rendered":"https:\/\/www.camparo.nl\/site\/?page_id=630"},"modified":"2025-08-28T09:26:59","modified_gmt":"2025-08-28T07:26:59","slug":"home","status":"publish","type":"page","link":"https:\/\/www.camparo.nl\/site\/","title":{"rendered":"Home"},"content":{"rendered":"<p><\/p>\n<div id=\"mainContent\">\n<div class=\"pageWelcome\">\n<div align=\"center\"><strong><span style=\"color: #ff0000; font-size: 24pt;\"><span style=\"font-family: arial, helvetica, sans-serif;\">De Watt controller<\/span><\/span><\/strong><\/div>\n<div align=\"center\"><span style=\"color: #ff0000;\"><strong><span style=\"font-family: arial, helvetica, sans-serif;\"><span style=\"font-size: 18pt;\"><span style=\"color: #ff0000;\">zie<\/span> <span style=\"color: #0000ff;\"><a style=\"color: #0000ff;\" href=\"https:\/\/www.camparo.nl\/site\/verkooppunten-watt-controller-2\/\" target=\"_lvblank\" rel=\"noopener noreferrer\"><u>Verkooppunten<\/u><\/a><\/span>\u00a0<\/span><\/span><\/strong><\/span><\/div>\n<div align=\"center\"><span style=\"font-family: 'arial black', sans-serif; font-size: 14pt;\"><strong>Straks GEEN GAS meer te verkrijgen?<\/strong><\/span><\/div>\n<div align=\"center\"><span style=\"font-family: 'arial black', sans-serif; font-size: 14pt;\"><strong>Dan is de WATT CONTROLLER d\u00e9 oplossing!!<\/strong><\/span><\/div>\n<div align=\"center\"><span style=\"font-family: arial, helvetica, sans-serif; font-size: 12pt;\"><span style=\"color: #ff0000;\"><b><i>altijd voldoende\u00a0<\/i><\/b><\/span><span style=\"color: #ff0000;\"><b><i>stroom<\/i><\/b><\/span><\/span><\/div>\n<div align=\"center\"><span style=\"font-family: arial, helvetica, sans-serif; font-size: 10pt;\"><img fetchpriority=\"high\" decoding=\"async\" src=\"https:\/\/www.camparo.nl\/data\/mediablocks\/3__18__ms2.rvf_1.gif\" width=\"378\" height=\"267\" border=\"0\" \/><\/span><\/div>\n<\/div>\n<\/div>\n<div id=\"mainContent\">\n<div class=\"pageWelcome\">\n<div align=\"center\"><span style=\"font-family: arial, helvetica, sans-serif; font-size: 10pt;\">Zeer eenvoudig te bedienen!<\/span><\/div>\n<div align=\"center\"><span style=\"font-family: arial, helvetica, sans-serif; font-size: 10pt;\">Geen speciale campingapparaten meer<\/span><\/div>\n<div align=\"center\"><span style=\"font-family: arial, helvetica, sans-serif; font-size: 10pt;\">Uw eigen Senseo nu 500 watt op de camping<\/span><\/div>\n<div align=\"center\"><strong><span style=\"font-family: arial, helvetica, sans-serif; font-size: 10pt;\">Ook thuis te gebruiken o.a. met uw close-in-boiler<\/span><\/strong><\/div>\n<div align=\"center\"><span style=\"font-family: arial, helvetica, sans-serif; font-size: 10pt;\">Regelt het aangesloten vermogen automatisch terug<\/span><\/div>\n<div align=\"center\"><span style=\"font-family: arial, helvetica, sans-serif; font-size: 10pt;\">Campingstoppen slaan niet meer door\u00a0<span style=\"color: #ff0000;\">(door interne beveiliging)<\/span><\/span><\/div>\n<div align=\"center\"><span style=\"font-family: arial, helvetica, sans-serif; font-size: 10pt;\">Klein huishoudelijke apparaten tot 2000 watt blijven nog werken ook.<\/span><\/div>\n<\/div>\n<\/div>\n<div align=\"center\"><b style=\"font-family: arial, helvetica, sans-serif; font-size: 10pt;\">Het ideale apparaat voor de camping of thuis (<\/b><span style=\"font-family: arial, helvetica, sans-serif; font-size: 10pt;\">zie link close-in-boiler<\/span><b style=\"font-family: arial, helvetica, sans-serif; font-size: 10pt;\">)<\/b><\/div>\n<div align=\"center\">\u00a0<\/div>\n<div align=\"center\">\n<p style=\"text-align: justify;\"><span style=\"font-family: arial, helvetica, sans-serif; font-size: 10pt;\"><em>Huishoudelijke apparatuur meenemen op vakantie is uiteraard een droom van iedereen. Dat gaat, gezien het aantal aangeboden amp\u00e8res op campings niet altijd. Daarnaast vereisen campings steeds meer aan veiligheid, denk daarbij aan brand, etc. Voor beide hebben wij DE oplossing, nl de Watt Controller. <\/em><\/span><\/p>\n<p style=\"text-align: justify;\"><span style=\"font-family: arial, helvetica, sans-serif; font-size: 10pt;\"><em>De Watt Controller maakt het mogelijk om uw huishoudelijke apparatuur mee te nemen op vakantie, zonder dat het afhankelijk is van de aangeboden amp\u00e8res. De Watt Controller regelt namelijk de stroom terug, zodat u uw huishoudelijke apparatuur kunt gebruiken en de camping<\/em><\/span><span style=\"font-family: arial, helvetica, sans-serif; font-size: 10pt;\"><em>eigenaar de zekering niet hoeft te verwisselen of te resetten. Daarnaast is onze Watt Controller dusdanig ontwikkeld dat deze altijd blijft werken en niet te heet wordt tijdens gebruik.<\/em><\/span><strong><span style=\"font-family: arial, helvetica, sans-serif; font-size: 10pt;\"><em>De Watt Controller voldoet aan alle eisen die de Europese Gemeenschap stelt. De Watt Controller is getest <\/em><em>volgens de CE-normen:<a href=\"https:\/\/www.camparo.nl\/site\/technische-gegevens-2\/\"> zie technische gegevens\u00a0<\/a><\/em><\/span><span style=\"font-family: arial, helvetica, sans-serif; font-size: 10pt;\">Aan onze Watt Controller kleven daarmee ook geen gevaren in de vorm van bijvoorbeeld brand. <\/span> <span style=\"font-family: arial, helvetica, sans-serif; font-size: 10pt;\">\u00a0De campingeigenaar zal u dan ook blij verwelkomen met onze Watt Controller! <span style=\"font-size: 12pt;\"><span style=\"color: #ff0000;\">Let op:<\/span> er is inmiddels ook een andere Watt controller op de markt, die helaas niet voldoet aan de Eropese eisen: de PowerAce Watt controller. Dit apparaat is in Belgie afgekeurd vanwege o.a. brandgevaar.<\/span><\/span><\/strong><\/p>\n<\/div>\n<div align=\"center\">\n<div align=\"justify\"><span style=\"color: #333333; font-family: arial, helvetica, sans-serif; font-size: 10pt;\">Met een Watt controller kunt u kleine huishoudelijke elektrische apparaten gebruiken tot 2000 watt bij 3, 4 of 6 amp\u00e8re: de stoppen op uw campingplaats slaan niet meer door en de apparaten blijven nog werken ook. Voor koelkast, verlichting en tv hebt u al ongeveer 220 watt nodig. Heeft u dan op een kampeerplaats een aansluiting van bijvoorbeeld 4 amp\u00e8re, dan kunt u slechts \u00a0apparaten gebruiken tot maximaal 700 watt; uw koffiezetapparaat met pads van 1600 watt kunt u dan wel vergeten, maar&#8230;. met een Watt controller ertussen, kunt u wel lekkere koffie zetten. Ook friet bakken bij 4 amp\u00e8re is mogelijk, elektrisch grillen, f\u00f6hnen, airfryer, aerofryer, oven en zelfs het maken van over- heerlijke ovengerechten!<\/span><\/div>\n<div align=\"center\"><span style=\"color: #333333; font-family: arial, helvetica, sans-serif; font-size: 10pt;\"><b>Hoe werkt de Watt controller<\/b><\/span><\/div>\n<div align=\"justify\"><span style=\"color: #333333; font-family: arial, helvetica, sans-serif; font-size: 10pt;\">U informeert eerst hoeveel amp\u00e8re u op uw campingplaats heeft. Vervolgens steekt u de Watt controller in een stopcontact IN de caravan of camper. Daarna drukt u op de drukknop RESET van de Watt controller tot de juiste stand van de amp\u00e8re die u op de camping heeft, aangegeven wordt: brandt lampje 3 = 3 amp\u00e8re, 4 = 4 amp\u00e8re en 6 = 6 amp\u00e8re. De Watt controller is nu gereed voor gebruik: u steekt de stekker van het elektrisch apparaat dat u wilt gebruiken in het stopcontact van de Watt controller en zet vervolgens het apparaat aan. Uw koelkaast, verlichting en tv of laptop kunt u dus gewoon aan laten.<\/span><\/div>\n<div align=\"justify\">\u00a0<\/div>\n<div style=\"text-align: center;\" align=\"justify\"><strong><span style=\"font-family: arial, helvetica, sans-serif; font-size: 13.3333px;\">De Watt controller kan ook de te lage spanning signaleren op de camping:<\/span><\/strong><\/div>\n<div align=\"justify\"><span style=\"font-family: arial, helvetica, sans-serif; font-size: 13.3333px;\">dan gaan er op de watt controller alle lampjes branden! De spanning is dan geen 230 volt, maar lager dan 170 volt. De installatie van de camping voldoet dan niet aan de eisen: de elektrisch kabel is te dun van de camping.<\/span><\/div>\n<div align=\"justify\">\u00a0<\/div>\n<\/div>\n<div align=\"justify\">\n<pre style=\"text-align: center;\"><strong><span style=\"font-family: arial, helvetica, sans-serif;\">Let op: Niet aan te sluiten op een inverter met gemodificeerde sinus.<\/span><\/strong>\r\n<strong><span style=\"font-family: arial, helvetica, sans-serif;\">alleen aan te sluiten op een inverter met een zuivere sinus.<\/span><\/strong><\/pre>\n<\/div>\n<div id=\"mainContent\">\n<div class=\"pageWelcome\">\n<div align=\"center\"><span style=\"font-family: arial, helvetica, sans-serif; font-size: 10pt;\"><img decoding=\"async\" src=\"https:\/\/www.camparo.nl\/data\/mediablocks\/3__18__ms2.rvf_2.gif\" width=\"141\" height=\"141\" border=\"0\" \/><img decoding=\"async\" src=\"https:\/\/www.camparo.nl\/data\/mediablocks\/3__18__ms2.rvf_3.gif\" width=\"170\" height=\"170\" border=\"0\" \/><img loading=\"lazy\" decoding=\"async\" src=\"https:\/\/www.camparo.nl\/data\/mediablocks\/3__18__ms2.rvf_4.gif\" width=\"150\" height=\"150\" border=\"0\" \/><\/span><\/div>\n<div align=\"center\"><span style=\"font-family: arial, helvetica, sans-serif; font-size: 10pt;\"><b>Deze Senseo&#8217;s werken ook op de Watt controller<\/b><\/span><\/div>\n<div align=\"center\"><span style=\"font-family: arial, helvetica, sans-serif; font-size: 10pt;\"><img loading=\"lazy\" decoding=\"async\" src=\"https:\/\/www.camparo.nl\/data\/mediablocks\/3__18__ms2.rvf_5.gif\" width=\"178\" height=\"206\" border=\"0\" \/><img loading=\"lazy\" decoding=\"async\" src=\"https:\/\/www.camparo.nl\/data\/mediablocks\/3__18__ms2.rvf_6.gif\" width=\"244\" height=\"199\" border=\"0\" \/><\/span><\/div>\n<div align=\"center\"><span style=\"font-family: arial, helvetica, sans-serif; font-size: 10pt;\"><b>Vanaf 4 amp\u00e8re op de camping<\/b><\/span><\/div>\n<div align=\"center\"><span style=\"font-family: arial, helvetica, sans-serif; font-size: 10pt;\"><b>(Zie ook: Uitleg Watt controller of Airfryer- en Aerofryer voor baktijden)<\/b><\/span><\/div>\n<div align=\"center\"><span style=\"font-family: arial, helvetica, sans-serif; font-size: 10pt;\">(duren wel iets langer met de Watt controller)<\/span><\/div>\n<\/div>\n<\/div>\n<div align=\"center\">\n<div style=\"text-align: justify;\" align=\"justify\">\u00a0<\/div>\n<\/div>\n<div align=\"center\">\u00a0<\/div>\n<div id=\"mainContent\">\n<div class=\"pageWelcome\">\n<div><span style=\"color: #ff0000; font-family: arial, helvetica, sans-serif; font-size: 10pt;\"><b>Cookies: zie Privacy Verklaring<\/b><\/span><\/div>\n<\/div>\n<\/div>\n<div id=\"footer_bg\">\n<div id=\"footer\">\n<div class=\"sitefootertext\">\n<div align=\"center\"><span style=\"font-size: 10pt; font-family: arial, helvetica, sans-serif;\">\u00a9 Camparo 2005 \/ 2025<\/span><\/div>\n<\/div>\n<\/div>\n<\/div>\n<p><!-- Matomo --><\/p>\n<p><script type=\"text\/javascript\">\n  var _paq = window._paq = window._paq || [];\n  \/* tracker methods like \"setCustomDimension\" should be called before \"trackPageView\" *\/\n  _paq.push([\"setDocumentTitle\", document.domain + \"\/\" + document.title]);\n  _paq.push([\"setCookieDomain\", \"*.www.camparo.nl\"]);\n  _paq.push([\"setDomains\", [\"*.www.camparo.nl\"]]);\n  _paq.push([\"disableCookies\"]);\n  _paq.push(['trackPageView']);\n  _paq.push(['enableLinkTracking']);\n  (function() {\n    var u=\"\/\/www.camparo.nl\/statistieken\/\";\n    _paq.push(['setTrackerUrl', u+'matomo.php']);\n    _paq.push(['setSiteId', '1']);\n    var d=document, g=d.createElement('script'), s=d.getElementsByTagName('script')[0];\n    g.type='text\/javascript'; g.async=true; g.src=u+'matomo.js'; s.parentNode.insertBefore(g,s);\n  })();\n<\/script><\/p>\n<p><!-- End Matomo Code --><\/p>","protected":false},"excerpt":{"rendered":"<p>De Watt controller zie Verkooppunten\u00a0 Straks GEEN GAS meer te verkrijgen? Dan is de WATT CONTROLLER d\u00e9 oplossing!! altijd voldoende\u00a0stroom Zeer eenvoudig te bedienen! Geen speciale campingapparaten meer Uw eigen Senseo nu 500 watt op de camping Ook thuis te gebruiken o.a. met uw close-in-boiler Regelt het aangesloten vermogen automatisch terug Campingstoppen slaan niet meer [&hellip;]<\/p>\n","protected":false},"author":1,"featured_media":0,"parent":0,"menu_order":0,"comment_status":"closed","ping_status":"closed","template":"","meta":{"_monsterinsights_skip_tracking":false,"_monsterinsights_sitenote_active":false,"_monsterinsights_sitenote_note":"","_monsterinsights_sitenote_category":0,"footnotes":""},"class_list":["post-630","page","type-page","status-publish","hentry"],"_links":{"self":[{"href":"https:\/\/www.camparo.nl\/site\/wp-json\/wp\/v2\/pages\/630","targetHints":{"allow":["GET"]}}],"collection":[{"href":"https:\/\/www.camparo.nl\/site\/wp-json\/wp\/v2\/pages"}],"about":[{"href":"https:\/\/www.camparo.nl\/site\/wp-json\/wp\/v2\/types\/page"}],"author":[{"embeddable":true,"href":"https:\/\/www.camparo.nl\/site\/wp-json\/wp\/v2\/users\/1"}],"replies":[{"embeddable":true,"href":"https:\/\/www.camparo.nl\/site\/wp-json\/wp\/v2\/comments?post=630"}],"version-history":[{"count":119,"href":"https:\/\/www.camparo.nl\/site\/wp-json\/wp\/v2\/pages\/630\/revisions"}],"predecessor-version":[{"id":5861,"href":"https:\/\/www.camparo.nl\/site\/wp-json\/wp\/v2\/pages\/630\/revisions\/5861"}],"wp:attachment":[{"href":"https:\/\/www.camparo.nl\/site\/wp-json\/wp\/v2\/media?parent=630"}],"curies":[{"name":"wp","href":"https:\/\/api.w.org\/{rel}","templated":true}]}}